{"id":18571,"date":"2023-09-27T16:00:18","date_gmt":"2023-09-27T14:00:18","guid":{"rendered":"https:\/\/auvisa.org\/fr\/?page_id=18571"},"modified":"2023-09-27T16:01:32","modified_gmt":"2023-09-27T14:01:32","slug":"visa-business-lp","status":"publish","type":"page","link":"https:\/\/auvisa.org\/fr\/visa-business-lp\/","title":{"rendered":"Visa d&rsquo;Affaires Australien (eVisitor): Demande en Ligne"},"content":{"rendered":"\n<div style=\"height:20px\" aria-hidden=\"true\" class=\"wp-block-spacer\"><\/div>\n\n\n\n<p>Ce formulaire de demande de Visa d&rsquo;Affaires (eVisitor Business Visa) est destin\u00e9 aux <strong>voyageurs d&rsquo;affaires fran\u00e7ais<\/strong> qui pr\u00e9voient de s&rsquo;y rendre pour <strong>assister \u00e0 des r\u00e9unions d&rsquo;affaires, des conf\u00e9rences ou des n\u00e9gociations<\/strong>.<\/p>\n\n\n\n<p>Le visa est <strong>valable 12 mois<\/strong>, pendant lesquels vous pouvez entrer en Australie \u00e0 plusieurs reprises et <strong>y s\u00e9journer jusqu&rsquo;\u00e0 90 jours \u00e0 chaque fois.<\/strong><\/p>\n\n\n\n<p><strong>Ce visa est le type de visa choisi par la grande majorit\u00e9 des <strong>voyageurs d&rsquo;affaires<\/strong> fran\u00e7ais,&nbsp;et 95% des visas sont accord\u00e9s dans les 24 heures.<\/strong> <\/p>\n\n\n\n<p><strong>Le prix de chaque visa sera de <span class=\"woocommerce-Price-amount amount\"><bdi><span class=\"woocommerce-Price-currencySymbol\">&euro;<\/span>69,00<\/bdi><\/span>. <\/strong>Le prix comprend \u00e0 la fois les frais de service d&rsquo;Auvisa.org et les frais gouvernementaux (le cas \u00e9ch\u00e9ant).<\/p>\n\n\n\n<div style=\"height:46px\" aria-hidden=\"true\" class=\"wp-block-spacer\"><\/div>\n\n\n\n<h3>Saisissez et confirmez votre adresse \u00e9lectronique pour lancer la demande en ligne :<\/h3>\n","protected":false},"excerpt":{"rendered":"<p>Ce formulaire de demande de Visa d&rsquo;Affaires (eVisitor Business Visa) est destin\u00e9 aux voyageurs d&rsquo;affaires fran\u00e7ais qui pr\u00e9voient de s&rsquo;y [&#8230;]<\/p>\n<p><a class=\"btn btn-secondary understrap-read-more-link\" href=\"https:\/\/auvisa.org\/fr\/visa-business-lp\/\">Lire la suite\u2026<span class=\"screen-reader-text\"> from Visa d&rsquo;Affaires Australien (eVisitor): Demande en Ligne<\/span><\/a><\/p>\n","protected":false},"author":4,"featured_media":0,"parent":0,"menu_order":25,"comment_status":"closed","ping_status":"closed","template":"templates\/tpl_acf_form.php","meta":{"inline_featured_image":false,"footnotes":""},"class_list":["post-18571","page","type-page","status-publish","hentry"],"yoast_head":"<!-- This site is optimized with the Yoast SEO plugin v26.9 - https:\/\/yoast.com\/product\/yoast-seo-wordpress\/ -->\n<title>Demande de Visa d&#039;Affaires Australien (eVisitor) - France<\/title>\n<meta name=\"description\" content=\"Les voyageurs d&#039;affaires fran\u00e7ais doivent demander un visa eVisitor australien pour les entreprises via ce formulaire de demande en ligne. Le visa est d\u00e9livr\u00e9 dans les 24 heures.\" \/>\n<meta name=\"robots\" content=\"noindex, follow\" \/>\n<meta property=\"og:locale\" content=\"fr_FR\" \/>\n<meta property=\"og:type\" content=\"article\" \/>\n<meta property=\"og:title\" content=\"Demande de Visa d&#039;Affaires Australien (eVisitor) - France\" \/>\n<meta property=\"og:description\" content=\"Les voyageurs d&#039;affaires fran\u00e7ais doivent demander un visa eVisitor australien pour les entreprises via ce formulaire de demande en ligne. Le visa est d\u00e9livr\u00e9 dans les 24 heures.\" \/>\n<meta property=\"og:url\" content=\"https:\/\/auvisa.org\/fr\/visa-business-lp\/\" \/>\n<meta property=\"og:site_name\" content=\"Auvisa.org\" \/>\n<meta property=\"article:modified_time\" content=\"2023-09-27T14:01:32+00:00\" \/>\n<meta name=\"twitter:card\" content=\"summary_large_image\" \/>\n<meta name=\"twitter:label1\" content=\"Dur\u00e9e de lecture estim\u00e9e\" \/>\n\t<meta name=\"twitter:data1\" content=\"1 minute\" \/>\n<script type=\"application\/ld+json\" class=\"yoast-schema-graph\">{\"@context\":\"https:\/\/schema.org\",\"@graph\":[{\"@type\":\"WebPage\",\"@id\":\"https:\/\/auvisa.org\/fr\/visa-business-lp\/\",\"url\":\"https:\/\/auvisa.org\/fr\/visa-business-lp\/\",\"name\":\"Demande de Visa d'Affaires Australien (eVisitor) - France\",\"isPartOf\":{\"@id\":\"https:\/\/auvisa.org\/fr\/#website\"},\"datePublished\":\"2023-09-27T14:00:18+00:00\",\"dateModified\":\"2023-09-27T14:01:32+00:00\",\"description\":\"Les voyageurs d'affaires fran\u00e7ais doivent demander un visa eVisitor australien pour les entreprises via ce formulaire de demande en ligne. Le visa est d\u00e9livr\u00e9 dans les 24 heures.\",\"breadcrumb\":{\"@id\":\"https:\/\/auvisa.org\/fr\/visa-business-lp\/#breadcrumb\"},\"inLanguage\":\"fr-FR\",\"potentialAction\":[{\"@type\":\"ReadAction\",\"target\":[\"https:\/\/auvisa.org\/fr\/visa-business-lp\/\"]}]},{\"@type\":\"BreadcrumbList\",\"@id\":\"https:\/\/auvisa.org\/fr\/visa-business-lp\/#breadcrumb\",\"itemListElement\":[{\"@type\":\"ListItem\",\"position\":1,\"name\":\"Home\",\"item\":\"https:\/\/auvisa.org\/fr\/\"},{\"@type\":\"ListItem\",\"position\":2,\"name\":\"Visa d&#8217;Affaires Australien (eVisitor): Demande en Ligne\"}]},{\"@type\":\"WebSite\",\"@id\":\"https:\/\/auvisa.org\/fr\/#website\",\"url\":\"https:\/\/auvisa.org\/fr\/\",\"name\":\"Auvisa.org\",\"description\":\"\",\"inLanguage\":\"fr-FR\"}]}<\/script>\n<!-- \/ Yoast SEO plugin. -->","yoast_head_json":{"title":"Demande de Visa d'Affaires Australien (eVisitor) - France","description":"Les voyageurs d'affaires fran\u00e7ais doivent demander un visa eVisitor australien pour les entreprises via ce formulaire de demande en ligne. Le visa est d\u00e9livr\u00e9 dans les 24 heures.","robots":{"index":"noindex","follow":"follow"},"og_locale":"fr_FR","og_type":"article","og_title":"Demande de Visa d'Affaires Australien (eVisitor) - France","og_description":"Les voyageurs d'affaires fran\u00e7ais doivent demander un visa eVisitor australien pour les entreprises via ce formulaire de demande en ligne. Le visa est d\u00e9livr\u00e9 dans les 24 heures.","og_url":"https:\/\/auvisa.org\/fr\/visa-business-lp\/","og_site_name":"Auvisa.org","article_modified_time":"2023-09-27T14:01:32+00:00","twitter_card":"summary_large_image","twitter_misc":{"Dur\u00e9e de lecture estim\u00e9e":"1 minute"},"schema":{"@context":"https:\/\/schema.org","@graph":[{"@type":"WebPage","@id":"https:\/\/auvisa.org\/fr\/visa-business-lp\/","url":"https:\/\/auvisa.org\/fr\/visa-business-lp\/","name":"Demande de Visa d'Affaires Australien (eVisitor) - France","isPartOf":{"@id":"https:\/\/auvisa.org\/fr\/#website"},"datePublished":"2023-09-27T14:00:18+00:00","dateModified":"2023-09-27T14:01:32+00:00","description":"Les voyageurs d'affaires fran\u00e7ais doivent demander un visa eVisitor australien pour les entreprises via ce formulaire de demande en ligne. Le visa est d\u00e9livr\u00e9 dans les 24 heures.","breadcrumb":{"@id":"https:\/\/auvisa.org\/fr\/visa-business-lp\/#breadcrumb"},"inLanguage":"fr-FR","potentialAction":[{"@type":"ReadAction","target":["https:\/\/auvisa.org\/fr\/visa-business-lp\/"]}]},{"@type":"BreadcrumbList","@id":"https:\/\/auvisa.org\/fr\/visa-business-lp\/#breadcrumb","itemListElement":[{"@type":"ListItem","position":1,"name":"Home","item":"https:\/\/auvisa.org\/fr\/"},{"@type":"ListItem","position":2,"name":"Visa d&#8217;Affaires Australien (eVisitor): Demande en Ligne"}]},{"@type":"WebSite","@id":"https:\/\/auvisa.org\/fr\/#website","url":"https:\/\/auvisa.org\/fr\/","name":"Auvisa.org","description":"","inLanguage":"fr-FR"}]}},"_links":{"self":[{"href":"https:\/\/auvisa.org\/fr\/wp-json\/wp\/v2\/pages\/18571","targetHints":{"allow":["GET"]}}],"collection":[{"href":"https:\/\/auvisa.org\/fr\/wp-json\/wp\/v2\/pages"}],"about":[{"href":"https:\/\/auvisa.org\/fr\/wp-json\/wp\/v2\/types\/page"}],"author":[{"embeddable":true,"href":"https:\/\/auvisa.org\/fr\/wp-json\/wp\/v2\/users\/4"}],"replies":[{"embeddable":true,"href":"https:\/\/auvisa.org\/fr\/wp-json\/wp\/v2\/comments?post=18571"}],"version-history":[{"count":2,"href":"https:\/\/auvisa.org\/fr\/wp-json\/wp\/v2\/pages\/18571\/revisions"}],"predecessor-version":[{"id":18575,"href":"https:\/\/auvisa.org\/fr\/wp-json\/wp\/v2\/pages\/18571\/revisions\/18575"}],"wp:attachment":[{"href":"https:\/\/auvisa.org\/fr\/wp-json\/wp\/v2\/media?parent=18571"}],"curies":[{"name":"wp","href":"https:\/\/api.w.org\/{rel}","templated":true}]}}