{"id":2615,"date":"2012-01-31T20:01:31","date_gmt":"2012-01-31T20:01:31","guid":{"rendered":"https:\/\/auvisa.org\/?p=124"},"modified":"2024-02-29T11:01:22","modified_gmt":"2024-02-29T10:01:22","slug":"termes-et-conditions","status":"publish","type":"page","link":"https:\/\/auvisa.org\/fr\/termes-et-conditions\/","title":{"rendered":"\u00c0 Propos de Nous"},"content":{"rendered":"<h2>La Soci\u00e9t\u00e9<\/h2>\n<p>Le site internet est la propri\u00e9t\u00e9 de la compagnie Visa &amp; Immigration Services LTD, bas\u00e9e \u00e0 Hong Kong et immatricul\u00e9e sous le num\u00e9ro 72792776.<\/p>\n<p>La compagnie est une soci\u00e9t\u00e9 internationale sp\u00e9cialis\u00e9e dans les services de visas. Nos services sont repr\u00e9sent\u00e9s en plusieurs langues \u00e0 travers le monde.<\/p>\n<h2>Notre mission<\/h2>\n<p>La mission de Visa\u00a0&amp;\u00a0Immigration\u00a0Services\u00a0LTD est de fournir des services de traduction et de conseils consulaires concernant les visas et demandes de permis de s\u00e9jour. Nous offrons une assistance dans plusieurs langues, principalement en Europe. Si vous ma\u00eetrisez l\u2019anglais, ou que vous n\u2019avez pas besoin d\u2019aide, vous pouvez vous-m\u00eame postuler pour un visa ou un permis de votre c\u00f4t\u00e9, sans utiliser nos services.<\/p>\n<p>Il est possible de faire une demande de visas touristiques ou de travail temporaires pour l\u2019Australie gratuitement via le site internet du D\u00e9partement de l\u2019Immigration et de la Citoyennet\u00e9 en Australie, \u00e0 http:\/\/www.immi.gov.au.<\/p>\n<h2>Paiement<\/h2>\n<p>Le paiement est effectu\u00e9 en tant que derni\u00e8re \u00e9tape pour chaque demande. Il est \u00e9galement possible de sauvegarder un formulaire et de payer plus tard. Une demande de visa n\u2019est pas consid\u00e9r\u00e9e compl\u00e8te avant que le r\u00e8glement n\u2019ait \u00e9t\u00e9 effectu\u00e9. Nous ne traiterons aucune demande qui n\u2019aura pas \u00e9t\u00e9 pay\u00e9e en int\u00e9gralit\u00e9.<\/p>\n<h2>D\u00e9lai de livraison<\/h2>\n<p>Dans la plupart des cas, vous recevrez une r\u00e9ponse \u00e0 votre demande de visa sous 24h. Nous vous recommandons cependant de faire votre demande de visa au moins 14 jours avant votre jour de d\u00e9part pr\u00e9vu, sachant que le processus d\u2019autorisation et d\u2019obtention du visa peut prendre 10 jours ou plus.<br \/>\nPour un visa Vacances-Travail, vous devriez postuler au moins 2 mois \u00e0 l\u2019avance.<\/p>\n<h2>Donn\u00e9es personnelles<\/h2>\n<p>Nous ne conservons vos donn\u00e9es personnelles (relatives \u00e0 votre demande de visa) que dans le cadre de cette demande de visa. Nous ne partagerons jamais ces informations avec un tiers sans votre permission.<\/p>\n<h2>Informations compl\u00e9mentaires<\/h2>\n<p>Dans certains cas, nous pourrions vous demander des informations suppl\u00e9mentaires, auquel cas nous vous contacterons par e-mail. Il est de votre responsabilit\u00e9 de r\u00e9guli\u00e8rement v\u00e9rifier votre bo\u00eete e-mail et de r\u00e9pondre dans les temps. Si nous envoyons une demande \u00e0 votre adresse e-mail et que vous ne r\u00e9pondez pas \u00e0 temps, cela conduira g\u00e9n\u00e9ralement votre demande de visa \u00e0 \u00eatre rejet\u00e9e.<\/p>\n<h2>Limite d\u2019\u00e2ge<\/h2>\n<p>Afin de pouvoir utiliser nos services, vous devez \u00eatre \u00e2ge de 18 ans ou plus. Les personnes majeures ayant au moins 18 ans peuvent faire une demande pour celles en-dessous de cet \u00e2ge limite.<\/p>\n<h2>Garanties<\/h2>\n<p>La d\u00e9cision d\u2019acceptation ou de rejet de votre visa est faite par le D\u00e9partement (Minist\u00e8re) de l\u2019Immigration et de la Citoyennet\u00e9 en Australie. Chez Auvisa.org nous ne pouvons affecter ou interf\u00e9rer avec cette d\u00e9cision.<\/p>\n<p>Auvisa.org ne peut \u00eatre tenu pour responsable de tout dommage direct ou indirect, \u00e9conomique ou cons\u00e9quence caus\u00e9(e) par cette d\u00e9cision, ce site ou nos services, d\u00e9livr\u00e9s ou non.<\/p>\n<h2><strong>Termes et Conditions<\/strong><\/h2>\n<p><a href=\"_wp_link_placeholder\" data-wplink-edit=\"true\">https:\/\/auvisa.org\/terms\/auvisa_terms_and_conditions_fr.pdf<\/a><\/p>\n","protected":false},"excerpt":{"rendered":"<p>La Soci\u00e9t\u00e9 Le site internet est la propri\u00e9t\u00e9 de la compagnie Visa &amp; Immigration Services LTD, bas\u00e9e \u00e0 Hong Kong [&#8230;]<\/p>\n<p><a class=\"btn btn-secondary understrap-read-more-link\" href=\"https:\/\/auvisa.org\/fr\/termes-et-conditions\/\">Lire la suite\u2026<span class=\"screen-reader-text\"> from \u00c0 Propos de Nous<\/span><\/a><\/p>\n","protected":false},"author":4,"featured_media":0,"parent":0,"menu_order":0,"comment_status":"open","ping_status":"open","template":"","meta":{"inline_featured_image":false,"footnotes":""},"class_list":["post-2615","page","type-page","status-publish","hentry"],"yoast_head":"<!-- This site is optimized with the Yoast SEO plugin v26.9 - https:\/\/yoast.com\/product\/yoast-seo-wordpress\/ -->\n<title>\u00c0 Propos de Nous - Auvisa.org by Visa &amp; Immigration Services LTD<\/title>\n<meta name=\"description\" content=\"\u00c0 Propos de Nous - Auvisa.org by Visa &amp; Immigration Services LTD\" \/>\n<meta name=\"robots\" content=\"index, follow, max-snippet:-1, max-image-preview:large, max-video-preview:-1\" \/>\n<link rel=\"canonical\" href=\"https:\/\/auvisa.org\/fr\/termes-et-conditions\/\" \/>\n<meta property=\"og:locale\" content=\"fr_FR\" \/>\n<meta property=\"og:type\" content=\"article\" \/>\n<meta property=\"og:title\" content=\"\u00c0 Propos de Nous - Auvisa.org by Visa &amp; Immigration Services LTD\" \/>\n<meta property=\"og:description\" content=\"\u00c0 Propos de Nous - Auvisa.org by Visa &amp; Immigration Services LTD\" \/>\n<meta property=\"og:url\" content=\"https:\/\/auvisa.org\/fr\/termes-et-conditions\/\" \/>\n<meta property=\"og:site_name\" content=\"Auvisa.org\" \/>\n<meta property=\"article:modified_time\" content=\"2024-02-29T10:01:22+00:00\" \/>\n<meta name=\"twitter:card\" content=\"summary_large_image\" \/>\n<meta name=\"twitter:label1\" content=\"Dur\u00e9e de lecture estim\u00e9e\" \/>\n\t<meta name=\"twitter:data1\" content=\"3 minutes\" \/>\n<script type=\"application\/ld+json\" class=\"yoast-schema-graph\">{\"@context\":\"https:\/\/schema.org\",\"@graph\":[{\"@type\":\"WebPage\",\"@id\":\"https:\/\/auvisa.org\/fr\/termes-et-conditions\/\",\"url\":\"https:\/\/auvisa.org\/fr\/termes-et-conditions\/\",\"name\":\"\u00c0 Propos de Nous - Auvisa.org by Visa & Immigration Services LTD\",\"isPartOf\":{\"@id\":\"https:\/\/auvisa.org\/fr\/#website\"},\"datePublished\":\"2012-01-31T20:01:31+00:00\",\"dateModified\":\"2024-02-29T10:01:22+00:00\",\"description\":\"\u00c0 Propos de Nous - Auvisa.org by Visa & Immigration Services LTD\",\"breadcrumb\":{\"@id\":\"https:\/\/auvisa.org\/fr\/termes-et-conditions\/#breadcrumb\"},\"inLanguage\":\"fr-FR\",\"potentialAction\":[{\"@type\":\"ReadAction\",\"target\":[\"https:\/\/auvisa.org\/fr\/termes-et-conditions\/\"]}]},{\"@type\":\"BreadcrumbList\",\"@id\":\"https:\/\/auvisa.org\/fr\/termes-et-conditions\/#breadcrumb\",\"itemListElement\":[{\"@type\":\"ListItem\",\"position\":1,\"name\":\"Home\",\"item\":\"https:\/\/auvisa.org\/fr\/\"},{\"@type\":\"ListItem\",\"position\":2,\"name\":\"\u00c0 Propos de Nous\"}]},{\"@type\":\"WebSite\",\"@id\":\"https:\/\/auvisa.org\/fr\/#website\",\"url\":\"https:\/\/auvisa.org\/fr\/\",\"name\":\"Auvisa.org\",\"description\":\"\",\"inLanguage\":\"fr-FR\"}]}<\/script>\n<!-- \/ Yoast SEO plugin. -->","yoast_head_json":{"title":"\u00c0 Propos de Nous - Auvisa.org by Visa & Immigration Services LTD","description":"\u00c0 Propos de Nous - Auvisa.org by Visa & Immigration Services LTD","robots":{"index":"index","follow":"follow","max-snippet":"max-snippet:-1","max-image-preview":"max-image-preview:large","max-video-preview":"max-video-preview:-1"},"canonical":"https:\/\/auvisa.org\/fr\/termes-et-conditions\/","og_locale":"fr_FR","og_type":"article","og_title":"\u00c0 Propos de Nous - Auvisa.org by Visa & Immigration Services LTD","og_description":"\u00c0 Propos de Nous - Auvisa.org by Visa & Immigration Services LTD","og_url":"https:\/\/auvisa.org\/fr\/termes-et-conditions\/","og_site_name":"Auvisa.org","article_modified_time":"2024-02-29T10:01:22+00:00","twitter_card":"summary_large_image","twitter_misc":{"Dur\u00e9e de lecture estim\u00e9e":"3 minutes"},"schema":{"@context":"https:\/\/schema.org","@graph":[{"@type":"WebPage","@id":"https:\/\/auvisa.org\/fr\/termes-et-conditions\/","url":"https:\/\/auvisa.org\/fr\/termes-et-conditions\/","name":"\u00c0 Propos de Nous - Auvisa.org by Visa & Immigration Services LTD","isPartOf":{"@id":"https:\/\/auvisa.org\/fr\/#website"},"datePublished":"2012-01-31T20:01:31+00:00","dateModified":"2024-02-29T10:01:22+00:00","description":"\u00c0 Propos de Nous - Auvisa.org by Visa & Immigration Services LTD","breadcrumb":{"@id":"https:\/\/auvisa.org\/fr\/termes-et-conditions\/#breadcrumb"},"inLanguage":"fr-FR","potentialAction":[{"@type":"ReadAction","target":["https:\/\/auvisa.org\/fr\/termes-et-conditions\/"]}]},{"@type":"BreadcrumbList","@id":"https:\/\/auvisa.org\/fr\/termes-et-conditions\/#breadcrumb","itemListElement":[{"@type":"ListItem","position":1,"name":"Home","item":"https:\/\/auvisa.org\/fr\/"},{"@type":"ListItem","position":2,"name":"\u00c0 Propos de Nous"}]},{"@type":"WebSite","@id":"https:\/\/auvisa.org\/fr\/#website","url":"https:\/\/auvisa.org\/fr\/","name":"Auvisa.org","description":"","inLanguage":"fr-FR"}]}},"_links":{"self":[{"href":"https:\/\/auvisa.org\/fr\/wp-json\/wp\/v2\/pages\/2615","targetHints":{"allow":["GET"]}}],"collection":[{"href":"https:\/\/auvisa.org\/fr\/wp-json\/wp\/v2\/pages"}],"about":[{"href":"https:\/\/auvisa.org\/fr\/wp-json\/wp\/v2\/types\/page"}],"author":[{"embeddable":true,"href":"https:\/\/auvisa.org\/fr\/wp-json\/wp\/v2\/users\/4"}],"replies":[{"embeddable":true,"href":"https:\/\/auvisa.org\/fr\/wp-json\/wp\/v2\/comments?post=2615"}],"version-history":[{"count":5,"href":"https:\/\/auvisa.org\/fr\/wp-json\/wp\/v2\/pages\/2615\/revisions"}],"predecessor-version":[{"id":21592,"href":"https:\/\/auvisa.org\/fr\/wp-json\/wp\/v2\/pages\/2615\/revisions\/21592"}],"wp:attachment":[{"href":"https:\/\/auvisa.org\/fr\/wp-json\/wp\/v2\/media?parent=2615"}],"curies":[{"name":"wp","href":"https:\/\/api.w.org\/{rel}","templated":true}]}}