{"id":2640,"date":"2020-05-05T19:59:29","date_gmt":"2020-05-05T19:59:29","guid":{"rendered":"https:\/\/auvisa.org\/fr\/?page_id=2640"},"modified":"2020-05-09T10:08:52","modified_gmt":"2020-05-09T10:08:52","slug":"visa-de-travail-temporaire-australien","status":"publish","type":"page","link":"https:\/\/auvisa.org\/fr\/visa-de-travail-temporaire-australien\/","title":{"rendered":"Visa de Travail Temporaire Australien (France)"},"content":{"rendered":"\n<h2 class=\"wp-block-heading\" id=\"first-paragraph\">Visa de Travail Temporaire<\/h2>\n\n\n\n<p>Un visa de travail temporaire (sous-cat\u00e9gorie 400) est destin\u00e9 aux personnes qui se rendront en Australie pour y effectuer un travail temporaire et qualifi\u00e9. <\/p>\n\n\n\n<p><strong>Le visa peut \u00eatre accord\u00e9 pour une dur\u00e9e maximale de trois mois.<\/strong><\/p>\n\n\n\n<p>Vous pouvez faire une demande d\u2019application pour ce visa si :<\/p>\n\n\n\n<ul class=\"wp-block-list\"><li>Vous \u00eates \u00e0 l&rsquo;ext\u00e9rieur de l&rsquo;Australie<\/li><li>vous allez faire un <strong>travail temporaire hautement sp\u00e9cialis\u00e9 \u00e0 court terme<\/strong><\/li><li>Vous allez participer \u00e0 un <strong>\u00e9v\u00e9nement culturel ou social<\/strong><\/li><li>Vous participerez \u00e0 une <strong>activit\u00e9 ou un travail relatif aux int\u00e9r\u00eats australiens<\/strong><\/li><\/ul>\n\n\n\n<p>Pour faire une demande d\u2019application, vous devez \u00eatre <strong>invit\u00e9 par l&rsquo;organisation pour laquelle vous travaillerez<\/strong>.<\/p>\n\n\n\n<p>Vous devez \u00e9galement disposer d&rsquo;attributs personnels ou d&rsquo;une exp\u00e9rience relative au travail. Il vous sera demand\u00e9 de fournir divers documents pour compl\u00e9ter votre demande d\u2019application.<\/p>\n","protected":false},"excerpt":{"rendered":"<p>Visa de Travail Temporaire Un visa de travail temporaire (sous-cat\u00e9gorie 400) est destin\u00e9 aux personnes qui se rendront en Australie [&#8230;]<\/p>\n<p><a class=\"btn btn-secondary understrap-read-more-link\" href=\"https:\/\/auvisa.org\/fr\/visa-de-travail-temporaire-australien\/\">Lire la suite\u2026<span class=\"screen-reader-text\"> from Visa de Travail Temporaire Australien (France)<\/span><\/a><\/p>\n","protected":false},"author":5,"featured_media":0,"parent":0,"menu_order":20,"comment_status":"closed","ping_status":"closed","template":"templates\/tpl_spiegazione.php","meta":{"inline_featured_image":false,"footnotes":""},"class_list":["post-2640","page","type-page","status-publish","hentry"],"yoast_head":"<!-- This site is optimized with the Yoast SEO plugin v26.9 - https:\/\/yoast.com\/product\/yoast-seo-wordpress\/ -->\n<title>Visa de Travail Temporaire Australien (France): Demande en Ligne<\/title>\n<meta name=\"description\" content=\"Un visa de travail temporaire (sous-cat\u00e9gorie 400) est destin\u00e9 aux fran\u00e7ais qui se rendent en Australie pour un travail temporaire sp\u00e9cialis\u00e9. Faites votre demande en ligne.\" \/>\n<meta name=\"robots\" content=\"index, follow, max-snippet:-1, max-image-preview:large, max-video-preview:-1\" \/>\n<link rel=\"canonical\" href=\"https:\/\/auvisa.org\/fr\/visa-de-travail-temporaire-australien\/\" \/>\n<meta property=\"og:locale\" content=\"fr_FR\" \/>\n<meta property=\"og:type\" content=\"article\" \/>\n<meta property=\"og:title\" content=\"Visa de Travail Temporaire Australien (France): Demande en Ligne\" \/>\n<meta property=\"og:description\" content=\"Un visa de travail temporaire (sous-cat\u00e9gorie 400) est destin\u00e9 aux fran\u00e7ais qui se rendent en Australie pour un travail temporaire sp\u00e9cialis\u00e9. Faites votre demande en ligne.\" \/>\n<meta property=\"og:url\" content=\"https:\/\/auvisa.org\/fr\/visa-de-travail-temporaire-australien\/\" \/>\n<meta property=\"og:site_name\" content=\"Auvisa.org\" \/>\n<meta property=\"article:modified_time\" content=\"2020-05-09T10:08:52+00:00\" \/>\n<meta name=\"twitter:card\" content=\"summary_large_image\" \/>\n<meta name=\"twitter:label1\" content=\"Dur\u00e9e de lecture estim\u00e9e\" \/>\n\t<meta name=\"twitter:data1\" content=\"1 minute\" \/>\n<script type=\"application\/ld+json\" class=\"yoast-schema-graph\">{\"@context\":\"https:\/\/schema.org\",\"@graph\":[{\"@type\":\"WebPage\",\"@id\":\"https:\/\/auvisa.org\/fr\/visa-de-travail-temporaire-australien\/\",\"url\":\"https:\/\/auvisa.org\/fr\/visa-de-travail-temporaire-australien\/\",\"name\":\"Visa de Travail Temporaire Australien (France): Demande en Ligne\",\"isPartOf\":{\"@id\":\"https:\/\/auvisa.org\/fr\/#website\"},\"datePublished\":\"2020-05-05T19:59:29+00:00\",\"dateModified\":\"2020-05-09T10:08:52+00:00\",\"description\":\"Un visa de travail temporaire (sous-cat\u00e9gorie 400) est destin\u00e9 aux fran\u00e7ais qui se rendent en Australie pour un travail temporaire sp\u00e9cialis\u00e9. Faites votre demande en ligne.\",\"breadcrumb\":{\"@id\":\"https:\/\/auvisa.org\/fr\/visa-de-travail-temporaire-australien\/#breadcrumb\"},\"inLanguage\":\"fr-FR\",\"potentialAction\":[{\"@type\":\"ReadAction\",\"target\":[\"https:\/\/auvisa.org\/fr\/visa-de-travail-temporaire-australien\/\"]}]},{\"@type\":\"BreadcrumbList\",\"@id\":\"https:\/\/auvisa.org\/fr\/visa-de-travail-temporaire-australien\/#breadcrumb\",\"itemListElement\":[{\"@type\":\"ListItem\",\"position\":1,\"name\":\"Home\",\"item\":\"https:\/\/auvisa.org\/fr\/\"},{\"@type\":\"ListItem\",\"position\":2,\"name\":\"Visa de Travail Temporaire Australien (France)\"}]},{\"@type\":\"WebSite\",\"@id\":\"https:\/\/auvisa.org\/fr\/#website\",\"url\":\"https:\/\/auvisa.org\/fr\/\",\"name\":\"Auvisa.org\",\"description\":\"\",\"inLanguage\":\"fr-FR\"}]}<\/script>\n<!-- \/ Yoast SEO plugin. -->","yoast_head_json":{"title":"Visa de Travail Temporaire Australien (France): Demande en Ligne","description":"Un visa de travail temporaire (sous-cat\u00e9gorie 400) est destin\u00e9 aux fran\u00e7ais qui se rendent en Australie pour un travail temporaire sp\u00e9cialis\u00e9. Faites votre demande en ligne.","robots":{"index":"index","follow":"follow","max-snippet":"max-snippet:-1","max-image-preview":"max-image-preview:large","max-video-preview":"max-video-preview:-1"},"canonical":"https:\/\/auvisa.org\/fr\/visa-de-travail-temporaire-australien\/","og_locale":"fr_FR","og_type":"article","og_title":"Visa de Travail Temporaire Australien (France): Demande en Ligne","og_description":"Un visa de travail temporaire (sous-cat\u00e9gorie 400) est destin\u00e9 aux fran\u00e7ais qui se rendent en Australie pour un travail temporaire sp\u00e9cialis\u00e9. Faites votre demande en ligne.","og_url":"https:\/\/auvisa.org\/fr\/visa-de-travail-temporaire-australien\/","og_site_name":"Auvisa.org","article_modified_time":"2020-05-09T10:08:52+00:00","twitter_card":"summary_large_image","twitter_misc":{"Dur\u00e9e de lecture estim\u00e9e":"1 minute"},"schema":{"@context":"https:\/\/schema.org","@graph":[{"@type":"WebPage","@id":"https:\/\/auvisa.org\/fr\/visa-de-travail-temporaire-australien\/","url":"https:\/\/auvisa.org\/fr\/visa-de-travail-temporaire-australien\/","name":"Visa de Travail Temporaire Australien (France): Demande en Ligne","isPartOf":{"@id":"https:\/\/auvisa.org\/fr\/#website"},"datePublished":"2020-05-05T19:59:29+00:00","dateModified":"2020-05-09T10:08:52+00:00","description":"Un visa de travail temporaire (sous-cat\u00e9gorie 400) est destin\u00e9 aux fran\u00e7ais qui se rendent en Australie pour un travail temporaire sp\u00e9cialis\u00e9. Faites votre demande en ligne.","breadcrumb":{"@id":"https:\/\/auvisa.org\/fr\/visa-de-travail-temporaire-australien\/#breadcrumb"},"inLanguage":"fr-FR","potentialAction":[{"@type":"ReadAction","target":["https:\/\/auvisa.org\/fr\/visa-de-travail-temporaire-australien\/"]}]},{"@type":"BreadcrumbList","@id":"https:\/\/auvisa.org\/fr\/visa-de-travail-temporaire-australien\/#breadcrumb","itemListElement":[{"@type":"ListItem","position":1,"name":"Home","item":"https:\/\/auvisa.org\/fr\/"},{"@type":"ListItem","position":2,"name":"Visa de Travail Temporaire Australien (France)"}]},{"@type":"WebSite","@id":"https:\/\/auvisa.org\/fr\/#website","url":"https:\/\/auvisa.org\/fr\/","name":"Auvisa.org","description":"","inLanguage":"fr-FR"}]}},"_links":{"self":[{"href":"https:\/\/auvisa.org\/fr\/wp-json\/wp\/v2\/pages\/2640","targetHints":{"allow":["GET"]}}],"collection":[{"href":"https:\/\/auvisa.org\/fr\/wp-json\/wp\/v2\/pages"}],"about":[{"href":"https:\/\/auvisa.org\/fr\/wp-json\/wp\/v2\/types\/page"}],"author":[{"embeddable":true,"href":"https:\/\/auvisa.org\/fr\/wp-json\/wp\/v2\/users\/5"}],"replies":[{"embeddable":true,"href":"https:\/\/auvisa.org\/fr\/wp-json\/wp\/v2\/comments?post=2640"}],"version-history":[{"count":15,"href":"https:\/\/auvisa.org\/fr\/wp-json\/wp\/v2\/pages\/2640\/revisions"}],"predecessor-version":[{"id":2923,"href":"https:\/\/auvisa.org\/fr\/wp-json\/wp\/v2\/pages\/2640\/revisions\/2923"}],"wp:attachment":[{"href":"https:\/\/auvisa.org\/fr\/wp-json\/wp\/v2\/media?parent=2640"}],"curies":[{"name":"wp","href":"https:\/\/api.w.org\/{rel}","templated":true}]}}