{"id":740,"date":"2015-09-01T19:01:20","date_gmt":"2015-09-01T19:01:20","guid":{"rendered":"https:\/\/auvisa.org\/?p=740"},"modified":"2020-08-06T13:56:12","modified_gmt":"2020-08-06T13:56:12","slug":"visa-etudiant-pour-laustralie","status":"publish","type":"page","link":"https:\/\/auvisa.org\/fr\/visa-etudiant-pour-laustralie\/","title":{"rendered":"Visa d&rsquo;\u00c9tudiant pour l&rsquo;Australie: Demande et Renouvellement"},"content":{"rendered":"<h2 id=\"first-paragraph\">FAQ sur le visa d&rsquo;\u00e9tudiant australien (\u00e9tudiants fran\u00e7ais)<\/h2>\n<h3>Qu&rsquo;est-ce qu&rsquo;un v\u00e9ritable \u00e9tudiant?<\/h3>\n<p>Pour satisfaire ce crit\u00e8re, vous devez d\u00e9montrer que vous avez un int\u00e9r\u00eat valide pour entreprendre des \u00e9tudes, vous devez avoir suffisamment de <strong>comp\u00e9tences linguistiques<\/strong> pour g\u00e9rer l&rsquo;\u00e9ducation, et vous devez avoir une bonne \u00e9ducation de base pour les \u00e9tudes que vous avez l&rsquo;intention d\u2019entreprendre.<\/p>\n<p>Vous devez aussi avoir <strong>suffisamment de finances<\/strong>. En outre, vous devez avoir l&rsquo;intention de respecter les r\u00e8gles du Visa.<\/p>\n<div class=\"text-right\"><a href=\"\/fr\/visa-student\/\" class=\"btn  px-5 btn-green\">Demander un visa \u00e9tudiant<\/a><\/div>\n<h3><\/h3>\n<h3>Qu&rsquo;est-ce qu&rsquo;un v\u00e9ritable candidat temporaire?<\/h3>\n<p>Un v\u00e9ritable candidat temporaire est une personne qui a l&rsquo;intention d&rsquo;entrer en Australie <strong>temporairement pour seulement faire des \u00e9tudes<\/strong> (ou \u00eatre un tuteur pour un \u00e9tudiant), puis retourner dans son pays d&rsquo;origine.<\/p>\n<p>Il y a un certain nombre de facteurs \u00e0 prendre en consid\u00e9ration lors de l&rsquo;\u00e9valuation:<\/p>\n<ul>\n<li>Le pays dans lequel vous vivez. Y a-t-il quelque chose pour vous emp\u00eacher d\u2019y retourner?<\/li>\n<li>Est-ce que des \u00e9tudes en Australie seront vraiment avantageuses pour vous dans l&rsquo;avenir?<\/li>\n<li>Votre ant\u00e9c\u00e9dent concernant l&rsquo;immigration.<\/li>\n<li>D&rsquo;autres mati\u00e8res d&rsquo;int\u00e9r\u00eat<\/li>\n<\/ul>\n<div class=\"text-right\"><a href=\"\/fr\/visa-student\/\" class=\"btn  px-5 btn-green\">Demander un visa \u00e9tudiant<\/a><\/div>\n<h3>Qu\u2019est-ce que c\u2019est \u00ab&nbsp;bon caract\u00e8re&nbsp;\u00bb ?<\/h3>\n<p>Primordialement, vous ne devez pas \u00eatre un criminel et vous ne devriez pas avoir pass\u00e9 beaucoup de temps en prison. Si vous avez \u00e9t\u00e9 en prison, votre visa pourrait vous \u00eatre refus\u00e9 \u00e0 cause de cette raison. Dans certains cas, vous serez exig\u00e9 de pr\u00e9senter un certificat d&rsquo;habilitation criminel ou certificat de police.<\/p>\n<div class=\"text-right\"><a href=\"\/fr\/visa-student\/\" class=\"btn  px-5 btn-green\">Demander un visa \u00e9tudiant<\/a><\/div>\n<h3>Quelles sont les crit\u00e8res concernant la sant\u00e9?<\/h3>\n<p>Vous devez \u00eatre en bonne sant\u00e9. Vous pourriez avoir besoin de faire un examen m\u00e9dical et\/ou un x-ray pour le prouver. Si cela est requis de vous, vous devrez consulter un m\u00e9decin qui a \u00e9t\u00e9 nomm\u00e9 par l&rsquo;Immigration australienne.<\/p>\n<p>Le visa d&rsquo;\u00e9tudiant ne comprend pas la couverture m\u00e9dicale. Tous les \u00e9tudiants, sauf ceux de la Norv\u00e8ge et de la Belgique ont besoin d&rsquo;acheter une assurance-sant\u00e9 appel\u00e9 \u00ab Overseas Student Health Cover (OSHC)&nbsp;\u00bb. Vous pouvez l\u2019acheter aupr\u00e8s de votre universit\u00e9, ou de d&rsquo;autres entreprises qui les vendent. Les \u00e9tudiants su\u00e9dois doivent le faire seulement s&rsquo;ils n&rsquo;ont pas encore achet\u00e9 l&rsquo;assurance de CSN International ou Kammarkollegiet.<\/p>\n<div class=\"text-right\"><a href=\"\/fr\/visa-student\/\" class=\"btn  px-5 btn-green\">Demander un visa \u00e9tudiant<\/a><\/div>\n<h3>Est qu\u2019il y a une limite d&rsquo;\u00e2ge?<\/h3>\n<p>Non, il n&rsquo;y en a pas. Le visa d&rsquo;\u00e9tudiant n&rsquo;a pas de limite d&rsquo;\u00e2ge tant que vous \u00eates accept\u00e9 par une universit\u00e9 ou \u00e9cole. C&rsquo;est diff\u00e9rent, comme par exemple, un visa vacances-travail qui est limit\u00e9 aux appliquants de 18-31 ans.<\/p>\n<h3>Ma famille peut-elle m\u2019accompagner si j&rsquo;ai un visa d&rsquo;\u00e9tudiant?<\/h3>\n<p>Oui, ils peuvent vous accompagner en Australie.<\/p>\n<p>Si vous avez moins de 18 ans vous devriez avoir un tuteur. Vos parents ou vos proches peuvent faire une demande d\u2019application pour un visa de tuteur et vous accompagner pour votre s\u00e9jour vers l&rsquo;Australie. Leur visa aura la m\u00eame validit\u00e9 que votre visa d&rsquo;\u00e9tudiant.<\/p>\n<div class=\"text-right\"><a href=\"\/fr\/visa-student\/\" class=\"btn  px-5 btn-green\">Demander un visa \u00e9tudiant<\/a><\/div>\n<h3>Suis-je autoris\u00e9 \u00e0 travailler sur un visa d&rsquo;\u00e9tudiant?<\/h3>\n<p>Oui, un visa d&rsquo;\u00e9tudiant vous permettra de faire un travail limit\u00e9, tout au plus 40 heures dans une p\u00e9riode de 2 semaines. Durant les vacances vous \u00eates autoris\u00e9 \u00e0 travailler \u00e0 plein temps.<\/p>\n<p>Un travail \u00e0 temps partiel peut \u00eatre un bon moyen pour payer votre h\u00e9bergement et vous donner un peu d&rsquo;argent suppl\u00e9mentaire. Toutefois, avant que vous ne puissiez commencer \u00e0 travailler, vous aurez besoin d&rsquo;un num\u00e9ro de Dossier Fiscal et un compte bancaire dans une banque australienne.<\/p>\n<p>N&rsquo;oubliez pas que vous n\u2019\u00eates pas autoris\u00e9 \u00e0 travailler avant que votre cours ne commence, au cas o\u00f9 vous arriveriez t\u00f4t.<\/p>\n<p>Le droit de travailler s&rsquo;applique \u00e9galement aux membres de votre famille qui vous accompagnent (conjoints et enfants). Les membres de la famille ne peuvent cependant pas d\u00e9passer 20 heures par semaine, m\u00eame durant les p\u00e9riodes de vacances.<\/p>\n<div class=\"text-right\"><a href=\"\/fr\/visa-student\/\" class=\"btn  px-5 btn-green\">Demander un visa \u00e9tudiant<\/a><\/div>\n<h3>Puis-je \u00e9tudier \u00e0 temps partiel et travailler \u00e0 temps partiel?<\/h3>\n<p>Non, vous devez entreprendre des \u00e9tudes \u00e0 plein temps pour \u00eatre consid\u00e9r\u00e9 sur un visa d&rsquo;\u00e9tudiant. Si vous souhaitez \u00e9tudier moins qu&rsquo;\u00e0 plein temps, vous devriez consid\u00e9rer d&rsquo;autres options de visa. Le visa Vacances-Travail pourrait \u00eatre une meilleure solution dans ce cas-l\u00e0.<\/p>\n<h3>Quel type de cours puis-je y participer?<\/h3>\n<p>Des cours de tous genres aussi longtemps que c\u2019est approuv\u00e9 par le gouvernement australien pour les \u00e9tudiants d&rsquo;outre-mer.<\/p>\n<h3>Je n&rsquo;ai pas une lettre d&rsquo;acceptation (CoE), puis-je faire mon application?<\/h3>\n<p>Non, vous devez obtenir un CoE avant que vous ne pouvez soumettre une application. La demande de visa est l&rsquo;une des derni\u00e8res \u00e9tapes dans le processus d&rsquo;aller en Australie pour \u00e9tudier. Tout d&rsquo;abord, vous devez faire votre application \u00e0, et \u00eatre accept\u00e9 par une universit\u00e9 ou une \u00e9cole en Australie. Vous devez \u00e9galement confirmer par \u00e9crit, et payer les frais du d\u00e9p\u00f4t de scolarit\u00e9. Seulement apr\u00e8s avoir re\u00e7u la Confirmation d&rsquo;Inscription de l&rsquo;universit\u00e9, vous pouvez faire une demande d&rsquo;obtention de visa.<\/p>\n<h3>Je suis d\u00e9j\u00e0 en Australie sur un autre visa, puis-je toujours faire une demande d\u2019application pour un visa d&rsquo;\u00e9tudiant?<\/h3>\n<p>Oui, dans la plupart des cas, vous pouvez faire une demande d\u2019application pour un visa d\u2019\u00e9tudiant pour l&rsquo;Australie pendant que vous \u00eates \u00e0 l&rsquo;int\u00e9rieur de l&rsquo;Australie. Si votre visa mentionne une condition de \u00ab&nbsp; Pas de prolongation de s\u00e9jour&nbsp;\u00bb, vous ne pouvez pas faire votre application pendant que vous \u00eates \u00e0 l&rsquo;int\u00e9rieur de l&rsquo;Australie. Dans ce cas, vous devez quitter le pays avant que vous ne puissiez faire votre application.<\/p>\n<h3>J&rsquo;ai d\u00e9j\u00e0 eu un visa de Vacances-Travail; puis-je tout de m\u00eame obtenir un visa d&rsquo;\u00e9tudiant?<\/h3>\n<p>Oui, cela n\u2019a aucun effet sur la d\u00e9cision. C\u2019est \u00e9galement possible d&rsquo;obtenir un nouveau visa d\u2019\u00e9tudiant si vous avez d\u00e9j\u00e0 eu un avant, aussi longtemps que vous obtenez une nouvelle CoE d\u2019une universit\u00e9 ou \u00e9cole.<\/p>\n<h3>Quel est la dur\u00e9e du processus?<\/h3>\n<p>Habituellement 1-3 semaines dans des circonstances normales. Le temps du processus peut prendre plus longtemps dans le cas o\u00f9 vous devez compl\u00e9ter votre application avec plus de documents. Assurez-vous de faire votre demande d\u2019application bien avant votre date de d\u00e9part.<\/p>\n<ul class=\"visa-pics\">\n<li><a class=\"apply\" href=\"\/fr\/visa-student\/\">Faites une demande<\/a><\/li>\n<\/ul>\n","protected":false},"excerpt":{"rendered":"<p>FAQ sur le visa d&rsquo;\u00e9tudiant australien (\u00e9tudiants fran\u00e7ais) Qu&rsquo;est-ce qu&rsquo;un v\u00e9ritable \u00e9tudiant? Pour satisfaire ce crit\u00e8re, vous devez d\u00e9montrer que [&#8230;]<\/p>\n<p><a class=\"btn btn-secondary understrap-read-more-link\" href=\"https:\/\/auvisa.org\/fr\/visa-etudiant-pour-laustralie\/\">Lire la suite\u2026<span class=\"screen-reader-text\"> from Visa d&rsquo;\u00c9tudiant pour l&rsquo;Australie: Demande et Renouvellement<\/span><\/a><\/p>\n","protected":false},"author":4,"featured_media":0,"parent":0,"menu_order":4,"comment_status":"closed","ping_status":"closed","template":"templates\/tpl_spiegazione.php","meta":{"inline_featured_image":false,"footnotes":""},"class_list":["post-740","page","type-page","status-publish","hentry"],"yoast_head":"<!-- This site is optimized with the Yoast SEO plugin v26.9 - https:\/\/yoast.com\/product\/yoast-seo-wordpress\/ -->\n<title>Visa \u00c9tudiant pour l&#039;Australie: Demande et Renouvellement<\/title>\n<meta name=\"description\" content=\"Afin d&#039;obtenir ou renouver un visa d\u2019\u00e9tudiant pour l&#039;Australie, vous devez \u00eatre accept\u00e9 par une universit\u00e9\/\u00e9cole, et satisfaire un certain nombre de conditions.\" \/>\n<meta name=\"robots\" content=\"index, follow, max-snippet:-1, max-image-preview:large, max-video-preview:-1\" \/>\n<link rel=\"canonical\" href=\"https:\/\/auvisa.org\/fr\/visa-etudiant-pour-laustralie\/\" \/>\n<meta property=\"og:locale\" content=\"fr_FR\" \/>\n<meta property=\"og:type\" content=\"article\" \/>\n<meta property=\"og:title\" content=\"Visa \u00c9tudiant pour l&#039;Australie: Demande et Renouvellement\" \/>\n<meta property=\"og:description\" content=\"Afin d&#039;obtenir ou renouver un visa d\u2019\u00e9tudiant pour l&#039;Australie, vous devez \u00eatre accept\u00e9 par une universit\u00e9\/\u00e9cole, et satisfaire un certain nombre de conditions.\" \/>\n<meta property=\"og:url\" content=\"https:\/\/auvisa.org\/fr\/visa-etudiant-pour-laustralie\/\" \/>\n<meta property=\"og:site_name\" content=\"Auvisa.org\" \/>\n<meta property=\"article:modified_time\" content=\"2020-08-06T13:56:12+00:00\" \/>\n<meta name=\"twitter:card\" content=\"summary_large_image\" \/>\n<meta name=\"twitter:label1\" content=\"Dur\u00e9e de lecture estim\u00e9e\" \/>\n\t<meta name=\"twitter:data1\" content=\"6 minutes\" \/>\n<script type=\"application\/ld+json\" class=\"yoast-schema-graph\">{\"@context\":\"https:\/\/schema.org\",\"@graph\":[{\"@type\":\"WebPage\",\"@id\":\"https:\/\/auvisa.org\/fr\/visa-etudiant-pour-laustralie\/\",\"url\":\"https:\/\/auvisa.org\/fr\/visa-etudiant-pour-laustralie\/\",\"name\":\"Visa \u00c9tudiant pour l&#039;Australie: Demande et Renouvellement\",\"isPartOf\":{\"@id\":\"https:\/\/auvisa.org\/fr\/#website\"},\"datePublished\":\"2015-09-01T19:01:20+00:00\",\"dateModified\":\"2020-08-06T13:56:12+00:00\",\"description\":\"Afin d&#039;obtenir ou renouver un visa d\u2019\u00e9tudiant pour l&#039;Australie, vous devez \u00eatre accept\u00e9 par une universit\u00e9\/\u00e9cole, et satisfaire un certain nombre de conditions.\",\"breadcrumb\":{\"@id\":\"https:\/\/auvisa.org\/fr\/visa-etudiant-pour-laustralie\/#breadcrumb\"},\"inLanguage\":\"fr-FR\",\"potentialAction\":[{\"@type\":\"ReadAction\",\"target\":[\"https:\/\/auvisa.org\/fr\/visa-etudiant-pour-laustralie\/\"]}]},{\"@type\":\"BreadcrumbList\",\"@id\":\"https:\/\/auvisa.org\/fr\/visa-etudiant-pour-laustralie\/#breadcrumb\",\"itemListElement\":[{\"@type\":\"ListItem\",\"position\":1,\"name\":\"Home\",\"item\":\"https:\/\/auvisa.org\/fr\/\"},{\"@type\":\"ListItem\",\"position\":2,\"name\":\"Visa d&#8217;\u00c9tudiant pour l&#8217;Australie: Demande et Renouvellement\"}]},{\"@type\":\"WebSite\",\"@id\":\"https:\/\/auvisa.org\/fr\/#website\",\"url\":\"https:\/\/auvisa.org\/fr\/\",\"name\":\"Auvisa.org\",\"description\":\"\",\"inLanguage\":\"fr-FR\"}]}<\/script>\n<!-- \/ Yoast SEO plugin. -->","yoast_head_json":{"title":"Visa \u00c9tudiant pour l&#039;Australie: Demande et Renouvellement","description":"Afin d&#039;obtenir ou renouver un visa d\u2019\u00e9tudiant pour l&#039;Australie, vous devez \u00eatre accept\u00e9 par une universit\u00e9\/\u00e9cole, et satisfaire un certain nombre de conditions.","robots":{"index":"index","follow":"follow","max-snippet":"max-snippet:-1","max-image-preview":"max-image-preview:large","max-video-preview":"max-video-preview:-1"},"canonical":"https:\/\/auvisa.org\/fr\/visa-etudiant-pour-laustralie\/","og_locale":"fr_FR","og_type":"article","og_title":"Visa \u00c9tudiant pour l&#039;Australie: Demande et Renouvellement","og_description":"Afin d&#039;obtenir ou renouver un visa d\u2019\u00e9tudiant pour l&#039;Australie, vous devez \u00eatre accept\u00e9 par une universit\u00e9\/\u00e9cole, et satisfaire un certain nombre de conditions.","og_url":"https:\/\/auvisa.org\/fr\/visa-etudiant-pour-laustralie\/","og_site_name":"Auvisa.org","article_modified_time":"2020-08-06T13:56:12+00:00","twitter_card":"summary_large_image","twitter_misc":{"Dur\u00e9e de lecture estim\u00e9e":"6 minutes"},"schema":{"@context":"https:\/\/schema.org","@graph":[{"@type":"WebPage","@id":"https:\/\/auvisa.org\/fr\/visa-etudiant-pour-laustralie\/","url":"https:\/\/auvisa.org\/fr\/visa-etudiant-pour-laustralie\/","name":"Visa \u00c9tudiant pour l&#039;Australie: Demande et Renouvellement","isPartOf":{"@id":"https:\/\/auvisa.org\/fr\/#website"},"datePublished":"2015-09-01T19:01:20+00:00","dateModified":"2020-08-06T13:56:12+00:00","description":"Afin d&#039;obtenir ou renouver un visa d\u2019\u00e9tudiant pour l&#039;Australie, vous devez \u00eatre accept\u00e9 par une universit\u00e9\/\u00e9cole, et satisfaire un certain nombre de conditions.","breadcrumb":{"@id":"https:\/\/auvisa.org\/fr\/visa-etudiant-pour-laustralie\/#breadcrumb"},"inLanguage":"fr-FR","potentialAction":[{"@type":"ReadAction","target":["https:\/\/auvisa.org\/fr\/visa-etudiant-pour-laustralie\/"]}]},{"@type":"BreadcrumbList","@id":"https:\/\/auvisa.org\/fr\/visa-etudiant-pour-laustralie\/#breadcrumb","itemListElement":[{"@type":"ListItem","position":1,"name":"Home","item":"https:\/\/auvisa.org\/fr\/"},{"@type":"ListItem","position":2,"name":"Visa d&#8217;\u00c9tudiant pour l&#8217;Australie: Demande et Renouvellement"}]},{"@type":"WebSite","@id":"https:\/\/auvisa.org\/fr\/#website","url":"https:\/\/auvisa.org\/fr\/","name":"Auvisa.org","description":"","inLanguage":"fr-FR"}]}},"_links":{"self":[{"href":"https:\/\/auvisa.org\/fr\/wp-json\/wp\/v2\/pages\/740","targetHints":{"allow":["GET"]}}],"collection":[{"href":"https:\/\/auvisa.org\/fr\/wp-json\/wp\/v2\/pages"}],"about":[{"href":"https:\/\/auvisa.org\/fr\/wp-json\/wp\/v2\/types\/page"}],"author":[{"embeddable":true,"href":"https:\/\/auvisa.org\/fr\/wp-json\/wp\/v2\/users\/4"}],"replies":[{"embeddable":true,"href":"https:\/\/auvisa.org\/fr\/wp-json\/wp\/v2\/comments?post=740"}],"version-history":[{"count":35,"href":"https:\/\/auvisa.org\/fr\/wp-json\/wp\/v2\/pages\/740\/revisions"}],"predecessor-version":[{"id":2962,"href":"https:\/\/auvisa.org\/fr\/wp-json\/wp\/v2\/pages\/740\/revisions\/2962"}],"wp:attachment":[{"href":"https:\/\/auvisa.org\/fr\/wp-json\/wp\/v2\/media?parent=740"}],"curies":[{"name":"wp","href":"https:\/\/api.w.org\/{rel}","templated":true}]}}