{"id":834,"date":"2019-06-26T08:34:56","date_gmt":"2019-06-26T08:34:56","guid":{"rendered":"https:\/\/auvisa.org\/?p=834"},"modified":"2020-05-09T10:05:34","modified_gmt":"2020-05-09T10:05:34","slug":"visa-de-long-sejour-en-australie","status":"publish","type":"page","link":"https:\/\/auvisa.org\/fr\/visa-de-long-sejour-en-australie\/","title":{"rendered":"Visa de Long S\u00e9jour pour l&rsquo;Australie (visa de visiteur) &#8211; France"},"content":{"rendered":"<h2 id=\"first-paragraph\">Diff\u00e9rence entre eVisitor et visa de long s\u00e9jour<\/h2>\n<h3>Temps de traitement:<\/h3>\n<p>L\u2019application <a href=\"\/fr\/evisitor-visa-pour-laustralie\/\">eVistor<\/a> est approuv\u00e9e instantan\u00e9ment. Toutefois, un visa de long s\u00e9jour peut prendre <strong>jusqu\u2019\u00e0 20 jours pour \u00eatre trait\u00e9<\/strong> et le bureau de l\u2019immigration en Australie demande g\u00e9n\u00e9ralement plus de documents \/ d\u2019informations.<\/p>\n<h3>Pays \u00e9ligibles:<\/h3>\n<p>Le visa eVisitor ne compte que quelques <a href=\"\/fr\/evisitor-visa-pour-laustralie\/#pays\">pays \u00e9ligibles<\/a>, mais un grand nombre de citoyens pouvant demander un visa de long s\u00e9jour.<\/p>\n<h3>Lieu lors de la demande:<\/h3>\n<p>Les candidats doivent \u00eatre en dehors de l\u2019Australie tout en d\u00e9posant une demande d\u2019evisitor. Toutefois, <strong>une demande de visa de long s\u00e9jour peut \u00eatre faite en Australie<\/strong> afin de prolonger le visa actuel.<\/p>\n<h3>Validit\u00e9 du visa de long s\u00e9jour<\/h3>\n<p>Visa peut \u00eatre d\u00e9livr\u00e9 avec une entr\u00e9e unique ou plusieurs entr\u00e9es.<\/p>\n<p>Chaque <strong>entr\u00e9e peut \u00eatre<\/strong> <strong>valide pour 3, 6 ou 12 mois<\/strong>.<\/p>\n<h3>Conditions du visa de long s\u00e9jour<\/h3>\n<ul>\n<li>Vous <strong>ne devez pas travailler<\/strong> en Australie. Le travail volontaire peut \u00eatre autoris\u00e9.<\/li>\n<li>Vous <strong>ne devez pas \u00e9tudier plus de 3 mois<\/strong> en Australie.<\/li>\n<\/ul>\n<h3>Prolonger le visa actuel<\/h3>\n<p>Si le visa actuel ne comporte pas la condition \u00abAucun autre s\u00e9jour\u00bb, vous pouvez utiliser ce type de visa pour demander la prolongation de votre visa actuel. Vous pouvez rester pendant le processus de demande en Australie.<\/p>\n<h3>Exigences m\u00e9dicales<\/h3>\n<p>Si vous postulez pour plus de 6 mois, il pourrait <strong>vous \u00eatre demand\u00e9 de subir une radiographie pulmonaire et \/ ou un examen m\u00e9dical<\/strong>. Si vous avez plus de 75 ans ou venez d\u2019un pays que l\u2019immigration australienne consid\u00e8re comme pr\u00e9sentant un niveau de risque \u00e9lev\u00e9, vous devrez fournir la preuve que vous pouvez satisfaire aux exigences m\u00e9dicales du visa.<\/p>\n<h3>Preuve de fonds<\/h3>\n<p>Lorsque vous demandez un visa de long s\u00e9jour, vous devez disposer de <strong>fonds suffisants pour subvenir \u00e0 vos besoins pendant tout votre s\u00e9jour en Australie<\/strong>. L&rsquo;immigration peut demander une telle preuve, par exemple un relev\u00e9 bancaire.<\/p>\n<div class=\"text-right\"><a href=\"\/fr\/visa-longterm\/\" class=\"btn  px-5 btn-green\">Faites une demande<\/a><\/div>\n\n\n<p><\/p>\n","protected":false},"excerpt":{"rendered":"<p>Diff\u00e9rence entre eVisitor et visa de long s\u00e9jour Temps de traitement: L\u2019application eVistor est approuv\u00e9e instantan\u00e9ment. Toutefois, un visa de [&#8230;]<\/p>\n<p><a class=\"btn btn-secondary understrap-read-more-link\" href=\"https:\/\/auvisa.org\/fr\/visa-de-long-sejour-en-australie\/\">Lire la suite\u2026<span class=\"screen-reader-text\"> from Visa de Long S\u00e9jour pour l&rsquo;Australie (visa de visiteur) &#8211; France<\/span><\/a><\/p>\n","protected":false},"author":4,"featured_media":0,"parent":0,"menu_order":3,"comment_status":"closed","ping_status":"closed","template":"templates\/tpl_spiegazione.php","meta":{"inline_featured_image":false,"footnotes":""},"class_list":["post-834","page","type-page","status-publish","hentry"],"yoast_head":"<!-- This site is optimized with the Yoast SEO plugin v26.9 - https:\/\/yoast.com\/product\/yoast-seo-wordpress\/ -->\n<title>Visa de Long S\u00e9jour pour l&#039;Australie (visa de visiteur - 600)<\/title>\n<meta name=\"description\" content=\"Les visas de long s\u00e9jour en Australie (sous-cat\u00e9gorie 600) sont destin\u00e9s aux citoyens fran\u00e7ais qui souhaitent rester en Australie plus de 3 mois ou prolonger leur visa australien.\" \/>\n<meta name=\"robots\" content=\"index, follow, max-snippet:-1, max-image-preview:large, max-video-preview:-1\" \/>\n<link rel=\"canonical\" href=\"https:\/\/auvisa.org\/fr\/visa-de-long-sejour-en-australie\/\" \/>\n<meta property=\"og:locale\" content=\"fr_FR\" \/>\n<meta property=\"og:type\" content=\"article\" \/>\n<meta property=\"og:title\" content=\"Visa de Long S\u00e9jour pour l&#039;Australie (visa de visiteur - 600)\" \/>\n<meta property=\"og:description\" content=\"Les visas de long s\u00e9jour en Australie (sous-cat\u00e9gorie 600) sont destin\u00e9s aux citoyens fran\u00e7ais qui souhaitent rester en Australie plus de 3 mois ou prolonger leur visa australien.\" \/>\n<meta property=\"og:url\" content=\"https:\/\/auvisa.org\/fr\/visa-de-long-sejour-en-australie\/\" \/>\n<meta property=\"og:site_name\" content=\"Auvisa.org\" \/>\n<meta property=\"article:modified_time\" content=\"2020-05-09T10:05:34+00:00\" \/>\n<meta name=\"twitter:card\" content=\"summary_large_image\" \/>\n<meta name=\"twitter:label1\" content=\"Dur\u00e9e de lecture estim\u00e9e\" \/>\n\t<meta name=\"twitter:data1\" content=\"2 minutes\" \/>\n<script type=\"application\/ld+json\" class=\"yoast-schema-graph\">{\"@context\":\"https:\/\/schema.org\",\"@graph\":[{\"@type\":\"WebPage\",\"@id\":\"https:\/\/auvisa.org\/fr\/visa-de-long-sejour-en-australie\/\",\"url\":\"https:\/\/auvisa.org\/fr\/visa-de-long-sejour-en-australie\/\",\"name\":\"Visa de Long S\u00e9jour pour l'Australie (visa de visiteur - 600)\",\"isPartOf\":{\"@id\":\"https:\/\/auvisa.org\/fr\/#website\"},\"datePublished\":\"2019-06-26T08:34:56+00:00\",\"dateModified\":\"2020-05-09T10:05:34+00:00\",\"description\":\"Les visas de long s\u00e9jour en Australie (sous-cat\u00e9gorie 600) sont destin\u00e9s aux citoyens fran\u00e7ais qui souhaitent rester en Australie plus de 3 mois ou prolonger leur visa australien.\",\"breadcrumb\":{\"@id\":\"https:\/\/auvisa.org\/fr\/visa-de-long-sejour-en-australie\/#breadcrumb\"},\"inLanguage\":\"fr-FR\",\"potentialAction\":[{\"@type\":\"ReadAction\",\"target\":[\"https:\/\/auvisa.org\/fr\/visa-de-long-sejour-en-australie\/\"]}]},{\"@type\":\"BreadcrumbList\",\"@id\":\"https:\/\/auvisa.org\/fr\/visa-de-long-sejour-en-australie\/#breadcrumb\",\"itemListElement\":[{\"@type\":\"ListItem\",\"position\":1,\"name\":\"Home\",\"item\":\"https:\/\/auvisa.org\/fr\/\"},{\"@type\":\"ListItem\",\"position\":2,\"name\":\"Visa de Long S\u00e9jour pour l&#8217;Australie (visa de visiteur) &#8211; France\"}]},{\"@type\":\"WebSite\",\"@id\":\"https:\/\/auvisa.org\/fr\/#website\",\"url\":\"https:\/\/auvisa.org\/fr\/\",\"name\":\"Auvisa.org\",\"description\":\"\",\"inLanguage\":\"fr-FR\"}]}<\/script>\n<!-- \/ Yoast SEO plugin. -->","yoast_head_json":{"title":"Visa de Long S\u00e9jour pour l'Australie (visa de visiteur - 600)","description":"Les visas de long s\u00e9jour en Australie (sous-cat\u00e9gorie 600) sont destin\u00e9s aux citoyens fran\u00e7ais qui souhaitent rester en Australie plus de 3 mois ou prolonger leur visa australien.","robots":{"index":"index","follow":"follow","max-snippet":"max-snippet:-1","max-image-preview":"max-image-preview:large","max-video-preview":"max-video-preview:-1"},"canonical":"https:\/\/auvisa.org\/fr\/visa-de-long-sejour-en-australie\/","og_locale":"fr_FR","og_type":"article","og_title":"Visa de Long S\u00e9jour pour l'Australie (visa de visiteur - 600)","og_description":"Les visas de long s\u00e9jour en Australie (sous-cat\u00e9gorie 600) sont destin\u00e9s aux citoyens fran\u00e7ais qui souhaitent rester en Australie plus de 3 mois ou prolonger leur visa australien.","og_url":"https:\/\/auvisa.org\/fr\/visa-de-long-sejour-en-australie\/","og_site_name":"Auvisa.org","article_modified_time":"2020-05-09T10:05:34+00:00","twitter_card":"summary_large_image","twitter_misc":{"Dur\u00e9e de lecture estim\u00e9e":"2 minutes"},"schema":{"@context":"https:\/\/schema.org","@graph":[{"@type":"WebPage","@id":"https:\/\/auvisa.org\/fr\/visa-de-long-sejour-en-australie\/","url":"https:\/\/auvisa.org\/fr\/visa-de-long-sejour-en-australie\/","name":"Visa de Long S\u00e9jour pour l'Australie (visa de visiteur - 600)","isPartOf":{"@id":"https:\/\/auvisa.org\/fr\/#website"},"datePublished":"2019-06-26T08:34:56+00:00","dateModified":"2020-05-09T10:05:34+00:00","description":"Les visas de long s\u00e9jour en Australie (sous-cat\u00e9gorie 600) sont destin\u00e9s aux citoyens fran\u00e7ais qui souhaitent rester en Australie plus de 3 mois ou prolonger leur visa australien.","breadcrumb":{"@id":"https:\/\/auvisa.org\/fr\/visa-de-long-sejour-en-australie\/#breadcrumb"},"inLanguage":"fr-FR","potentialAction":[{"@type":"ReadAction","target":["https:\/\/auvisa.org\/fr\/visa-de-long-sejour-en-australie\/"]}]},{"@type":"BreadcrumbList","@id":"https:\/\/auvisa.org\/fr\/visa-de-long-sejour-en-australie\/#breadcrumb","itemListElement":[{"@type":"ListItem","position":1,"name":"Home","item":"https:\/\/auvisa.org\/fr\/"},{"@type":"ListItem","position":2,"name":"Visa de Long S\u00e9jour pour l&#8217;Australie (visa de visiteur) &#8211; France"}]},{"@type":"WebSite","@id":"https:\/\/auvisa.org\/fr\/#website","url":"https:\/\/auvisa.org\/fr\/","name":"Auvisa.org","description":"","inLanguage":"fr-FR"}]}},"_links":{"self":[{"href":"https:\/\/auvisa.org\/fr\/wp-json\/wp\/v2\/pages\/834","targetHints":{"allow":["GET"]}}],"collection":[{"href":"https:\/\/auvisa.org\/fr\/wp-json\/wp\/v2\/pages"}],"about":[{"href":"https:\/\/auvisa.org\/fr\/wp-json\/wp\/v2\/types\/page"}],"author":[{"embeddable":true,"href":"https:\/\/auvisa.org\/fr\/wp-json\/wp\/v2\/users\/4"}],"replies":[{"embeddable":true,"href":"https:\/\/auvisa.org\/fr\/wp-json\/wp\/v2\/comments?post=834"}],"version-history":[{"count":21,"href":"https:\/\/auvisa.org\/fr\/wp-json\/wp\/v2\/pages\/834\/revisions"}],"predecessor-version":[{"id":2918,"href":"https:\/\/auvisa.org\/fr\/wp-json\/wp\/v2\/pages\/834\/revisions\/2918"}],"wp:attachment":[{"href":"https:\/\/auvisa.org\/fr\/wp-json\/wp\/v2\/media?parent=834"}],"curies":[{"name":"wp","href":"https:\/\/api.w.org\/{rel}","templated":true}]}}