{"id":1744,"date":"2020-01-07T16:26:56","date_gmt":"2020-01-07T16:26:56","guid":{"rendered":"https:\/\/dev.auvisa.org\/?page_id=1744"},"modified":"2023-08-25T11:44:40","modified_gmt":"2023-08-25T09:44:40","slug":"visa-working","status":"publish","type":"page","link":"https:\/\/auvisa.org\/it\/visa-working\/","title":{"rendered":"Modulo di Richiesta Visto Working Holiday per l&#8217;Australia"},"content":{"rendered":"\n<div style=\"height:20px\" aria-hidden=\"true\" class=\"wp-block-spacer\"><\/div>\n\n\n\n<p>Il modulo di richiesta per\nil visto Working Holiday per l\u2019Australia \u00e8 riservato ai <strong>cittadini italiani\ndi et\u00e0 compresa tra i 18 e 30 anni (inclusi) <\/strong>al momento della domanda.<\/p>\n\n\n\n<p>Una volta ottenuto il\nvisto i viaggiatori italiani potranno fare ingresso in Australia e\ntrattenervisi <strong>fino a 12 mesi, combinando vacanza, lavoro e studio<\/strong>. <\/p>\n\n\n\n<p>\u00c8\npermesso soggiornare in Australia per un <strong>periodo massimo di un anno<\/strong>,\nlavorando sino a un massimo di 6 mesi per lo stesso datore di lavoro o studiando\nininterrottamente per un massimo di 4 mesi. Se lo si desidera, \u00e8 anche\npossibile passare in vacanza l\u2019intera durata del visto. <\/p>\n\n\n\n<p>Condizioni\nper la richiesta del visto Working Holiday: <\/p>\n\n\n\n<ul class=\"wp-block-list\"><li>Essere di <strong>et\u00e0 compresa tra i 18 e 30 anni<\/strong><\/li><li>Godere di <strong>buona salute<\/strong><\/li><li>Essere <strong>finanziariamente in grado di mantenersi<\/strong> per il periodo iniziale della permanenza<\/li><\/ul>\n\n\n\n<p><strong>IMPORTANTE:<\/strong><br>Per completare e inviare la domanda, sar\u00e0 necessaria una copia dei seguenti documenti:<\/p>\n\n\n\n<ul class=\"wp-block-list\"><li>Pagina dei dettagli personali del passaporto<\/li><\/ul>\n\n\n\n<p>Se al momento non disponi di tutti i documenti necessari, potrai salvare la domanda e caricare i documenti in un secondo momento.<\/p>\n\n\n\n<p>Tramite il seguente modulo di richiesta \u00e8 possibile presentare domanda per pi\u00f9 di un visto Working Holiday alla volta, e <strong>ogni visto avr\u00e0 un costo di <span class=\"woocommerce-Price-amount amount\"><bdi><span class=\"woocommerce-Price-currencySymbol\">&euro;<\/span>575,00<\/bdi><\/span>. Il prezzo include sia le spese di servizio di Auvisa.org che le commissioni governative (ove applicabili).<\/strong><\/p>\n\n\n\n<div style=\"height:62px\" aria-hidden=\"true\" class=\"wp-block-spacer\"><\/div>\n\n\n\n<h3>Inserisci e conferma il tuo indirizzo email per avviare il processo di richiesta:<\/h3>\n","protected":false},"excerpt":{"rendered":"<p>Il modulo di richiesta per il visto Working Holiday per l\u2019Australia \u00e8 riservato ai cittadini italiani di et\u00e0 compresa tra [&#8230;]<\/p>\n<p><a class=\"btn btn-secondary understrap-read-more-link\" href=\"https:\/\/auvisa.org\/it\/visa-working\/\">Leggi di pi\u00f9&#8230;<span class=\"screen-reader-text\"> from Modulo di Richiesta Visto Working Holiday per l&#8217;Australia<\/span><\/a><\/p>\n","protected":false},"author":3,"featured_media":0,"parent":0,"menu_order":39,"comment_status":"closed","ping_status":"closed","template":"templates\/tpl_acf_form.php","meta":{"inline_featured_image":false,"footnotes":""},"class_list":["post-1744","page","type-page","status-publish","hentry"],"yoast_head":"<!-- This site is optimized with the Yoast SEO plugin v26.9 - https:\/\/yoast.com\/product\/yoast-seo-wordpress\/ -->\n<title>Richiesta Online Visto Working Holiday per l&#039;Australia<\/title>\n<meta name=\"description\" content=\"I viaggiatori italiani devono richiedere il visto Working Holiday per l\u2019Australia online tramite questo modulo di richiesta semplificato.\" \/>\n<meta name=\"robots\" content=\"index, follow, max-snippet:-1, max-image-preview:large, max-video-preview:-1\" \/>\n<link rel=\"canonical\" href=\"https:\/\/auvisa.org\/it\/visa-working\/\" \/>\n<meta property=\"og:locale\" content=\"it_IT\" \/>\n<meta property=\"og:type\" content=\"article\" \/>\n<meta property=\"og:title\" content=\"Richiesta Online Visto Working Holiday per l&#039;Australia\" \/>\n<meta property=\"og:description\" content=\"I viaggiatori italiani devono richiedere il visto Working Holiday per l\u2019Australia online tramite questo modulo di richiesta semplificato.\" \/>\n<meta property=\"og:url\" content=\"https:\/\/auvisa.org\/it\/visa-working\/\" \/>\n<meta property=\"og:site_name\" content=\"Auvisa.org\" \/>\n<meta property=\"article:modified_time\" content=\"2023-08-25T09:44:40+00:00\" \/>\n<meta name=\"twitter:card\" content=\"summary_large_image\" \/>\n<meta name=\"twitter:label1\" content=\"Tempo di lettura stimato\" \/>\n\t<meta name=\"twitter:data1\" content=\"2 minuti\" \/>\n<script type=\"application\/ld+json\" class=\"yoast-schema-graph\">{\"@context\":\"https:\/\/schema.org\",\"@graph\":[{\"@type\":\"WebPage\",\"@id\":\"https:\/\/auvisa.org\/it\/visa-working\/\",\"url\":\"https:\/\/auvisa.org\/it\/visa-working\/\",\"name\":\"Richiesta Online Visto Working Holiday per l'Australia\",\"isPartOf\":{\"@id\":\"https:\/\/auvisa.org\/it\/#website\"},\"datePublished\":\"2020-01-07T16:26:56+00:00\",\"dateModified\":\"2023-08-25T09:44:40+00:00\",\"description\":\"I viaggiatori italiani devono richiedere il visto Working Holiday per l\u2019Australia online tramite questo modulo di richiesta semplificato.\",\"breadcrumb\":{\"@id\":\"https:\/\/auvisa.org\/it\/visa-working\/#breadcrumb\"},\"inLanguage\":\"it-IT\",\"potentialAction\":[{\"@type\":\"ReadAction\",\"target\":[\"https:\/\/auvisa.org\/it\/visa-working\/\"]}]},{\"@type\":\"BreadcrumbList\",\"@id\":\"https:\/\/auvisa.org\/it\/visa-working\/#breadcrumb\",\"itemListElement\":[{\"@type\":\"ListItem\",\"position\":1,\"name\":\"Home\",\"item\":\"https:\/\/auvisa.org\/it\/\"},{\"@type\":\"ListItem\",\"position\":2,\"name\":\"Modulo di Richiesta Visto Working Holiday per l&#8217;Australia\"}]},{\"@type\":\"WebSite\",\"@id\":\"https:\/\/auvisa.org\/it\/#website\",\"url\":\"https:\/\/auvisa.org\/it\/\",\"name\":\"Auvisa.org\",\"description\":\"\",\"inLanguage\":\"it-IT\"}]}<\/script>\n<!-- \/ Yoast SEO plugin. -->","yoast_head_json":{"title":"Richiesta Online Visto Working Holiday per l'Australia","description":"I viaggiatori italiani devono richiedere il visto Working Holiday per l\u2019Australia online tramite questo modulo di richiesta semplificato.","robots":{"index":"index","follow":"follow","max-snippet":"max-snippet:-1","max-image-preview":"max-image-preview:large","max-video-preview":"max-video-preview:-1"},"canonical":"https:\/\/auvisa.org\/it\/visa-working\/","og_locale":"it_IT","og_type":"article","og_title":"Richiesta Online Visto Working Holiday per l'Australia","og_description":"I viaggiatori italiani devono richiedere il visto Working Holiday per l\u2019Australia online tramite questo modulo di richiesta semplificato.","og_url":"https:\/\/auvisa.org\/it\/visa-working\/","og_site_name":"Auvisa.org","article_modified_time":"2023-08-25T09:44:40+00:00","twitter_card":"summary_large_image","twitter_misc":{"Tempo di lettura stimato":"2 minuti"},"schema":{"@context":"https:\/\/schema.org","@graph":[{"@type":"WebPage","@id":"https:\/\/auvisa.org\/it\/visa-working\/","url":"https:\/\/auvisa.org\/it\/visa-working\/","name":"Richiesta Online Visto Working Holiday per l'Australia","isPartOf":{"@id":"https:\/\/auvisa.org\/it\/#website"},"datePublished":"2020-01-07T16:26:56+00:00","dateModified":"2023-08-25T09:44:40+00:00","description":"I viaggiatori italiani devono richiedere il visto Working Holiday per l\u2019Australia online tramite questo modulo di richiesta semplificato.","breadcrumb":{"@id":"https:\/\/auvisa.org\/it\/visa-working\/#breadcrumb"},"inLanguage":"it-IT","potentialAction":[{"@type":"ReadAction","target":["https:\/\/auvisa.org\/it\/visa-working\/"]}]},{"@type":"BreadcrumbList","@id":"https:\/\/auvisa.org\/it\/visa-working\/#breadcrumb","itemListElement":[{"@type":"ListItem","position":1,"name":"Home","item":"https:\/\/auvisa.org\/it\/"},{"@type":"ListItem","position":2,"name":"Modulo di Richiesta Visto Working Holiday per l&#8217;Australia"}]},{"@type":"WebSite","@id":"https:\/\/auvisa.org\/it\/#website","url":"https:\/\/auvisa.org\/it\/","name":"Auvisa.org","description":"","inLanguage":"it-IT"}]}},"_links":{"self":[{"href":"https:\/\/auvisa.org\/it\/wp-json\/wp\/v2\/pages\/1744","targetHints":{"allow":["GET"]}}],"collection":[{"href":"https:\/\/auvisa.org\/it\/wp-json\/wp\/v2\/pages"}],"about":[{"href":"https:\/\/auvisa.org\/it\/wp-json\/wp\/v2\/types\/page"}],"author":[{"embeddable":true,"href":"https:\/\/auvisa.org\/it\/wp-json\/wp\/v2\/users\/3"}],"replies":[{"embeddable":true,"href":"https:\/\/auvisa.org\/it\/wp-json\/wp\/v2\/comments?post=1744"}],"version-history":[{"count":4,"href":"https:\/\/auvisa.org\/it\/wp-json\/wp\/v2\/pages\/1744\/revisions"}],"predecessor-version":[{"id":10267,"href":"https:\/\/auvisa.org\/it\/wp-json\/wp\/v2\/pages\/1744\/revisions\/10267"}],"wp:attachment":[{"href":"https:\/\/auvisa.org\/it\/wp-json\/wp\/v2\/media?parent=1744"}],"curies":[{"name":"wp","href":"https:\/\/api.w.org\/{rel}","templated":true}]}}