{"id":2337,"date":"2020-03-25T18:25:52","date_gmt":"2020-03-25T18:25:52","guid":{"rendered":"https:\/\/auvisa.org\/it\/?page_id=2337"},"modified":"2020-08-17T09:32:19","modified_gmt":"2020-08-17T09:32:19","slug":"contatti","status":"publish","type":"page","link":"https:\/\/auvisa.org\/it\/contatti\/","title":{"rendered":"Contatti"},"content":{"rendered":"<p>Non esitate a contattarci utilizzando il modulo di contatto presente in questa pagina, vi risponderemo al pi\u00f9 presto possibile.<\/p>\n<p>Se \u00e8 gi\u00e0 stata presentata domanda di visto, \u00e8 inoltre possibile controllare lo stato della richiesta tramite <a href=\"\/it\/check\/\">questa pagina<\/a>.<\/p>\n\n<div class=\"wpcf7 no-js\" id=\"wpcf7-f58-o1\" lang=\"en-US\" dir=\"ltr\" data-wpcf7-id=\"58\">\n<div class=\"screen-reader-response\"><p role=\"status\" aria-live=\"polite\" aria-atomic=\"true\"><\/p> <ul><\/ul><\/div>\n<form action=\"\/it\/wp-json\/wp\/v2\/pages\/2337#wpcf7-f58-o1\" method=\"post\" class=\"wpcf7-form init\" aria-label=\"Contact form\" novalidate=\"novalidate\" data-status=\"init\">\n<fieldset class=\"hidden-fields-container\"><input type=\"hidden\" name=\"_wpcf7\" value=\"58\" \/><input type=\"hidden\" name=\"_wpcf7_version\" value=\"6.1.4\" \/><input type=\"hidden\" name=\"_wpcf7_locale\" value=\"en_US\" \/><input type=\"hidden\" name=\"_wpcf7_unit_tag\" value=\"wpcf7-f58-o1\" \/><input type=\"hidden\" name=\"_wpcf7_container_post\" value=\"0\" \/><input type=\"hidden\" name=\"_wpcf7_posted_data_hash\" value=\"\" \/>\n<\/fieldset>\n<p><label> Nome (obbligatorio)<br \/>\n<span class=\"wpcf7-form-control-wrap\" data-name=\"your-name\"><input size=\"40\" maxlength=\"400\" class=\"wpcf7-form-control wpcf7-text wpcf7-validates-as-required\" aria-required=\"true\" aria-invalid=\"false\" value=\"\" type=\"text\" name=\"your-name\" \/><\/span> <\/label>\n<\/p>\n<p><label> Numero di telefono<br \/>\n<span class=\"wpcf7-form-control-wrap\" data-name=\"tel-506\"><input size=\"40\" maxlength=\"400\" class=\"wpcf7-form-control wpcf7-tel wpcf7-validates-as-required wpcf7-text wpcf7-validates-as-tel\" aria-required=\"true\" aria-invalid=\"false\" value=\"\" type=\"tel\" name=\"tel-506\" \/><\/span><\/label>\n<\/p>\n<p><label> Indirizzo email (required)<br \/>\n<span class=\"wpcf7-form-control-wrap\" data-name=\"your-email\"><input size=\"40\" maxlength=\"400\" class=\"wpcf7-form-control wpcf7-email wpcf7-validates-as-required wpcf7-text wpcf7-validates-as-email\" aria-required=\"true\" aria-invalid=\"false\" value=\"\" type=\"email\" name=\"your-email\" \/><\/span> <\/label>\n<\/p>\n<p><label> Oggetto<br \/>\n<span class=\"wpcf7-form-control-wrap\" data-name=\"your-subject\"><input size=\"40\" maxlength=\"400\" class=\"wpcf7-form-control wpcf7-text\" aria-invalid=\"false\" value=\"\" type=\"text\" name=\"your-subject\" \/><\/span> <\/label>\n<\/p>\n<p><label> Messaggio<br \/>\n<span class=\"wpcf7-form-control-wrap\" data-name=\"your-message\"><textarea cols=\"40\" rows=\"10\" maxlength=\"2000\" class=\"wpcf7-form-control wpcf7-textarea\" aria-invalid=\"false\" name=\"your-message\"><\/textarea><\/span> <\/label>\n<\/p>\n<p><input class=\"wpcf7-form-control wpcf7-submit has-spinner\" type=\"submit\" value=\"Invia\" \/><br \/>\n<span id=\"wpcf7-69f0e1242fd3b-wrapper\" class=\"wpcf7-form-control-wrap hp-email-check-wrap\" ><input type=\"hidden\" name=\"hp-email-check-time-start\" value=\"1777393956\"><input type=\"hidden\" name=\"hp-email-check-time-check\" value=\"4\"><label for=\"wpcf7-69f0e1242fd3b-field\" class=\"hp-message\">Please leave this field empty.<\/label><input id=\"wpcf7-69f0e1242fd3b-field\"  class=\"wpcf7-form-control wpcf7-text\" type=\"text\" name=\"hp-email-check\" value=\"\" size=\"40\" tabindex=\"-1\" autocomplete=\"new-password\" \/><\/span>\n<\/p><div class=\"wpcf7-response-output\" aria-hidden=\"true\"><\/div>\n<\/form>\n<\/div>\n\n","protected":false},"excerpt":{"rendered":"<p>Non esitate a contattarci utilizzando il modulo di contatto presente in questa pagina, vi risponderemo al pi\u00f9 presto possibile. Se [&#8230;]<\/p>\n<p><a class=\"btn btn-secondary understrap-read-more-link\" href=\"https:\/\/auvisa.org\/it\/contatti\/\">Leggi di pi\u00f9&#8230;<span class=\"screen-reader-text\"> from Contatti<\/span><\/a><\/p>\n","protected":false},"author":4,"featured_media":0,"parent":0,"menu_order":0,"comment_status":"open","ping_status":"closed","template":"","meta":{"inline_featured_image":false,"footnotes":""},"class_list":["post-2337","page","type-page","status-publish","hentry"],"yoast_head":"<!-- This site is optimized with the Yoast SEO plugin v26.9 - https:\/\/yoast.com\/product\/yoast-seo-wordpress\/ -->\n<title>Contatti<\/title>\n<meta name=\"description\" content=\"Contatti\" \/>\n<meta name=\"robots\" content=\"index, follow, max-snippet:-1, max-image-preview:large, max-video-preview:-1\" \/>\n<link rel=\"canonical\" href=\"https:\/\/auvisa.org\/it\/contatti\/\" \/>\n<meta property=\"og:locale\" content=\"it_IT\" \/>\n<meta property=\"og:type\" content=\"article\" \/>\n<meta property=\"og:title\" content=\"Contatti\" \/>\n<meta property=\"og:description\" content=\"Contatti\" \/>\n<meta property=\"og:url\" content=\"https:\/\/auvisa.org\/it\/contatti\/\" \/>\n<meta property=\"og:site_name\" content=\"Auvisa.org\" \/>\n<meta property=\"article:modified_time\" content=\"2020-08-17T09:32:19+00:00\" \/>\n<meta name=\"twitter:card\" content=\"summary_large_image\" \/>\n<script type=\"application\/ld+json\" class=\"yoast-schema-graph\">{\"@context\":\"https:\/\/schema.org\",\"@graph\":[{\"@type\":\"WebPage\",\"@id\":\"https:\/\/auvisa.org\/it\/contatti\/\",\"url\":\"https:\/\/auvisa.org\/it\/contatti\/\",\"name\":\"Contatti\",\"isPartOf\":{\"@id\":\"https:\/\/auvisa.org\/it\/#website\"},\"datePublished\":\"2020-03-25T18:25:52+00:00\",\"dateModified\":\"2020-08-17T09:32:19+00:00\",\"description\":\"Contatti\",\"breadcrumb\":{\"@id\":\"https:\/\/auvisa.org\/it\/contatti\/#breadcrumb\"},\"inLanguage\":\"it-IT\",\"potentialAction\":[{\"@type\":\"ReadAction\",\"target\":[\"https:\/\/auvisa.org\/it\/contatti\/\"]}]},{\"@type\":\"BreadcrumbList\",\"@id\":\"https:\/\/auvisa.org\/it\/contatti\/#breadcrumb\",\"itemListElement\":[{\"@type\":\"ListItem\",\"position\":1,\"name\":\"Home\",\"item\":\"https:\/\/auvisa.org\/it\/\"},{\"@type\":\"ListItem\",\"position\":2,\"name\":\"Contatti\"}]},{\"@type\":\"WebSite\",\"@id\":\"https:\/\/auvisa.org\/it\/#website\",\"url\":\"https:\/\/auvisa.org\/it\/\",\"name\":\"Auvisa.org\",\"description\":\"\",\"inLanguage\":\"it-IT\"}]}<\/script>\n<!-- \/ Yoast SEO plugin. -->","yoast_head_json":{"title":"Contatti","description":"Contatti","robots":{"index":"index","follow":"follow","max-snippet":"max-snippet:-1","max-image-preview":"max-image-preview:large","max-video-preview":"max-video-preview:-1"},"canonical":"https:\/\/auvisa.org\/it\/contatti\/","og_locale":"it_IT","og_type":"article","og_title":"Contatti","og_description":"Contatti","og_url":"https:\/\/auvisa.org\/it\/contatti\/","og_site_name":"Auvisa.org","article_modified_time":"2020-08-17T09:32:19+00:00","twitter_card":"summary_large_image","schema":{"@context":"https:\/\/schema.org","@graph":[{"@type":"WebPage","@id":"https:\/\/auvisa.org\/it\/contatti\/","url":"https:\/\/auvisa.org\/it\/contatti\/","name":"Contatti","isPartOf":{"@id":"https:\/\/auvisa.org\/it\/#website"},"datePublished":"2020-03-25T18:25:52+00:00","dateModified":"2020-08-17T09:32:19+00:00","description":"Contatti","breadcrumb":{"@id":"https:\/\/auvisa.org\/it\/contatti\/#breadcrumb"},"inLanguage":"it-IT","potentialAction":[{"@type":"ReadAction","target":["https:\/\/auvisa.org\/it\/contatti\/"]}]},{"@type":"BreadcrumbList","@id":"https:\/\/auvisa.org\/it\/contatti\/#breadcrumb","itemListElement":[{"@type":"ListItem","position":1,"name":"Home","item":"https:\/\/auvisa.org\/it\/"},{"@type":"ListItem","position":2,"name":"Contatti"}]},{"@type":"WebSite","@id":"https:\/\/auvisa.org\/it\/#website","url":"https:\/\/auvisa.org\/it\/","name":"Auvisa.org","description":"","inLanguage":"it-IT"}]}},"_links":{"self":[{"href":"https:\/\/auvisa.org\/it\/wp-json\/wp\/v2\/pages\/2337","targetHints":{"allow":["GET"]}}],"collection":[{"href":"https:\/\/auvisa.org\/it\/wp-json\/wp\/v2\/pages"}],"about":[{"href":"https:\/\/auvisa.org\/it\/wp-json\/wp\/v2\/types\/page"}],"author":[{"embeddable":true,"href":"https:\/\/auvisa.org\/it\/wp-json\/wp\/v2\/users\/4"}],"replies":[{"embeddable":true,"href":"https:\/\/auvisa.org\/it\/wp-json\/wp\/v2\/comments?post=2337"}],"version-history":[{"count":1,"href":"https:\/\/auvisa.org\/it\/wp-json\/wp\/v2\/pages\/2337\/revisions"}],"predecessor-version":[{"id":10250,"href":"https:\/\/auvisa.org\/it\/wp-json\/wp\/v2\/pages\/2337\/revisions\/10250"}],"wp:attachment":[{"href":"https:\/\/auvisa.org\/it\/wp-json\/wp\/v2\/media?parent=2337"}],"curies":[{"name":"wp","href":"https:\/\/api.w.org\/{rel}","templated":true}]}}