{"id":2359,"date":"2020-03-26T09:08:54","date_gmt":"2020-03-26T09:08:54","guid":{"rendered":"https:\/\/auvisa.org\/it\/?page_id=2359"},"modified":"2023-07-14T17:14:23","modified_gmt":"2023-07-14T15:14:23","slug":"visto-lavoro-temporaneo-australia","status":"publish","type":"page","link":"https:\/\/auvisa.org\/it\/visto-lavoro-temporaneo-australia\/","title":{"rendered":"Visto di Lavoro Temporaneo per l&#8217;Australia"},"content":{"rendered":"<h2 id=\"first-paragraph\">Visto Australiano di Lavoro Temporaneo<\/h2>\n<p>Questo visto \u00e8 per le persone che si recheranno in Australia per fare un lavoro temporaneo. Il visto pu\u00f2 essere concesso per un massimo di tre mesi.<\/p>\n<p>\u00c8 possibile richiedere questo tipo di visto se:<\/p>\n<ul>\n<li>si \u00e8 al di fuori dell&#8217;Australia<\/li>\n<li>si ha intenzione di fare, a breve termine, un lavoro temporaneo altamente specializzato<\/li>\n<li>si ha intenzione di partecipare a un evento culturale o sociale<\/li>\n<li>si ha intenzione di partecipare ad un&#8217;attivit\u00e0 di lavoro relativa agli interessi dell&#8217;Australia<\/li>\n<\/ul>\n<p>Per richiedere il Visto, \u00e8 necessario essere invitati dall&#8217;organizzazione per la quale si dovr\u00e0 lavorare. \u00c8 inoltre necessario disporre di qualit\u00e0 personali e di basi professionali attinenti al lavoro che si andr\u00e0 a svolgere. Vi verr\u00e0 richiesto di fornire vari documenti per completare il vostro modulo.<\/p>\n<p>Il prezzo per ogni visto \u00e8 <span class=\"woocommerce-Price-amount amount\"><bdi><span class=\"woocommerce-Price-currencySymbol\">&euro;<\/span>550,00<\/bdi><\/span>.<\/p>\n<ul class=\"visa-pics\" style=\"float: right;\">\n<li><a class=\"apply\" href=\"\/it\/visa-temporary\/\">Richiedi il Visto<\/a><\/li>\n<\/ul>\n","protected":false},"excerpt":{"rendered":"<p>Visto Australiano di Lavoro Temporaneo Questo visto \u00e8 per le persone che si recheranno in Australia per fare un lavoro [&#8230;]<\/p>\n<p><a class=\"btn btn-secondary understrap-read-more-link\" href=\"https:\/\/auvisa.org\/it\/visto-lavoro-temporaneo-australia\/\">Leggi di pi\u00f9&#8230;<span class=\"screen-reader-text\"> from Visto di Lavoro Temporaneo per l&#8217;Australia<\/span><\/a><\/p>\n","protected":false},"author":4,"featured_media":0,"parent":0,"menu_order":6,"comment_status":"closed","ping_status":"closed","template":"templates\/tpl_spiegazione.php","meta":{"inline_featured_image":false,"footnotes":""},"class_list":["post-2359","page","type-page","status-publish","hentry"],"yoast_head":"<!-- This site is optimized with the Yoast SEO plugin v26.9 - https:\/\/yoast.com\/product\/yoast-seo-wordpress\/ -->\n<title>Visto di Lavoro Temporaneo per l&#039;Australia per l&#039;Australia<\/title>\n<meta name=\"description\" content=\"Quali sono i requisiti per un Visto di Lavoro Temporaneo per l&#039;Australia? Informazioni e modulo di richiesta online. Visti in 24 ore.\" \/>\n<meta name=\"robots\" content=\"index, follow, max-snippet:-1, max-image-preview:large, max-video-preview:-1\" \/>\n<link rel=\"canonical\" href=\"https:\/\/auvisa.org\/it\/visto-lavoro-temporaneo-australia\/\" \/>\n<meta property=\"og:locale\" content=\"it_IT\" \/>\n<meta property=\"og:type\" content=\"article\" \/>\n<meta property=\"og:title\" content=\"Visto di Lavoro Temporaneo per l&#039;Australia per l&#039;Australia\" \/>\n<meta property=\"og:description\" content=\"Quali sono i requisiti per un Visto di Lavoro Temporaneo per l&#039;Australia? Informazioni e modulo di richiesta online. Visti in 24 ore.\" \/>\n<meta property=\"og:url\" content=\"https:\/\/auvisa.org\/it\/visto-lavoro-temporaneo-australia\/\" \/>\n<meta property=\"og:site_name\" content=\"Auvisa.org\" \/>\n<meta property=\"article:modified_time\" content=\"2023-07-14T15:14:23+00:00\" \/>\n<meta name=\"twitter:card\" content=\"summary_large_image\" \/>\n<meta name=\"twitter:label1\" content=\"Tempo di lettura stimato\" \/>\n\t<meta name=\"twitter:data1\" content=\"1 minuto\" \/>\n<script type=\"application\/ld+json\" class=\"yoast-schema-graph\">{\"@context\":\"https:\/\/schema.org\",\"@graph\":[{\"@type\":\"WebPage\",\"@id\":\"https:\/\/auvisa.org\/it\/visto-lavoro-temporaneo-australia\/\",\"url\":\"https:\/\/auvisa.org\/it\/visto-lavoro-temporaneo-australia\/\",\"name\":\"Visto di Lavoro Temporaneo per l'Australia per l'Australia\",\"isPartOf\":{\"@id\":\"https:\/\/auvisa.org\/it\/#website\"},\"datePublished\":\"2020-03-26T09:08:54+00:00\",\"dateModified\":\"2023-07-14T15:14:23+00:00\",\"description\":\"Quali sono i requisiti per un Visto di Lavoro Temporaneo per l'Australia? Informazioni e modulo di richiesta online. Visti in 24 ore.\",\"breadcrumb\":{\"@id\":\"https:\/\/auvisa.org\/it\/visto-lavoro-temporaneo-australia\/#breadcrumb\"},\"inLanguage\":\"it-IT\",\"potentialAction\":[{\"@type\":\"ReadAction\",\"target\":[\"https:\/\/auvisa.org\/it\/visto-lavoro-temporaneo-australia\/\"]}]},{\"@type\":\"BreadcrumbList\",\"@id\":\"https:\/\/auvisa.org\/it\/visto-lavoro-temporaneo-australia\/#breadcrumb\",\"itemListElement\":[{\"@type\":\"ListItem\",\"position\":1,\"name\":\"Home\",\"item\":\"https:\/\/auvisa.org\/it\/\"},{\"@type\":\"ListItem\",\"position\":2,\"name\":\"Visto di Lavoro Temporaneo per l&#8217;Australia\"}]},{\"@type\":\"WebSite\",\"@id\":\"https:\/\/auvisa.org\/it\/#website\",\"url\":\"https:\/\/auvisa.org\/it\/\",\"name\":\"Auvisa.org\",\"description\":\"\",\"inLanguage\":\"it-IT\"}]}<\/script>\n<!-- \/ Yoast SEO plugin. -->","yoast_head_json":{"title":"Visto di Lavoro Temporaneo per l'Australia per l'Australia","description":"Quali sono i requisiti per un Visto di Lavoro Temporaneo per l'Australia? Informazioni e modulo di richiesta online. Visti in 24 ore.","robots":{"index":"index","follow":"follow","max-snippet":"max-snippet:-1","max-image-preview":"max-image-preview:large","max-video-preview":"max-video-preview:-1"},"canonical":"https:\/\/auvisa.org\/it\/visto-lavoro-temporaneo-australia\/","og_locale":"it_IT","og_type":"article","og_title":"Visto di Lavoro Temporaneo per l'Australia per l'Australia","og_description":"Quali sono i requisiti per un Visto di Lavoro Temporaneo per l'Australia? Informazioni e modulo di richiesta online. Visti in 24 ore.","og_url":"https:\/\/auvisa.org\/it\/visto-lavoro-temporaneo-australia\/","og_site_name":"Auvisa.org","article_modified_time":"2023-07-14T15:14:23+00:00","twitter_card":"summary_large_image","twitter_misc":{"Tempo di lettura stimato":"1 minuto"},"schema":{"@context":"https:\/\/schema.org","@graph":[{"@type":"WebPage","@id":"https:\/\/auvisa.org\/it\/visto-lavoro-temporaneo-australia\/","url":"https:\/\/auvisa.org\/it\/visto-lavoro-temporaneo-australia\/","name":"Visto di Lavoro Temporaneo per l'Australia per l'Australia","isPartOf":{"@id":"https:\/\/auvisa.org\/it\/#website"},"datePublished":"2020-03-26T09:08:54+00:00","dateModified":"2023-07-14T15:14:23+00:00","description":"Quali sono i requisiti per un Visto di Lavoro Temporaneo per l'Australia? Informazioni e modulo di richiesta online. Visti in 24 ore.","breadcrumb":{"@id":"https:\/\/auvisa.org\/it\/visto-lavoro-temporaneo-australia\/#breadcrumb"},"inLanguage":"it-IT","potentialAction":[{"@type":"ReadAction","target":["https:\/\/auvisa.org\/it\/visto-lavoro-temporaneo-australia\/"]}]},{"@type":"BreadcrumbList","@id":"https:\/\/auvisa.org\/it\/visto-lavoro-temporaneo-australia\/#breadcrumb","itemListElement":[{"@type":"ListItem","position":1,"name":"Home","item":"https:\/\/auvisa.org\/it\/"},{"@type":"ListItem","position":2,"name":"Visto di Lavoro Temporaneo per l&#8217;Australia"}]},{"@type":"WebSite","@id":"https:\/\/auvisa.org\/it\/#website","url":"https:\/\/auvisa.org\/it\/","name":"Auvisa.org","description":"","inLanguage":"it-IT"}]}},"_links":{"self":[{"href":"https:\/\/auvisa.org\/it\/wp-json\/wp\/v2\/pages\/2359","targetHints":{"allow":["GET"]}}],"collection":[{"href":"https:\/\/auvisa.org\/it\/wp-json\/wp\/v2\/pages"}],"about":[{"href":"https:\/\/auvisa.org\/it\/wp-json\/wp\/v2\/types\/page"}],"author":[{"embeddable":true,"href":"https:\/\/auvisa.org\/it\/wp-json\/wp\/v2\/users\/4"}],"replies":[{"embeddable":true,"href":"https:\/\/auvisa.org\/it\/wp-json\/wp\/v2\/comments?post=2359"}],"version-history":[{"count":2,"href":"https:\/\/auvisa.org\/it\/wp-json\/wp\/v2\/pages\/2359\/revisions"}],"predecessor-version":[{"id":10198,"href":"https:\/\/auvisa.org\/it\/wp-json\/wp\/v2\/pages\/2359\/revisions\/10198"}],"wp:attachment":[{"href":"https:\/\/auvisa.org\/it\/wp-json\/wp\/v2\/media?parent=2359"}],"curies":[{"name":"wp","href":"https:\/\/api.w.org\/{rel}","templated":true}]}}