{"id":721,"date":"2015-08-17T19:58:53","date_gmt":"2015-08-17T19:58:53","guid":{"rendered":"https:\/\/auvisa.org\/?p=721"},"modified":"2020-08-31T21:09:27","modified_gmt":"2020-08-31T21:09:27","slug":"visto-per-studenti-per-l-australia","status":"publish","type":"page","link":"https:\/\/auvisa.org\/it\/visto-per-studenti-per-l-australia\/","title":{"rendered":"Visto per Studenti per l&#8217;Australia"},"content":{"rendered":"<h2 id=\"first-paragraph\">Visto per l&#8217;Australia per Studenti: FAQ<\/h2>\n<h3>Che cosa \u00e8 un &#8220;vero studente&#8221;?<\/h3>\n<p>Per rispondere a questo criterio, \u00e8 necessario dimostrare di avere un interesse valido per la realizzazione degli studi, \u00e8 necessario avere competenze linguistiche sufficienti per l&#8217;apprendimento, ed \u00e8 necessario avere il giusto background formativo per gli studi che si intende intraprendere.<\/p>\n<p>\u00c8 anche necessario avere le proprie finanze in ordine. Inoltre \u00e8 necessario avere l&#8217;intenzione di rispettare le norme sui visti.<\/p>\n<h3>Cos&#8217;\u00e8 un genuine temporary entrant?<\/h3>\n<p>Un genuine temporary entrant \u00e8 una persona che intende entrare in Australia temporaneamente per motivi di studio (o essere un tutore per uno studente), e poi tornare di nuovo al proprio paese d&#8217;origine.<\/p>\n<p>Ci sono un certo numero di fattori da considerare quando si effettua tale valutazione:<\/p>\n<ul>\n<li>Il paese in cui vivi. C&#8217;\u00e8 qualcosa che impedisce di ritornarci?<\/li>\n<li>Gli studi in Australia saranno davvero utili in futuro?<\/li>\n<li>La vostra storia d&#8217;immigrazione.<\/li>\n<li>Altri aspetti che sono di interesse.<\/li>\n<\/ul>\n<p>Se c&#8217;\u00e8 qualche dubbio, vi potrebbe essere richiesto di fare un colloquio di persona presso la pi\u00f9 vicina ambasciata australiana. La maggior parte delle richieste dovranno essere comunque compilate nel modulo di domanda on-line.<\/p>\n<h3>Che cosa \u00e8 un buon carattere?<\/h3>\n<p>In sostanza, non essere un criminale e non essere stati in carcere. Se siete stati in carcere, il visto pu\u00f2 essere rifiutato. In alcuni casi vi sar\u00e0 richiesto di presentare un certificato di liquidazione penale o un certificato della polizia.<\/p>\n<h3>Quali sono i requisiti di salute?<\/h3>\n<p>Devi essere in buona salute. Potrebbe essere necessario fare una visita medica e \/ o una radiografia per dimostrarlo. Se questo \u00e8 un requisito per voi, sar\u00e0 necessario consultare un medico nominato dall&#8217;Immigrazione australiana.<\/p>\n<p>Il visto di studio non include la copertura sanitaria. Ogni studente, ad eccezione di quelli provenienti dalla Norvegia e dal Belgio, avr\u00e0 bisogno di acquistare un\u2019 assicurazione sanitaria denominata Overseas Student Health Cover (OSHC). \u00c8 possibile acquistarla nella vostra universit\u00e0 o da altre aziende abilitate. Gli studenti svedesi dovranno acquistarla solo se non hanno gi\u00e0 l&#8217;assicurazione da CSN International o Kammarkollegiet.<\/p>\n<h3>C&#8217;\u00e8 un limite di et\u00e0?<\/h3>\n<p>No, non c&#8217;\u00e8. Il visto per studente non ha alcun limite di et\u00e0 fino a quando si \u00e8 accettati dall\u2019 universit\u00e0 o da una scuola. Diverso \u00e8 il visto Working Holiday che ha un limite di et\u00e0 per i richiedenti di 18-31 anni.<\/p>\n<p>La mia famiglia mi pu\u00f2 seguire se ho un visto per studenti?<\/p>\n<h3>S\u00ec, possono seguirti in Australia.<\/h3>\n<p>Se hai meno di 18 \u00e8 necessario disporre di un tutor. I tuoi genitori o parenti possono richiedere un visto per supervisore studenti e seguirti in viaggio in Australia. Il loro visto avr\u00e0 la stessa validit\u00e0 del tuo visto studentesco.<\/p>\n<h3>Sono autorizzato a studiare e lavorare in Australia, con un visto per studenti?<\/h3>\n<p>S\u00ec, un visto per studenti consentir\u00e0 un lavoro limitato, al massimo 40 ore in due settimane. Nei giorni di festa \u00e8 permesso lavorare a tempo pieno.<\/p>\n<p>Un lavoro part time pu\u00f2 essere un buon modo per pagarsi l&#8217;alloggio e vi dar\u00e0 qualche soldo in pi\u00f9. Tuttavia, prima di poter iniziare a lavorare avrete bisogno di un numero di codice fiscale e di un conto corrente in una banca australiana.<\/p>\n<p>Ricorda che non si \u00e8 autorizzati a lavorare prima dell&#8217; inizio del corso, nel caso in cui si arriva prima.<\/p>\n<p>Il diritto al lavoro vale anche per i familiari (coniugi e figli). I membri della famiglia non possono comunque superare le 20 ore alla settimana, anche durante i periodi di vacanza.<\/p>\n<h3>Posso studiare e lavorare part-time in Australia?<\/h3>\n<p>No, dovresti seguire i corsi a tempo pieno perch\u00e9 possa essere considerato un visto per studenti. Se si vuole studiare part time, si dovrebbe cercare altre opzioni di visto. Il visto Working Holiday potrebbe essere una soluzione ottimale in questi casi.<\/p>\n<h3>A che tipo di corso posso partecipare?<\/h3>\n<p>A qualsiasi tipo di corso fintanto che \u00e8 approvato dal governo australiano per gli studenti stranieri.<\/p>\n<h3>Non ho una lettera di accettazione (CoE), posso ancora richiederla?<\/h3>\n<p>No, \u00e8 necessario ottenerla tramite il Consiglio d&#8217;Europa prima di poter presentare la domanda. La domanda di visto \u00e8 una delle ultime fasi del processo per andare in Australia per studiare. In primo luogo, \u00e8 necessario essere accettato da un&#8217;universit\u00e0 o da una scuola in Australia. \u00c8 inoltre necessario confermarlo per iscritto, e versare l&#8217;acconto quota di iscrizione. Solo dopo aver ricevuto la conferma di iscrizione dell&#8217;universit\u00e0, \u00e8 possibile richiedere il visto.<\/p>\n<h3>Sono gi\u00e0 in Australia con un altro visto, posso richiedere il visto per studenti?<\/h3>\n<p>S\u00ec, \u00e8 possibile richiedere il visto di studio per l&#8217;Australia, mentre si \u00e8 all&#8217;interno della nazione, nella maggior parte dei casi. Se il tuo visto ha una condizione di &#8220;non further stay&#8221; , non \u00e8 possibile richiedere il nuovo visto mentre si \u00e8 all&#8217;interno dell&#8217;Australia. Se \u00e8 cos\u00ec, \u00e8 necessario lasciare il paese prima di procedere con il nuovo visto.<\/p>\n<h3>Avevo gi\u00e0 un visto Working Holiday; posso comunque ottenere un visto per studenti?<\/h3>\n<p>S\u00ec, non \u00e8 assolutamente un problema. E &#8216;anche possibile ottenere un nuovo visto per studenti se ne avevi gi\u00e0 ottenuto uno prima, finch\u00e8 si ottiene un nuovo CoE da un&#8217;universit\u00e0 o da una scuola.<\/p>\n<h3>Qual \u00e8 il tempo di elaborazione?<\/h3>\n<p>Comunemente 1-3 settimane in circostanze normali. Il tempo di elaborazione pu\u00f2 anche essere pi\u00f9 lungo nel caso in cui avete bisogno di completare la richiesta con pi\u00f9 documenti. Si prega di richiederlo con largo anticipo rispetto alla data prevista del viaggio.<\/p>\n<div class=\"text-right\"><a href=\"\/it\/visa-student\/\" class=\"btn  px-5 btn-green\">Richiedi un Visto per Studenti<\/a><\/div>\n","protected":false},"excerpt":{"rendered":"<p>Visto per l&#8217;Australia per Studenti: FAQ Che cosa \u00e8 un &#8220;vero studente&#8221;? Per rispondere a questo criterio, \u00e8 necessario dimostrare [&#8230;]<\/p>\n<p><a class=\"btn btn-secondary understrap-read-more-link\" href=\"https:\/\/auvisa.org\/it\/visto-per-studenti-per-l-australia\/\">Leggi di pi\u00f9&#8230;<span class=\"screen-reader-text\"> from Visto per Studenti per l&#8217;Australia<\/span><\/a><\/p>\n","protected":false},"author":3,"featured_media":0,"parent":0,"menu_order":4,"comment_status":"closed","ping_status":"closed","template":"templates\/tpl_spiegazione.php","meta":{"inline_featured_image":false,"footnotes":""},"class_list":["post-721","page","type-page","status-publish","hentry"],"yoast_head":"<!-- This site is optimized with the Yoast SEO plugin v26.9 - https:\/\/yoast.com\/product\/yoast-seo-wordpress\/ -->\n<title>Visto per Studenti per l&#039;Australia (Studio e Lavoro)<\/title>\n<meta name=\"description\" content=\"Per ottenere un visto per studenti (studio e lavoro) per l&#039;Australia serve essere accettati da una universit\u00e0\/scuola e soddisfare alcuni requisiti: scoprili e fai richiesta online.\" \/>\n<meta name=\"robots\" content=\"index, follow, max-snippet:-1, max-image-preview:large, max-video-preview:-1\" \/>\n<link rel=\"canonical\" href=\"https:\/\/auvisa.org\/it\/visto-per-studenti-per-l-australia\/\" \/>\n<meta property=\"og:locale\" content=\"it_IT\" \/>\n<meta property=\"og:type\" content=\"article\" \/>\n<meta property=\"og:title\" content=\"Visto per Studenti per l&#039;Australia (Studio e Lavoro)\" \/>\n<meta property=\"og:description\" content=\"Per ottenere un visto per studenti (studio e lavoro) per l&#039;Australia serve essere accettati da una universit\u00e0\/scuola e soddisfare alcuni requisiti: scoprili e fai richiesta online.\" \/>\n<meta property=\"og:url\" content=\"https:\/\/auvisa.org\/it\/visto-per-studenti-per-l-australia\/\" \/>\n<meta property=\"og:site_name\" content=\"Auvisa.org\" \/>\n<meta property=\"article:modified_time\" content=\"2020-08-31T21:09:27+00:00\" \/>\n<meta name=\"twitter:card\" content=\"summary_large_image\" \/>\n<meta name=\"twitter:label1\" content=\"Tempo di lettura stimato\" \/>\n\t<meta name=\"twitter:data1\" content=\"4 minuti\" \/>\n<script type=\"application\/ld+json\" class=\"yoast-schema-graph\">{\"@context\":\"https:\/\/schema.org\",\"@graph\":[{\"@type\":\"WebPage\",\"@id\":\"https:\/\/auvisa.org\/it\/visto-per-studenti-per-l-australia\/\",\"url\":\"https:\/\/auvisa.org\/it\/visto-per-studenti-per-l-australia\/\",\"name\":\"Visto per Studenti per l&#039;Australia (Studio e Lavoro)\",\"isPartOf\":{\"@id\":\"https:\/\/auvisa.org\/it\/#website\"},\"datePublished\":\"2015-08-17T19:58:53+00:00\",\"dateModified\":\"2020-08-31T21:09:27+00:00\",\"description\":\"Per ottenere un visto per studenti (studio e lavoro) per l&#039;Australia serve essere accettati da una universit\u00e0\/scuola e soddisfare alcuni requisiti: scoprili e fai richiesta online.\",\"breadcrumb\":{\"@id\":\"https:\/\/auvisa.org\/it\/visto-per-studenti-per-l-australia\/#breadcrumb\"},\"inLanguage\":\"it-IT\",\"potentialAction\":[{\"@type\":\"ReadAction\",\"target\":[\"https:\/\/auvisa.org\/it\/visto-per-studenti-per-l-australia\/\"]}]},{\"@type\":\"BreadcrumbList\",\"@id\":\"https:\/\/auvisa.org\/it\/visto-per-studenti-per-l-australia\/#breadcrumb\",\"itemListElement\":[{\"@type\":\"ListItem\",\"position\":1,\"name\":\"Home\",\"item\":\"https:\/\/auvisa.org\/it\/\"},{\"@type\":\"ListItem\",\"position\":2,\"name\":\"Visto per Studenti per l&#8217;Australia\"}]},{\"@type\":\"WebSite\",\"@id\":\"https:\/\/auvisa.org\/it\/#website\",\"url\":\"https:\/\/auvisa.org\/it\/\",\"name\":\"Auvisa.org\",\"description\":\"\",\"inLanguage\":\"it-IT\"}]}<\/script>\n<!-- \/ Yoast SEO plugin. -->","yoast_head_json":{"title":"Visto per Studenti per l&#039;Australia (Studio e Lavoro)","description":"Per ottenere un visto per studenti (studio e lavoro) per l&#039;Australia serve essere accettati da una universit\u00e0\/scuola e soddisfare alcuni requisiti: scoprili e fai richiesta online.","robots":{"index":"index","follow":"follow","max-snippet":"max-snippet:-1","max-image-preview":"max-image-preview:large","max-video-preview":"max-video-preview:-1"},"canonical":"https:\/\/auvisa.org\/it\/visto-per-studenti-per-l-australia\/","og_locale":"it_IT","og_type":"article","og_title":"Visto per Studenti per l&#039;Australia (Studio e Lavoro)","og_description":"Per ottenere un visto per studenti (studio e lavoro) per l&#039;Australia serve essere accettati da una universit\u00e0\/scuola e soddisfare alcuni requisiti: scoprili e fai richiesta online.","og_url":"https:\/\/auvisa.org\/it\/visto-per-studenti-per-l-australia\/","og_site_name":"Auvisa.org","article_modified_time":"2020-08-31T21:09:27+00:00","twitter_card":"summary_large_image","twitter_misc":{"Tempo di lettura stimato":"4 minuti"},"schema":{"@context":"https:\/\/schema.org","@graph":[{"@type":"WebPage","@id":"https:\/\/auvisa.org\/it\/visto-per-studenti-per-l-australia\/","url":"https:\/\/auvisa.org\/it\/visto-per-studenti-per-l-australia\/","name":"Visto per Studenti per l&#039;Australia (Studio e Lavoro)","isPartOf":{"@id":"https:\/\/auvisa.org\/it\/#website"},"datePublished":"2015-08-17T19:58:53+00:00","dateModified":"2020-08-31T21:09:27+00:00","description":"Per ottenere un visto per studenti (studio e lavoro) per l&#039;Australia serve essere accettati da una universit\u00e0\/scuola e soddisfare alcuni requisiti: scoprili e fai richiesta online.","breadcrumb":{"@id":"https:\/\/auvisa.org\/it\/visto-per-studenti-per-l-australia\/#breadcrumb"},"inLanguage":"it-IT","potentialAction":[{"@type":"ReadAction","target":["https:\/\/auvisa.org\/it\/visto-per-studenti-per-l-australia\/"]}]},{"@type":"BreadcrumbList","@id":"https:\/\/auvisa.org\/it\/visto-per-studenti-per-l-australia\/#breadcrumb","itemListElement":[{"@type":"ListItem","position":1,"name":"Home","item":"https:\/\/auvisa.org\/it\/"},{"@type":"ListItem","position":2,"name":"Visto per Studenti per l&#8217;Australia"}]},{"@type":"WebSite","@id":"https:\/\/auvisa.org\/it\/#website","url":"https:\/\/auvisa.org\/it\/","name":"Auvisa.org","description":"","inLanguage":"it-IT"}]}},"_links":{"self":[{"href":"https:\/\/auvisa.org\/it\/wp-json\/wp\/v2\/pages\/721","targetHints":{"allow":["GET"]}}],"collection":[{"href":"https:\/\/auvisa.org\/it\/wp-json\/wp\/v2\/pages"}],"about":[{"href":"https:\/\/auvisa.org\/it\/wp-json\/wp\/v2\/types\/page"}],"author":[{"embeddable":true,"href":"https:\/\/auvisa.org\/it\/wp-json\/wp\/v2\/users\/3"}],"replies":[{"embeddable":true,"href":"https:\/\/auvisa.org\/it\/wp-json\/wp\/v2\/comments?post=721"}],"version-history":[{"count":0,"href":"https:\/\/auvisa.org\/it\/wp-json\/wp\/v2\/pages\/721\/revisions"}],"wp:attachment":[{"href":"https:\/\/auvisa.org\/it\/wp-json\/wp\/v2\/media?parent=721"}],"curies":[{"name":"wp","href":"https:\/\/api.w.org\/{rel}","templated":true}]}}