{"id":906,"date":"2019-06-28T20:03:59","date_gmt":"2019-06-28T20:03:59","guid":{"rendered":"https:\/\/auvisa.org\/?p=906"},"modified":"2020-03-31T16:58:12","modified_gmt":"2020-03-31T16:58:12","slug":"visto-per-lungo-soggiorno-in-australia","status":"publish","type":"page","link":"https:\/\/auvisa.org\/it\/visto-per-lungo-soggiorno-in-australia\/","title":{"rendered":"Visto Visitor Visa per lungo soggiorno in Australia"},"content":{"rendered":"<h2 id=\"first-paragraph\">Differenza tra eVisitor e visto per soggiorni di lunga durata Visitor Visa<\/h2>\n<h3>Tempo di elaborazione:<\/h3>\n<p>L&#8217;applicazione ETA \/ eVistor \u00e8 un&#8217;approvazione immediata, tuttavia il visto per soggiorno di lunga durata pu\u00f2 richiedere fino a 20 giorni per essere processato e di solito pi\u00f9 documenti \/ informazioni sono richiesti dall&#8217;ufficio Immigration in Australia.<\/p>\n<h3>Paesi ammissibili:<\/h3>\n<p>Ci sono solo alcuni paesi eleggibili per ETA \/ eVisitor ma c&#8217;\u00e8 una grande selezione di paesi che possono richiedere un visto per soggiorni di lunga durata.<\/p>\n<h3>Quando e da dove effettuare la domanda:<\/h3>\n<p>I candidati devono essere al di fuori dell&#8217;Australia durante la presentazione di domande ETA \/ evisitor. Tuttavia, la richiesta di visto per soggiorni di lunga durata pu\u00f2 essere fatta mentre si \u00e8 in Australia, con lo scopo di estendere il visto corrente.<\/p>\n<h3>Validit\u00e0 del visto per soggiorno di lunga durata<\/h3>\n<p>Il visto pu\u00f2 essere emesso per uno o pi\u00f9 periodi di permanenza.<br \/>\nOgni periodo di permanenza pu\u00f2 essere di 3, 6 o 12 mesi<\/p>\n<h3>Condizioni del visto per soggiorno di lunga durata<\/h3>\n<p>Non devi lavorare in Australia. Il volontariato pu\u00f2 essere permesso.<br \/>\nNon devi studiare per pi\u00f9 di 3 mesi in Australia.<\/p>\n<h3>Estendere il visto corrente<\/h3>\n<p>Se il visto attuale non ha la condizione &#8220;Nessun ulteriore soggiorno&#8221;, puoi utilizzare questo tipo di visto per richiedere l&#8217;estensione del tuo visto attuale, e durante il processo di richiesta puoi rimanere in Australia.<\/p>\n<h3>Requisiti medici<\/h3>\n<p>Se si richiede un visto per un periodo di pi\u00f9 di 6 mesi, \u00e8 possibile che venga richiesto di sottoporsi a una radiografia del torace e\/o a una visita medica. Se hai pi\u00f9 di 75 anni o provieni da un paese in cui l&#8217;immigrazione australiana considera elevato il livello di rischio medico, dovrai fornire inoltre prova di buona salute, cio\u00e8 che puoi soddisfare i requisiti medici previsti dal visto.<\/p>\n<h3>Dimostrazione di fondi disponibili<\/h3>\n<p>Quando si richiede il visto per soggiorni di lunga durata, \u00e8 necessario disporre di fondi sufficienti per sostenerti durante l&#8217;intero soggiorno in Australia. L&#8217;immigrazione potrebbe chiedere tale prova, ad esempio un estratto conto bancario.<\/p>\n<ul class=\"visa-pics\" style=\"float: right\">\n<li><a class=\"apply\" href=\"\/it\/visa-longterm\/\">Domanda Online<\/a><\/li>\n<\/ul>\n","protected":false},"excerpt":{"rendered":"<p>Differenza tra eVisitor e visto per soggiorni di lunga durata Visitor Visa Tempo di elaborazione: L&#8217;applicazione ETA \/ eVistor \u00e8 [&#8230;]<\/p>\n<p><a class=\"btn btn-secondary understrap-read-more-link\" href=\"https:\/\/auvisa.org\/it\/visto-per-lungo-soggiorno-in-australia\/\">Leggi di pi\u00f9&#8230;<span class=\"screen-reader-text\"> from Visto Visitor Visa per lungo soggiorno in Australia<\/span><\/a><\/p>\n","protected":false},"author":3,"featured_media":0,"parent":0,"menu_order":3,"comment_status":"closed","ping_status":"closed","template":"templates\/tpl_spiegazione.php","meta":{"inline_featured_image":false,"footnotes":""},"class_list":["post-906","page","type-page","status-publish","hentry"],"yoast_head":"<!-- This site is optimized with the Yoast SEO plugin v26.9 - https:\/\/yoast.com\/product\/yoast-seo-wordpress\/ -->\n<title>Visto Long Stay in Australia (Visitor Visa - Subclass 600)<\/title>\n<meta name=\"description\" content=\"Il visto Long Stay (Visitor Visa - sub. 600) \u00e8 per i cittadini italiani che vogliono soggiornare in Australia per pi\u00f9 di 3 mesi o estendere il proprio visto.\" \/>\n<meta name=\"robots\" content=\"index, follow, max-snippet:-1, max-image-preview:large, max-video-preview:-1\" \/>\n<link rel=\"canonical\" href=\"https:\/\/auvisa.org\/it\/visto-per-lungo-soggiorno-in-australia\/\" \/>\n<meta property=\"og:locale\" content=\"it_IT\" \/>\n<meta property=\"og:type\" content=\"article\" \/>\n<meta property=\"og:title\" content=\"Visto Long Stay in Australia (Visitor Visa - Subclass 600)\" \/>\n<meta property=\"og:description\" content=\"Il visto Long Stay (Visitor Visa - sub. 600) \u00e8 per i cittadini italiani che vogliono soggiornare in Australia per pi\u00f9 di 3 mesi o estendere il proprio visto.\" \/>\n<meta property=\"og:url\" content=\"https:\/\/auvisa.org\/it\/visto-per-lungo-soggiorno-in-australia\/\" \/>\n<meta property=\"og:site_name\" content=\"Auvisa.org\" \/>\n<meta property=\"article:modified_time\" content=\"2020-03-31T16:58:12+00:00\" \/>\n<meta name=\"twitter:card\" content=\"summary_large_image\" \/>\n<meta name=\"twitter:label1\" content=\"Tempo di lettura stimato\" \/>\n\t<meta name=\"twitter:data1\" content=\"2 minuti\" \/>\n<script type=\"application\/ld+json\" class=\"yoast-schema-graph\">{\"@context\":\"https:\/\/schema.org\",\"@graph\":[{\"@type\":\"WebPage\",\"@id\":\"https:\/\/auvisa.org\/it\/visto-per-lungo-soggiorno-in-australia\/\",\"url\":\"https:\/\/auvisa.org\/it\/visto-per-lungo-soggiorno-in-australia\/\",\"name\":\"Visto Long Stay in Australia (Visitor Visa - Subclass 600)\",\"isPartOf\":{\"@id\":\"https:\/\/auvisa.org\/it\/#website\"},\"datePublished\":\"2019-06-28T20:03:59+00:00\",\"dateModified\":\"2020-03-31T16:58:12+00:00\",\"description\":\"Il visto Long Stay (Visitor Visa - sub. 600) \u00e8 per i cittadini italiani che vogliono soggiornare in Australia per pi\u00f9 di 3 mesi o estendere il proprio visto.\",\"breadcrumb\":{\"@id\":\"https:\/\/auvisa.org\/it\/visto-per-lungo-soggiorno-in-australia\/#breadcrumb\"},\"inLanguage\":\"it-IT\",\"potentialAction\":[{\"@type\":\"ReadAction\",\"target\":[\"https:\/\/auvisa.org\/it\/visto-per-lungo-soggiorno-in-australia\/\"]}]},{\"@type\":\"BreadcrumbList\",\"@id\":\"https:\/\/auvisa.org\/it\/visto-per-lungo-soggiorno-in-australia\/#breadcrumb\",\"itemListElement\":[{\"@type\":\"ListItem\",\"position\":1,\"name\":\"Home\",\"item\":\"https:\/\/auvisa.org\/it\/\"},{\"@type\":\"ListItem\",\"position\":2,\"name\":\"Visto Visitor Visa per lungo soggiorno in Australia\"}]},{\"@type\":\"WebSite\",\"@id\":\"https:\/\/auvisa.org\/it\/#website\",\"url\":\"https:\/\/auvisa.org\/it\/\",\"name\":\"Auvisa.org\",\"description\":\"\",\"inLanguage\":\"it-IT\"}]}<\/script>\n<!-- \/ Yoast SEO plugin. -->","yoast_head_json":{"title":"Visto Long Stay in Australia (Visitor Visa - Subclass 600)","description":"Il visto Long Stay (Visitor Visa - sub. 600) \u00e8 per i cittadini italiani che vogliono soggiornare in Australia per pi\u00f9 di 3 mesi o estendere il proprio visto.","robots":{"index":"index","follow":"follow","max-snippet":"max-snippet:-1","max-image-preview":"max-image-preview:large","max-video-preview":"max-video-preview:-1"},"canonical":"https:\/\/auvisa.org\/it\/visto-per-lungo-soggiorno-in-australia\/","og_locale":"it_IT","og_type":"article","og_title":"Visto Long Stay in Australia (Visitor Visa - Subclass 600)","og_description":"Il visto Long Stay (Visitor Visa - sub. 600) \u00e8 per i cittadini italiani che vogliono soggiornare in Australia per pi\u00f9 di 3 mesi o estendere il proprio visto.","og_url":"https:\/\/auvisa.org\/it\/visto-per-lungo-soggiorno-in-australia\/","og_site_name":"Auvisa.org","article_modified_time":"2020-03-31T16:58:12+00:00","twitter_card":"summary_large_image","twitter_misc":{"Tempo di lettura stimato":"2 minuti"},"schema":{"@context":"https:\/\/schema.org","@graph":[{"@type":"WebPage","@id":"https:\/\/auvisa.org\/it\/visto-per-lungo-soggiorno-in-australia\/","url":"https:\/\/auvisa.org\/it\/visto-per-lungo-soggiorno-in-australia\/","name":"Visto Long Stay in Australia (Visitor Visa - Subclass 600)","isPartOf":{"@id":"https:\/\/auvisa.org\/it\/#website"},"datePublished":"2019-06-28T20:03:59+00:00","dateModified":"2020-03-31T16:58:12+00:00","description":"Il visto Long Stay (Visitor Visa - sub. 600) \u00e8 per i cittadini italiani che vogliono soggiornare in Australia per pi\u00f9 di 3 mesi o estendere il proprio visto.","breadcrumb":{"@id":"https:\/\/auvisa.org\/it\/visto-per-lungo-soggiorno-in-australia\/#breadcrumb"},"inLanguage":"it-IT","potentialAction":[{"@type":"ReadAction","target":["https:\/\/auvisa.org\/it\/visto-per-lungo-soggiorno-in-australia\/"]}]},{"@type":"BreadcrumbList","@id":"https:\/\/auvisa.org\/it\/visto-per-lungo-soggiorno-in-australia\/#breadcrumb","itemListElement":[{"@type":"ListItem","position":1,"name":"Home","item":"https:\/\/auvisa.org\/it\/"},{"@type":"ListItem","position":2,"name":"Visto Visitor Visa per lungo soggiorno in Australia"}]},{"@type":"WebSite","@id":"https:\/\/auvisa.org\/it\/#website","url":"https:\/\/auvisa.org\/it\/","name":"Auvisa.org","description":"","inLanguage":"it-IT"}]}},"_links":{"self":[{"href":"https:\/\/auvisa.org\/it\/wp-json\/wp\/v2\/pages\/906","targetHints":{"allow":["GET"]}}],"collection":[{"href":"https:\/\/auvisa.org\/it\/wp-json\/wp\/v2\/pages"}],"about":[{"href":"https:\/\/auvisa.org\/it\/wp-json\/wp\/v2\/types\/page"}],"author":[{"embeddable":true,"href":"https:\/\/auvisa.org\/it\/wp-json\/wp\/v2\/users\/3"}],"replies":[{"embeddable":true,"href":"https:\/\/auvisa.org\/it\/wp-json\/wp\/v2\/comments?post=906"}],"version-history":[{"count":2,"href":"https:\/\/auvisa.org\/it\/wp-json\/wp\/v2\/pages\/906\/revisions"}],"predecessor-version":[{"id":21972,"href":"https:\/\/auvisa.org\/it\/wp-json\/wp\/v2\/pages\/906\/revisions\/21972"}],"wp:attachment":[{"href":"https:\/\/auvisa.org\/it\/wp-json\/wp\/v2\/media?parent=906"}],"curies":[{"name":"wp","href":"https:\/\/api.w.org\/{rel}","templated":true}]}}