{"id":1744,"date":"2020-01-07T16:26:56","date_gmt":"2020-01-07T16:26:56","guid":{"rendered":"https:\/\/dev.auvisa.org\/?page_id=1744"},"modified":"2023-08-25T11:27:35","modified_gmt":"2023-08-25T09:27:35","slug":"visa-working","status":"publish","type":"page","link":"https:\/\/auvisa.org\/nl\/visa-working\/","title":{"rendered":"Working Holiday visum voor Australi\u00eb: Aanvraagformulier (Nederland)"},"content":{"rendered":"\n<div style=\"height:20px\" aria-hidden=\"true\" class=\"wp-block-spacer\"><\/div>\n\n\n\n<p>Dit aanvraagformulier voor een Working Holiday visum is bestemd voor <strong>Nederlanders tussen 18 en 30 jaar (inclusief) op het moment van de<\/strong> aanvraag.<\/p>\n\n\n\n<p>Na het verkrijgen van het visum kunnen Nederlandse reizigers naar Australi\u00eb reizen en <strong>vakantie, werk en studie combineren<\/strong>.<\/p>\n\n\n\n<p>Het is mogelijk om <strong>maximaal \u00e9\u00e9n jaar in Australi\u00eb te verblijven<\/strong> en tot 6 maanden voor dezelfde werkgever te werken, of voor 4 maanden te studeren. Als u bereid bent om dit te doen, is het ook mogelijk om in de volledige visumperiode met vakantie te gaan.<\/p>\n\n\n\n<p>Voorwaarden voor het aanvragen van een Working Holiday visum:<\/p>\n\n\n\n<ul class=\"wp-block-list\"><li>U moet tussen 18 en 30 jaar oud zijn (inclusief)<\/li><li>U moet in goede gezondheid verkeren<\/li><li>U moet de financi\u00eble middelen hebben om in het begin van uw verblijf voor uw levensonderhoud te voorzien.<\/li><\/ul>\n\n\n\n<p><strong>BELANGRIJK:<\/strong><br>Om uw aanvraag in te vullen en in te dienen, is een kopie van de volgende documenten nodig:<\/p>\n\n\n\n<ul class=\"wp-block-list\"><li>Persoonlijke gegevenspagina van het paspoort<\/li><\/ul>\n\n\n\n<p>Als u momenteel niet alle benodigde documenten hebt, kunt u de aanvraag opslaan en de documenten later uploaden.<\/p>\n\n\n\n<p>Via het volgende online aanvraagformulier kunt u meerdere personen tegelijk aanvragen, <strong>en elk Working Holiday-visum kost <span class=\"woocommerce-Price-amount amount\"><bdi><span class=\"woocommerce-Price-currencySymbol\">&euro;<\/span>575.00<\/bdi><\/span>. Prijs is inclusief zowel de servicekosten van Auvisa.org als overheidskosten (waar van toepassing).<\/strong><\/p>\n\n\n\n<div style=\"height:62px\" aria-hidden=\"true\" class=\"wp-block-spacer\"><\/div>\n\n\n\n<h3>Voer en bevestig uw e-mailadres om met de online aanvraag te beginnen:<\/h3>\n","protected":false},"excerpt":{"rendered":"<p>Dit aanvraagformulier voor een Working Holiday visum is bestemd voor Nederlanders tussen 18 en 30 jaar (inclusief) op het moment [&#8230;]<\/p>\n<p><a class=\"btn btn-secondary understrap-read-more-link\" href=\"https:\/\/auvisa.org\/nl\/visa-working\/\">Lees verder\u2026<span class=\"screen-reader-text\"> from Working Holiday visum voor Australi\u00eb: Aanvraagformulier (Nederland)<\/span><\/a><\/p>\n","protected":false},"author":4,"featured_media":0,"parent":0,"menu_order":39,"comment_status":"closed","ping_status":"closed","template":"templates\/tpl_acf_form.php","meta":{"inline_featured_image":false,"footnotes":""},"class_list":["post-1744","page","type-page","status-publish","hentry"],"yoast_head":"<!-- This site is optimized with the Yoast SEO plugin v26.9 - https:\/\/yoast.com\/product\/yoast-seo-wordpress\/ -->\n<title>Working Holiday visum voor Australi\u00eb: Aanvraagformulier (Nederland)<\/title>\n<meta name=\"description\" content=\"Nederlandse reizigers moeten online een Australisch Working Holiday visum aanvragen via dit vereenvoudigde aanvraagformulier.\" \/>\n<meta name=\"robots\" content=\"index, follow, max-snippet:-1, max-image-preview:large, max-video-preview:-1\" \/>\n<link rel=\"canonical\" href=\"https:\/\/auvisa.org\/nl\/visa-working\/\" \/>\n<meta property=\"og:locale\" content=\"nl_NL\" \/>\n<meta property=\"og:type\" content=\"article\" \/>\n<meta property=\"og:title\" content=\"Working Holiday visum voor Australi\u00eb: Aanvraagformulier (Nederland)\" \/>\n<meta property=\"og:description\" content=\"Nederlandse reizigers moeten online een Australisch Working Holiday visum aanvragen via dit vereenvoudigde aanvraagformulier.\" \/>\n<meta property=\"og:url\" content=\"https:\/\/auvisa.org\/nl\/visa-working\/\" \/>\n<meta property=\"og:site_name\" content=\"Auvisa.org\" \/>\n<meta property=\"article:modified_time\" content=\"2023-08-25T09:27:35+00:00\" \/>\n<meta name=\"twitter:card\" content=\"summary_large_image\" \/>\n<meta name=\"twitter:label1\" content=\"Geschatte leestijd\" \/>\n\t<meta name=\"twitter:data1\" content=\"2 minuten\" \/>\n<script type=\"application\/ld+json\" class=\"yoast-schema-graph\">{\"@context\":\"https:\/\/schema.org\",\"@graph\":[{\"@type\":\"WebPage\",\"@id\":\"https:\/\/auvisa.org\/nl\/visa-working\/\",\"url\":\"https:\/\/auvisa.org\/nl\/visa-working\/\",\"name\":\"Working Holiday visum voor Australi\u00eb: Aanvraagformulier (Nederland)\",\"isPartOf\":{\"@id\":\"https:\/\/auvisa.org\/nl\/#website\"},\"datePublished\":\"2020-01-07T16:26:56+00:00\",\"dateModified\":\"2023-08-25T09:27:35+00:00\",\"description\":\"Nederlandse reizigers moeten online een Australisch Working Holiday visum aanvragen via dit vereenvoudigde aanvraagformulier.\",\"breadcrumb\":{\"@id\":\"https:\/\/auvisa.org\/nl\/visa-working\/#breadcrumb\"},\"inLanguage\":\"nl-NL\",\"potentialAction\":[{\"@type\":\"ReadAction\",\"target\":[\"https:\/\/auvisa.org\/nl\/visa-working\/\"]}]},{\"@type\":\"BreadcrumbList\",\"@id\":\"https:\/\/auvisa.org\/nl\/visa-working\/#breadcrumb\",\"itemListElement\":[{\"@type\":\"ListItem\",\"position\":1,\"name\":\"Home\",\"item\":\"https:\/\/auvisa.org\/nl\/\"},{\"@type\":\"ListItem\",\"position\":2,\"name\":\"Working Holiday visum voor Australi\u00eb: Aanvraagformulier (Nederland)\"}]},{\"@type\":\"WebSite\",\"@id\":\"https:\/\/auvisa.org\/nl\/#website\",\"url\":\"https:\/\/auvisa.org\/nl\/\",\"name\":\"Auvisa.org\",\"description\":\"\",\"inLanguage\":\"nl-NL\"}]}<\/script>\n<!-- \/ Yoast SEO plugin. -->","yoast_head_json":{"title":"Working Holiday visum voor Australi\u00eb: Aanvraagformulier (Nederland)","description":"Nederlandse reizigers moeten online een Australisch Working Holiday visum aanvragen via dit vereenvoudigde aanvraagformulier.","robots":{"index":"index","follow":"follow","max-snippet":"max-snippet:-1","max-image-preview":"max-image-preview:large","max-video-preview":"max-video-preview:-1"},"canonical":"https:\/\/auvisa.org\/nl\/visa-working\/","og_locale":"nl_NL","og_type":"article","og_title":"Working Holiday visum voor Australi\u00eb: Aanvraagformulier (Nederland)","og_description":"Nederlandse reizigers moeten online een Australisch Working Holiday visum aanvragen via dit vereenvoudigde aanvraagformulier.","og_url":"https:\/\/auvisa.org\/nl\/visa-working\/","og_site_name":"Auvisa.org","article_modified_time":"2023-08-25T09:27:35+00:00","twitter_card":"summary_large_image","twitter_misc":{"Geschatte leestijd":"2 minuten"},"schema":{"@context":"https:\/\/schema.org","@graph":[{"@type":"WebPage","@id":"https:\/\/auvisa.org\/nl\/visa-working\/","url":"https:\/\/auvisa.org\/nl\/visa-working\/","name":"Working Holiday visum voor Australi\u00eb: Aanvraagformulier (Nederland)","isPartOf":{"@id":"https:\/\/auvisa.org\/nl\/#website"},"datePublished":"2020-01-07T16:26:56+00:00","dateModified":"2023-08-25T09:27:35+00:00","description":"Nederlandse reizigers moeten online een Australisch Working Holiday visum aanvragen via dit vereenvoudigde aanvraagformulier.","breadcrumb":{"@id":"https:\/\/auvisa.org\/nl\/visa-working\/#breadcrumb"},"inLanguage":"nl-NL","potentialAction":[{"@type":"ReadAction","target":["https:\/\/auvisa.org\/nl\/visa-working\/"]}]},{"@type":"BreadcrumbList","@id":"https:\/\/auvisa.org\/nl\/visa-working\/#breadcrumb","itemListElement":[{"@type":"ListItem","position":1,"name":"Home","item":"https:\/\/auvisa.org\/nl\/"},{"@type":"ListItem","position":2,"name":"Working Holiday visum voor Australi\u00eb: Aanvraagformulier (Nederland)"}]},{"@type":"WebSite","@id":"https:\/\/auvisa.org\/nl\/#website","url":"https:\/\/auvisa.org\/nl\/","name":"Auvisa.org","description":"","inLanguage":"nl-NL"}]}},"_links":{"self":[{"href":"https:\/\/auvisa.org\/nl\/wp-json\/wp\/v2\/pages\/1744","targetHints":{"allow":["GET"]}}],"collection":[{"href":"https:\/\/auvisa.org\/nl\/wp-json\/wp\/v2\/pages"}],"about":[{"href":"https:\/\/auvisa.org\/nl\/wp-json\/wp\/v2\/types\/page"}],"author":[{"embeddable":true,"href":"https:\/\/auvisa.org\/nl\/wp-json\/wp\/v2\/users\/4"}],"replies":[{"embeddable":true,"href":"https:\/\/auvisa.org\/nl\/wp-json\/wp\/v2\/comments?post=1744"}],"version-history":[{"count":5,"href":"https:\/\/auvisa.org\/nl\/wp-json\/wp\/v2\/pages\/1744\/revisions"}],"predecessor-version":[{"id":19210,"href":"https:\/\/auvisa.org\/nl\/wp-json\/wp\/v2\/pages\/1744\/revisions\/19210"}],"wp:attachment":[{"href":"https:\/\/auvisa.org\/nl\/wp-json\/wp\/v2\/media?parent=1744"}],"curies":[{"name":"wp","href":"https:\/\/api.w.org\/{rel}","templated":true}]}}