{"id":16192,"date":"2023-12-07T00:12:02","date_gmt":"2023-12-06T23:12:02","guid":{"rendered":"https:\/\/auvisa.org\/no\/?page_id=16192"},"modified":"2026-03-24T12:44:55","modified_gmt":"2026-03-24T11:44:55","slug":"visa-lp","status":"publish","type":"page","link":"https:\/\/auvisa.org\/no\/visa-lp\/","title":{"rendered":"F\u00e5 et eVisitor-visum til Australia"},"content":{"rendered":"\n<div style=\"height:20px\" aria-hidden=\"true\" class=\"wp-block-spacer\"><\/div>\n\n\n\n<div style=\"font-family: -apple-system, BlinkMacSystemFont, 'Segoe UI', Roboto, Helvetica, Arial, sans-serif;color: #2c3e50;line-height: 1.7;width: 100%\">\n  <p style=\"font-size: 15px;color: #3a4a52;margin: 0 0 14px 0\">\n    eVisitor er et offisielt elektronisk visum utstedt av den australske regjeringen for <strong style=\"color: #1a2e3b\">innehavere av norske, europeiske og britiske pass<\/strong> som \u00f8nsker \u00e5 bes\u00f8ke Australia for turisme, familiebes\u00f8k og forretningsm\u00f8ter.\n  <\/p>\n  <p style=\"font-size: 15px;color: #3a4a52;margin: 0 0 14px 0\">\n    eVisitor-visumet er gyldig i <strong style=\"color: #1a2e3b\">12 m\u00e5neder<\/strong>, tillater flere bes\u00f8k til Australia og et maksimalt opphold p\u00e5 <strong style=\"color: #1a2e3b\">90 dager<\/strong> per bes\u00f8k. Den komplette tjenesten, inkludert Auvisas gebyr og offentlige avgifter (der det er aktuelt), starter fra <strong style=\"color: #1a2e3b\">kr779,00\/reisende<\/strong> avhengig av behandlingshastigheten du velger.\n  <\/p>\n  <p style=\"font-size: 15px;color: #3a4a52;margin: 0 0 24px 0\">\n    Hvis dere reiser som gruppe eller familie, trenger hver person sitt eget eVisitor, inkludert spedbarn og barn.\n  <\/p>\n  <h3 style=\"font-size: 20px;font-weight: 700;color: #1f5284;margin: 0;padding: 0;text-align: center\">S\u00f8k n\u00e5 om ditt eVisitor-visum<\/h3>\n<\/div>\n\n\n\n<p><\/p>\n","protected":false},"excerpt":{"rendered":"<p>eVisitor er et offisielt elektronisk visum utstedt av den australske regjeringen for innehavere av norske, europeiske og britiske pass som [&#8230;]<\/p>\n<p><a class=\"btn btn-secondary understrap-read-more-link\" href=\"https:\/\/auvisa.org\/no\/visa-lp\/\">Read More&#8230;<span class=\"screen-reader-text\"> from F\u00e5 et eVisitor-visum til Australia<\/span><\/a><\/p>\n","protected":false},"author":4,"featured_media":0,"parent":0,"menu_order":4,"comment_status":"closed","ping_status":"closed","template":"templates\/tpl_acf_form.php","meta":{"inline_featured_image":false,"footnotes":""},"class_list":["post-16192","page","type-page","status-publish","hentry"],"yoast_head":"<!-- This site is optimized with the Yoast SEO plugin v26.9 - https:\/\/yoast.com\/product\/yoast-seo-wordpress\/ -->\n<title>S\u00f8k om eVisitor Visum for Australia: Online s\u00f8knadsskjema (Norge)<\/title>\n<meta name=\"description\" content=\"S\u00f8k online for et australsk eVisitor Visum for norske statsborgere via dette raske s\u00f8knadsskjemaet: forenklet skjema og 24-timers visumgodkjenning.\" \/>\n<meta name=\"robots\" content=\"noindex, follow\" \/>\n<meta property=\"og:locale\" content=\"en_US\" \/>\n<meta property=\"og:type\" content=\"article\" \/>\n<meta property=\"og:title\" content=\"S\u00f8k om eVisitor Visum for Australia: Online s\u00f8knadsskjema (Norge)\" \/>\n<meta property=\"og:description\" content=\"S\u00f8k online for et australsk eVisitor Visum for norske statsborgere via dette raske s\u00f8knadsskjemaet: forenklet skjema og 24-timers visumgodkjenning.\" \/>\n<meta property=\"og:url\" content=\"https:\/\/auvisa.org\/no\/visa-lp\/\" \/>\n<meta property=\"og:site_name\" content=\"Auvisa.org\" \/>\n<meta property=\"article:modified_time\" content=\"2026-03-24T11:44:55+00:00\" \/>\n<meta name=\"twitter:card\" content=\"summary_large_image\" \/>\n<meta name=\"twitter:label1\" content=\"Est. reading time\" \/>\n\t<meta name=\"twitter:data1\" content=\"1 minutt\" \/>\n<script type=\"application\/ld+json\" class=\"yoast-schema-graph\">{\"@context\":\"https:\/\/schema.org\",\"@graph\":[{\"@type\":\"WebPage\",\"@id\":\"https:\/\/auvisa.org\/no\/visa-lp\/\",\"url\":\"https:\/\/auvisa.org\/no\/visa-lp\/\",\"name\":\"S\u00f8k om eVisitor Visum for Australia: Online s\u00f8knadsskjema (Norge)\",\"isPartOf\":{\"@id\":\"https:\/\/auvisa.org\/no\/#website\"},\"datePublished\":\"2023-12-06T23:12:02+00:00\",\"dateModified\":\"2026-03-24T11:44:55+00:00\",\"description\":\"S\u00f8k online for et australsk eVisitor Visum for norske statsborgere via dette raske s\u00f8knadsskjemaet: forenklet skjema og 24-timers visumgodkjenning.\",\"breadcrumb\":{\"@id\":\"https:\/\/auvisa.org\/no\/visa-lp\/#breadcrumb\"},\"inLanguage\":\"nn-NO\",\"potentialAction\":[{\"@type\":\"ReadAction\",\"target\":[\"https:\/\/auvisa.org\/no\/visa-lp\/\"]}]},{\"@type\":\"BreadcrumbList\",\"@id\":\"https:\/\/auvisa.org\/no\/visa-lp\/#breadcrumb\",\"itemListElement\":[{\"@type\":\"ListItem\",\"position\":1,\"name\":\"Home\",\"item\":\"https:\/\/auvisa.org\/no\/\"},{\"@type\":\"ListItem\",\"position\":2,\"name\":\"F\u00e5 et eVisitor-visum til Australia\"}]},{\"@type\":\"WebSite\",\"@id\":\"https:\/\/auvisa.org\/no\/#website\",\"url\":\"https:\/\/auvisa.org\/no\/\",\"name\":\"Auvisa.org\",\"description\":\"\",\"inLanguage\":\"nn-NO\"}]}<\/script>\n<!-- \/ Yoast SEO plugin. -->","yoast_head_json":{"title":"S\u00f8k om eVisitor Visum for Australia: Online s\u00f8knadsskjema (Norge)","description":"S\u00f8k online for et australsk eVisitor Visum for norske statsborgere via dette raske s\u00f8knadsskjemaet: forenklet skjema og 24-timers visumgodkjenning.","robots":{"index":"noindex","follow":"follow"},"og_locale":"en_US","og_type":"article","og_title":"S\u00f8k om eVisitor Visum for Australia: Online s\u00f8knadsskjema (Norge)","og_description":"S\u00f8k online for et australsk eVisitor Visum for norske statsborgere via dette raske s\u00f8knadsskjemaet: forenklet skjema og 24-timers visumgodkjenning.","og_url":"https:\/\/auvisa.org\/no\/visa-lp\/","og_site_name":"Auvisa.org","article_modified_time":"2026-03-24T11:44:55+00:00","twitter_card":"summary_large_image","twitter_misc":{"Est. reading time":"1 minutt"},"schema":{"@context":"https:\/\/schema.org","@graph":[{"@type":"WebPage","@id":"https:\/\/auvisa.org\/no\/visa-lp\/","url":"https:\/\/auvisa.org\/no\/visa-lp\/","name":"S\u00f8k om eVisitor Visum for Australia: Online s\u00f8knadsskjema (Norge)","isPartOf":{"@id":"https:\/\/auvisa.org\/no\/#website"},"datePublished":"2023-12-06T23:12:02+00:00","dateModified":"2026-03-24T11:44:55+00:00","description":"S\u00f8k online for et australsk eVisitor Visum for norske statsborgere via dette raske s\u00f8knadsskjemaet: forenklet skjema og 24-timers visumgodkjenning.","breadcrumb":{"@id":"https:\/\/auvisa.org\/no\/visa-lp\/#breadcrumb"},"inLanguage":"nn-NO","potentialAction":[{"@type":"ReadAction","target":["https:\/\/auvisa.org\/no\/visa-lp\/"]}]},{"@type":"BreadcrumbList","@id":"https:\/\/auvisa.org\/no\/visa-lp\/#breadcrumb","itemListElement":[{"@type":"ListItem","position":1,"name":"Home","item":"https:\/\/auvisa.org\/no\/"},{"@type":"ListItem","position":2,"name":"F\u00e5 et eVisitor-visum til Australia"}]},{"@type":"WebSite","@id":"https:\/\/auvisa.org\/no\/#website","url":"https:\/\/auvisa.org\/no\/","name":"Auvisa.org","description":"","inLanguage":"nn-NO"}]}},"_links":{"self":[{"href":"https:\/\/auvisa.org\/no\/wp-json\/wp\/v2\/pages\/16192","targetHints":{"allow":["GET"]}}],"collection":[{"href":"https:\/\/auvisa.org\/no\/wp-json\/wp\/v2\/pages"}],"about":[{"href":"https:\/\/auvisa.org\/no\/wp-json\/wp\/v2\/types\/page"}],"author":[{"embeddable":true,"href":"https:\/\/auvisa.org\/no\/wp-json\/wp\/v2\/users\/4"}],"replies":[{"embeddable":true,"href":"https:\/\/auvisa.org\/no\/wp-json\/wp\/v2\/comments?post=16192"}],"version-history":[{"count":5,"href":"https:\/\/auvisa.org\/no\/wp-json\/wp\/v2\/pages\/16192\/revisions"}],"predecessor-version":[{"id":22455,"href":"https:\/\/auvisa.org\/no\/wp-json\/wp\/v2\/pages\/16192\/revisions\/22455"}],"wp:attachment":[{"href":"https:\/\/auvisa.org\/no\/wp-json\/wp\/v2\/media?parent=16192"}],"curies":[{"name":"wp","href":"https:\/\/api.w.org\/{rel}","templated":true}]}}