{"id":16207,"date":"2023-12-07T00:26:03","date_gmt":"2023-12-06T23:26:03","guid":{"rendered":"https:\/\/auvisa.org\/no\/?page_id=16207"},"modified":"2023-12-07T00:27:00","modified_gmt":"2023-12-06T23:27:00","slug":"visa-business-lp","status":"publish","type":"page","link":"https:\/\/auvisa.org\/no\/visa-business-lp\/","title":{"rendered":"Forretningsvisum til Australia: S\u00f8knadsskjema (eVisitor)"},"content":{"rendered":"\n<div style=\"height:20px\" aria-hidden=\"true\" class=\"wp-block-spacer\"><\/div>\n\n\n\n<p>Dette Business eVisitor-visum er ment for norske forretningsreisende som planlegger \u00e5 <strong>reise til Australia for \u00e5 delta i forretningsm\u00f8ter, konferanser eller forhandlinger<\/strong>. <\/p>\n\n\n\n<p>Forretningsvisumet vil v\u00e6re gyldig i inntil <strong>12 m\u00e5neder<\/strong>, hvor du kan reise inn i Australia flere ganger og oppholde deg i Australia i inntil 90 dager for hver innreise.<\/p>\n\n\n\n<p><strong>95% av visum utgis innen 24 timer<\/strong>. Innimellom kan det dog ta lenger tid, s\u00e5 s\u00f8k minst 14 dager f\u00f8r din planlagte reise til Australia.  <\/p>\n\n\n\n<p><strong>Et visum koster <span class=\"woocommerce-Price-amount amount\"><bdi><span class=\"woocommerce-Price-currencySymbol\">&#107;&#114;<\/span>890,00<\/bdi><\/span> pr. stykk. <\/strong>Prisen inkluderer b\u00e5de Auvisa.orgs serviceavgift og statlige gebyrer (der det er aktuelt).<\/p>\n\n\n\n<div style=\"height:46px\" aria-hidden=\"true\" class=\"wp-block-spacer\"><\/div>\n\n\n\n<h3>Skriv inn og bekreft e-postadressen din for \u00e5 starte den elektroniske s\u00f8knaden:<\/h3>\n","protected":false},"excerpt":{"rendered":"<p>Dette Business eVisitor-visum er ment for norske forretningsreisende som planlegger \u00e5 reise til Australia for \u00e5 delta i forretningsm\u00f8ter, konferanser [&#8230;]<\/p>\n<p><a class=\"btn btn-secondary understrap-read-more-link\" href=\"https:\/\/auvisa.org\/no\/visa-business-lp\/\">Read More&#8230;<span class=\"screen-reader-text\"> from Forretningsvisum til Australia: S\u00f8knadsskjema (eVisitor)<\/span><\/a><\/p>\n","protected":false},"author":4,"featured_media":0,"parent":0,"menu_order":25,"comment_status":"closed","ping_status":"closed","template":"templates\/tpl_acf_form.php","meta":{"inline_featured_image":false,"footnotes":""},"class_list":["post-16207","page","type-page","status-publish","hentry"],"yoast_head":"<!-- This site is optimized with the Yoast SEO plugin v26.9 - https:\/\/yoast.com\/product\/yoast-seo-wordpress\/ -->\n<title>S\u00f8k om Forretningsvisum (eVisitor) for Australia: S\u00f8knadsskjema<\/title>\n<meta name=\"description\" content=\"Norske forretningsreisende m\u00e5 s\u00f8ke om et australsk eVisitor-forretningsvisum via dette s\u00f8knadsskjemaet online. Visumgodkjenning i l\u00f8pet av 24 timer.\" \/>\n<meta name=\"robots\" content=\"noindex, follow\" \/>\n<meta property=\"og:locale\" content=\"en_US\" \/>\n<meta property=\"og:type\" content=\"article\" \/>\n<meta property=\"og:title\" content=\"S\u00f8k om Forretningsvisum (eVisitor) for Australia: S\u00f8knadsskjema\" \/>\n<meta property=\"og:description\" content=\"Norske forretningsreisende m\u00e5 s\u00f8ke om et australsk eVisitor-forretningsvisum via dette s\u00f8knadsskjemaet online. Visumgodkjenning i l\u00f8pet av 24 timer.\" \/>\n<meta property=\"og:url\" content=\"https:\/\/auvisa.org\/no\/visa-business-lp\/\" \/>\n<meta property=\"og:site_name\" content=\"Auvisa.org\" \/>\n<meta property=\"article:modified_time\" content=\"2023-12-06T23:27:00+00:00\" \/>\n<meta name=\"twitter:card\" content=\"summary_large_image\" \/>\n<meta name=\"twitter:label1\" content=\"Est. reading time\" \/>\n\t<meta name=\"twitter:data1\" content=\"1 minutt\" \/>\n<script type=\"application\/ld+json\" class=\"yoast-schema-graph\">{\"@context\":\"https:\/\/schema.org\",\"@graph\":[{\"@type\":\"WebPage\",\"@id\":\"https:\/\/auvisa.org\/no\/visa-business-lp\/\",\"url\":\"https:\/\/auvisa.org\/no\/visa-business-lp\/\",\"name\":\"S\u00f8k om Forretningsvisum (eVisitor) for Australia: S\u00f8knadsskjema\",\"isPartOf\":{\"@id\":\"https:\/\/auvisa.org\/no\/#website\"},\"datePublished\":\"2023-12-06T23:26:03+00:00\",\"dateModified\":\"2023-12-06T23:27:00+00:00\",\"description\":\"Norske forretningsreisende m\u00e5 s\u00f8ke om et australsk eVisitor-forretningsvisum via dette s\u00f8knadsskjemaet online. Visumgodkjenning i l\u00f8pet av 24 timer.\",\"breadcrumb\":{\"@id\":\"https:\/\/auvisa.org\/no\/visa-business-lp\/#breadcrumb\"},\"inLanguage\":\"nn-NO\",\"potentialAction\":[{\"@type\":\"ReadAction\",\"target\":[\"https:\/\/auvisa.org\/no\/visa-business-lp\/\"]}]},{\"@type\":\"BreadcrumbList\",\"@id\":\"https:\/\/auvisa.org\/no\/visa-business-lp\/#breadcrumb\",\"itemListElement\":[{\"@type\":\"ListItem\",\"position\":1,\"name\":\"Home\",\"item\":\"https:\/\/auvisa.org\/no\/\"},{\"@type\":\"ListItem\",\"position\":2,\"name\":\"Forretningsvisum til Australia: S\u00f8knadsskjema (eVisitor)\"}]},{\"@type\":\"WebSite\",\"@id\":\"https:\/\/auvisa.org\/no\/#website\",\"url\":\"https:\/\/auvisa.org\/no\/\",\"name\":\"Auvisa.org\",\"description\":\"\",\"inLanguage\":\"nn-NO\"}]}<\/script>\n<!-- \/ Yoast SEO plugin. -->","yoast_head_json":{"title":"S\u00f8k om Forretningsvisum (eVisitor) for Australia: S\u00f8knadsskjema","description":"Norske forretningsreisende m\u00e5 s\u00f8ke om et australsk eVisitor-forretningsvisum via dette s\u00f8knadsskjemaet online. Visumgodkjenning i l\u00f8pet av 24 timer.","robots":{"index":"noindex","follow":"follow"},"og_locale":"en_US","og_type":"article","og_title":"S\u00f8k om Forretningsvisum (eVisitor) for Australia: S\u00f8knadsskjema","og_description":"Norske forretningsreisende m\u00e5 s\u00f8ke om et australsk eVisitor-forretningsvisum via dette s\u00f8knadsskjemaet online. Visumgodkjenning i l\u00f8pet av 24 timer.","og_url":"https:\/\/auvisa.org\/no\/visa-business-lp\/","og_site_name":"Auvisa.org","article_modified_time":"2023-12-06T23:27:00+00:00","twitter_card":"summary_large_image","twitter_misc":{"Est. reading time":"1 minutt"},"schema":{"@context":"https:\/\/schema.org","@graph":[{"@type":"WebPage","@id":"https:\/\/auvisa.org\/no\/visa-business-lp\/","url":"https:\/\/auvisa.org\/no\/visa-business-lp\/","name":"S\u00f8k om Forretningsvisum (eVisitor) for Australia: S\u00f8knadsskjema","isPartOf":{"@id":"https:\/\/auvisa.org\/no\/#website"},"datePublished":"2023-12-06T23:26:03+00:00","dateModified":"2023-12-06T23:27:00+00:00","description":"Norske forretningsreisende m\u00e5 s\u00f8ke om et australsk eVisitor-forretningsvisum via dette s\u00f8knadsskjemaet online. Visumgodkjenning i l\u00f8pet av 24 timer.","breadcrumb":{"@id":"https:\/\/auvisa.org\/no\/visa-business-lp\/#breadcrumb"},"inLanguage":"nn-NO","potentialAction":[{"@type":"ReadAction","target":["https:\/\/auvisa.org\/no\/visa-business-lp\/"]}]},{"@type":"BreadcrumbList","@id":"https:\/\/auvisa.org\/no\/visa-business-lp\/#breadcrumb","itemListElement":[{"@type":"ListItem","position":1,"name":"Home","item":"https:\/\/auvisa.org\/no\/"},{"@type":"ListItem","position":2,"name":"Forretningsvisum til Australia: S\u00f8knadsskjema (eVisitor)"}]},{"@type":"WebSite","@id":"https:\/\/auvisa.org\/no\/#website","url":"https:\/\/auvisa.org\/no\/","name":"Auvisa.org","description":"","inLanguage":"nn-NO"}]}},"_links":{"self":[{"href":"https:\/\/auvisa.org\/no\/wp-json\/wp\/v2\/pages\/16207","targetHints":{"allow":["GET"]}}],"collection":[{"href":"https:\/\/auvisa.org\/no\/wp-json\/wp\/v2\/pages"}],"about":[{"href":"https:\/\/auvisa.org\/no\/wp-json\/wp\/v2\/types\/page"}],"author":[{"embeddable":true,"href":"https:\/\/auvisa.org\/no\/wp-json\/wp\/v2\/users\/4"}],"replies":[{"embeddable":true,"href":"https:\/\/auvisa.org\/no\/wp-json\/wp\/v2\/comments?post=16207"}],"version-history":[{"count":2,"href":"https:\/\/auvisa.org\/no\/wp-json\/wp\/v2\/pages\/16207\/revisions"}],"predecessor-version":[{"id":16213,"href":"https:\/\/auvisa.org\/no\/wp-json\/wp\/v2\/pages\/16207\/revisions\/16213"}],"wp:attachment":[{"href":"https:\/\/auvisa.org\/no\/wp-json\/wp\/v2\/media?parent=16207"}],"curies":[{"name":"wp","href":"https:\/\/api.w.org\/{rel}","templated":true}]}}