{"id":1744,"date":"2020-01-07T16:26:56","date_gmt":"2020-01-07T16:26:56","guid":{"rendered":"https:\/\/dev.auvisa.org\/?page_id=1744"},"modified":"2023-08-25T11:47:15","modified_gmt":"2023-08-25T09:47:15","slug":"visa-working","status":"publish","type":"page","link":"https:\/\/auvisa.org\/no\/visa-working\/","title":{"rendered":"S\u00f8k om Working Holiday Visum for Australia: S\u00f8knadsskjema (Norge)"},"content":{"rendered":"\n<div style=\"height:20px\" aria-hidden=\"true\" class=\"wp-block-spacer\"><\/div>\n\n\n\n<p>Dette s\u00f8knadsskjemaet for Working Holiday Visa er beregnet p\u00e5&nbsp;for&nbsp;<strong>norske&nbsp;statsborgere som er mellom 18 og 30 \u00e5r (inkludert)&nbsp;<\/strong>p\u00e5 s\u00f8knadstidspunktet.&nbsp;&nbsp;<\/p>\n\n\n\n<p>N\u00e5r de f\u00e5r&nbsp;visumet&nbsp;, kan&nbsp;norske&nbsp;reisende&nbsp;reise til Australia og&nbsp;<strong>kombinere ferie, arbeid og studier&nbsp;<\/strong>.&nbsp;&nbsp;<\/p>\n\n\n\n<p>Det er mulig \u00e5&nbsp;<strong>bo i Australia i opptil ett \u00e5r,&nbsp;<\/strong>og jobbe i Australia hos for samme arbeidsgiver i opptil 6 m\u00e5neder, eller studere i opptil 4 m\u00e5neder.&nbsp;Hvis du er villig til det, er det&nbsp;ogs\u00e5 mulig \u00e5&nbsp;brukehenge opp til hele visumperioden p\u00e5 ferie i Australia.&nbsp;<\/p>\n\n\n\n<p>Betingelser for visums\u00f8knad for arbeidsferie:<\/p>\n\n\n\n<ul class=\"wp-block-list\"><li>Du m\u00e5 v\u00e6re mellom 18 og 30 \u00e5r (inkludert)<\/li><li>Du m\u00e5 v\u00e6re ved god helse<\/li><li>Du m\u00e5 ha \u00f8konomiske midler til \u00e5 fors\u00f8rge deg selv i begynnelsen av oppholdet<\/li><\/ul>\n\n\n\n<p><strong>VIKTIG:<\/strong><br>For \u00e5 fullf\u00f8re og sende inn s\u00f8knaden din, vil det v\u00e6re behov for en kopi av f\u00f8lgende dokumenter:<\/p>\n\n\n\n<ul class=\"wp-block-list\"><li>Siden med personopplysninger i passet<\/li><\/ul>\n\n\n\n<p>Hvis du ikke har alle n\u00f8dvendige dokumenter for \u00f8yeblikket, kan du lagre applikasjonen og laste opp dokumentene senere.<\/p>\n\n\n\n<p>Gjennom det\u00a0f\u00f8lgende\u00a0elektroniske\u00a0s\u00f8knadsskjemaet, kan du s\u00f8ke om for flere personer samtidig, og <strong>hver Working Holiday visum vil koste\u00a0<span class=\"woocommerce-Price-amount amount\"><bdi><span class=\"woocommerce-Price-currencySymbol\">&#107;&#114;<\/span>6.195,00<\/bdi><\/span>. Prisen inkluderer b\u00e5de Auvisa.orgs serviceavgift og statlige gebyrer (der det er aktuelt).<\/strong><\/p>\n\n\n\n<p><\/p>\n\n\n\n<h3>Skriv inn og bekreft e-postadressen din for \u00e5 starte den elektroniske s\u00f8knaden:<\/h3>\n","protected":false},"excerpt":{"rendered":"<p>Dette s\u00f8knadsskjemaet for Working Holiday Visa er beregnet p\u00e5&nbsp;for&nbsp;norske&nbsp;statsborgere som er mellom 18 og 30 \u00e5r (inkludert)&nbsp;p\u00e5 s\u00f8knadstidspunktet.&nbsp;&nbsp; N\u00e5r de [&#8230;]<\/p>\n<p><a class=\"btn btn-secondary understrap-read-more-link\" href=\"https:\/\/auvisa.org\/no\/visa-working\/\">Read More&#8230;<span class=\"screen-reader-text\"> from S\u00f8k om Working Holiday Visum for Australia: S\u00f8knadsskjema (Norge)<\/span><\/a><\/p>\n","protected":false},"author":3,"featured_media":0,"parent":0,"menu_order":39,"comment_status":"closed","ping_status":"closed","template":"templates\/tpl_acf_form.php","meta":{"inline_featured_image":false,"footnotes":""},"class_list":["post-1744","page","type-page","status-publish","hentry"],"yoast_head":"<!-- This site is optimized with the Yoast SEO plugin v26.9 - https:\/\/yoast.com\/product\/yoast-seo-wordpress\/ -->\n<title>S\u00f8k om Working Holiday Visum for Australia: S\u00f8knadsskjema (Norge)<\/title>\n<meta name=\"description\" content=\"Norske reisende m\u00e5 s\u00f8ke om et Working Holiday Visum for Australia online via et forenklet s\u00f8knadsskjema.\" \/>\n<meta name=\"robots\" content=\"index, follow, max-snippet:-1, max-image-preview:large, max-video-preview:-1\" \/>\n<link rel=\"canonical\" href=\"https:\/\/auvisa.org\/no\/visa-working\/\" \/>\n<meta property=\"og:locale\" content=\"en_US\" \/>\n<meta property=\"og:type\" content=\"article\" \/>\n<meta property=\"og:title\" content=\"S\u00f8k om Working Holiday Visum for Australia: S\u00f8knadsskjema (Norge)\" \/>\n<meta property=\"og:description\" content=\"Norske reisende m\u00e5 s\u00f8ke om et Working Holiday Visum for Australia online via et forenklet s\u00f8knadsskjema.\" \/>\n<meta property=\"og:url\" content=\"https:\/\/auvisa.org\/no\/visa-working\/\" \/>\n<meta property=\"og:site_name\" content=\"Auvisa.org\" \/>\n<meta property=\"article:modified_time\" content=\"2023-08-25T09:47:15+00:00\" \/>\n<meta name=\"twitter:card\" content=\"summary_large_image\" \/>\n<meta name=\"twitter:label1\" content=\"Est. reading time\" \/>\n\t<meta name=\"twitter:data1\" content=\"2 minutt\" \/>\n<script type=\"application\/ld+json\" class=\"yoast-schema-graph\">{\"@context\":\"https:\/\/schema.org\",\"@graph\":[{\"@type\":\"WebPage\",\"@id\":\"https:\/\/auvisa.org\/no\/visa-working\/\",\"url\":\"https:\/\/auvisa.org\/no\/visa-working\/\",\"name\":\"S\u00f8k om Working Holiday Visum for Australia: S\u00f8knadsskjema (Norge)\",\"isPartOf\":{\"@id\":\"https:\/\/auvisa.org\/no\/#website\"},\"datePublished\":\"2020-01-07T16:26:56+00:00\",\"dateModified\":\"2023-08-25T09:47:15+00:00\",\"description\":\"Norske reisende m\u00e5 s\u00f8ke om et Working Holiday Visum for Australia online via et forenklet s\u00f8knadsskjema.\",\"breadcrumb\":{\"@id\":\"https:\/\/auvisa.org\/no\/visa-working\/#breadcrumb\"},\"inLanguage\":\"nn-NO\",\"potentialAction\":[{\"@type\":\"ReadAction\",\"target\":[\"https:\/\/auvisa.org\/no\/visa-working\/\"]}]},{\"@type\":\"BreadcrumbList\",\"@id\":\"https:\/\/auvisa.org\/no\/visa-working\/#breadcrumb\",\"itemListElement\":[{\"@type\":\"ListItem\",\"position\":1,\"name\":\"Home\",\"item\":\"https:\/\/auvisa.org\/no\/\"},{\"@type\":\"ListItem\",\"position\":2,\"name\":\"S\u00f8k om Working Holiday Visum for Australia: S\u00f8knadsskjema (Norge)\"}]},{\"@type\":\"WebSite\",\"@id\":\"https:\/\/auvisa.org\/no\/#website\",\"url\":\"https:\/\/auvisa.org\/no\/\",\"name\":\"Auvisa.org\",\"description\":\"\",\"inLanguage\":\"nn-NO\"}]}<\/script>\n<!-- \/ Yoast SEO plugin. -->","yoast_head_json":{"title":"S\u00f8k om Working Holiday Visum for Australia: S\u00f8knadsskjema (Norge)","description":"Norske reisende m\u00e5 s\u00f8ke om et Working Holiday Visum for Australia online via et forenklet s\u00f8knadsskjema.","robots":{"index":"index","follow":"follow","max-snippet":"max-snippet:-1","max-image-preview":"max-image-preview:large","max-video-preview":"max-video-preview:-1"},"canonical":"https:\/\/auvisa.org\/no\/visa-working\/","og_locale":"en_US","og_type":"article","og_title":"S\u00f8k om Working Holiday Visum for Australia: S\u00f8knadsskjema (Norge)","og_description":"Norske reisende m\u00e5 s\u00f8ke om et Working Holiday Visum for Australia online via et forenklet s\u00f8knadsskjema.","og_url":"https:\/\/auvisa.org\/no\/visa-working\/","og_site_name":"Auvisa.org","article_modified_time":"2023-08-25T09:47:15+00:00","twitter_card":"summary_large_image","twitter_misc":{"Est. reading time":"2 minutt"},"schema":{"@context":"https:\/\/schema.org","@graph":[{"@type":"WebPage","@id":"https:\/\/auvisa.org\/no\/visa-working\/","url":"https:\/\/auvisa.org\/no\/visa-working\/","name":"S\u00f8k om Working Holiday Visum for Australia: S\u00f8knadsskjema (Norge)","isPartOf":{"@id":"https:\/\/auvisa.org\/no\/#website"},"datePublished":"2020-01-07T16:26:56+00:00","dateModified":"2023-08-25T09:47:15+00:00","description":"Norske reisende m\u00e5 s\u00f8ke om et Working Holiday Visum for Australia online via et forenklet s\u00f8knadsskjema.","breadcrumb":{"@id":"https:\/\/auvisa.org\/no\/visa-working\/#breadcrumb"},"inLanguage":"nn-NO","potentialAction":[{"@type":"ReadAction","target":["https:\/\/auvisa.org\/no\/visa-working\/"]}]},{"@type":"BreadcrumbList","@id":"https:\/\/auvisa.org\/no\/visa-working\/#breadcrumb","itemListElement":[{"@type":"ListItem","position":1,"name":"Home","item":"https:\/\/auvisa.org\/no\/"},{"@type":"ListItem","position":2,"name":"S\u00f8k om Working Holiday Visum for Australia: S\u00f8knadsskjema (Norge)"}]},{"@type":"WebSite","@id":"https:\/\/auvisa.org\/no\/#website","url":"https:\/\/auvisa.org\/no\/","name":"Auvisa.org","description":"","inLanguage":"nn-NO"}]}},"_links":{"self":[{"href":"https:\/\/auvisa.org\/no\/wp-json\/wp\/v2\/pages\/1744","targetHints":{"allow":["GET"]}}],"collection":[{"href":"https:\/\/auvisa.org\/no\/wp-json\/wp\/v2\/pages"}],"about":[{"href":"https:\/\/auvisa.org\/no\/wp-json\/wp\/v2\/types\/page"}],"author":[{"embeddable":true,"href":"https:\/\/auvisa.org\/no\/wp-json\/wp\/v2\/users\/3"}],"replies":[{"embeddable":true,"href":"https:\/\/auvisa.org\/no\/wp-json\/wp\/v2\/comments?post=1744"}],"version-history":[{"count":17,"href":"https:\/\/auvisa.org\/no\/wp-json\/wp\/v2\/pages\/1744\/revisions"}],"predecessor-version":[{"id":15030,"href":"https:\/\/auvisa.org\/no\/wp-json\/wp\/v2\/pages\/1744\/revisions\/15030"}],"wp:attachment":[{"href":"https:\/\/auvisa.org\/no\/wp-json\/wp\/v2\/media?parent=1744"}],"curies":[{"name":"wp","href":"https:\/\/api.w.org\/{rel}","templated":true}]}}