{"id":1747,"date":"2020-01-07T16:27:41","date_gmt":"2020-01-07T16:27:41","guid":{"rendered":"https:\/\/dev.auvisa.org\/?page_id=1747"},"modified":"2023-07-10T13:05:08","modified_gmt":"2023-07-10T11:05:08","slug":"visa-student","status":"publish","type":"page","link":"https:\/\/auvisa.org\/no\/visa-student\/","title":{"rendered":"S\u00f8k om Australsk Studentvisum: s\u00f8knadsskjema (Norge)"},"content":{"rendered":"\n<div style=\"height:20px\" aria-hidden=\"true\" class=\"wp-block-spacer\"><\/div>\n\n\n\n<p>Dersom du skal studere i Australia s\u00f8ker du denne visumtypen.<\/p>\n\n\n\n<p>Du m\u00e5 ha kommet inn ved et universitet eller en skole f\u00f8r du kan s\u00f8ke studentvisum. Dersom du ikke har inntakspapirer (Confirmation of Enrolment) ta kontakt med studiestedet.<\/p>\n\n\n\n<h4 class=\"wp-block-heading\" id=\"alternativer-for-studentvisum\">Alternativer for studentvisum<\/h4>\n\n\n\n<ul class=\"wp-block-list\"><li><strong>H\u00f8yere utdannelse<\/strong><ul><li>Gjelder for disse gradene: Bachelor degree, associate degree, graduate certificate, graduate diploma, higher education diploma, higher education advanced diploma eller masters by coursework.<\/li><\/ul><\/li><li><strong>Forskning (&laquo;postgraduate research&raquo;)<\/strong><ul><li>Gjelder forskning og doktorgradsstudium.<\/li><\/ul><\/li><li><strong>&laquo;English Language Intensive Courses for Overseas Students&raquo; (ELICOS)<\/strong><ul><li>For enkeltst\u00e5ende kurs som leder til sertifikat I, II, III eller IV, eller kurs som ikke leder til noen formell eksamen.<\/li><\/ul><\/li><li><strong>Barne- eller ungdomsskole<\/strong><ul><li>For barne-, ungdoms- eller videreg\u00e5ende skole, samt utvekslingsprogram for ungdom- eller videreg\u00e5ende skole.<\/li><\/ul><\/li><li><strong>&laquo;Vocational education and training&raquo; (VET)<\/strong><ul><li>Denne underkategorien er for sertifikat I, II, III or IV (unntatt ELICOS), VET diploma, VET advanced diploma, vocational graduate certificate eller vocational graduate diploma.<\/li><\/ul><\/li><li><strong>Andre typer kurs<\/strong><ul><li>Gjelder grunnstudium som ikke leder til noen formell grad, eller andre heltidskurs eller deler av kurs som ikke leder til en australsk studiebevis.<\/li><\/ul><\/li><li><strong>AusAID og det australske forsvaret<\/strong><ul><li>Gjelder studenter sponset av AusAID eller det australske forsvarsdepartementet som skal ta et fulltidsstudium.<\/li><\/ul><\/li><li><strong>Foresatte til studenter<\/strong><ul><li>Foreldre eller slektninger kan s\u00f8ke visum som verge for en student som studerer i Australia.<\/li><\/ul><\/li><\/ul>\n\n\n\n<p>Prisen for studentvisum er <span class=\"woocommerce-Price-amount amount\"><bdi><span class=\"woocommerce-Price-currencySymbol\">&#107;&#114;<\/span>14.500,00<\/bdi><\/span>. Det kan tilkomme en etterf\u00f8lgende avgift. I s\u00e5 fall kan visums\u00f8knaden ikke behandles f\u00f8r denne er betalt. Vi vil kontakte deg dersom dette blir aktuelt.<\/p>\n\n\n\n<p><\/p>\n\n\n\n<h3 class=\"wp-block-heading\" id=\"skriv-inn-og-bekreft-e-postadressen-din-for-a-starte-den-elektroniske-soknaden\">Skriv inn og bekreft e-postadressen din for \u00e5 starte den elektroniske s\u00f8knaden:<\/h3>\n","protected":false},"excerpt":{"rendered":"<p>Dersom du skal studere i Australia s\u00f8ker du denne visumtypen. Du m\u00e5 ha kommet inn ved et universitet eller en [&#8230;]<\/p>\n<p><a class=\"btn btn-secondary understrap-read-more-link\" href=\"https:\/\/auvisa.org\/no\/visa-student\/\">Read More&#8230;<span class=\"screen-reader-text\"> from S\u00f8k om Australsk Studentvisum: s\u00f8knadsskjema (Norge)<\/span><\/a><\/p>\n","protected":false},"author":3,"featured_media":0,"parent":0,"menu_order":37,"comment_status":"closed","ping_status":"closed","template":"templates\/tpl_acf_form.php","meta":{"inline_featured_image":false,"footnotes":""},"class_list":["post-1747","page","type-page","status-publish","hentry"],"yoast_head":"<!-- This site is optimized with the Yoast SEO plugin v26.9 - https:\/\/yoast.com\/product\/yoast-seo-wordpress\/ -->\n<title>S\u00f8k om Australsk Studentvisum: S\u00f8knadsskjema (Norge)<\/title>\n<meta name=\"description\" content=\"Norske studenter skal bruke dette s\u00f8knadsskjemaet for \u00e5 s\u00f8ke om studentvisum for Australia. S\u00f8k online her: Bekreftelse av p\u00e5melding (CoE) er p\u00e5krevd.\" \/>\n<meta name=\"robots\" content=\"index, follow, max-snippet:-1, max-image-preview:large, max-video-preview:-1\" \/>\n<link rel=\"canonical\" href=\"https:\/\/auvisa.org\/no\/visa-student\/\" \/>\n<meta property=\"og:locale\" content=\"en_US\" \/>\n<meta property=\"og:type\" content=\"article\" \/>\n<meta property=\"og:title\" content=\"S\u00f8k om Australsk Studentvisum: S\u00f8knadsskjema (Norge)\" \/>\n<meta property=\"og:description\" content=\"Norske studenter skal bruke dette s\u00f8knadsskjemaet for \u00e5 s\u00f8ke om studentvisum for Australia. S\u00f8k online her: Bekreftelse av p\u00e5melding (CoE) er p\u00e5krevd.\" \/>\n<meta property=\"og:url\" content=\"https:\/\/auvisa.org\/no\/visa-student\/\" \/>\n<meta property=\"og:site_name\" content=\"Auvisa.org\" \/>\n<meta property=\"article:modified_time\" content=\"2023-07-10T11:05:08+00:00\" \/>\n<meta name=\"twitter:card\" content=\"summary_large_image\" \/>\n<meta name=\"twitter:label1\" content=\"Est. reading time\" \/>\n\t<meta name=\"twitter:data1\" content=\"2 minutt\" \/>\n<script type=\"application\/ld+json\" class=\"yoast-schema-graph\">{\"@context\":\"https:\/\/schema.org\",\"@graph\":[{\"@type\":\"WebPage\",\"@id\":\"https:\/\/auvisa.org\/no\/visa-student\/\",\"url\":\"https:\/\/auvisa.org\/no\/visa-student\/\",\"name\":\"S\u00f8k om Australsk Studentvisum: S\u00f8knadsskjema (Norge)\",\"isPartOf\":{\"@id\":\"https:\/\/auvisa.org\/no\/#website\"},\"datePublished\":\"2020-01-07T16:27:41+00:00\",\"dateModified\":\"2023-07-10T11:05:08+00:00\",\"description\":\"Norske studenter skal bruke dette s\u00f8knadsskjemaet for \u00e5 s\u00f8ke om studentvisum for Australia. S\u00f8k online her: Bekreftelse av p\u00e5melding (CoE) er p\u00e5krevd.\",\"breadcrumb\":{\"@id\":\"https:\/\/auvisa.org\/no\/visa-student\/#breadcrumb\"},\"inLanguage\":\"nn-NO\",\"potentialAction\":[{\"@type\":\"ReadAction\",\"target\":[\"https:\/\/auvisa.org\/no\/visa-student\/\"]}]},{\"@type\":\"BreadcrumbList\",\"@id\":\"https:\/\/auvisa.org\/no\/visa-student\/#breadcrumb\",\"itemListElement\":[{\"@type\":\"ListItem\",\"position\":1,\"name\":\"Home\",\"item\":\"https:\/\/auvisa.org\/no\/\"},{\"@type\":\"ListItem\",\"position\":2,\"name\":\"S\u00f8k om Australsk Studentvisum: s\u00f8knadsskjema (Norge)\"}]},{\"@type\":\"WebSite\",\"@id\":\"https:\/\/auvisa.org\/no\/#website\",\"url\":\"https:\/\/auvisa.org\/no\/\",\"name\":\"Auvisa.org\",\"description\":\"\",\"inLanguage\":\"nn-NO\"}]}<\/script>\n<!-- \/ Yoast SEO plugin. -->","yoast_head_json":{"title":"S\u00f8k om Australsk Studentvisum: S\u00f8knadsskjema (Norge)","description":"Norske studenter skal bruke dette s\u00f8knadsskjemaet for \u00e5 s\u00f8ke om studentvisum for Australia. S\u00f8k online her: Bekreftelse av p\u00e5melding (CoE) er p\u00e5krevd.","robots":{"index":"index","follow":"follow","max-snippet":"max-snippet:-1","max-image-preview":"max-image-preview:large","max-video-preview":"max-video-preview:-1"},"canonical":"https:\/\/auvisa.org\/no\/visa-student\/","og_locale":"en_US","og_type":"article","og_title":"S\u00f8k om Australsk Studentvisum: S\u00f8knadsskjema (Norge)","og_description":"Norske studenter skal bruke dette s\u00f8knadsskjemaet for \u00e5 s\u00f8ke om studentvisum for Australia. S\u00f8k online her: Bekreftelse av p\u00e5melding (CoE) er p\u00e5krevd.","og_url":"https:\/\/auvisa.org\/no\/visa-student\/","og_site_name":"Auvisa.org","article_modified_time":"2023-07-10T11:05:08+00:00","twitter_card":"summary_large_image","twitter_misc":{"Est. reading time":"2 minutt"},"schema":{"@context":"https:\/\/schema.org","@graph":[{"@type":"WebPage","@id":"https:\/\/auvisa.org\/no\/visa-student\/","url":"https:\/\/auvisa.org\/no\/visa-student\/","name":"S\u00f8k om Australsk Studentvisum: S\u00f8knadsskjema (Norge)","isPartOf":{"@id":"https:\/\/auvisa.org\/no\/#website"},"datePublished":"2020-01-07T16:27:41+00:00","dateModified":"2023-07-10T11:05:08+00:00","description":"Norske studenter skal bruke dette s\u00f8knadsskjemaet for \u00e5 s\u00f8ke om studentvisum for Australia. S\u00f8k online her: Bekreftelse av p\u00e5melding (CoE) er p\u00e5krevd.","breadcrumb":{"@id":"https:\/\/auvisa.org\/no\/visa-student\/#breadcrumb"},"inLanguage":"nn-NO","potentialAction":[{"@type":"ReadAction","target":["https:\/\/auvisa.org\/no\/visa-student\/"]}]},{"@type":"BreadcrumbList","@id":"https:\/\/auvisa.org\/no\/visa-student\/#breadcrumb","itemListElement":[{"@type":"ListItem","position":1,"name":"Home","item":"https:\/\/auvisa.org\/no\/"},{"@type":"ListItem","position":2,"name":"S\u00f8k om Australsk Studentvisum: s\u00f8knadsskjema (Norge)"}]},{"@type":"WebSite","@id":"https:\/\/auvisa.org\/no\/#website","url":"https:\/\/auvisa.org\/no\/","name":"Auvisa.org","description":"","inLanguage":"nn-NO"}]}},"_links":{"self":[{"href":"https:\/\/auvisa.org\/no\/wp-json\/wp\/v2\/pages\/1747","targetHints":{"allow":["GET"]}}],"collection":[{"href":"https:\/\/auvisa.org\/no\/wp-json\/wp\/v2\/pages"}],"about":[{"href":"https:\/\/auvisa.org\/no\/wp-json\/wp\/v2\/types\/page"}],"author":[{"embeddable":true,"href":"https:\/\/auvisa.org\/no\/wp-json\/wp\/v2\/users\/3"}],"replies":[{"embeddable":true,"href":"https:\/\/auvisa.org\/no\/wp-json\/wp\/v2\/comments?post=1747"}],"version-history":[{"count":18,"href":"https:\/\/auvisa.org\/no\/wp-json\/wp\/v2\/pages\/1747\/revisions"}],"predecessor-version":[{"id":14721,"href":"https:\/\/auvisa.org\/no\/wp-json\/wp\/v2\/pages\/1747\/revisions\/14721"}],"wp:attachment":[{"href":"https:\/\/auvisa.org\/no\/wp-json\/wp\/v2\/media?parent=1747"}],"curies":[{"name":"wp","href":"https:\/\/api.w.org\/{rel}","templated":true}]}}