{"id":1752,"date":"2020-01-07T16:28:55","date_gmt":"2020-01-07T16:28:55","guid":{"rendered":"https:\/\/dev.auvisa.org\/?page_id=1752"},"modified":"2023-08-31T15:53:58","modified_gmt":"2023-08-31T13:53:58","slug":"visa-crew","status":"publish","type":"page","link":"https:\/\/auvisa.org\/no\/visa-crew\/","title":{"rendered":"S\u00f8k om Australsk MCV Visum: s\u00f8knadsskjema (Norge)"},"content":{"rendered":"\n<div style=\"height:20px\" aria-hidden=\"true\" class=\"wp-block-spacer\"><\/div>\n\n\n\n<p>Mannskapsvisum (Maritime Crew Visa) er for personer som ankommer eller forlater Australia sj\u00f8veien som mannskap.<\/p>\n\n\n\n<p>Du kan s\u00f8ke dersom du<\/p>\n\n\n\n<ul class=\"wp-block-list\"><li>Befinner deg utenfor Australia<\/li><li>Er eller kommer til \u00e5 v\u00e6re mannskap p\u00e5 et skip som ankommer eller forlater Australia.<\/li><li>Ankommer eller forlater Australia sj\u00f8veien som mannskap<\/li><\/ul>\n\n\n\n<p>Skipet m\u00e5 tilh\u00f8re en av disse kategoriene:<\/p>\n\n\n\n<ul class=\"wp-block-list\"><li>Handelsskip<\/li><li>Passasjerskip<\/li><li>Forskningsskip eid av andre lands myndigheter<\/li><li>Skip som av det australske utenriksdepartementet har f\u00e5tt &laquo;public vessel status&raquo;<\/li><\/ul>\n\n\n\n<p>Merk: Hvis du du ankommer Australia med fly m\u00e5 du ha et annet visum i tillegg til mannskapsvisumet. Det kan v\u00e6re enten <a class=\"aioseop-link\" href=\"\/no\/evisitor-visum-til-australia\/\">eVisitor<\/a> eller transittvisum.<\/p>\n\n\n\n<p><strong>VIKTIG:<\/strong><br>For \u00e5 fullf\u00f8re og sende inn s\u00f8knaden din, vil det v\u00e6re behov for en kopi av f\u00f8lgende dokumenter:<\/p>\n\n\n\n<ul class=\"wp-block-list\"><li>Siden med personopplysninger i passet<\/li><\/ul>\n\n\n\n<p>Hvis du ikke har alle n\u00f8dvendige dokumenter for \u00f8yeblikket, kan du lagre applikasjonen og laste opp dokumentene senere.<\/p>\n\n\n\n<p><strong>Prisen for visumet er <span class=\"woocommerce-Price-amount amount\"><bdi><span class=\"woocommerce-Price-currencySymbol\">&#107;&#114;<\/span>980,00<\/bdi><\/span>. Prisen inkluderer b\u00e5de Auvisa.orgs serviceavgift og statlige gebyrer (der det er aktuelt).<\/strong><\/p>\n\n\n\n<p><\/p>\n\n\n\n<h3 class=\"wp-block-heading\" id=\"skriv-inn-og-bekreft-e-postadressen-din-for-a-starte-den-elektroniske-soknaden\">Skriv inn og bekreft e-postadressen din for \u00e5 starte den elektroniske s\u00f8knaden:<\/h3>\n","protected":false},"excerpt":{"rendered":"<p>Mannskapsvisum (Maritime Crew Visa) er for personer som ankommer eller forlater Australia sj\u00f8veien som mannskap. Du kan s\u00f8ke dersom du [&#8230;]<\/p>\n<p><a class=\"btn btn-secondary understrap-read-more-link\" href=\"https:\/\/auvisa.org\/no\/visa-crew\/\">Read More&#8230;<span class=\"screen-reader-text\"> from S\u00f8k om Australsk MCV Visum: s\u00f8knadsskjema (Norge)<\/span><\/a><\/p>\n","protected":false},"author":3,"featured_media":0,"parent":0,"menu_order":28,"comment_status":"closed","ping_status":"closed","template":"templates\/tpl_acf_form.php","meta":{"inline_featured_image":false,"footnotes":""},"class_list":["post-1752","page","type-page","status-publish","hentry"],"yoast_head":"<!-- This site is optimized with the Yoast SEO plugin v26.9 - https:\/\/yoast.com\/product\/yoast-seo-wordpress\/ -->\n<title>S\u00f8k om MCV Visum for Australia: S\u00f8knadsskjema (Norge)<\/title>\n<meta name=\"description\" content=\"Norske statsborgere som skal inn i Australia som sj\u00f8besetning, m\u00e5 bruke dette s\u00f8knadsskjemaet for \u00e5 motta sitt MCV-visum om fire dager.\" \/>\n<meta name=\"robots\" content=\"index, follow, max-snippet:-1, max-image-preview:large, max-video-preview:-1\" \/>\n<link rel=\"canonical\" href=\"https:\/\/auvisa.org\/no\/visa-crew\/\" \/>\n<meta property=\"og:locale\" content=\"en_US\" \/>\n<meta property=\"og:type\" content=\"article\" \/>\n<meta property=\"og:title\" content=\"S\u00f8k om MCV Visum for Australia: S\u00f8knadsskjema (Norge)\" \/>\n<meta property=\"og:description\" content=\"Norske statsborgere som skal inn i Australia som sj\u00f8besetning, m\u00e5 bruke dette s\u00f8knadsskjemaet for \u00e5 motta sitt MCV-visum om fire dager.\" \/>\n<meta property=\"og:url\" content=\"https:\/\/auvisa.org\/no\/visa-crew\/\" \/>\n<meta property=\"og:site_name\" content=\"Auvisa.org\" \/>\n<meta property=\"article:modified_time\" content=\"2023-08-31T13:53:58+00:00\" \/>\n<meta name=\"twitter:card\" content=\"summary_large_image\" \/>\n<meta name=\"twitter:label1\" content=\"Est. reading time\" \/>\n\t<meta name=\"twitter:data1\" content=\"1 minutt\" \/>\n<script type=\"application\/ld+json\" class=\"yoast-schema-graph\">{\"@context\":\"https:\/\/schema.org\",\"@graph\":[{\"@type\":\"WebPage\",\"@id\":\"https:\/\/auvisa.org\/no\/visa-crew\/\",\"url\":\"https:\/\/auvisa.org\/no\/visa-crew\/\",\"name\":\"S\u00f8k om MCV Visum for Australia: S\u00f8knadsskjema (Norge)\",\"isPartOf\":{\"@id\":\"https:\/\/auvisa.org\/no\/#website\"},\"datePublished\":\"2020-01-07T16:28:55+00:00\",\"dateModified\":\"2023-08-31T13:53:58+00:00\",\"description\":\"Norske statsborgere som skal inn i Australia som sj\u00f8besetning, m\u00e5 bruke dette s\u00f8knadsskjemaet for \u00e5 motta sitt MCV-visum om fire dager.\",\"breadcrumb\":{\"@id\":\"https:\/\/auvisa.org\/no\/visa-crew\/#breadcrumb\"},\"inLanguage\":\"nn-NO\",\"potentialAction\":[{\"@type\":\"ReadAction\",\"target\":[\"https:\/\/auvisa.org\/no\/visa-crew\/\"]}]},{\"@type\":\"BreadcrumbList\",\"@id\":\"https:\/\/auvisa.org\/no\/visa-crew\/#breadcrumb\",\"itemListElement\":[{\"@type\":\"ListItem\",\"position\":1,\"name\":\"Home\",\"item\":\"https:\/\/auvisa.org\/no\/\"},{\"@type\":\"ListItem\",\"position\":2,\"name\":\"S\u00f8k om Australsk MCV Visum: s\u00f8knadsskjema (Norge)\"}]},{\"@type\":\"WebSite\",\"@id\":\"https:\/\/auvisa.org\/no\/#website\",\"url\":\"https:\/\/auvisa.org\/no\/\",\"name\":\"Auvisa.org\",\"description\":\"\",\"inLanguage\":\"nn-NO\"}]}<\/script>\n<!-- \/ Yoast SEO plugin. -->","yoast_head_json":{"title":"S\u00f8k om MCV Visum for Australia: S\u00f8knadsskjema (Norge)","description":"Norske statsborgere som skal inn i Australia som sj\u00f8besetning, m\u00e5 bruke dette s\u00f8knadsskjemaet for \u00e5 motta sitt MCV-visum om fire dager.","robots":{"index":"index","follow":"follow","max-snippet":"max-snippet:-1","max-image-preview":"max-image-preview:large","max-video-preview":"max-video-preview:-1"},"canonical":"https:\/\/auvisa.org\/no\/visa-crew\/","og_locale":"en_US","og_type":"article","og_title":"S\u00f8k om MCV Visum for Australia: S\u00f8knadsskjema (Norge)","og_description":"Norske statsborgere som skal inn i Australia som sj\u00f8besetning, m\u00e5 bruke dette s\u00f8knadsskjemaet for \u00e5 motta sitt MCV-visum om fire dager.","og_url":"https:\/\/auvisa.org\/no\/visa-crew\/","og_site_name":"Auvisa.org","article_modified_time":"2023-08-31T13:53:58+00:00","twitter_card":"summary_large_image","twitter_misc":{"Est. reading time":"1 minutt"},"schema":{"@context":"https:\/\/schema.org","@graph":[{"@type":"WebPage","@id":"https:\/\/auvisa.org\/no\/visa-crew\/","url":"https:\/\/auvisa.org\/no\/visa-crew\/","name":"S\u00f8k om MCV Visum for Australia: S\u00f8knadsskjema (Norge)","isPartOf":{"@id":"https:\/\/auvisa.org\/no\/#website"},"datePublished":"2020-01-07T16:28:55+00:00","dateModified":"2023-08-31T13:53:58+00:00","description":"Norske statsborgere som skal inn i Australia som sj\u00f8besetning, m\u00e5 bruke dette s\u00f8knadsskjemaet for \u00e5 motta sitt MCV-visum om fire dager.","breadcrumb":{"@id":"https:\/\/auvisa.org\/no\/visa-crew\/#breadcrumb"},"inLanguage":"nn-NO","potentialAction":[{"@type":"ReadAction","target":["https:\/\/auvisa.org\/no\/visa-crew\/"]}]},{"@type":"BreadcrumbList","@id":"https:\/\/auvisa.org\/no\/visa-crew\/#breadcrumb","itemListElement":[{"@type":"ListItem","position":1,"name":"Home","item":"https:\/\/auvisa.org\/no\/"},{"@type":"ListItem","position":2,"name":"S\u00f8k om Australsk MCV Visum: s\u00f8knadsskjema (Norge)"}]},{"@type":"WebSite","@id":"https:\/\/auvisa.org\/no\/#website","url":"https:\/\/auvisa.org\/no\/","name":"Auvisa.org","description":"","inLanguage":"nn-NO"}]}},"_links":{"self":[{"href":"https:\/\/auvisa.org\/no\/wp-json\/wp\/v2\/pages\/1752","targetHints":{"allow":["GET"]}}],"collection":[{"href":"https:\/\/auvisa.org\/no\/wp-json\/wp\/v2\/pages"}],"about":[{"href":"https:\/\/auvisa.org\/no\/wp-json\/wp\/v2\/types\/page"}],"author":[{"embeddable":true,"href":"https:\/\/auvisa.org\/no\/wp-json\/wp\/v2\/users\/3"}],"replies":[{"embeddable":true,"href":"https:\/\/auvisa.org\/no\/wp-json\/wp\/v2\/comments?post=1752"}],"version-history":[{"count":14,"href":"https:\/\/auvisa.org\/no\/wp-json\/wp\/v2\/pages\/1752\/revisions"}],"predecessor-version":[{"id":15120,"href":"https:\/\/auvisa.org\/no\/wp-json\/wp\/v2\/pages\/1752\/revisions\/15120"}],"wp:attachment":[{"href":"https:\/\/auvisa.org\/no\/wp-json\/wp\/v2\/media?parent=1752"}],"curies":[{"name":"wp","href":"https:\/\/api.w.org\/{rel}","templated":true}]}}