{"id":1754,"date":"2020-01-07T16:29:15","date_gmt":"2020-01-07T16:29:15","guid":{"rendered":"https:\/\/dev.auvisa.org\/?page_id=1754"},"modified":"2023-07-10T13:06:50","modified_gmt":"2023-07-10T11:06:50","slug":"visa-temporary","status":"publish","type":"page","link":"https:\/\/auvisa.org\/no\/visa-temporary\/","title":{"rendered":"S\u00f8k om Midlertidig Arbeidsvisum for Australia: S\u00f8knadsskjema (Norge)"},"content":{"rendered":"\n<div style=\"height:20px\" aria-hidden=\"true\" class=\"wp-block-spacer\"><\/div>\n\n\n\n<div class=\"wp-block-group\"><div class=\"wp-block-group__inner-container is-layout-flow wp-block-group-is-layout-flow\">\n<p>Dette visumet er for personer som skal til Australia for \u00e5 midlertidige arbeidsforhold. <\/p>\n\n\n\n<p><strong>Visumet kan utstedes med opp til tre m\u00e5neders varighet.<\/strong><\/p>\n\n\n\n<p>Du kan s\u00f8ke p\u00e5 dette visumet dersom<\/p>\n\n\n\n<ul class=\"wp-block-list\"><li>Du befinner der utenfor Australia<\/li><li>Du skal utf\u00f8re <strong>kortvarig, spesialisert arbeid<\/strong><\/li><li>Du skal delta p\u00e5 et <strong>kulturelt eller sosialt arrangement<\/strong><\/li><li>Du skal delta i <strong>aktiviteter eller arbeid for \u00e5 fremme Australias interesser<\/strong><\/li><\/ul>\n\n\n\n<p>For \u00e5 s\u00f8ke m\u00e5 du v\u00e6re <strong>invitert av det foretaket eller organisasjonen du skal jobbe for. <\/strong><\/p>\n\n\n\n<p>Du m\u00e5 ogs\u00e5 ha personlige egenskaper eller erfaring som er relevant for arbeidet. Du vil bli spurt om \u00e5 fremlegge diverse dokumenter i tilknytning til s\u00f8knaden.<\/p>\n\n\n\n<p>Prisen for visumet er <span class=\"woocommerce-Price-amount amount\"><bdi><span class=\"woocommerce-Price-currencySymbol\">&#107;&#114;<\/span>5.600,00<\/bdi><\/span>.<\/p>\n<\/div><\/div>\n\n\n\n<div style=\"height:38px\" aria-hidden=\"true\" class=\"wp-block-spacer\"><\/div>\n\n\n\n<p><strong>Skriv inn og bekreft e-postadressen din for \u00e5 starte den elektroniske s\u00f8knaden:<\/strong><\/p>\n","protected":false},"excerpt":{"rendered":"<p>Dette visumet er for personer som skal til Australia for \u00e5 midlertidige arbeidsforhold. Visumet kan utstedes med opp til tre [&#8230;]<\/p>\n<p><a class=\"btn btn-secondary understrap-read-more-link\" href=\"https:\/\/auvisa.org\/no\/visa-temporary\/\">Read More&#8230;<span class=\"screen-reader-text\"> from S\u00f8k om Midlertidig Arbeidsvisum for Australia: S\u00f8knadsskjema (Norge)<\/span><\/a><\/p>\n","protected":false},"author":3,"featured_media":0,"parent":0,"menu_order":38,"comment_status":"closed","ping_status":"closed","template":"templates\/tpl_acf_form.php","meta":{"inline_featured_image":false,"footnotes":""},"class_list":["post-1754","page","type-page","status-publish","hentry"],"yoast_head":"<!-- This site is optimized with the Yoast SEO plugin v26.9 - https:\/\/yoast.com\/product\/yoast-seo-wordpress\/ -->\n<title>S\u00f8k om Midlertidig Arbeidsvisum for Australia: S\u00f8knadsskjema (Norge)<\/title>\n<meta name=\"description\" content=\"Dette s\u00f8knadsskjemaet for midlertidig arbeidsvisum i Australia er for norske borgere som reiser til Australia for \u00e5 f\u00e5 midlertidig arbeidstillatelse. S\u00f8k online i dag.\" \/>\n<meta name=\"robots\" content=\"index, follow, max-snippet:-1, max-image-preview:large, max-video-preview:-1\" \/>\n<link rel=\"canonical\" href=\"https:\/\/auvisa.org\/no\/visa-temporary\/\" \/>\n<meta property=\"og:locale\" content=\"en_US\" \/>\n<meta property=\"og:type\" content=\"article\" \/>\n<meta property=\"og:title\" content=\"S\u00f8k om Midlertidig Arbeidsvisum for Australia: S\u00f8knadsskjema (Norge)\" \/>\n<meta property=\"og:description\" content=\"Dette s\u00f8knadsskjemaet for midlertidig arbeidsvisum i Australia er for norske borgere som reiser til Australia for \u00e5 f\u00e5 midlertidig arbeidstillatelse. S\u00f8k online i dag.\" \/>\n<meta property=\"og:url\" content=\"https:\/\/auvisa.org\/no\/visa-temporary\/\" \/>\n<meta property=\"og:site_name\" content=\"Auvisa.org\" \/>\n<meta property=\"article:modified_time\" content=\"2023-07-10T11:06:50+00:00\" \/>\n<meta name=\"twitter:card\" content=\"summary_large_image\" \/>\n<meta name=\"twitter:label1\" content=\"Est. reading time\" \/>\n\t<meta name=\"twitter:data1\" content=\"1 minutt\" \/>\n<script type=\"application\/ld+json\" class=\"yoast-schema-graph\">{\"@context\":\"https:\/\/schema.org\",\"@graph\":[{\"@type\":\"WebPage\",\"@id\":\"https:\/\/auvisa.org\/no\/visa-temporary\/\",\"url\":\"https:\/\/auvisa.org\/no\/visa-temporary\/\",\"name\":\"S\u00f8k om Midlertidig Arbeidsvisum for Australia: S\u00f8knadsskjema (Norge)\",\"isPartOf\":{\"@id\":\"https:\/\/auvisa.org\/no\/#website\"},\"datePublished\":\"2020-01-07T16:29:15+00:00\",\"dateModified\":\"2023-07-10T11:06:50+00:00\",\"description\":\"Dette s\u00f8knadsskjemaet for midlertidig arbeidsvisum i Australia er for norske borgere som reiser til Australia for \u00e5 f\u00e5 midlertidig arbeidstillatelse. S\u00f8k online i dag.\",\"breadcrumb\":{\"@id\":\"https:\/\/auvisa.org\/no\/visa-temporary\/#breadcrumb\"},\"inLanguage\":\"nn-NO\",\"potentialAction\":[{\"@type\":\"ReadAction\",\"target\":[\"https:\/\/auvisa.org\/no\/visa-temporary\/\"]}]},{\"@type\":\"BreadcrumbList\",\"@id\":\"https:\/\/auvisa.org\/no\/visa-temporary\/#breadcrumb\",\"itemListElement\":[{\"@type\":\"ListItem\",\"position\":1,\"name\":\"Home\",\"item\":\"https:\/\/auvisa.org\/no\/\"},{\"@type\":\"ListItem\",\"position\":2,\"name\":\"S\u00f8k om Midlertidig Arbeidsvisum for Australia: S\u00f8knadsskjema (Norge)\"}]},{\"@type\":\"WebSite\",\"@id\":\"https:\/\/auvisa.org\/no\/#website\",\"url\":\"https:\/\/auvisa.org\/no\/\",\"name\":\"Auvisa.org\",\"description\":\"\",\"inLanguage\":\"nn-NO\"}]}<\/script>\n<!-- \/ Yoast SEO plugin. -->","yoast_head_json":{"title":"S\u00f8k om Midlertidig Arbeidsvisum for Australia: S\u00f8knadsskjema (Norge)","description":"Dette s\u00f8knadsskjemaet for midlertidig arbeidsvisum i Australia er for norske borgere som reiser til Australia for \u00e5 f\u00e5 midlertidig arbeidstillatelse. S\u00f8k online i dag.","robots":{"index":"index","follow":"follow","max-snippet":"max-snippet:-1","max-image-preview":"max-image-preview:large","max-video-preview":"max-video-preview:-1"},"canonical":"https:\/\/auvisa.org\/no\/visa-temporary\/","og_locale":"en_US","og_type":"article","og_title":"S\u00f8k om Midlertidig Arbeidsvisum for Australia: S\u00f8knadsskjema (Norge)","og_description":"Dette s\u00f8knadsskjemaet for midlertidig arbeidsvisum i Australia er for norske borgere som reiser til Australia for \u00e5 f\u00e5 midlertidig arbeidstillatelse. S\u00f8k online i dag.","og_url":"https:\/\/auvisa.org\/no\/visa-temporary\/","og_site_name":"Auvisa.org","article_modified_time":"2023-07-10T11:06:50+00:00","twitter_card":"summary_large_image","twitter_misc":{"Est. reading time":"1 minutt"},"schema":{"@context":"https:\/\/schema.org","@graph":[{"@type":"WebPage","@id":"https:\/\/auvisa.org\/no\/visa-temporary\/","url":"https:\/\/auvisa.org\/no\/visa-temporary\/","name":"S\u00f8k om Midlertidig Arbeidsvisum for Australia: S\u00f8knadsskjema (Norge)","isPartOf":{"@id":"https:\/\/auvisa.org\/no\/#website"},"datePublished":"2020-01-07T16:29:15+00:00","dateModified":"2023-07-10T11:06:50+00:00","description":"Dette s\u00f8knadsskjemaet for midlertidig arbeidsvisum i Australia er for norske borgere som reiser til Australia for \u00e5 f\u00e5 midlertidig arbeidstillatelse. S\u00f8k online i dag.","breadcrumb":{"@id":"https:\/\/auvisa.org\/no\/visa-temporary\/#breadcrumb"},"inLanguage":"nn-NO","potentialAction":[{"@type":"ReadAction","target":["https:\/\/auvisa.org\/no\/visa-temporary\/"]}]},{"@type":"BreadcrumbList","@id":"https:\/\/auvisa.org\/no\/visa-temporary\/#breadcrumb","itemListElement":[{"@type":"ListItem","position":1,"name":"Home","item":"https:\/\/auvisa.org\/no\/"},{"@type":"ListItem","position":2,"name":"S\u00f8k om Midlertidig Arbeidsvisum for Australia: S\u00f8knadsskjema (Norge)"}]},{"@type":"WebSite","@id":"https:\/\/auvisa.org\/no\/#website","url":"https:\/\/auvisa.org\/no\/","name":"Auvisa.org","description":"","inLanguage":"nn-NO"}]}},"_links":{"self":[{"href":"https:\/\/auvisa.org\/no\/wp-json\/wp\/v2\/pages\/1754","targetHints":{"allow":["GET"]}}],"collection":[{"href":"https:\/\/auvisa.org\/no\/wp-json\/wp\/v2\/pages"}],"about":[{"href":"https:\/\/auvisa.org\/no\/wp-json\/wp\/v2\/types\/page"}],"author":[{"embeddable":true,"href":"https:\/\/auvisa.org\/no\/wp-json\/wp\/v2\/users\/3"}],"replies":[{"embeddable":true,"href":"https:\/\/auvisa.org\/no\/wp-json\/wp\/v2\/comments?post=1754"}],"version-history":[{"count":16,"href":"https:\/\/auvisa.org\/no\/wp-json\/wp\/v2\/pages\/1754\/revisions"}],"predecessor-version":[{"id":14723,"href":"https:\/\/auvisa.org\/no\/wp-json\/wp\/v2\/pages\/1754\/revisions\/14723"}],"wp:attachment":[{"href":"https:\/\/auvisa.org\/no\/wp-json\/wp\/v2\/media?parent=1754"}],"curies":[{"name":"wp","href":"https:\/\/api.w.org\/{rel}","templated":true}]}}