{"id":2626,"date":"2020-05-13T17:54:42","date_gmt":"2020-05-13T17:54:42","guid":{"rendered":"https:\/\/auvisa.org\/no\/?page_id=2626"},"modified":"2020-06-03T07:51:56","modified_gmt":"2020-06-03T07:51:56","slug":"andre-working-holiday-visum","status":"publish","type":"page","link":"https:\/\/auvisa.org\/no\/andre-working-holiday-visum\/","title":{"rendered":"Andre Working Holiday visum til Australia (Norske borgere)"},"content":{"rendered":"\n<p><strong>Mer informasjon om andre arbeidsvisum<\/strong><\/p>\n\n\n\n<h3 class=\"wp-block-heading\" id=\"first-paragraph\">Du kan s\u00f8ke et nytt arbeidsvisumvisum hvis du oppfyller visse krav:<\/h3>\n\n\n\n<ul class=\"wp-block-list\"><li>Alt som ogs\u00e5 gjelder&nbsp;for <a href=\"\/no\/working-holiday-visum-til-australia\/\" class=\"aioseop-link\">det f\u00f8rste visumet for arbeidsferiearbeidsferievisumet<\/a>&nbsp;, pluss:<ul><li>har oppfylt alle vilk\u00e5rene p\u00e5 ditt f\u00f8rste arbeidsferievisum<\/li><li>har ikke tidligere&nbsp;skaffet&nbsp;mer enn ett arbeidsferievisumWorking Holiday Visum tidligere<\/li><li>har fullf\u00f8rt tre m\u00e5neder med&nbsp;<a href=\"\/no\/working-holiday-visum-til-australia\/#spesifisert\" class=\"aioseop-link\">spesifisert&nbsp;w&nbsp;ork<\/a>arbeid&nbsp;i regionale&nbsp;omr\u00e5der i&nbsp;Australia mens du er p\u00e5 ditt f\u00f8rste Working Holiday visum.&nbsp;&nbsp;<\/li><\/ul><\/li><\/ul>\n\n\n\n<p>Hvis du for \u00f8yeblikket er i Australia p\u00e5 ditt f\u00f8rste visum for arbeidsferie, og \u00f8nsker \u00e5 bli v\u00e6rende i landet, b\u00f8r du&nbsp;<strong>s\u00f8ke om det andre visumet til arbeidsferie f\u00f8r det f\u00f8rste utl\u00f8per&nbsp;<\/strong>.&nbsp;<\/p>\n\n\n\n<p>\u201c&nbsp;Angitt&nbsp;WorkArbeid&nbsp;\u201d&nbsp;er arbeid som utf\u00f8res i&nbsp;<strong>en serie avrekke angitte jobben jobber eller type industri og regioner&nbsp;<\/strong>, inkludert:&nbsp;<\/p>\n\n\n\n<ul class=\"wp-block-list\"><li><strong>Fiske og perle&nbsp;<\/strong>i Nord-Australia<\/li><li><strong>Treoppdrett&nbsp;<\/strong>og felling i Nord-Australia<\/li><li><strong>Turisme og gjestfrihet&nbsp;<\/strong>i Nord-Australia<\/li><li><strong>Dyrking av planter og dyr&nbsp;<\/strong>i Nord-Australia og andre spesifiserte regioner<\/li><\/ul>\n\n\n\n<p>Mer info om spesifiserte jobber kan du finne i den&nbsp;<a href=\"\/no\/working-holiday-visum-til-australia\/#spesifisert\" class=\"aioseop-link\">dedikerte arbeidsvisumsvisa-delen<\/a>&nbsp;.&nbsp;<\/p>\n\n\n\n<div class=\"text-right\"><a href=\"\/no\/visa-workingsecond\/\" class=\"btn  px-5 btn-green\">S\u00f8k om Andre WHV-visum<\/a><\/div>\n","protected":false},"excerpt":{"rendered":"<p>Mer informasjon om andre arbeidsvisum Du kan s\u00f8ke et nytt arbeidsvisumvisum hvis du oppfyller visse krav: Alt som ogs\u00e5 gjelder&nbsp;for [&#8230;]<\/p>\n<p><a class=\"btn btn-secondary understrap-read-more-link\" href=\"https:\/\/auvisa.org\/no\/andre-working-holiday-visum\/\">Read More&#8230;<span class=\"screen-reader-text\"> from Andre Working Holiday visum til Australia (Norske borgere)<\/span><\/a><\/p>\n","protected":false},"author":5,"featured_media":0,"parent":0,"menu_order":5,"comment_status":"closed","ping_status":"closed","template":"templates\/tpl_spiegazione.php","meta":{"inline_featured_image":false,"footnotes":""},"class_list":["post-2626","page","type-page","status-publish","hentry"],"yoast_head":"<!-- This site is optimized with the Yoast SEO plugin v26.9 - https:\/\/yoast.com\/product\/yoast-seo-wordpress\/ -->\n<title>Andre Working Holiday Visa til Australia for norske borgere<\/title>\n<meta name=\"description\" content=\"Et andre arbeidsferievisum er for de som allerede har f\u00e5tt innvilget et Working Holiday Visum og \u00f8nsker \u00e5 forlenge ferien i Australia. S\u00f8k online.\" \/>\n<meta name=\"robots\" content=\"index, follow, max-snippet:-1, max-image-preview:large, max-video-preview:-1\" \/>\n<link rel=\"canonical\" href=\"https:\/\/auvisa.org\/no\/andre-working-holiday-visum\/\" \/>\n<meta property=\"og:locale\" content=\"en_US\" \/>\n<meta property=\"og:type\" content=\"article\" \/>\n<meta property=\"og:title\" content=\"Andre Working Holiday Visa til Australia for norske borgere\" \/>\n<meta property=\"og:description\" content=\"Et andre arbeidsferievisum er for de som allerede har f\u00e5tt innvilget et Working Holiday Visum og \u00f8nsker \u00e5 forlenge ferien i Australia. S\u00f8k online.\" \/>\n<meta property=\"og:url\" content=\"https:\/\/auvisa.org\/no\/andre-working-holiday-visum\/\" \/>\n<meta property=\"og:site_name\" content=\"Auvisa.org\" \/>\n<meta property=\"article:modified_time\" content=\"2020-06-03T07:51:56+00:00\" \/>\n<meta name=\"twitter:card\" content=\"summary_large_image\" \/>\n<meta name=\"twitter:label1\" content=\"Est. reading time\" \/>\n\t<meta name=\"twitter:data1\" content=\"1 minutt\" \/>\n<script type=\"application\/ld+json\" class=\"yoast-schema-graph\">{\"@context\":\"https:\/\/schema.org\",\"@graph\":[{\"@type\":\"WebPage\",\"@id\":\"https:\/\/auvisa.org\/no\/andre-working-holiday-visum\/\",\"url\":\"https:\/\/auvisa.org\/no\/andre-working-holiday-visum\/\",\"name\":\"Andre Working Holiday Visa til Australia for norske borgere\",\"isPartOf\":{\"@id\":\"https:\/\/auvisa.org\/no\/#website\"},\"datePublished\":\"2020-05-13T17:54:42+00:00\",\"dateModified\":\"2020-06-03T07:51:56+00:00\",\"description\":\"Et andre arbeidsferievisum er for de som allerede har f\u00e5tt innvilget et Working Holiday Visum og \u00f8nsker \u00e5 forlenge ferien i Australia. S\u00f8k online.\",\"breadcrumb\":{\"@id\":\"https:\/\/auvisa.org\/no\/andre-working-holiday-visum\/#breadcrumb\"},\"inLanguage\":\"nn-NO\",\"potentialAction\":[{\"@type\":\"ReadAction\",\"target\":[\"https:\/\/auvisa.org\/no\/andre-working-holiday-visum\/\"]}]},{\"@type\":\"BreadcrumbList\",\"@id\":\"https:\/\/auvisa.org\/no\/andre-working-holiday-visum\/#breadcrumb\",\"itemListElement\":[{\"@type\":\"ListItem\",\"position\":1,\"name\":\"Home\",\"item\":\"https:\/\/auvisa.org\/no\/\"},{\"@type\":\"ListItem\",\"position\":2,\"name\":\"Andre Working Holiday visum til Australia (Norske borgere)\"}]},{\"@type\":\"WebSite\",\"@id\":\"https:\/\/auvisa.org\/no\/#website\",\"url\":\"https:\/\/auvisa.org\/no\/\",\"name\":\"Auvisa.org\",\"description\":\"\",\"inLanguage\":\"nn-NO\"}]}<\/script>\n<!-- \/ Yoast SEO plugin. -->","yoast_head_json":{"title":"Andre Working Holiday Visa til Australia for norske borgere","description":"Et andre arbeidsferievisum er for de som allerede har f\u00e5tt innvilget et Working Holiday Visum og \u00f8nsker \u00e5 forlenge ferien i Australia. S\u00f8k online.","robots":{"index":"index","follow":"follow","max-snippet":"max-snippet:-1","max-image-preview":"max-image-preview:large","max-video-preview":"max-video-preview:-1"},"canonical":"https:\/\/auvisa.org\/no\/andre-working-holiday-visum\/","og_locale":"en_US","og_type":"article","og_title":"Andre Working Holiday Visa til Australia for norske borgere","og_description":"Et andre arbeidsferievisum er for de som allerede har f\u00e5tt innvilget et Working Holiday Visum og \u00f8nsker \u00e5 forlenge ferien i Australia. S\u00f8k online.","og_url":"https:\/\/auvisa.org\/no\/andre-working-holiday-visum\/","og_site_name":"Auvisa.org","article_modified_time":"2020-06-03T07:51:56+00:00","twitter_card":"summary_large_image","twitter_misc":{"Est. reading time":"1 minutt"},"schema":{"@context":"https:\/\/schema.org","@graph":[{"@type":"WebPage","@id":"https:\/\/auvisa.org\/no\/andre-working-holiday-visum\/","url":"https:\/\/auvisa.org\/no\/andre-working-holiday-visum\/","name":"Andre Working Holiday Visa til Australia for norske borgere","isPartOf":{"@id":"https:\/\/auvisa.org\/no\/#website"},"datePublished":"2020-05-13T17:54:42+00:00","dateModified":"2020-06-03T07:51:56+00:00","description":"Et andre arbeidsferievisum er for de som allerede har f\u00e5tt innvilget et Working Holiday Visum og \u00f8nsker \u00e5 forlenge ferien i Australia. S\u00f8k online.","breadcrumb":{"@id":"https:\/\/auvisa.org\/no\/andre-working-holiday-visum\/#breadcrumb"},"inLanguage":"nn-NO","potentialAction":[{"@type":"ReadAction","target":["https:\/\/auvisa.org\/no\/andre-working-holiday-visum\/"]}]},{"@type":"BreadcrumbList","@id":"https:\/\/auvisa.org\/no\/andre-working-holiday-visum\/#breadcrumb","itemListElement":[{"@type":"ListItem","position":1,"name":"Home","item":"https:\/\/auvisa.org\/no\/"},{"@type":"ListItem","position":2,"name":"Andre Working Holiday visum til Australia (Norske borgere)"}]},{"@type":"WebSite","@id":"https:\/\/auvisa.org\/no\/#website","url":"https:\/\/auvisa.org\/no\/","name":"Auvisa.org","description":"","inLanguage":"nn-NO"}]}},"_links":{"self":[{"href":"https:\/\/auvisa.org\/no\/wp-json\/wp\/v2\/pages\/2626","targetHints":{"allow":["GET"]}}],"collection":[{"href":"https:\/\/auvisa.org\/no\/wp-json\/wp\/v2\/pages"}],"about":[{"href":"https:\/\/auvisa.org\/no\/wp-json\/wp\/v2\/types\/page"}],"author":[{"embeddable":true,"href":"https:\/\/auvisa.org\/no\/wp-json\/wp\/v2\/users\/5"}],"replies":[{"embeddable":true,"href":"https:\/\/auvisa.org\/no\/wp-json\/wp\/v2\/comments?post=2626"}],"version-history":[{"count":14,"href":"https:\/\/auvisa.org\/no\/wp-json\/wp\/v2\/pages\/2626\/revisions"}],"predecessor-version":[{"id":2792,"href":"https:\/\/auvisa.org\/no\/wp-json\/wp\/v2\/pages\/2626\/revisions\/2792"}],"wp:attachment":[{"href":"https:\/\/auvisa.org\/no\/wp-json\/wp\/v2\/media?parent=2626"}],"curies":[{"name":"wp","href":"https:\/\/api.w.org\/{rel}","templated":true}]}}