{"id":2637,"date":"2020-05-13T19:04:13","date_gmt":"2020-05-13T19:04:13","guid":{"rendered":"https:\/\/auvisa.org\/no\/?page_id=2637"},"modified":"2020-06-03T07:45:53","modified_gmt":"2020-06-03T07:45:53","slug":"midlertidig-arbeidsvisum-for-australia-norge","status":"publish","type":"page","link":"https:\/\/auvisa.org\/no\/midlertidig-arbeidsvisum-for-australia-norge\/","title":{"rendered":"Midlertidig arbeidsvisum for Australia (Norge)"},"content":{"rendered":"\n<h2 class=\"wp-block-heading\" id=\"first-paragraph\">Midlertidig arbeidsvisum<\/h2>\n\n\n\n<p>Dette visumet er for personer som skal til Australia for \u00e5 midlertidige arbeidsforhold. <\/p>\n\n\n\n<p><strong>Visumet kan utstedes med opp til tre m\u00e5neders varighet.<\/strong><\/p>\n\n\n\n<p>Du kan s\u00f8ke p\u00e5 dette visumet dersom.<\/p>\n\n\n\n<ul class=\"wp-block-list\"><li>Du befinner der utenfor Australia<\/li><li>Du skal utf\u00f8re <strong>kortvarig, spesialisert arbeid<\/strong><\/li><li>Du skal delta p\u00e5 et <strong>kulturelt eller sosialt arrangement<\/strong><\/li><li>Du skal delta i <strong>aktiviteter eller arbeid for \u00e5 fremme Australias interesser<\/strong><\/li><\/ul>\n\n\n\n<p>For \u00e5 s\u00f8ke m\u00e5 du v\u00e6re <strong>invitert av det foretaket eller organisasjonen du skal jobbe for.<\/strong> <\/p>\n\n\n\n<p>Du m\u00e5 ogs\u00e5 ha personlige egenskaper eller erfaring som er relevant for arbeidet. Du vil bli spurt om \u00e5 fremlegge diverse dokumenter i tilknytning til s\u00f8knaden.<\/p>\n","protected":false},"excerpt":{"rendered":"<p>Midlertidig arbeidsvisum Dette visumet er for personer som skal til Australia for \u00e5 midlertidige arbeidsforhold. Visumet kan utstedes med opp [&#8230;]<\/p>\n<p><a class=\"btn btn-secondary understrap-read-more-link\" href=\"https:\/\/auvisa.org\/no\/midlertidig-arbeidsvisum-for-australia-norge\/\">Read More&#8230;<span class=\"screen-reader-text\"> from Midlertidig arbeidsvisum for Australia (Norge)<\/span><\/a><\/p>\n","protected":false},"author":5,"featured_media":0,"parent":0,"menu_order":20,"comment_status":"closed","ping_status":"closed","template":"templates\/tpl_spiegazione.php","meta":{"inline_featured_image":false,"footnotes":""},"class_list":["post-2637","page","type-page","status-publish","hentry"],"yoast_head":"<!-- This site is optimized with the Yoast SEO plugin v26.9 - https:\/\/yoast.com\/product\/yoast-seo-wordpress\/ -->\n<title>Visum for midlertidig arbeid i Australia (Norge): S\u00f8k n\u00e5 online<\/title>\n<meta name=\"description\" content=\"Et australsk visum for midlertidig arbeid (underklasse 400) er for norske statsborgere som skal til Australia for \u00e5 gj\u00f8re h\u00f8yt spesialisert, midlertidig arbeid. S\u00f8k online.\" \/>\n<meta name=\"robots\" content=\"index, follow, max-snippet:-1, max-image-preview:large, max-video-preview:-1\" \/>\n<link rel=\"canonical\" href=\"https:\/\/auvisa.org\/no\/midlertidig-arbeidsvisum-for-australia-norge\/\" \/>\n<meta property=\"og:locale\" content=\"en_US\" \/>\n<meta property=\"og:type\" content=\"article\" \/>\n<meta property=\"og:title\" content=\"Visum for midlertidig arbeid i Australia (Norge): S\u00f8k n\u00e5 online\" \/>\n<meta property=\"og:description\" content=\"Et australsk visum for midlertidig arbeid (underklasse 400) er for norske statsborgere som skal til Australia for \u00e5 gj\u00f8re h\u00f8yt spesialisert, midlertidig arbeid. S\u00f8k online.\" \/>\n<meta property=\"og:url\" content=\"https:\/\/auvisa.org\/no\/midlertidig-arbeidsvisum-for-australia-norge\/\" \/>\n<meta property=\"og:site_name\" content=\"Auvisa.org\" \/>\n<meta property=\"article:modified_time\" content=\"2020-06-03T07:45:53+00:00\" \/>\n<meta name=\"twitter:card\" content=\"summary_large_image\" \/>\n<meta name=\"twitter:label1\" content=\"Est. reading time\" \/>\n\t<meta name=\"twitter:data1\" content=\"1 minutt\" \/>\n<script type=\"application\/ld+json\" class=\"yoast-schema-graph\">{\"@context\":\"https:\/\/schema.org\",\"@graph\":[{\"@type\":\"WebPage\",\"@id\":\"https:\/\/auvisa.org\/no\/midlertidig-arbeidsvisum-for-australia-norge\/\",\"url\":\"https:\/\/auvisa.org\/no\/midlertidig-arbeidsvisum-for-australia-norge\/\",\"name\":\"Visum for midlertidig arbeid i Australia (Norge): S\u00f8k n\u00e5 online\",\"isPartOf\":{\"@id\":\"https:\/\/auvisa.org\/no\/#website\"},\"datePublished\":\"2020-05-13T19:04:13+00:00\",\"dateModified\":\"2020-06-03T07:45:53+00:00\",\"description\":\"Et australsk visum for midlertidig arbeid (underklasse 400) er for norske statsborgere som skal til Australia for \u00e5 gj\u00f8re h\u00f8yt spesialisert, midlertidig arbeid. S\u00f8k online.\",\"breadcrumb\":{\"@id\":\"https:\/\/auvisa.org\/no\/midlertidig-arbeidsvisum-for-australia-norge\/#breadcrumb\"},\"inLanguage\":\"nn-NO\",\"potentialAction\":[{\"@type\":\"ReadAction\",\"target\":[\"https:\/\/auvisa.org\/no\/midlertidig-arbeidsvisum-for-australia-norge\/\"]}]},{\"@type\":\"BreadcrumbList\",\"@id\":\"https:\/\/auvisa.org\/no\/midlertidig-arbeidsvisum-for-australia-norge\/#breadcrumb\",\"itemListElement\":[{\"@type\":\"ListItem\",\"position\":1,\"name\":\"Home\",\"item\":\"https:\/\/auvisa.org\/no\/\"},{\"@type\":\"ListItem\",\"position\":2,\"name\":\"Midlertidig arbeidsvisum for Australia (Norge)\"}]},{\"@type\":\"WebSite\",\"@id\":\"https:\/\/auvisa.org\/no\/#website\",\"url\":\"https:\/\/auvisa.org\/no\/\",\"name\":\"Auvisa.org\",\"description\":\"\",\"inLanguage\":\"nn-NO\"}]}<\/script>\n<!-- \/ Yoast SEO plugin. -->","yoast_head_json":{"title":"Visum for midlertidig arbeid i Australia (Norge): S\u00f8k n\u00e5 online","description":"Et australsk visum for midlertidig arbeid (underklasse 400) er for norske statsborgere som skal til Australia for \u00e5 gj\u00f8re h\u00f8yt spesialisert, midlertidig arbeid. S\u00f8k online.","robots":{"index":"index","follow":"follow","max-snippet":"max-snippet:-1","max-image-preview":"max-image-preview:large","max-video-preview":"max-video-preview:-1"},"canonical":"https:\/\/auvisa.org\/no\/midlertidig-arbeidsvisum-for-australia-norge\/","og_locale":"en_US","og_type":"article","og_title":"Visum for midlertidig arbeid i Australia (Norge): S\u00f8k n\u00e5 online","og_description":"Et australsk visum for midlertidig arbeid (underklasse 400) er for norske statsborgere som skal til Australia for \u00e5 gj\u00f8re h\u00f8yt spesialisert, midlertidig arbeid. S\u00f8k online.","og_url":"https:\/\/auvisa.org\/no\/midlertidig-arbeidsvisum-for-australia-norge\/","og_site_name":"Auvisa.org","article_modified_time":"2020-06-03T07:45:53+00:00","twitter_card":"summary_large_image","twitter_misc":{"Est. reading time":"1 minutt"},"schema":{"@context":"https:\/\/schema.org","@graph":[{"@type":"WebPage","@id":"https:\/\/auvisa.org\/no\/midlertidig-arbeidsvisum-for-australia-norge\/","url":"https:\/\/auvisa.org\/no\/midlertidig-arbeidsvisum-for-australia-norge\/","name":"Visum for midlertidig arbeid i Australia (Norge): S\u00f8k n\u00e5 online","isPartOf":{"@id":"https:\/\/auvisa.org\/no\/#website"},"datePublished":"2020-05-13T19:04:13+00:00","dateModified":"2020-06-03T07:45:53+00:00","description":"Et australsk visum for midlertidig arbeid (underklasse 400) er for norske statsborgere som skal til Australia for \u00e5 gj\u00f8re h\u00f8yt spesialisert, midlertidig arbeid. S\u00f8k online.","breadcrumb":{"@id":"https:\/\/auvisa.org\/no\/midlertidig-arbeidsvisum-for-australia-norge\/#breadcrumb"},"inLanguage":"nn-NO","potentialAction":[{"@type":"ReadAction","target":["https:\/\/auvisa.org\/no\/midlertidig-arbeidsvisum-for-australia-norge\/"]}]},{"@type":"BreadcrumbList","@id":"https:\/\/auvisa.org\/no\/midlertidig-arbeidsvisum-for-australia-norge\/#breadcrumb","itemListElement":[{"@type":"ListItem","position":1,"name":"Home","item":"https:\/\/auvisa.org\/no\/"},{"@type":"ListItem","position":2,"name":"Midlertidig arbeidsvisum for Australia (Norge)"}]},{"@type":"WebSite","@id":"https:\/\/auvisa.org\/no\/#website","url":"https:\/\/auvisa.org\/no\/","name":"Auvisa.org","description":"","inLanguage":"nn-NO"}]}},"_links":{"self":[{"href":"https:\/\/auvisa.org\/no\/wp-json\/wp\/v2\/pages\/2637","targetHints":{"allow":["GET"]}}],"collection":[{"href":"https:\/\/auvisa.org\/no\/wp-json\/wp\/v2\/pages"}],"about":[{"href":"https:\/\/auvisa.org\/no\/wp-json\/wp\/v2\/types\/page"}],"author":[{"embeddable":true,"href":"https:\/\/auvisa.org\/no\/wp-json\/wp\/v2\/users\/5"}],"replies":[{"embeddable":true,"href":"https:\/\/auvisa.org\/no\/wp-json\/wp\/v2\/comments?post=2637"}],"version-history":[{"count":6,"href":"https:\/\/auvisa.org\/no\/wp-json\/wp\/v2\/pages\/2637\/revisions"}],"predecessor-version":[{"id":2789,"href":"https:\/\/auvisa.org\/no\/wp-json\/wp\/v2\/pages\/2637\/revisions\/2789"}],"wp:attachment":[{"href":"https:\/\/auvisa.org\/no\/wp-json\/wp\/v2\/media?parent=2637"}],"curies":[{"name":"wp","href":"https:\/\/api.w.org\/{rel}","templated":true}]}}