{"id":7057,"date":"2021-05-27T15:35:53","date_gmt":"2021-05-27T15:35:53","guid":{"rendered":"https:\/\/auvisa.org\/no\/?page_id=7057"},"modified":"2023-07-10T12:56:32","modified_gmt":"2023-07-10T10:56:32","slug":"visa-holidaysecond","status":"publish","type":"page","link":"https:\/\/auvisa.org\/no\/visa-holidaysecond\/","title":{"rendered":"S\u00f8k om Andre Working Holiday Visum for Australia"},"content":{"rendered":"\n<div style=\"height:20px\" aria-hidden=\"true\" class=\"wp-block-spacer\"><\/div>\n\n\n\n<p>Du kan s\u00f8ke et nytt arbeidsvisum hvis du&nbsp;<strong>oppfyller alle krav som gjelder for&nbsp;<\/strong><a href=\"\/no\/working-holiday-visum-til-australia\/\" class=\"aioseop-link\"><strong>arbeidsvisum<\/strong><\/a>&nbsp;og:&nbsp;&nbsp;<\/p>\n\n\n\n<ul class=\"wp-block-list\"><li>Har&nbsp;<strong>oppfylt alle vilk\u00e5rene&nbsp;<\/strong>p\u00e5 for ditt f\u00f8rste arbeidsferievisum&nbsp;&nbsp;<\/li><li>Har ikke tidligere hatt mer enn ett arbeidsvisumsvisumWorking Holiday Visum tidligere<\/li><li>Har fullf\u00f8rt&nbsp;<strong>tre m\u00e5neder med&nbsp;<\/strong><a href=\"\/no\/working-holiday-visum-til-australia\/#spesifisert\" class=\"aioseop-link\"><strong>spesifisert arbeid<\/strong><\/a><strong>&nbsp;i det regionale Australia&nbsp;<\/strong>mens du var p\u00e5under ditt f\u00f8rste arbeidsferievisum.&nbsp;&nbsp;<\/li><\/ul>\n\n\n\n<p>Godkjente bransjer for spesifisert arbeid inkluderer:<\/p>\n\n\n\n<ul class=\"wp-block-list\"><li>Dyrking av planter og dyr<\/li><li>Fiske og perle<\/li><li>Treoppdrett og felling<\/li><li>Gruvedrift<\/li><li>Konstruksjon<\/li><\/ul>\n\n\n\n<p>Legg merke til at hvis du for \u00f8yeblikket er i Australia p\u00e5 ditt f\u00f8rste visum for arbeidsferie, og \u00f8nsker \u00e5 bli v\u00e6re v\u00e6rende i landet,&nbsp;<strong>b\u00f8r du s\u00f8ke om det andre visumet til for arbeidsferie f\u00f8r det f\u00f8rste utl\u00f8per&nbsp;<\/strong>.&nbsp;<\/p>\n\n\n\n<p>Prisen for hvert visum er <span class=\"woocommerce-Price-amount amount\"><bdi><span class=\"woocommerce-Price-currencySymbol\">&#107;&#114;<\/span>6.195,00<\/bdi><\/span> per person.<\/p>\n\n\n\n<div style=\"height:58px\" aria-hidden=\"true\" class=\"wp-block-spacer\"><\/div>\n\n\n\n<h3 class=\"wp-block-heading\" id=\"skriv-inn-og-bekreft-e-postadressen-din-for-a-starte-den-elektroniske-soknaden\">Skriv inn og bekreft e-postadressen din for \u00e5 starte den elektroniske s\u00f8knaden:<\/h3>\n","protected":false},"excerpt":{"rendered":"<p>Du kan s\u00f8ke et nytt arbeidsvisum hvis du&nbsp;oppfyller alle krav som gjelder for&nbsp;arbeidsvisum&nbsp;og:&nbsp;&nbsp; Har&nbsp;oppfylt alle vilk\u00e5rene&nbsp;p\u00e5 for ditt f\u00f8rste arbeidsferievisum&nbsp;&nbsp; [&#8230;]<\/p>\n<p><a class=\"btn btn-secondary understrap-read-more-link\" href=\"https:\/\/auvisa.org\/no\/visa-holidaysecond\/\">Read More&#8230;<span class=\"screen-reader-text\"> from S\u00f8k om Andre Working Holiday Visum for Australia<\/span><\/a><\/p>\n","protected":false},"author":3,"featured_media":0,"parent":0,"menu_order":40,"comment_status":"closed","ping_status":"closed","template":"templates\/tpl_acf_form.php","meta":{"inline_featured_image":false,"footnotes":""},"class_list":["post-7057","page","type-page","status-publish","hentry"],"yoast_head":"<!-- This site is optimized with the Yoast SEO plugin v26.9 - https:\/\/yoast.com\/product\/yoast-seo-wordpress\/ -->\n<title>S\u00f8k om Andre Working Holiday Visum for Australia: S\u00f8knadsskjema<\/title>\n<meta name=\"description\" content=\"For \u00e5 forlenge ditt opphold i Australia, m\u00e5 du fylle ut skjemaet og s\u00f8ke om et andrearbeidsferievisum til Australia f\u00f8r ditt f\u00f8rste WHV g\u00e5r ut. Visum-bekreftelse p\u00e5 24 timer.\" \/>\n<meta name=\"robots\" content=\"index, follow, max-snippet:-1, max-image-preview:large, max-video-preview:-1\" \/>\n<link rel=\"canonical\" href=\"https:\/\/auvisa.org\/no\/visa-holidaysecond\/\" \/>\n<meta property=\"og:locale\" content=\"en_US\" \/>\n<meta property=\"og:type\" content=\"article\" \/>\n<meta property=\"og:title\" content=\"S\u00f8k om Andre Working Holiday Visum for Australia: S\u00f8knadsskjema\" \/>\n<meta property=\"og:description\" content=\"For \u00e5 forlenge ditt opphold i Australia, m\u00e5 du fylle ut skjemaet og s\u00f8ke om et andrearbeidsferievisum til Australia f\u00f8r ditt f\u00f8rste WHV g\u00e5r ut. Visum-bekreftelse p\u00e5 24 timer.\" \/>\n<meta property=\"og:url\" content=\"https:\/\/auvisa.org\/no\/visa-holidaysecond\/\" \/>\n<meta property=\"og:site_name\" content=\"Auvisa.org\" \/>\n<meta property=\"article:modified_time\" content=\"2023-07-10T10:56:32+00:00\" \/>\n<meta name=\"twitter:card\" content=\"summary_large_image\" \/>\n<meta name=\"twitter:label1\" content=\"Est. reading time\" \/>\n\t<meta name=\"twitter:data1\" content=\"1 minutt\" \/>\n<script type=\"application\/ld+json\" class=\"yoast-schema-graph\">{\"@context\":\"https:\/\/schema.org\",\"@graph\":[{\"@type\":\"WebPage\",\"@id\":\"https:\/\/auvisa.org\/no\/visa-holidaysecond\/\",\"url\":\"https:\/\/auvisa.org\/no\/visa-holidaysecond\/\",\"name\":\"S\u00f8k om Andre Working Holiday Visum for Australia: S\u00f8knadsskjema\",\"isPartOf\":{\"@id\":\"https:\/\/auvisa.org\/no\/#website\"},\"datePublished\":\"2021-05-27T15:35:53+00:00\",\"dateModified\":\"2023-07-10T10:56:32+00:00\",\"description\":\"For \u00e5 forlenge ditt opphold i Australia, m\u00e5 du fylle ut skjemaet og s\u00f8ke om et andrearbeidsferievisum til Australia f\u00f8r ditt f\u00f8rste WHV g\u00e5r ut. Visum-bekreftelse p\u00e5 24 timer.\",\"breadcrumb\":{\"@id\":\"https:\/\/auvisa.org\/no\/visa-holidaysecond\/#breadcrumb\"},\"inLanguage\":\"nn-NO\",\"potentialAction\":[{\"@type\":\"ReadAction\",\"target\":[\"https:\/\/auvisa.org\/no\/visa-holidaysecond\/\"]}]},{\"@type\":\"BreadcrumbList\",\"@id\":\"https:\/\/auvisa.org\/no\/visa-holidaysecond\/#breadcrumb\",\"itemListElement\":[{\"@type\":\"ListItem\",\"position\":1,\"name\":\"Home\",\"item\":\"https:\/\/auvisa.org\/no\/\"},{\"@type\":\"ListItem\",\"position\":2,\"name\":\"S\u00f8k om Andre Working Holiday Visum for Australia\"}]},{\"@type\":\"WebSite\",\"@id\":\"https:\/\/auvisa.org\/no\/#website\",\"url\":\"https:\/\/auvisa.org\/no\/\",\"name\":\"Auvisa.org\",\"description\":\"\",\"inLanguage\":\"nn-NO\"}]}<\/script>\n<!-- \/ Yoast SEO plugin. -->","yoast_head_json":{"title":"S\u00f8k om Andre Working Holiday Visum for Australia: S\u00f8knadsskjema","description":"For \u00e5 forlenge ditt opphold i Australia, m\u00e5 du fylle ut skjemaet og s\u00f8ke om et andrearbeidsferievisum til Australia f\u00f8r ditt f\u00f8rste WHV g\u00e5r ut. Visum-bekreftelse p\u00e5 24 timer.","robots":{"index":"index","follow":"follow","max-snippet":"max-snippet:-1","max-image-preview":"max-image-preview:large","max-video-preview":"max-video-preview:-1"},"canonical":"https:\/\/auvisa.org\/no\/visa-holidaysecond\/","og_locale":"en_US","og_type":"article","og_title":"S\u00f8k om Andre Working Holiday Visum for Australia: S\u00f8knadsskjema","og_description":"For \u00e5 forlenge ditt opphold i Australia, m\u00e5 du fylle ut skjemaet og s\u00f8ke om et andrearbeidsferievisum til Australia f\u00f8r ditt f\u00f8rste WHV g\u00e5r ut. Visum-bekreftelse p\u00e5 24 timer.","og_url":"https:\/\/auvisa.org\/no\/visa-holidaysecond\/","og_site_name":"Auvisa.org","article_modified_time":"2023-07-10T10:56:32+00:00","twitter_card":"summary_large_image","twitter_misc":{"Est. reading time":"1 minutt"},"schema":{"@context":"https:\/\/schema.org","@graph":[{"@type":"WebPage","@id":"https:\/\/auvisa.org\/no\/visa-holidaysecond\/","url":"https:\/\/auvisa.org\/no\/visa-holidaysecond\/","name":"S\u00f8k om Andre Working Holiday Visum for Australia: S\u00f8knadsskjema","isPartOf":{"@id":"https:\/\/auvisa.org\/no\/#website"},"datePublished":"2021-05-27T15:35:53+00:00","dateModified":"2023-07-10T10:56:32+00:00","description":"For \u00e5 forlenge ditt opphold i Australia, m\u00e5 du fylle ut skjemaet og s\u00f8ke om et andrearbeidsferievisum til Australia f\u00f8r ditt f\u00f8rste WHV g\u00e5r ut. Visum-bekreftelse p\u00e5 24 timer.","breadcrumb":{"@id":"https:\/\/auvisa.org\/no\/visa-holidaysecond\/#breadcrumb"},"inLanguage":"nn-NO","potentialAction":[{"@type":"ReadAction","target":["https:\/\/auvisa.org\/no\/visa-holidaysecond\/"]}]},{"@type":"BreadcrumbList","@id":"https:\/\/auvisa.org\/no\/visa-holidaysecond\/#breadcrumb","itemListElement":[{"@type":"ListItem","position":1,"name":"Home","item":"https:\/\/auvisa.org\/no\/"},{"@type":"ListItem","position":2,"name":"S\u00f8k om Andre Working Holiday Visum for Australia"}]},{"@type":"WebSite","@id":"https:\/\/auvisa.org\/no\/#website","url":"https:\/\/auvisa.org\/no\/","name":"Auvisa.org","description":"","inLanguage":"nn-NO"}]}},"_links":{"self":[{"href":"https:\/\/auvisa.org\/no\/wp-json\/wp\/v2\/pages\/7057","targetHints":{"allow":["GET"]}}],"collection":[{"href":"https:\/\/auvisa.org\/no\/wp-json\/wp\/v2\/pages"}],"about":[{"href":"https:\/\/auvisa.org\/no\/wp-json\/wp\/v2\/types\/page"}],"author":[{"embeddable":true,"href":"https:\/\/auvisa.org\/no\/wp-json\/wp\/v2\/users\/3"}],"replies":[{"embeddable":true,"href":"https:\/\/auvisa.org\/no\/wp-json\/wp\/v2\/comments?post=7057"}],"version-history":[{"count":3,"href":"https:\/\/auvisa.org\/no\/wp-json\/wp\/v2\/pages\/7057\/revisions"}],"predecessor-version":[{"id":14709,"href":"https:\/\/auvisa.org\/no\/wp-json\/wp\/v2\/pages\/7057\/revisions\/14709"}],"wp:attachment":[{"href":"https:\/\/auvisa.org\/no\/wp-json\/wp\/v2\/media?parent=7057"}],"curies":[{"name":"wp","href":"https:\/\/api.w.org\/{rel}","templated":true}]}}