{"id":715,"date":"2015-08-15T18:10:14","date_gmt":"2015-08-15T18:10:14","guid":{"rendered":"https:\/\/auvisa.org\/?p=715"},"modified":"2020-06-03T08:02:19","modified_gmt":"2020-06-03T08:02:19","slug":"studentvisum-til-australia","status":"publish","type":"page","link":"https:\/\/auvisa.org\/no\/studentvisum-til-australia\/","title":{"rendered":"Studentvisum til Australia"},"content":{"rendered":"<h2 id=\"first-paragraph\">Studentvisum for Australia, sp\u00f8rsm\u00e5l og svar (norske studenter)<\/h2>\n<h3>Hva er en reell student?<\/h3>\n<p>For \u00e5 tilfredsstille dette kravet m\u00e5 du vise at du har en reell interesse i \u00e5 gjennomf\u00f8re studiet. Du m\u00e5 ha tilstrekkelige <strong>spr\u00e5kkunnskaper<\/strong> til \u00e5 fullf\u00f8re studiet, og du m\u00e5 ha relevant studiebakgrunn for det studiet du planlegger \u00e5 ta.<\/p>\n<p>Du m\u00e5 ogs\u00e5 ha tilstrekkelig <strong>finansiering<\/strong> for \u00e5 kunne gjennomf\u00f8re studiet. Videre m\u00e5 du ha intensjon om \u00e5 etterleve visumreglene.<\/p>\n<div class=\"text-right\"><a href=\"\/no\/visa-student\/\" class=\"btn  px-5 btn-green\">S\u00f8k om Studentvisum<\/a><\/div>\n<h3>Hvem er reell midlertidig bes\u00f8kende?<\/h3>\n<p>En reell midlertidig bes\u00f8kende er en person som har til hensikt \u00e5 bes\u00f8ke Australia <strong>midlertidig for \u00e5 studere<\/strong> (eller som verge\/foresatt for en student), for deretter \u00e5 returnere til hjemlandet.<\/p>\n<p>Det er en rekke momenter i denne vurderingen:<\/p>\n<ul>\n<li>Forholdene i landet du bor i. Er det forhold som kan forhindre deg i \u00e5 returnere?<\/li>\n<li>Vil studiene i Australia ha en reell betydning for deg?<\/li>\n<li>Din immigrasjonshistorikk<\/li>\n<li>Andre forhold kan v\u00e6re aktuelle<\/li>\n<\/ul>\n<p>I tvilstilfeller kan du bli innkalt til et intervju p\u00e5 n\u00e6rmeste australske ambassade. <a href=\"\/no\/visa-student\/\"><strong>De fleste kan imidlertid s\u00f8ke p\u00e5 nett<\/strong><\/a>.<\/p>\n<div class=\"text-right\"><a href=\"\/no\/visa-student\/\" class=\"btn  px-5 btn-green\">S\u00f8k om Studentvisum<\/a><\/div>\n<h3>Hva er god vandel?<\/h3>\n<p>Du kan ikke ha <strong>kriminell bakgrunn eller v\u00e6re id\u00f8mt lengre fengselsstraffer<\/strong>. Hvis du har blitt id\u00f8mt fengselsstraff kan du bli nektet visum. I noen tilfeller m\u00e5 du fremlegge en politiattest.<\/p>\n<div class=\"text-right\"><a href=\"\/no\/visa-student\/\" class=\"btn  px-5 btn-green\">S\u00f8k om Studentvisum<\/a><\/div>\n<h3>Hva er de helsemessige kravene?<\/h3>\n<p>Du m\u00e5 <strong>v\u00e6re frisk<\/strong>. Du kan bli bedt om \u00e5 fremlegge dokumentasjon p\u00e5 at du har gjennomf\u00f8rt en helseunders\u00f8kelse. I s\u00e5 fall m\u00e5 unders\u00f8kelsen gjennomf\u00f8res av en lege utpekt av australske immigrasjonsmyndigheter.<\/p>\n<p>Studentvisumet gir ikke rettigheter i helsevesenet. Studenter fra alle land unntatt Norge og Belgia m\u00e5 kj\u00f8pe helseforsikringen <strong>\u00abOverseas Student Health Cover\u00bb (OSHC)<\/strong>. Du kan kj\u00f8pe denne fra ditt studiested eller fra selskaper som selger dette. Svenske studenter trenger bare \u00e5 gj\u00f8re dette dersom de ikke allerede har forsikring fra CSN International eller Kammarkollegiet.<\/p>\n<div class=\"text-right\"><a href=\"\/no\/visa-student\/\" class=\"btn  px-5 btn-green\">S\u00f8k om Studentvisum<\/a><\/div>\n<h3>Er det noen aldersgrense?<\/h3>\n<p><strong>Nei, det er det ikke<\/strong>. Studentvisum har ingen aldergrense s\u00e5 lenge du har blitt tatt opp ved et universitet eller en skole. Dette skiller seg fra for eksempel Working Holiday-visum som kun utstedes til personer mellom 18 og 31 \u00e5r.<\/p>\n<h3>Kan familien min v\u00e6re med dersom jeg har et studentvisum?<\/h3>\n<p>Ja, de kan v\u00e6re med til Australia. <strong>Dersom du er under 18 \u00e5r m\u00e5 du ha en verge med deg til Australia<\/strong>. Dine foreldre eller andre slektninger kan s\u00f8ke visum som din verge og bli med til Australia. De kan da f\u00e5 et visum med samme varighet som ditt studentvisum.<\/p>\n<div class=\"text-right\"><a href=\"\/no\/visa-student\/\" class=\"btn  px-5 btn-green\">S\u00f8k om Studentvisum<\/a><\/div>\n<h3>Kan jeg jobbe p\u00e5 studentvisum?<\/h3>\n<p>Ja, et studentvisum <strong>tillater opptil 40 timers<\/strong> arbeid i en toukers-periode. I skoleferiene kan du jobbe fulltid.<\/p>\n<p>Deltidsarbeid kan v\u00e6re en god m\u00e5te \u00e5 skaffe penger til husv\u00e6re og lommepenger. Men f\u00f8r du kan begynne \u00e5 jobbe m\u00e5 du ha et skattenummer (Tax File Number) og en bankkonto i en australsk bank.<\/p>\n<p>Husk at du ikke kan arbeide f\u00f8r studiet har begynt. Dersom du har med deg ektefelle eller barn kan disse ogs\u00e5 jobbe. Familiemedlemmer av en student kan imidlertid ikke arbeide mer enn 20 timer pr. uke, heller ikke i skoleferiene.<\/p>\n<div class=\"text-right\"><a href=\"\/no\/visa-student\/\" class=\"btn  px-5 btn-green\">S\u00f8k om Studentvisum<\/a><\/div>\n<h3>Kan jeg studere deltid og jobbe deltid?<\/h3>\n<p>Nei, <strong>du m\u00e5 ta et fulltidsstudium for \u00e5 f\u00e5 studentvisum<\/strong>. Hvis du vil studere deltid m\u00e5 du s\u00f8ke en annen visumtype. Da kan Working Holiday v\u00e6re et bedre alternativ.<\/p>\n<h3>Hvilke studier kan jeg ta?<\/h3>\n<p>Du kan ta alle typer studier som er australske myndigheter har godkjent for utenlandske studenter.<br \/>\nJeg har ikke noe inntaksbrev, kan jeg likevel s\u00f8ke?<\/p>\n<p>Nei, du m\u00e5 ha et inntaksbrev (Confirmation of Enrolment) f\u00f8r du kan sende s\u00f8knaden. Visums\u00f8knaden er en av de siste trinnene i prosessen du m\u00e5 gjennom for \u00e5 studere i Australia. F\u00f8rst m\u00e5 du s\u00f8ke og bli tatt opp ved studiestedet. Du m\u00e5 ogs\u00e5 bekrefte at du tar imot tilbudet og betale depositumdelen av studieavgiften. Du kan f\u00f8rst s\u00f8ke om visum etter at du har mottatt inntaksbrevet.<\/p>\n<h3>Jeg er allerede i Australia p\u00e5 et annet visum. Kan jeg s\u00f8ke om studentvisum?<\/h3>\n<p>Ja, i de fleste tilfeller kan du kan s\u00f8ke om studentvisum mens du er i Australia. Hvis visumet ditt har vilk\u00e5ret \u201cNo further stay\u201d kan du ikke s\u00f8ke om et nytt visum mens du er i Australia. Du m\u00e5 da forlate landet f\u00f8r du kan s\u00f8ke om et nytt visum.<\/p>\n<h3>Jeg har allerede et Working Holiday visa. Kan jeg likevel f\u00e5 et studentvisum?<\/h3>\n<p>Ja, det har ingen betydning. Det er ogs\u00e5 mulig \u00e5 f\u00e5 et nytt studentvisum om du har hatt et tidligere, s\u00e5 lenge du f\u00e5r et nytt inntaksbrev fra studiestedet.<\/p>\n<h3>Hvor lang er behandlingstiden?<\/h3>\n<p>Vanligvis er saksbehandlingstiden 1-3 uker. Det kan ta lenger tid dersom du m\u00e5 sende inn flere dokumenter. Pass p\u00e5 \u00e5 s\u00f8ke i god tid f\u00f8r avreise.<\/p>\n<div class=\"text-right\"><a href=\"\/no\/visa-student\/\" class=\"btn  px-5 btn-green\">S\u00f8k om Studentvisum<\/a><\/div>\n","protected":false},"excerpt":{"rendered":"<p>Studentvisum for Australia, sp\u00f8rsm\u00e5l og svar (norske studenter) Hva er en reell student? For \u00e5 tilfredsstille dette kravet m\u00e5 du [&#8230;]<\/p>\n<p><a class=\"btn btn-secondary understrap-read-more-link\" href=\"https:\/\/auvisa.org\/no\/studentvisum-til-australia\/\">Read More&#8230;<span class=\"screen-reader-text\"> from Studentvisum til Australia<\/span><\/a><\/p>\n","protected":false},"author":4,"featured_media":0,"parent":0,"menu_order":15,"comment_status":"closed","ping_status":"closed","template":"templates\/tpl_spiegazione.php","meta":{"inline_featured_image":false,"footnotes":""},"class_list":["post-715","page","type-page","status-publish","hentry"],"yoast_head":"<!-- This site is optimized with the Yoast SEO plugin v26.9 - https:\/\/yoast.com\/product\/yoast-seo-wordpress\/ -->\n<title>Studentvisum til Australia for Nordmenn: S\u00f8k online<\/title>\n<meta name=\"description\" content=\"Studentvisum til Australia lar norske studenter bo i Australia for universitets- eller skolestudier. S\u00f8k online.\" \/>\n<meta name=\"robots\" content=\"index, follow, max-snippet:-1, max-image-preview:large, max-video-preview:-1\" \/>\n<link rel=\"canonical\" href=\"https:\/\/auvisa.org\/no\/studentvisum-til-australia\/\" \/>\n<meta property=\"og:locale\" content=\"en_US\" \/>\n<meta property=\"og:type\" content=\"article\" \/>\n<meta property=\"og:title\" content=\"Studentvisum til Australia for Nordmenn: S\u00f8k online\" \/>\n<meta property=\"og:description\" content=\"Studentvisum til Australia lar norske studenter bo i Australia for universitets- eller skolestudier. S\u00f8k online.\" \/>\n<meta property=\"og:url\" content=\"https:\/\/auvisa.org\/no\/studentvisum-til-australia\/\" \/>\n<meta property=\"og:site_name\" content=\"Auvisa.org\" \/>\n<meta property=\"article:modified_time\" content=\"2020-06-03T08:02:19+00:00\" \/>\n<meta name=\"twitter:card\" content=\"summary_large_image\" \/>\n<meta name=\"twitter:label1\" content=\"Est. reading time\" \/>\n\t<meta name=\"twitter:data1\" content=\"4 minutt\" \/>\n<script type=\"application\/ld+json\" class=\"yoast-schema-graph\">{\"@context\":\"https:\/\/schema.org\",\"@graph\":[{\"@type\":\"WebPage\",\"@id\":\"https:\/\/auvisa.org\/no\/studentvisum-til-australia\/\",\"url\":\"https:\/\/auvisa.org\/no\/studentvisum-til-australia\/\",\"name\":\"Studentvisum til Australia for Nordmenn: S\u00f8k online\",\"isPartOf\":{\"@id\":\"https:\/\/auvisa.org\/no\/#website\"},\"datePublished\":\"2015-08-15T18:10:14+00:00\",\"dateModified\":\"2020-06-03T08:02:19+00:00\",\"description\":\"Studentvisum til Australia lar norske studenter bo i Australia for universitets- eller skolestudier. S\u00f8k online.\",\"breadcrumb\":{\"@id\":\"https:\/\/auvisa.org\/no\/studentvisum-til-australia\/#breadcrumb\"},\"inLanguage\":\"nn-NO\",\"potentialAction\":[{\"@type\":\"ReadAction\",\"target\":[\"https:\/\/auvisa.org\/no\/studentvisum-til-australia\/\"]}]},{\"@type\":\"BreadcrumbList\",\"@id\":\"https:\/\/auvisa.org\/no\/studentvisum-til-australia\/#breadcrumb\",\"itemListElement\":[{\"@type\":\"ListItem\",\"position\":1,\"name\":\"Home\",\"item\":\"https:\/\/auvisa.org\/no\/\"},{\"@type\":\"ListItem\",\"position\":2,\"name\":\"Studentvisum til Australia\"}]},{\"@type\":\"WebSite\",\"@id\":\"https:\/\/auvisa.org\/no\/#website\",\"url\":\"https:\/\/auvisa.org\/no\/\",\"name\":\"Auvisa.org\",\"description\":\"\",\"inLanguage\":\"nn-NO\"}]}<\/script>\n<!-- \/ Yoast SEO plugin. -->","yoast_head_json":{"title":"Studentvisum til Australia for Nordmenn: S\u00f8k online","description":"Studentvisum til Australia lar norske studenter bo i Australia for universitets- eller skolestudier. S\u00f8k online.","robots":{"index":"index","follow":"follow","max-snippet":"max-snippet:-1","max-image-preview":"max-image-preview:large","max-video-preview":"max-video-preview:-1"},"canonical":"https:\/\/auvisa.org\/no\/studentvisum-til-australia\/","og_locale":"en_US","og_type":"article","og_title":"Studentvisum til Australia for Nordmenn: S\u00f8k online","og_description":"Studentvisum til Australia lar norske studenter bo i Australia for universitets- eller skolestudier. S\u00f8k online.","og_url":"https:\/\/auvisa.org\/no\/studentvisum-til-australia\/","og_site_name":"Auvisa.org","article_modified_time":"2020-06-03T08:02:19+00:00","twitter_card":"summary_large_image","twitter_misc":{"Est. reading time":"4 minutt"},"schema":{"@context":"https:\/\/schema.org","@graph":[{"@type":"WebPage","@id":"https:\/\/auvisa.org\/no\/studentvisum-til-australia\/","url":"https:\/\/auvisa.org\/no\/studentvisum-til-australia\/","name":"Studentvisum til Australia for Nordmenn: S\u00f8k online","isPartOf":{"@id":"https:\/\/auvisa.org\/no\/#website"},"datePublished":"2015-08-15T18:10:14+00:00","dateModified":"2020-06-03T08:02:19+00:00","description":"Studentvisum til Australia lar norske studenter bo i Australia for universitets- eller skolestudier. S\u00f8k online.","breadcrumb":{"@id":"https:\/\/auvisa.org\/no\/studentvisum-til-australia\/#breadcrumb"},"inLanguage":"nn-NO","potentialAction":[{"@type":"ReadAction","target":["https:\/\/auvisa.org\/no\/studentvisum-til-australia\/"]}]},{"@type":"BreadcrumbList","@id":"https:\/\/auvisa.org\/no\/studentvisum-til-australia\/#breadcrumb","itemListElement":[{"@type":"ListItem","position":1,"name":"Home","item":"https:\/\/auvisa.org\/no\/"},{"@type":"ListItem","position":2,"name":"Studentvisum til Australia"}]},{"@type":"WebSite","@id":"https:\/\/auvisa.org\/no\/#website","url":"https:\/\/auvisa.org\/no\/","name":"Auvisa.org","description":"","inLanguage":"nn-NO"}]}},"_links":{"self":[{"href":"https:\/\/auvisa.org\/no\/wp-json\/wp\/v2\/pages\/715","targetHints":{"allow":["GET"]}}],"collection":[{"href":"https:\/\/auvisa.org\/no\/wp-json\/wp\/v2\/pages"}],"about":[{"href":"https:\/\/auvisa.org\/no\/wp-json\/wp\/v2\/types\/page"}],"author":[{"embeddable":true,"href":"https:\/\/auvisa.org\/no\/wp-json\/wp\/v2\/users\/4"}],"replies":[{"embeddable":true,"href":"https:\/\/auvisa.org\/no\/wp-json\/wp\/v2\/comments?post=715"}],"version-history":[{"count":14,"href":"https:\/\/auvisa.org\/no\/wp-json\/wp\/v2\/pages\/715\/revisions"}],"predecessor-version":[{"id":2739,"href":"https:\/\/auvisa.org\/no\/wp-json\/wp\/v2\/pages\/715\/revisions\/2739"}],"wp:attachment":[{"href":"https:\/\/auvisa.org\/no\/wp-json\/wp\/v2\/media?parent=715"}],"curies":[{"name":"wp","href":"https:\/\/api.w.org\/{rel}","templated":true}]}}