{"id":904,"date":"2019-06-28T20:00:25","date_gmt":"2019-06-28T20:00:25","guid":{"rendered":"https:\/\/auvisa.org\/?p=904"},"modified":"2020-06-03T08:09:23","modified_gmt":"2020-06-03T08:09:23","slug":"langtidsvisum-til-australia","status":"publish","type":"page","link":"https:\/\/auvisa.org\/no\/langtidsvisum-til-australia\/","title":{"rendered":"Langtidsvisum til Australia"},"content":{"rendered":"<h2 id=\"first-paragraph\">Forskjellen mellom eVisitor og lengre oppholdsvisum<\/h2>\n<h3>Behandlingstid:<\/h3>\n<p><a href=\"\/no\/evisitor-visum-til-australia\/\">eVisitor<\/a> s\u00f8knad er \u00f8yeblikkelig godkjenning, men lengre opphold visum kan ta opptil 20 dager for \u00e5 bli behandlet, og vanligvis flere dokumenter \/ opplysninger blir forespurt av Immigration Office i Australia.<\/p>\n<h3>St\u00f8tteberettigede land:<\/h3>\n<p>Det er bare noen f\u00e5 <a href=\"\/no\/evisitor-visum-til-australia\/#kvalifiserte-land\">st\u00f8tteberettigede land<\/a> for eVisitor, men det er et stort utvalg av landsborger som kan s\u00f8ke om langtidsvisum.<\/p>\n<h3>Plassering n\u00e5r du gj\u00f8r programmet:<\/h3>\n<p>S\u00f8kere m\u00e5 v\u00e6re utenfor Australia mens de legger inn evisitor applikasjoner. Men lange opphold visum s\u00f8knad kan gj\u00f8res mens du er inne i Australia med det form\u00e5l \u00e5 utvide gjeldende visum.<\/p>\n<h3>Gyldighet av det lange oppholdsvisumet<\/h3>\n<p>Visa kan utstedes med enkeltoppf\u00f8ring eller flere oppf\u00f8ringer<br \/>\nHver oppf\u00f8ring kan v\u00e6re gyldig i <strong>3, 6 eller 12 m\u00e5neder.<\/strong><\/p>\n<h3>Vilk\u00e5r for lengre opphold visum<\/h3>\n<ul>\n<li><strong>Du m\u00e5 ikke jobbe<\/strong> i Australia. Frivillig arbeid kan v\u00e6re tillatt.<\/li>\n<li><strong>Du m\u00e5 ikke studere<\/strong> i mer enn 3 m\u00e5neder i Australia.<\/li>\n<\/ul>\n<h3>Utvid gjeldende visum<\/h3>\n<p>Hvis det n\u00e5v\u00e6rende visumet ikke har &laquo;Ikke lenger opphold&raquo; -tilstand, kan du bruke denne visumtypen til \u00e5 s\u00f8ke om forlengelse av ditt n\u00e5v\u00e6rende visum, i l\u00f8pet av s\u00f8knadsprosessen kan du v\u00e6re inne i Australia.<\/p>\n<h3>Medisinske krav<\/h3>\n<p>Hvis du s\u00f8ker mer enn 6 m\u00e5neder, <strong>kan du bli bedt om \u00e5 gjennomg\u00e5 r\u00f8ntgen og \/ eller medisinsk unders\u00f8kelse<\/strong>.<\/p>\n<p>Hvis du er over 75 \u00e5r gammel eller kommer fra et land som Australian Immigration anser \u00e5 ha et risikoniv\u00e5, m\u00e5 du dokumentere at du kan m\u00f8te visumets medisinske krav.<\/p>\n<h3>Bevis p\u00e5 midler<\/h3>\n<p>Ved s\u00f8knad om lengre <strong>oppholdsvisum m\u00e5 du ha tilstrekkelig midler til \u00e5 st\u00f8tte deg selv under hele oppholdet i Australia<\/strong>. Innvandring kan be om et slikt bevis, for eksempel kontoutskrift.<\/p>\n<ul class=\"visa-pics\" style=\"float: right\">\n<li><a class=\"apply\" href=\"\/no\/visa-longterm\/\">S\u00f8k n\u00e5<\/a><\/li>\n<\/ul>\n","protected":false},"excerpt":{"rendered":"<p>Forskjellen mellom eVisitor og lengre oppholdsvisum Behandlingstid: eVisitor s\u00f8knad er \u00f8yeblikkelig godkjenning, men lengre opphold visum kan ta opptil 20 [&#8230;]<\/p>\n<p><a class=\"btn btn-secondary understrap-read-more-link\" href=\"https:\/\/auvisa.org\/no\/langtidsvisum-til-australia\/\">Read More&#8230;<span class=\"screen-reader-text\"> from Langtidsvisum til Australia<\/span><\/a><\/p>\n","protected":false},"author":4,"featured_media":0,"parent":0,"menu_order":11,"comment_status":"closed","ping_status":"closed","template":"templates\/tpl_spiegazione.php","meta":{"inline_featured_image":false,"footnotes":""},"class_list":["post-904","page","type-page","status-publish","hentry"],"yoast_head":"<!-- This site is optimized with the Yoast SEO plugin v26.9 - https:\/\/yoast.com\/product\/yoast-seo-wordpress\/ -->\n<title>Visa for Langtidsopphold i Australia (Bes\u00f8ksvisum, 600) - Norge<\/title>\n<meta name=\"description\" content=\"Et bes\u00f8ksvisum for langtidsopphold i Australia er for norske statsborgere som \u00f8nsker \u00e5 bo i Australia i mer enn 3 m\u00e5neder, eller \u00e5 utvide sitt australske visum.\" \/>\n<meta name=\"robots\" content=\"index, follow, max-snippet:-1, max-image-preview:large, max-video-preview:-1\" \/>\n<link rel=\"canonical\" href=\"https:\/\/auvisa.org\/no\/langtidsvisum-til-australia\/\" \/>\n<meta property=\"og:locale\" content=\"en_US\" \/>\n<meta property=\"og:type\" content=\"article\" \/>\n<meta property=\"og:title\" content=\"Visa for Langtidsopphold i Australia (Bes\u00f8ksvisum, 600) - Norge\" \/>\n<meta property=\"og:description\" content=\"Et bes\u00f8ksvisum for langtidsopphold i Australia er for norske statsborgere som \u00f8nsker \u00e5 bo i Australia i mer enn 3 m\u00e5neder, eller \u00e5 utvide sitt australske visum.\" \/>\n<meta property=\"og:url\" content=\"https:\/\/auvisa.org\/no\/langtidsvisum-til-australia\/\" \/>\n<meta property=\"og:site_name\" content=\"Auvisa.org\" \/>\n<meta property=\"article:modified_time\" content=\"2020-06-03T08:09:23+00:00\" \/>\n<meta name=\"twitter:card\" content=\"summary_large_image\" \/>\n<meta name=\"twitter:label1\" content=\"Est. reading time\" \/>\n\t<meta name=\"twitter:data1\" content=\"1 minutt\" \/>\n<script type=\"application\/ld+json\" class=\"yoast-schema-graph\">{\"@context\":\"https:\/\/schema.org\",\"@graph\":[{\"@type\":\"WebPage\",\"@id\":\"https:\/\/auvisa.org\/no\/langtidsvisum-til-australia\/\",\"url\":\"https:\/\/auvisa.org\/no\/langtidsvisum-til-australia\/\",\"name\":\"Visa for Langtidsopphold i Australia (Bes\u00f8ksvisum, 600) - Norge\",\"isPartOf\":{\"@id\":\"https:\/\/auvisa.org\/no\/#website\"},\"datePublished\":\"2019-06-28T20:00:25+00:00\",\"dateModified\":\"2020-06-03T08:09:23+00:00\",\"description\":\"Et bes\u00f8ksvisum for langtidsopphold i Australia er for norske statsborgere som \u00f8nsker \u00e5 bo i Australia i mer enn 3 m\u00e5neder, eller \u00e5 utvide sitt australske visum.\",\"breadcrumb\":{\"@id\":\"https:\/\/auvisa.org\/no\/langtidsvisum-til-australia\/#breadcrumb\"},\"inLanguage\":\"nn-NO\",\"potentialAction\":[{\"@type\":\"ReadAction\",\"target\":[\"https:\/\/auvisa.org\/no\/langtidsvisum-til-australia\/\"]}]},{\"@type\":\"BreadcrumbList\",\"@id\":\"https:\/\/auvisa.org\/no\/langtidsvisum-til-australia\/#breadcrumb\",\"itemListElement\":[{\"@type\":\"ListItem\",\"position\":1,\"name\":\"Home\",\"item\":\"https:\/\/auvisa.org\/no\/\"},{\"@type\":\"ListItem\",\"position\":2,\"name\":\"Langtidsvisum til Australia\"}]},{\"@type\":\"WebSite\",\"@id\":\"https:\/\/auvisa.org\/no\/#website\",\"url\":\"https:\/\/auvisa.org\/no\/\",\"name\":\"Auvisa.org\",\"description\":\"\",\"inLanguage\":\"nn-NO\"}]}<\/script>\n<!-- \/ Yoast SEO plugin. -->","yoast_head_json":{"title":"Visa for Langtidsopphold i Australia (Bes\u00f8ksvisum, 600) - Norge","description":"Et bes\u00f8ksvisum for langtidsopphold i Australia er for norske statsborgere som \u00f8nsker \u00e5 bo i Australia i mer enn 3 m\u00e5neder, eller \u00e5 utvide sitt australske visum.","robots":{"index":"index","follow":"follow","max-snippet":"max-snippet:-1","max-image-preview":"max-image-preview:large","max-video-preview":"max-video-preview:-1"},"canonical":"https:\/\/auvisa.org\/no\/langtidsvisum-til-australia\/","og_locale":"en_US","og_type":"article","og_title":"Visa for Langtidsopphold i Australia (Bes\u00f8ksvisum, 600) - Norge","og_description":"Et bes\u00f8ksvisum for langtidsopphold i Australia er for norske statsborgere som \u00f8nsker \u00e5 bo i Australia i mer enn 3 m\u00e5neder, eller \u00e5 utvide sitt australske visum.","og_url":"https:\/\/auvisa.org\/no\/langtidsvisum-til-australia\/","og_site_name":"Auvisa.org","article_modified_time":"2020-06-03T08:09:23+00:00","twitter_card":"summary_large_image","twitter_misc":{"Est. reading time":"1 minutt"},"schema":{"@context":"https:\/\/schema.org","@graph":[{"@type":"WebPage","@id":"https:\/\/auvisa.org\/no\/langtidsvisum-til-australia\/","url":"https:\/\/auvisa.org\/no\/langtidsvisum-til-australia\/","name":"Visa for Langtidsopphold i Australia (Bes\u00f8ksvisum, 600) - Norge","isPartOf":{"@id":"https:\/\/auvisa.org\/no\/#website"},"datePublished":"2019-06-28T20:00:25+00:00","dateModified":"2020-06-03T08:09:23+00:00","description":"Et bes\u00f8ksvisum for langtidsopphold i Australia er for norske statsborgere som \u00f8nsker \u00e5 bo i Australia i mer enn 3 m\u00e5neder, eller \u00e5 utvide sitt australske visum.","breadcrumb":{"@id":"https:\/\/auvisa.org\/no\/langtidsvisum-til-australia\/#breadcrumb"},"inLanguage":"nn-NO","potentialAction":[{"@type":"ReadAction","target":["https:\/\/auvisa.org\/no\/langtidsvisum-til-australia\/"]}]},{"@type":"BreadcrumbList","@id":"https:\/\/auvisa.org\/no\/langtidsvisum-til-australia\/#breadcrumb","itemListElement":[{"@type":"ListItem","position":1,"name":"Home","item":"https:\/\/auvisa.org\/no\/"},{"@type":"ListItem","position":2,"name":"Langtidsvisum til Australia"}]},{"@type":"WebSite","@id":"https:\/\/auvisa.org\/no\/#website","url":"https:\/\/auvisa.org\/no\/","name":"Auvisa.org","description":"","inLanguage":"nn-NO"}]}},"_links":{"self":[{"href":"https:\/\/auvisa.org\/no\/wp-json\/wp\/v2\/pages\/904","targetHints":{"allow":["GET"]}}],"collection":[{"href":"https:\/\/auvisa.org\/no\/wp-json\/wp\/v2\/pages"}],"about":[{"href":"https:\/\/auvisa.org\/no\/wp-json\/wp\/v2\/types\/page"}],"author":[{"embeddable":true,"href":"https:\/\/auvisa.org\/no\/wp-json\/wp\/v2\/users\/4"}],"replies":[{"embeddable":true,"href":"https:\/\/auvisa.org\/no\/wp-json\/wp\/v2\/comments?post=904"}],"version-history":[{"count":12,"href":"https:\/\/auvisa.org\/no\/wp-json\/wp\/v2\/pages\/904\/revisions"}],"predecessor-version":[{"id":22526,"href":"https:\/\/auvisa.org\/no\/wp-json\/wp\/v2\/pages\/904\/revisions\/22526"}],"wp:attachment":[{"href":"https:\/\/auvisa.org\/no\/wp-json\/wp\/v2\/media?parent=904"}],"curies":[{"name":"wp","href":"https:\/\/api.w.org\/{rel}","templated":true}]}}