{"id":12,"date":"2019-11-20T14:20:25","date_gmt":"2019-11-20T14:20:25","guid":{"rendered":"https:\/\/auvisa.org\/?page_id=12"},"modified":"2024-01-09T14:29:23","modified_gmt":"2024-01-09T14:29:23","slug":"home-page","status":"publish","type":"page","link":"https:\/\/auvisa.org\/pt\/","title":{"rendered":"Home page"},"content":{"rendered":"\n<h1 class=\"has-text-align-center h2 wp-block-heading\" id=\"solicite-um-visto-australiano-cidadaos-portugueses\">Solicite um visto Australiano (Cidad\u00e3os Portugueses)<\/h1>\n\n\n\n<div style=\"height:20px\" aria-hidden=\"true\" class=\"wp-block-spacer\"><\/div>\n\n\n\n<p class=\"has-text-align-center\"><strong>Os cidad\u00e3os portugueses que pretendem entrar na Austr\u00e1lia para fins tur\u00edsticos ou de neg\u00f3cios devem solicitar um visto eVisitor<\/strong>, permitindo-lhes viajar para a Austr\u00e1lia v\u00e1rias vezes ao longo de um per\u00edodo de 12 meses, mantendo-se na Austr\u00e1lia por at\u00e9 90 dias em cada visita (mais detalhes <a href=\"\/pt\/visto-evisitor-para-a-australia\/\">aqui<\/a>). <\/p>\n\n\n\n<p class=\"has-text-align-center\">A aplica\u00e7\u00e3o \u00e9 muito f\u00e1cil de completa e deve levar apenas alguns minutos. Depois de ter apresentado o seu pedido, nossa equipe ir\u00e1 percorrer o seu pedido on-line e certifique-se tudo est\u00e1 correto. <\/p>\n\n\n\n<p class=\"has-text-align-center\">Na maioria das vezes voc\u00ea receber\u00e1 uma resposta dentro de um dia (<strong>99% dos pedidos de eVisitor s\u00e3o processados \u200b\u200bdentro de 24 horas<\/strong>).<\/p>\n\n\n\n<div style=\"height:20px\" aria-hidden=\"true\" class=\"wp-block-spacer\"><\/div>\n\n\n<div class=\"wp-bootstrap-blocks-button text-center\">\n\t<a\n\t\thref=\"\/pt\/visa\/\"\n\t\t\t\t\t\tclass=\"btn apply-visa-big px-5 btn-lg btn-success btn-primary\"\n\t>\n\t\tSolicitar um visto\t<\/a>\n<\/div>\n\n\n\n<div style=\"height:25px\" aria-hidden=\"true\" class=\"wp-block-spacer\"><\/div>\n\n\n\n<hr class=\"wp-block-separator\" \/>\n\n\n\n<div style=\"height:34px\" aria-hidden=\"true\" class=\"wp-block-spacer\"><\/div>\n\n\n\n<p class=\"has-text-align-center\">Auvisa.org ajuda voc\u00ea a entender qual visto de viagem voc\u00ea precisa para sua viagem \u00e0 Austr\u00e1lia e a obt\u00ea-lo de forma r\u00e1pida e f\u00e1cil. <\/p>\n\n\n\n<p class=\"has-text-align-center\"><strong>Por uma pequena taxa de servi\u00e7o, voc\u00ea se beneficiar\u00e1 de formul\u00e1rios simplificados, revis\u00e3o manual de sua inscri\u00e7\u00e3o e suporte ao cliente 24 horas por dia:<\/strong><\/p>\n\n\n\n<div style=\"height:34px\" aria-hidden=\"true\" class=\"wp-block-spacer\"><\/div>\n\n\n\n<div class=\"wp-block-columns is-layout-flex wp-container-core-columns-is-layout-9d6595d7 wp-block-columns-is-layout-flex\">\n<div class=\"wp-block-column is-layout-flow wp-block-column-is-layout-flow\">\n<p class=\"focus-numbers\"><span>1<\/span> Escolha o tipo de visto que melhor se adequa \u00e0s suas necessidades. 95% dos viajantes portugueses aplicar para o visto eVisitor.<\/p>\n<\/div>\n\n\n\n<div class=\"wp-block-column is-layout-flow wp-block-column-is-layout-flow\">\n<p class=\"focus-numbers\"><span>2<\/span> Preencha o formul\u00e1rio de inscri\u00e7\u00e3o online e pagar com seguran\u00e7a por cart\u00e3o de cr\u00e9dito ou PayPal.<\/p>\n<\/div>\n\n\n\n<div class=\"wp-block-column is-layout-flow wp-block-column-is-layout-flow\">\n<p class=\"focus-numbers\"><span>3<\/span> Receber o visto solicitado por e-mail. Na maioria dos casos, o visto ser\u00e1 aprovado dentro de 24 horas.<\/p>\n<\/div>\n<\/div>\n\n\n\n<div class=\"wp-block-group\"><div class=\"wp-block-group__inner-container is-layout-flow wp-block-group-is-layout-flow\">\n<hr class=\"wp-block-separator\"\/>\n<\/div><\/div>\n\n\n\n<div style=\"height:100px\" aria-hidden=\"true\" class=\"wp-block-spacer\"><\/div>\n\n\n\n<h2 class=\"has-text-align-center wp-block-heading\" id=\"vistos-australianos-mais-solicitadas-pelos-cidadaos-portugueses\">Vistos australianos mais solicitadas pelos cidad\u00e3os portugueses:<\/h2>\n\n\n\n<div style=\"height:39px\" aria-hidden=\"true\" class=\"wp-block-spacer\"><\/div>\n\n\n\n<div class=\"wp-block-columns home-full-width-wrap is-layout-flex wp-container-core-columns-is-layout-9d6595d7 wp-block-columns-is-layout-flex\">\n<div class=\"wp-block-column box-home-full-width is-layout-flow wp-block-column-is-layout-flow\" style=\"flex-basis:30%\">\n<div class=\"wp-block-image\"><figure class=\"aligncenter size-large is-resized\"><img loading=\"lazy\" decoding=\"async\" src=\"https:\/\/auvisa.org\/uk\/wp-content\/uploads\/sites\/6\/2020\/02\/001-travel.png\" alt=\"\" class=\"wp-image-1844\" width=\"144\" height=\"139\" \/><\/figure><\/div>\n<\/div>\n\n\n\n<div class=\"wp-block-column is-layout-flow wp-block-column-is-layout-flow\" style=\"flex-basis:70%\">\n<h2 class=\"wp-block-heading\" id=\"visto-de-turista-evisitor-subclasse-651\">Visto de Turista (eVisitor &#8211; subclasse 651)<\/h2>\n\n\n\n<p>Se voc\u00ea est\u00e1 planejando <strong>uma viagem para a Austr\u00e1lia para o feriado<\/strong>, como um cidad\u00e3o Portugu\u00eas que voc\u00ea vai precisar de um visto de turista para a Austr\u00e1lia.<\/p>\n\n\n\n<p>Para ser capaz de aplicar para um australiano Tourist Visa voc\u00ea deve estar planejando <strong>viajar para a Austr\u00e1lia para f\u00e9rias ou para visitar amigos ou familiares<\/strong> e possuir um passaporte v\u00e1lido.<\/p><p><a href=\"\/pt\/visto-de-turista-para-a-australia\/\">Consulte Mais informa\u00e7\u00e3o&#8230;<\/a><\/p>\n<p class=\"float-right pl-3\"><a href=\"\/pt\/visa\/\" class=\"btn btn-lg btn-success flex-grow-0 \">Aplique para um Visto de Turista<\/a><\/p>\n<\/div>\n<\/div>\n\n\n\n<hr class=\"wp-block-separator\"\/>\n\n\n\n<div class=\"wp-block-columns home-full-width-wrap is-layout-flex wp-container-core-columns-is-layout-9d6595d7 wp-block-columns-is-layout-flex\">\n<div class=\"wp-block-column box-home-full-width is-layout-flow wp-block-column-is-layout-flow\" style=\"flex-basis:30%\">\n<div class=\"wp-block-image\"><figure class=\"aligncenter size-large is-resized\"><img loading=\"lazy\" decoding=\"async\" src=\"https:\/\/auvisa.org\/uk\/wp-content\/uploads\/sites\/6\/2020\/02\/004-save-money.png\" alt=\"\" class=\"wp-image-1847\" width=\"133\" height=\"150\" \/><\/figure><\/div>\n<\/div>\n\n\n\n<div class=\"wp-block-column is-layout-flow wp-block-column-is-layout-flow\" style=\"flex-basis:70%\">\n<h2 class=\"wp-block-heading\" id=\"visto-de-negocios-evisitor-subclasse-651\">Visto de Neg\u00f3cios (eVisitor &#8211; subclasse 651)<\/h2>\n\n\n\n<p>Um visto de neg\u00f3cios australiana \u00e9 necess\u00e1ria <strong>para quem vai a partir de Portugal para a Austr\u00e1lia para o neg\u00f3cio<\/strong>.<\/p>\n\n\n\n<p>Se voc\u00ea est\u00e1 \u00e0 procura de um visto australiano para assistir a uma confer\u00eancia, uma viagem de neg\u00f3cios, uma visita a potenciais clientes ou outras atividades de vendas t\u00edpicos que voc\u00ea precisa \u00e9 de um <strong>visto australiano &#8220;Business eVisitor&#8221;<\/strong>.<\/p><p><a href=\"\/pt\/visto-de-negocios-para-a-australia\/\">Consulte Mais informa\u00e7\u00e3o&#8230;<\/a><\/p>\n<p class=\"float-right pl-3\"><a href=\"\/pt\/visa-business\/\" class=\"btn btn-lg btn-success flex-grow-0 \">Aplique para um Visto de Neg\u00f3cios<\/a> <\/p>\n<\/div>\n<\/div>\n\n\n\n<hr class=\"wp-block-separator\"\/>\n\n\n\n<div class=\"wp-block-columns home-full-width-wrap is-layout-flex wp-container-core-columns-is-layout-9d6595d7 wp-block-columns-is-layout-flex\">\n<div class=\"wp-block-column box-home-full-width is-layout-flow wp-block-column-is-layout-flow\" style=\"flex-basis:30%\">\n<div class=\"wp-block-image\"><figure class=\"aligncenter size-large is-resized\"><img loading=\"lazy\" decoding=\"async\" src=\"https:\/\/auvisa.org\/uk\/wp-content\/uploads\/sites\/6\/2020\/02\/work-holiday.png\" alt=\"\" class=\"wp-image-2172\" width=\"190\" height=\"190\" srcset=\"https:\/\/auvisa.org\/pt\/wp-content\/uploads\/sites\/18\/2020\/02\/work-holiday.png 512w, https:\/\/auvisa.org\/pt\/wp-content\/uploads\/sites\/18\/2020\/02\/work-holiday-300x300.png 300w, https:\/\/auvisa.org\/pt\/wp-content\/uploads\/sites\/18\/2020\/02\/work-holiday-150x150.png 150w\" sizes=\"auto, (max-width: 190px) 100vw, 190px\" \/><\/figure><\/div>\n<\/div>\n\n\n\n<div class=\"wp-block-column is-layout-flow wp-block-column-is-layout-flow\" style=\"flex-basis:70%\">\n<h2 class=\"wp-block-heading\" id=\"visto-work-and-holiday-subclass-462\">Visto Work and Holiday (Subclass 462)<\/h2>\n\n\n\n<p>Este visto de trabalho de f\u00e9rias para a Austr\u00e1lia permite aos jovens de Portugal para <strong>viajar para a Austr\u00e1lia por at\u00e9 12 meses de cada vez<\/strong> para um ano sab\u00e1tico, para f\u00e9rias, para explorar o pa\u00eds, para estudos de curto prazo ou por curtos per\u00edodos de trabalho.<\/p>\n\n\n\n<p><\/p>\n\n\n\n<p><\/p>\n\n\n\n<p>A Working Holiday Visa \u00e9 para os cidad\u00e3os portugueses <strong>entre os 18 e 30 anos de idade<\/strong>.<\/p><p><a href=\"\/pt\/visto-work-and-holiday-para-a-australia\/\">Consulte Mais informa\u00e7\u00e3o&#8230;<\/a><\/p>\n<p class=\"float-right pl-3\"><a href=\"\/pt\/visa-holiday\/\" class=\"btn btn-lg btn-success flex-grow-0 \">Aplique para um Visto Work and Holiday<\/a><\/p>\n<\/div>\n<\/div>\n\n\n\n<hr class=\"wp-block-separator\"\/>\n\n\n\n<div style=\"height:59px\" aria-hidden=\"true\" class=\"wp-block-spacer\"><\/div>\n\n\n\n<h2 class=\"has-text-align-center wp-block-heading\" id=\"outros-tipos-de-visto-on-line\">Outros Tipos de visto on-line<\/h2>\n\n\n\n<div class=\"row box-home-top align-items-center\"><div class=\" col-12 col-md-6 p-0\"><div class=\"single d-flex flex-column m-1\"><h3>Visto eVisitor<\/h3><h4>(Subclasse 651)<\/h4><p>Este visto permite que os cidad\u00e3os portugueses a viajar para a Austr\u00e1lia livremente para neg\u00f3cios ou turismo por um per\u00edodo de 12 meses, permanecendo no pa\u00eds por at\u00e9 90 dias cada visita.<\/p><a href=\"https:\/\/auvisa.org\/pt\/visa\/\" class=\"btn btn-lg btn-success flex-grow-0 \">Aplique para um Visto eVisitor<\/a><a href=\"https:\/\/auvisa.org\/pt\/visto-evisitor-para-a-australia\/\" class=\"faq_link mt-2\">Detalhes de visto<\/a><\/div><\/div><div class=\" col-12 col-md-6 p-0\"><div class=\"single d-flex flex-column m-1\"><h3>Segundo Visto Work and Holiday<\/h3><h4>(Subclasse 417)<\/h4><p>Este visto \u00e9 para viajantes portugueses que j\u00e1 tenha sido concedida uma Work and Holiday Visa e com a permanecer mais tempo na Austr\u00e1lia.<\/p><a href=\"https:\/\/auvisa.org\/pt\/visa-holidaysecond\/\" class=\"btn btn-lg btn-success flex-grow-0 \">Aplique para um Segundo Work and Holiday Visa<\/a><a href=\"https:\/\/auvisa.org\/pt\/segundo-visto-work-and-holiday-na-australia\/\" class=\"faq_link mt-2\">Detalhes de visto<\/a><\/div><\/div><div class=\" col-12 col-md-6 p-0\"><div class=\"single d-flex flex-column m-1\"><h3>Visto de Longa Estadia<\/h3><h4>(Visitor Visa - Subclasse 600)<\/h4><p>Este visto \u00e9 para viajantes que n\u00e3o s\u00e3o eleg\u00edveis para vistos de eVisitor ou que desejam permanecer na Austr\u00e1lia por mais de 3 meses. Ele tamb\u00e9m pode ser usado por aqueles que j\u00e1 est\u00e3o na Austr\u00e1lia e desejar prolongar a sua estadia.<\/p><a href=\"https:\/\/auvisa.org\/pt\/visa-longterm\/\" class=\"btn btn-lg btn-success flex-grow-0 \">Aplique para um Visto de Longa Estadia<\/a><a href=\"https:\/\/auvisa.org\/pt\/visto-de-longa-duracao-para-a-australia\/\" class=\"faq_link mt-2\">Detalhes de visto<\/a><\/div><\/div><div class=\" col-12 col-md-6 p-0\"><div class=\"single d-flex flex-column m-1\"><h3>Visto de Estudante<\/h3><h4>(Subclasse 500)<\/h4><p>Este visto permite que os alunos portugueses a entrar e permanecer na Austr\u00e1lia para estudar em uma universidade ou escola. Note-se que os alunos precisam de ser admitido na universidade ou escola escolhida antes de aplicar para o visto.<\/p><a href=\"https:\/\/auvisa.org\/pt\/visa-student\/\" class=\"btn btn-lg btn-success flex-grow-0 \">Aplique para um Visto de Estudante<\/a><a href=\"https:\/\/auvisa.org\/pt\/visto-de-estudante-para-a-australia\/\" class=\"faq_link mt-2\">Detalhes de visto<\/a><\/div><\/div><div class=\" col-12 col-md-6 p-0\"><div class=\"single d-flex flex-column m-1\"><h3>MCV (Maritime Crew Visa)<\/h3><h4>(Subclass 988)<\/h4><p>Um visto MCV (tamb\u00e9m conhecido como Maritime Crew Visa) \u00e9 necess\u00e1rio para aqueles que v\u00eam por mar para a Austr\u00e1lia como parte de uma equipe de mar. Este visto pode ser aplicado para tamb\u00e9m por membros da fam\u00edlia do membro da tripula\u00e7\u00e3o.\r\n<\/p><a href=\"https:\/\/auvisa.org\/pt\/visa-crew\/\" class=\"btn btn-lg btn-success flex-grow-0 \">Aplique para um Visto eVisitor<\/a><a href=\"https:\/\/auvisa.org\/pt\/maritime-crew-visa-mcv-na-australia\/\" class=\"faq_link mt-2\">Detalhes de visto<\/a><\/div><\/div><div class=\" col-12 col-md-6 p-0\"><div class=\"single d-flex flex-column m-1\"><h3>Visto de Trabalho Tempor\u00e1rio<\/h3><h4>(Subclasse 400)<\/h4><p>Este visto \u00e9 para pessoas que foi convidado para a Austr\u00e1lia, a fim de fazer a curto prazo trabalho altamente especializado, participar em eventos culturais e sociais ou estar envolvido em actividades relacionadas com os interesses da Austr\u00e1lia..<\/p><a href=\"https:\/\/auvisa.org\/pt\/visa-temporary\/\" class=\"btn btn-lg btn-success flex-grow-0 \">Aplique para um Visto de Trabalho Tempor\u00e1rio<\/a><a href=\"https:\/\/auvisa.org\/pt\/visto-de-trabalho-temporario-australia\/\" class=\"faq_link mt-2\">Detalhes de visto<\/a><\/div><\/div><\/div>\n\n\n\n<hr class=\"wp-block-separator\"\/>\n\n\n\n<div style=\"height:43px\" aria-hidden=\"true\" class=\"wp-block-spacer\"><\/div>\n\n\n\n<h2 class=\"has-text-align-center wp-block-heading\" id=\"beneficios-de-auvisa-org\">Benef\u00edcios de Auvisa.org<\/h2>\n\n\n\n<div class=\"wp-block-columns home-icons-block is-layout-flex wp-container-core-columns-is-layout-9d6595d7 wp-block-columns-is-layout-flex\">\n<div class=\"wp-block-column is-layout-flow wp-block-column-is-layout-flow\">\n<figure class=\"wp-block-image size-large\"><img decoding=\"async\" src=\"https:\/\/auvisa.org\/wp-content\/uploads\/sites\/6\/2019\/11\/004-support.svg\" alt=\"\" class=\"wp-image-172\" \/><figcaption>APOIO AO CLIENTE 24 HORAS<\/figcaption><\/figure>\n<\/div>\n\n\n\n<div class=\"wp-block-column is-layout-flow wp-block-column-is-layout-flow\">\n<figure class=\"wp-block-image size-large\"><img decoding=\"async\" src=\"https:\/\/auvisa.org\/wp-content\/uploads\/sites\/6\/2019\/11\/005-translation.svg\" alt=\"\" class=\"wp-image-173\" \/><figcaption>FORMUL\u00c1RIO DE PEDIDO em Portugu\u00eas<\/figcaption><\/figure>\n<\/div>\n\n\n\n<div class=\"wp-block-column is-layout-flow wp-block-column-is-layout-flow\">\n<figure class=\"wp-block-image size-large\"><img decoding=\"async\" src=\"https:\/\/auvisa.org\/wp-content\/uploads\/sites\/6\/2019\/11\/006-success.svg\" alt=\"\" class=\"wp-image-174\" \/><figcaption>revis\u00e3o manual<\/figcaption><\/figure>\n<\/div>\n\n\n\n<div class=\"wp-block-column is-layout-flow wp-block-column-is-layout-flow\">\n<figure class=\"wp-block-image size-large\"><img decoding=\"async\" src=\"https:\/\/auvisa.org\/wp-content\/uploads\/sites\/6\/2019\/11\/008-passport.svg\" alt=\"\" class=\"wp-image-176\" \/><figcaption>CONTACTO COM IMIGRA\u00c7\u00c3O<\/figcaption><\/figure>\n<\/div>\n\n\n\n<div class=\"wp-block-column is-layout-flow wp-block-column-is-layout-flow\">\n<figure class=\"wp-block-image size-large\"><img decoding=\"async\" src=\"https:\/\/auvisa.org\/wp-content\/uploads\/sites\/6\/2019\/11\/007-visa.svg\" alt=\"\" class=\"wp-image-175\" \/><figcaption>Atualiza\u00e7\u00e3o autom\u00e1tico da VISA<\/figcaption><\/figure>\n<\/div>\n<\/div>\n\n\n\n<p><\/p>\n\n\n\n<h2 class=\"wp-block-heading\" id=\"como-solicitar-um-visto-australiano-em-2024-tudo-o-que-ha-para-saber\">Como solicitar um visto australiano em 2024: tudo o que h\u00e1 para saber<\/h2>\n\n\n\n<p>Obtenha seu visto australiano on-line aqui no Auvisa.org: a aplica\u00e7\u00e3o para o seu e-visto australiano vai demorar alguns passos simples, e na maioria das vezes voc\u00ea vai obter o seu visto dentro de um dia. <\/p>\n\n\n\n<p>Para aqueles que viajam de Portugal, a forma de aplica\u00e7\u00e3o \u00e9 muito f\u00e1cil de encher-in e levar\u00e1 apenas alguns minutos. Se voc\u00ea gostaria de mais algumas informa\u00e7\u00f5es sobre vistos de viagem como australianas para os cidad\u00e3os trabalho Portugu\u00eas, apenas continue lendo para descobrir tudo o que voc\u00ea precisa saber sobre os diferentes tipos de vistos, e se voc\u00ea est\u00e1 lutando para entender como preencher o requerimento, que s\u00e3o incentivados a chegar para assist\u00eancia: estamos aqui para ajud\u00e1-lo com seu visto.<\/p>\n\n\n\n<ul class=\"wp-block-list\"><li><a href=\"\/pt\/visto-evisitor-para-a-australia\/\">Visto eVisitor Visa<\/a><\/li><li><a href=\"\/pt\/visto-de-turista-para-a-australia\/\">Visto de Turista<\/a><\/li><li><a href=\"\/pt\/visto-de-negocios-para-a-australia\/\">Visto de Neg\u00f3cios<\/a><\/li><li><a href=\"\/pt\/visto-work-and-holiday-para-a-australia\/\">Visto Work and Holiday<\/a><\/li><li><a href=\"\/pt\/segundo-visto-work-and-holiday-na-australia\/\">Segundo Visto Work and Holiday<\/a><\/li><li><a href=\"\/pt\/visto-de-longa-duracao-para-a-australia\/\">Visto de longa estadia (Visitor Visa)<\/a><\/li><li><a href=\"\/pt\/visto-de-estudante-para-a-australia\/\">Visto de estudante<\/a><\/li><li><a href=\"\/pt\/maritime-crew-visa-mcv-na-australia\/\">Visto MCV Visa<\/a><\/li><li><a href=\"\/pt\/visto-de-trabalho-temporario-australia\/\">Visto de Trabalho Tempor\u00e1rio<\/a><\/li><\/ul>\n\n\n\n<p>Solicite um visto Australiano aqui. Os passos s\u00e3o f\u00e1ceis de seguir e a resposta demora apenas um dia na maioria dos casos. O formul\u00e1rio \u00e9 muito simples e demora apenas alguns minutos a preencher.<\/p>\n\n\n\n<p>Se voc\u00ea for eleg\u00edvel para este visto e resolver proceder ao pedido, n\u00f3s iremos rever o formul\u00e1rio e assegurar que tudo est\u00e1 devidamente preenchido. A sua l\u00edngua materna n\u00e3o \u00e9 o Ingl\u00eas? Preencha o formul\u00e1rio na sua pr\u00f3pria l\u00edngua. Os nossos especialistas ir\u00e3o traduzi-lo por si.<\/p>\n\n\n\n<div class=\"text-right\"><a href=\"\/pt\/visa\/\" class=\"btn  px-5 btn-green\">Aplique para um visto eVisitor<\/a><\/div>\n\n\n\n<p><\/p>\n","protected":false},"excerpt":{"rendered":"<p>Solicite um visto Australiano (Cidad\u00e3os Portugueses) Os cidad\u00e3os portugueses que pretendem entrar na Austr\u00e1lia para fins tur\u00edsticos ou de neg\u00f3cios [&#8230;]<\/p>\n<p><a class=\"btn btn-secondary understrap-read-more-link\" href=\"https:\/\/auvisa.org\/pt\/visto-de-trabalho-temporario-australia\/\">Continuar a ler&#8230;<span class=\"screen-reader-text\"> from Visto de Trabalho Tempor\u00e1rio para a Austr\u00e1lia<\/span><\/a><\/p>\n","protected":false},"author":1,"featured_media":0,"parent":0,"menu_order":16,"comment_status":"closed","ping_status":"closed","template":"","meta":{"inline_featured_image":false,"footnotes":""},"class_list":["post-12","page","type-page","status-publish","hentry"],"yoast_head":"<!-- This site is optimized with the Yoast SEO plugin v26.9 - https:\/\/yoast.com\/product\/yoast-seo-wordpress\/ -->\n<title>Visto para a Austr\u00e1lia para Cidad\u00e3o Portugues: Tirar Visto Online<\/title>\n<meta name=\"description\" content=\"Fa\u00e7a um visto online para a Austr\u00e1lia para cidad\u00e3os portugueses aqui. As etapas s\u00e3o f\u00e1ceis de seguir e a resposta leva apenas um dia na maioria dos casos.\" \/>\n<meta name=\"robots\" content=\"index, follow, max-snippet:-1, max-image-preview:large, max-video-preview:-1\" \/>\n<link rel=\"canonical\" href=\"https:\/\/auvisa.org\/pt\/\" \/>\n<meta property=\"og:locale\" content=\"pt_PT\" \/>\n<meta property=\"og:type\" content=\"article\" \/>\n<meta property=\"og:title\" content=\"Visto para a Austr\u00e1lia para Cidad\u00e3o Portugues: Tirar Visto Online\" \/>\n<meta property=\"og:description\" content=\"Fa\u00e7a um visto online para a Austr\u00e1lia para cidad\u00e3os portugueses aqui. As etapas s\u00e3o f\u00e1ceis de seguir e a resposta leva apenas um dia na maioria dos casos.\" \/>\n<meta property=\"og:url\" content=\"https:\/\/auvisa.org\/pt\/\" \/>\n<meta property=\"og:site_name\" content=\"Auvisa.org\" \/>\n<meta property=\"article:modified_time\" content=\"2024-01-09T14:29:23+00:00\" \/>\n<meta property=\"og:image\" content=\"https:\/\/auvisa.org\/uk\/wp-content\/uploads\/sites\/6\/2020\/02\/001-travel.png\" \/>\n<meta name=\"twitter:card\" content=\"summary_large_image\" \/>\n<meta name=\"twitter:label1\" content=\"Tempo estimado de leitura\" \/>\n\t<meta name=\"twitter:data1\" content=\"6 minutos\" \/>\n<script type=\"application\/ld+json\" class=\"yoast-schema-graph\">{\"@context\":\"https:\/\/schema.org\",\"@graph\":[{\"@type\":\"WebPage\",\"@id\":\"https:\/\/auvisa.org\/pt\/\",\"url\":\"https:\/\/auvisa.org\/pt\/\",\"name\":\"Visto para a Austr\u00e1lia para Cidad\u00e3o Portugues: Tirar Visto Online\",\"isPartOf\":{\"@id\":\"https:\/\/auvisa.org\/pt\/#website\"},\"primaryImageOfPage\":{\"@id\":\"https:\/\/auvisa.org\/pt\/#primaryimage\"},\"image\":{\"@id\":\"https:\/\/auvisa.org\/pt\/#primaryimage\"},\"thumbnailUrl\":\"https:\/\/auvisa.org\/uk\/wp-content\/uploads\/sites\/6\/2020\/02\/001-travel.png\",\"datePublished\":\"2019-11-20T14:20:25+00:00\",\"dateModified\":\"2024-01-09T14:29:23+00:00\",\"description\":\"Fa\u00e7a um visto online para a Austr\u00e1lia para cidad\u00e3os portugueses aqui. As etapas s\u00e3o f\u00e1ceis de seguir e a resposta leva apenas um dia na maioria dos casos.\",\"breadcrumb\":{\"@id\":\"https:\/\/auvisa.org\/pt\/#breadcrumb\"},\"inLanguage\":\"pt-PT\",\"potentialAction\":[{\"@type\":\"ReadAction\",\"target\":[\"https:\/\/auvisa.org\/pt\/\"]}]},{\"@type\":\"ImageObject\",\"inLanguage\":\"pt-PT\",\"@id\":\"https:\/\/auvisa.org\/pt\/#primaryimage\",\"url\":\"https:\/\/auvisa.org\/uk\/wp-content\/uploads\/sites\/6\/2020\/02\/001-travel.png\",\"contentUrl\":\"https:\/\/auvisa.org\/uk\/wp-content\/uploads\/sites\/6\/2020\/02\/001-travel.png\"},{\"@type\":\"BreadcrumbList\",\"@id\":\"https:\/\/auvisa.org\/pt\/#breadcrumb\",\"itemListElement\":[{\"@type\":\"ListItem\",\"position\":1,\"name\":\"Home\",\"item\":\"https:\/\/auvisa.org\/pt\/\"},{\"@type\":\"ListItem\",\"position\":2,\"name\":\"Home page\"}]},{\"@type\":\"WebSite\",\"@id\":\"https:\/\/auvisa.org\/pt\/#website\",\"url\":\"https:\/\/auvisa.org\/pt\/\",\"name\":\"Auvisa.org\",\"description\":\"\",\"inLanguage\":\"pt-PT\"}]}<\/script>\n<!-- \/ Yoast SEO plugin. -->","yoast_head_json":{"title":"Visto para a Austr\u00e1lia para Cidad\u00e3o Portugues: Tirar Visto Online","description":"Fa\u00e7a um visto online para a Austr\u00e1lia para cidad\u00e3os portugueses aqui. As etapas s\u00e3o f\u00e1ceis de seguir e a resposta leva apenas um dia na maioria dos casos.","robots":{"index":"index","follow":"follow","max-snippet":"max-snippet:-1","max-image-preview":"max-image-preview:large","max-video-preview":"max-video-preview:-1"},"canonical":"https:\/\/auvisa.org\/pt\/","og_locale":"pt_PT","og_type":"article","og_title":"Visto para a Austr\u00e1lia para Cidad\u00e3o Portugues: Tirar Visto Online","og_description":"Fa\u00e7a um visto online para a Austr\u00e1lia para cidad\u00e3os portugueses aqui. As etapas s\u00e3o f\u00e1ceis de seguir e a resposta leva apenas um dia na maioria dos casos.","og_url":"https:\/\/auvisa.org\/pt\/","og_site_name":"Auvisa.org","article_modified_time":"2024-01-09T14:29:23+00:00","og_image":[{"url":"https:\/\/auvisa.org\/uk\/wp-content\/uploads\/sites\/6\/2020\/02\/001-travel.png","type":"","width":"","height":""}],"twitter_card":"summary_large_image","twitter_misc":{"Tempo estimado de leitura":"6 minutos"},"schema":{"@context":"https:\/\/schema.org","@graph":[{"@type":"WebPage","@id":"https:\/\/auvisa.org\/pt\/","url":"https:\/\/auvisa.org\/pt\/","name":"Visto para a Austr\u00e1lia para Cidad\u00e3o Portugues: Tirar Visto Online","isPartOf":{"@id":"https:\/\/auvisa.org\/pt\/#website"},"primaryImageOfPage":{"@id":"https:\/\/auvisa.org\/pt\/#primaryimage"},"image":{"@id":"https:\/\/auvisa.org\/pt\/#primaryimage"},"thumbnailUrl":"https:\/\/auvisa.org\/uk\/wp-content\/uploads\/sites\/6\/2020\/02\/001-travel.png","datePublished":"2019-11-20T14:20:25+00:00","dateModified":"2024-01-09T14:29:23+00:00","description":"Fa\u00e7a um visto online para a Austr\u00e1lia para cidad\u00e3os portugueses aqui. As etapas s\u00e3o f\u00e1ceis de seguir e a resposta leva apenas um dia na maioria dos casos.","breadcrumb":{"@id":"https:\/\/auvisa.org\/pt\/#breadcrumb"},"inLanguage":"pt-PT","potentialAction":[{"@type":"ReadAction","target":["https:\/\/auvisa.org\/pt\/"]}]},{"@type":"ImageObject","inLanguage":"pt-PT","@id":"https:\/\/auvisa.org\/pt\/#primaryimage","url":"https:\/\/auvisa.org\/uk\/wp-content\/uploads\/sites\/6\/2020\/02\/001-travel.png","contentUrl":"https:\/\/auvisa.org\/uk\/wp-content\/uploads\/sites\/6\/2020\/02\/001-travel.png"},{"@type":"BreadcrumbList","@id":"https:\/\/auvisa.org\/pt\/#breadcrumb","itemListElement":[{"@type":"ListItem","position":1,"name":"Home","item":"https:\/\/auvisa.org\/pt\/"},{"@type":"ListItem","position":2,"name":"Home page"}]},{"@type":"WebSite","@id":"https:\/\/auvisa.org\/pt\/#website","url":"https:\/\/auvisa.org\/pt\/","name":"Auvisa.org","description":"","inLanguage":"pt-PT"}]}},"_links":{"self":[{"href":"https:\/\/auvisa.org\/pt\/wp-json\/wp\/v2\/pages\/12","targetHints":{"allow":["GET"]}}],"collection":[{"href":"https:\/\/auvisa.org\/pt\/wp-json\/wp\/v2\/pages"}],"about":[{"href":"https:\/\/auvisa.org\/pt\/wp-json\/wp\/v2\/types\/page"}],"author":[{"embeddable":true,"href":"https:\/\/auvisa.org\/pt\/wp-json\/wp\/v2\/users\/1"}],"replies":[{"embeddable":true,"href":"https:\/\/auvisa.org\/pt\/wp-json\/wp\/v2\/comments?post=12"}],"version-history":[{"count":221,"href":"https:\/\/auvisa.org\/pt\/wp-json\/wp\/v2\/pages\/12\/revisions"}],"predecessor-version":[{"id":18888,"href":"https:\/\/auvisa.org\/pt\/wp-json\/wp\/v2\/pages\/12\/revisions\/18888"}],"wp:attachment":[{"href":"https:\/\/auvisa.org\/pt\/wp-json\/wp\/v2\/media?parent=12"}],"curies":[{"name":"wp","href":"https:\/\/api.w.org\/{rel}","templated":true}]}}