{"id":1747,"date":"2020-01-07T16:27:41","date_gmt":"2020-01-07T16:27:41","guid":{"rendered":"https:\/\/dev.auvisa.org\/?page_id=1747"},"modified":"2023-07-19T13:15:24","modified_gmt":"2023-07-19T12:15:24","slug":"visa-student","status":"publish","type":"page","link":"https:\/\/auvisa.org\/pt\/visa-student\/","title":{"rendered":"Pedido de Visto de Estudante na Austr\u00e1lia de Portugal"},"content":{"rendered":"\n<div style=\"height:20px\" aria-hidden=\"true\" class=\"wp-block-spacer\"><\/div>\n\n\n\n<p>Por favor, use este formul\u00e1rio de inscri\u00e7\u00e3o para <strong>solicitar um visto de estudante na Austr\u00e1lia<\/strong>.<\/p>\n\n\n\n<p>Voc\u00ea precisa ser admitido em uma universidade ou escola antes de solicitar um visto de estudante para a Austr\u00e1lia de Portugal. Se voc\u00ea n\u00e3o tem uma Confirma\u00e7\u00e3o de inscri\u00e7\u00e3o (CoE), entre em contato com a escola ou universidade onde pretende estudar.<\/p>\n\n\n\n<p>O formul\u00e1rio apresentar\u00e1 as seguintes op\u00e7\u00f5es de visto de estudante:<\/p>\n\n\n\n<ul class=\"wp-block-list\"><li><strong><em>Higher education<\/em><\/strong> (Ensino superior)<ul><li>Aplica-se a um diploma de bacharel, associado, certificado de p\u00f3s-gradua\u00e7\u00e3o, diploma de p\u00f3s-gradua\u00e7\u00e3o, diploma de ensino superior, diploma avan\u00e7ado de ensino superior ou mestrado por curso.<\/li><\/ul><\/li><li><strong><em>Postgraduate research<\/em><\/strong> (Pesquisa de p\u00f3s-gradua\u00e7\u00e3o)<ul><li>Aplica-se ao Mestrado por pesquisa ou doutorado.<\/li><\/ul><\/li><li><em><strong>English Language Intensive Courses for Overseas Students<\/strong> <\/em>(Cursos Intensivos de L\u00edngua Inglesa para Estudantes Estrangeiros &#8211; &#8220;ELICOS&#8221;)<ul><li>Para cursos aut\u00f4nomos que levam a um certificado I, II, III ou IV ou que n\u00e3o resultam em nenhum pr\u00eamio formal.<\/li><\/ul><\/li><li><strong><em>Primary or secondary school course<\/em><\/strong> (Curso prim\u00e1rio ou secund\u00e1rio)<ul><li>Para cursos prim\u00e1rios, secund\u00e1rios ou secund\u00e1rios, bem como programas de interc\u00e2mbio aprovados.<\/li><\/ul><\/li><li><strong><em>Vocational education and training (VET)<\/em><\/strong> (Ensino e forma\u00e7\u00e3o profissional &#8211; &#8220;EFP&#8221;)<ul><li>Esta subclasse \u00e9 para os Certificados I, II, III ou IV (exceto ELICOS), diploma VET, diploma avan\u00e7ado VET, certificado de gradua\u00e7\u00e3o profissional ou cursos de diploma de gradua\u00e7\u00e3o profissional.<\/li><\/ul><\/li><li><strong><em>Non-award<\/em><\/strong> (N\u00e3o premia\u00e7\u00e3o)<ul><li>Aplica-se a estudos de funda\u00e7\u00e3o que n\u00e3o s\u00e3o de premia\u00e7\u00e3o ou outros cursos ou componentes de per\u00edodo integral de cursos que n\u00e3o levam a um pr\u00eamio australiano.<\/li><\/ul><\/li><li><strong><em>AusAID and Defence<\/em><\/strong> (AusAID e Defesa)<ul><li>Aplica-se a estudantes patrocinados pela AusAID ou pelo Departamento de Defesa Australiano que realizam cursos em tempo integral de qualquer tipo.<\/li><\/ul><\/li><li><strong><em>Student Guardians<\/em><\/strong><ul><li>Pais ou parentes podem solicitar um visto para permanecer na Austr\u00e1lia como guardi\u00f5es de um aluno que estiver estudando na Austr\u00e1lia.<\/li><\/ul><\/li><\/ul>\n\n\n\n<p>O pre\u00e7o \u00e9 <span class=\"woocommerce-Price-amount amount\"><bdi><span class=\"woocommerce-Price-currencySymbol\">&euro;<\/span>1.200,00<\/bdi><\/span> por visto.<\/p>\n\n\n\n<div style=\"height:59px\" aria-hidden=\"true\" class=\"wp-block-spacer\"><\/div>\n\n\n\n<h3 class=\"wp-block-heading\" id=\"por-favor-insira-e-confirme-o-seu-endereco-de-email-para-proceder\">Por favor insira e confirme o seu endere\u00e7o de email para proceder:<\/h3>\n","protected":false},"excerpt":{"rendered":"<p>Por favor, use este formul\u00e1rio de inscri\u00e7\u00e3o para solicitar um visto de estudante na Austr\u00e1lia. Voc\u00ea precisa ser admitido em [&#8230;]<\/p>\n<p><a class=\"btn btn-secondary understrap-read-more-link\" href=\"https:\/\/auvisa.org\/pt\/visa-student\/\">Continuar a ler&#8230;<span class=\"screen-reader-text\"> from Pedido de Visto de Estudante na Austr\u00e1lia de Portugal<\/span><\/a><\/p>\n","protected":false},"author":3,"featured_media":0,"parent":0,"menu_order":37,"comment_status":"closed","ping_status":"closed","template":"templates\/tpl_acf_form.php","meta":{"inline_featured_image":false,"footnotes":""},"class_list":["post-1747","page","type-page","status-publish","hentry"],"yoast_head":"<!-- This site is optimized with the Yoast SEO plugin v26.9 - https:\/\/yoast.com\/product\/yoast-seo-wordpress\/ -->\n<title>Pedido de Visto de Estudante na Austr\u00e1lia de Portugal<\/title>\n<meta name=\"description\" content=\"Os estudantes portugueses devem usar este formul\u00e1rio de inscri\u00e7\u00e3o para solicitar um visto de estudante na Austr\u00e1lia: inscreva-se on-line aqui.\" \/>\n<meta name=\"robots\" content=\"index, follow, max-snippet:-1, max-image-preview:large, max-video-preview:-1\" \/>\n<link rel=\"canonical\" href=\"https:\/\/auvisa.org\/pt\/visa-student\/\" \/>\n<meta property=\"og:locale\" content=\"pt_PT\" \/>\n<meta property=\"og:type\" content=\"article\" \/>\n<meta property=\"og:title\" content=\"Pedido de Visto de Estudante na Austr\u00e1lia de Portugal\" \/>\n<meta property=\"og:description\" content=\"Os estudantes portugueses devem usar este formul\u00e1rio de inscri\u00e7\u00e3o para solicitar um visto de estudante na Austr\u00e1lia: inscreva-se on-line aqui.\" \/>\n<meta property=\"og:url\" content=\"https:\/\/auvisa.org\/pt\/visa-student\/\" \/>\n<meta property=\"og:site_name\" content=\"Auvisa.org\" \/>\n<meta property=\"article:modified_time\" content=\"2023-07-19T12:15:24+00:00\" \/>\n<meta name=\"twitter:card\" content=\"summary_large_image\" \/>\n<meta name=\"twitter:label1\" content=\"Tempo estimado de leitura\" \/>\n\t<meta name=\"twitter:data1\" content=\"2 minutos\" \/>\n<script type=\"application\/ld+json\" class=\"yoast-schema-graph\">{\"@context\":\"https:\/\/schema.org\",\"@graph\":[{\"@type\":\"WebPage\",\"@id\":\"https:\/\/auvisa.org\/pt\/visa-student\/\",\"url\":\"https:\/\/auvisa.org\/pt\/visa-student\/\",\"name\":\"Pedido de Visto de Estudante na Austr\u00e1lia de Portugal\",\"isPartOf\":{\"@id\":\"https:\/\/auvisa.org\/pt\/#website\"},\"datePublished\":\"2020-01-07T16:27:41+00:00\",\"dateModified\":\"2023-07-19T12:15:24+00:00\",\"description\":\"Os estudantes portugueses devem usar este formul\u00e1rio de inscri\u00e7\u00e3o para solicitar um visto de estudante na Austr\u00e1lia: inscreva-se on-line aqui.\",\"breadcrumb\":{\"@id\":\"https:\/\/auvisa.org\/pt\/visa-student\/#breadcrumb\"},\"inLanguage\":\"pt-PT\",\"potentialAction\":[{\"@type\":\"ReadAction\",\"target\":[\"https:\/\/auvisa.org\/pt\/visa-student\/\"]}]},{\"@type\":\"BreadcrumbList\",\"@id\":\"https:\/\/auvisa.org\/pt\/visa-student\/#breadcrumb\",\"itemListElement\":[{\"@type\":\"ListItem\",\"position\":1,\"name\":\"Home\",\"item\":\"https:\/\/auvisa.org\/pt\/\"},{\"@type\":\"ListItem\",\"position\":2,\"name\":\"Pedido de Visto de Estudante na Austr\u00e1lia de Portugal\"}]},{\"@type\":\"WebSite\",\"@id\":\"https:\/\/auvisa.org\/pt\/#website\",\"url\":\"https:\/\/auvisa.org\/pt\/\",\"name\":\"Auvisa.org\",\"description\":\"\",\"inLanguage\":\"pt-PT\"}]}<\/script>\n<!-- \/ Yoast SEO plugin. -->","yoast_head_json":{"title":"Pedido de Visto de Estudante na Austr\u00e1lia de Portugal","description":"Os estudantes portugueses devem usar este formul\u00e1rio de inscri\u00e7\u00e3o para solicitar um visto de estudante na Austr\u00e1lia: inscreva-se on-line aqui.","robots":{"index":"index","follow":"follow","max-snippet":"max-snippet:-1","max-image-preview":"max-image-preview:large","max-video-preview":"max-video-preview:-1"},"canonical":"https:\/\/auvisa.org\/pt\/visa-student\/","og_locale":"pt_PT","og_type":"article","og_title":"Pedido de Visto de Estudante na Austr\u00e1lia de Portugal","og_description":"Os estudantes portugueses devem usar este formul\u00e1rio de inscri\u00e7\u00e3o para solicitar um visto de estudante na Austr\u00e1lia: inscreva-se on-line aqui.","og_url":"https:\/\/auvisa.org\/pt\/visa-student\/","og_site_name":"Auvisa.org","article_modified_time":"2023-07-19T12:15:24+00:00","twitter_card":"summary_large_image","twitter_misc":{"Tempo estimado de leitura":"2 minutos"},"schema":{"@context":"https:\/\/schema.org","@graph":[{"@type":"WebPage","@id":"https:\/\/auvisa.org\/pt\/visa-student\/","url":"https:\/\/auvisa.org\/pt\/visa-student\/","name":"Pedido de Visto de Estudante na Austr\u00e1lia de Portugal","isPartOf":{"@id":"https:\/\/auvisa.org\/pt\/#website"},"datePublished":"2020-01-07T16:27:41+00:00","dateModified":"2023-07-19T12:15:24+00:00","description":"Os estudantes portugueses devem usar este formul\u00e1rio de inscri\u00e7\u00e3o para solicitar um visto de estudante na Austr\u00e1lia: inscreva-se on-line aqui.","breadcrumb":{"@id":"https:\/\/auvisa.org\/pt\/visa-student\/#breadcrumb"},"inLanguage":"pt-PT","potentialAction":[{"@type":"ReadAction","target":["https:\/\/auvisa.org\/pt\/visa-student\/"]}]},{"@type":"BreadcrumbList","@id":"https:\/\/auvisa.org\/pt\/visa-student\/#breadcrumb","itemListElement":[{"@type":"ListItem","position":1,"name":"Home","item":"https:\/\/auvisa.org\/pt\/"},{"@type":"ListItem","position":2,"name":"Pedido de Visto de Estudante na Austr\u00e1lia de Portugal"}]},{"@type":"WebSite","@id":"https:\/\/auvisa.org\/pt\/#website","url":"https:\/\/auvisa.org\/pt\/","name":"Auvisa.org","description":"","inLanguage":"pt-PT"}]}},"_links":{"self":[{"href":"https:\/\/auvisa.org\/pt\/wp-json\/wp\/v2\/pages\/1747","targetHints":{"allow":["GET"]}}],"collection":[{"href":"https:\/\/auvisa.org\/pt\/wp-json\/wp\/v2\/pages"}],"about":[{"href":"https:\/\/auvisa.org\/pt\/wp-json\/wp\/v2\/types\/page"}],"author":[{"embeddable":true,"href":"https:\/\/auvisa.org\/pt\/wp-json\/wp\/v2\/users\/3"}],"replies":[{"embeddable":true,"href":"https:\/\/auvisa.org\/pt\/wp-json\/wp\/v2\/comments?post=1747"}],"version-history":[{"count":16,"href":"https:\/\/auvisa.org\/pt\/wp-json\/wp\/v2\/pages\/1747\/revisions"}],"predecessor-version":[{"id":18137,"href":"https:\/\/auvisa.org\/pt\/wp-json\/wp\/v2\/pages\/1747\/revisions\/18137"}],"wp:attachment":[{"href":"https:\/\/auvisa.org\/pt\/wp-json\/wp\/v2\/media?parent=1747"}],"curies":[{"name":"wp","href":"https:\/\/api.w.org\/{rel}","templated":true}]}}