{"id":1749,"date":"2020-01-07T16:28:00","date_gmt":"2020-01-07T16:28:00","guid":{"rendered":"https:\/\/dev.auvisa.org\/?page_id=1749"},"modified":"2023-07-19T13:12:02","modified_gmt":"2023-07-19T12:12:02","slug":"visa-longterm","status":"publish","type":"page","link":"https:\/\/auvisa.org\/pt\/visa-longterm\/","title":{"rendered":"Pedido de Visto de Longa Dura\u00e7\u00e3o na Austr\u00e1lia"},"content":{"rendered":"\n<div style=\"height:20px\" aria-hidden=\"true\" class=\"wp-block-spacer\"><\/div>\n\n\n\n<p>O visto de longa dura\u00e7\u00e3o da Austr\u00e1lia (formalmente conhecido como &#8220;Visitor Visa&#8221; &#8211; Subclasse 600) \u00e9 um visto tempor\u00e1rio para per\u00edodos mais longos de perman\u00eancia na Austr\u00e1lia.<\/p>\n\n\n\n<p>Durante a inscri\u00e7\u00e3o, voc\u00ea poder\u00e1 escolher entre per\u00edodos de validade de 3, 6 e 12 meses, que tamb\u00e9m podem ser usados \u200b\u200bpara prolongar sua estadia na Austr\u00e1lia, se voc\u00ea estiver atualmente no pa\u00eds com outro visto que expirar\u00e1 em breve.<\/p>\n\n\n\n<p>Ao preencher o formul\u00e1rio, voc\u00ea precisar\u00e1 escolher entre v\u00e1rias op\u00e7\u00f5es:<\/p>\n\n\n\n<p><strong>Visto de turismo<\/strong>: selecione esse tipo de visto no formul\u00e1rio de inscri\u00e7\u00e3o se estiver viajando para a Austr\u00e1lia para f\u00e9rias ou para visitar familiares e amigos. Voc\u00ea tamb\u00e9m poder\u00e1 estudar at\u00e9 3 meses.<\/p>\n\n\n\n<p><strong>Visto de neg\u00f3cios<\/strong>: selecione esta op\u00e7\u00e3o no formul\u00e1rio de inscri\u00e7\u00e3o se estiver viajando para a Austr\u00e1lia para uma viagem de neg\u00f3cios. Voc\u00ea poder\u00e1 fazer consultas gerais sobre neg\u00f3cios ou emprego, negociar ou participar de confer\u00eancias. No entanto, voc\u00ea n\u00e3o tem permiss\u00e3o para trabalhar ou prestar servi\u00e7os a empresas ou organiza\u00e7\u00f5es na Austr\u00e1lia. Voc\u00ea tamb\u00e9m n\u00e3o tem permiss\u00e3o para vender bens ou servi\u00e7os ao p\u00fablico australiano.<\/p>\n\n\n\n<p><strong>Visto de fam\u00edlia patrocinado<\/strong>: selecione esse tipo de visto no formul\u00e1rio de inscri\u00e7\u00e3o se viajar para a Austr\u00e1lia para visitar a fam\u00edlia e ter um patrocinador. Seu patrocinador pode ser solicitado a fornecer um v\u00ednculo.<\/p>\n\n\n\n<p><strong>Extens\u00e3o de visto<\/strong>: se voc\u00ea estiver atualmente na Austr\u00e1lia com um visto que expirar\u00e1, poder\u00e1 solicitar um visto de visitante de longa dura\u00e7\u00e3o para prolongar sua estadia. Isso s\u00f3 \u00e9 poss\u00edvel se voc\u00ea n\u00e3o tiver uma condi\u00e7\u00e3o 8503 &#8220;No more stay&#8221; no seu visto atual.<\/p>\n\n\n\n<p>Os vistos de longo prazo custam <span class=\"woocommerce-Price-amount amount\"><bdi><span class=\"woocommerce-Price-currencySymbol\">&euro;<\/span>275,00<\/bdi><\/span> cada. Se voc\u00ea estiver na Austr\u00e1lia quando se inscrever, haver\u00e1 um custo adicional de 150 EUR por pessoa.<\/p>\n\n\n\n<div style=\"height:61px\" aria-hidden=\"true\" class=\"wp-block-spacer\"><\/div>\n\n\n\n<h3 class=\"wp-block-heading\" id=\"por-favor-insira-e-confirme-o-seu-endereco-de-email-para-proceder\">Por favor insira e confirme o seu endere\u00e7o de email para proceder:<\/h3>\n","protected":false},"excerpt":{"rendered":"<p>O visto de longa dura\u00e7\u00e3o da Austr\u00e1lia (formalmente conhecido como &#8220;Visitor Visa&#8221; &#8211; Subclasse 600) \u00e9 um visto tempor\u00e1rio para [&#8230;]<\/p>\n<p><a class=\"btn btn-secondary understrap-read-more-link\" href=\"https:\/\/auvisa.org\/pt\/visa-longterm\/\">Continuar a ler&#8230;<span class=\"screen-reader-text\"> from Pedido de Visto de Longa Dura\u00e7\u00e3o na Austr\u00e1lia<\/span><\/a><\/p>\n","protected":false},"author":3,"featured_media":0,"parent":0,"menu_order":32,"comment_status":"closed","ping_status":"closed","template":"templates\/tpl_acf_form.php","meta":{"inline_featured_image":false,"footnotes":""},"class_list":["post-1749","page","type-page","status-publish","hentry"],"yoast_head":"<!-- This site is optimized with the Yoast SEO plugin v26.9 - https:\/\/yoast.com\/product\/yoast-seo-wordpress\/ -->\n<title>Pedido de Visto de Longa Dura\u00e7\u00e3o na Austr\u00e1lia (Cidad\u00e3os Portugueses)<\/title>\n<meta name=\"description\" content=\"Solicite um Visto de Longa Dura\u00e7\u00e3o na Austr\u00e1lia para portugueses diretamente on-line atrav\u00e9s deste formul\u00e1rio de pedido: pr\u00e9-valida\u00e7\u00e3o de visto em 24 horas.\" \/>\n<meta name=\"robots\" content=\"index, follow, max-snippet:-1, max-image-preview:large, max-video-preview:-1\" \/>\n<link rel=\"canonical\" href=\"https:\/\/auvisa.org\/pt\/visa-longterm\/\" \/>\n<meta property=\"og:locale\" content=\"pt_PT\" \/>\n<meta property=\"og:type\" content=\"article\" \/>\n<meta property=\"og:title\" content=\"Pedido de Visto de Longa Dura\u00e7\u00e3o na Austr\u00e1lia (Cidad\u00e3os Portugueses)\" \/>\n<meta property=\"og:description\" content=\"Solicite um Visto de Longa Dura\u00e7\u00e3o na Austr\u00e1lia para portugueses diretamente on-line atrav\u00e9s deste formul\u00e1rio de pedido: pr\u00e9-valida\u00e7\u00e3o de visto em 24 horas.\" \/>\n<meta property=\"og:url\" content=\"https:\/\/auvisa.org\/pt\/visa-longterm\/\" \/>\n<meta property=\"og:site_name\" content=\"Auvisa.org\" \/>\n<meta property=\"article:modified_time\" content=\"2023-07-19T12:12:02+00:00\" \/>\n<meta name=\"twitter:card\" content=\"summary_large_image\" \/>\n<meta name=\"twitter:label1\" content=\"Tempo estimado de leitura\" \/>\n\t<meta name=\"twitter:data1\" content=\"2 minutos\" \/>\n<script type=\"application\/ld+json\" class=\"yoast-schema-graph\">{\"@context\":\"https:\/\/schema.org\",\"@graph\":[{\"@type\":\"WebPage\",\"@id\":\"https:\/\/auvisa.org\/pt\/visa-longterm\/\",\"url\":\"https:\/\/auvisa.org\/pt\/visa-longterm\/\",\"name\":\"Pedido de Visto de Longa Dura\u00e7\u00e3o na Austr\u00e1lia (Cidad\u00e3os Portugueses)\",\"isPartOf\":{\"@id\":\"https:\/\/auvisa.org\/pt\/#website\"},\"datePublished\":\"2020-01-07T16:28:00+00:00\",\"dateModified\":\"2023-07-19T12:12:02+00:00\",\"description\":\"Solicite um Visto de Longa Dura\u00e7\u00e3o na Austr\u00e1lia para portugueses diretamente on-line atrav\u00e9s deste formul\u00e1rio de pedido: pr\u00e9-valida\u00e7\u00e3o de visto em 24 horas.\",\"breadcrumb\":{\"@id\":\"https:\/\/auvisa.org\/pt\/visa-longterm\/#breadcrumb\"},\"inLanguage\":\"pt-PT\",\"potentialAction\":[{\"@type\":\"ReadAction\",\"target\":[\"https:\/\/auvisa.org\/pt\/visa-longterm\/\"]}]},{\"@type\":\"BreadcrumbList\",\"@id\":\"https:\/\/auvisa.org\/pt\/visa-longterm\/#breadcrumb\",\"itemListElement\":[{\"@type\":\"ListItem\",\"position\":1,\"name\":\"Home\",\"item\":\"https:\/\/auvisa.org\/pt\/\"},{\"@type\":\"ListItem\",\"position\":2,\"name\":\"Pedido de Visto de Longa Dura\u00e7\u00e3o na Austr\u00e1lia\"}]},{\"@type\":\"WebSite\",\"@id\":\"https:\/\/auvisa.org\/pt\/#website\",\"url\":\"https:\/\/auvisa.org\/pt\/\",\"name\":\"Auvisa.org\",\"description\":\"\",\"inLanguage\":\"pt-PT\"}]}<\/script>\n<!-- \/ Yoast SEO plugin. -->","yoast_head_json":{"title":"Pedido de Visto de Longa Dura\u00e7\u00e3o na Austr\u00e1lia (Cidad\u00e3os Portugueses)","description":"Solicite um Visto de Longa Dura\u00e7\u00e3o na Austr\u00e1lia para portugueses diretamente on-line atrav\u00e9s deste formul\u00e1rio de pedido: pr\u00e9-valida\u00e7\u00e3o de visto em 24 horas.","robots":{"index":"index","follow":"follow","max-snippet":"max-snippet:-1","max-image-preview":"max-image-preview:large","max-video-preview":"max-video-preview:-1"},"canonical":"https:\/\/auvisa.org\/pt\/visa-longterm\/","og_locale":"pt_PT","og_type":"article","og_title":"Pedido de Visto de Longa Dura\u00e7\u00e3o na Austr\u00e1lia (Cidad\u00e3os Portugueses)","og_description":"Solicite um Visto de Longa Dura\u00e7\u00e3o na Austr\u00e1lia para portugueses diretamente on-line atrav\u00e9s deste formul\u00e1rio de pedido: pr\u00e9-valida\u00e7\u00e3o de visto em 24 horas.","og_url":"https:\/\/auvisa.org\/pt\/visa-longterm\/","og_site_name":"Auvisa.org","article_modified_time":"2023-07-19T12:12:02+00:00","twitter_card":"summary_large_image","twitter_misc":{"Tempo estimado de leitura":"2 minutos"},"schema":{"@context":"https:\/\/schema.org","@graph":[{"@type":"WebPage","@id":"https:\/\/auvisa.org\/pt\/visa-longterm\/","url":"https:\/\/auvisa.org\/pt\/visa-longterm\/","name":"Pedido de Visto de Longa Dura\u00e7\u00e3o na Austr\u00e1lia (Cidad\u00e3os Portugueses)","isPartOf":{"@id":"https:\/\/auvisa.org\/pt\/#website"},"datePublished":"2020-01-07T16:28:00+00:00","dateModified":"2023-07-19T12:12:02+00:00","description":"Solicite um Visto de Longa Dura\u00e7\u00e3o na Austr\u00e1lia para portugueses diretamente on-line atrav\u00e9s deste formul\u00e1rio de pedido: pr\u00e9-valida\u00e7\u00e3o de visto em 24 horas.","breadcrumb":{"@id":"https:\/\/auvisa.org\/pt\/visa-longterm\/#breadcrumb"},"inLanguage":"pt-PT","potentialAction":[{"@type":"ReadAction","target":["https:\/\/auvisa.org\/pt\/visa-longterm\/"]}]},{"@type":"BreadcrumbList","@id":"https:\/\/auvisa.org\/pt\/visa-longterm\/#breadcrumb","itemListElement":[{"@type":"ListItem","position":1,"name":"Home","item":"https:\/\/auvisa.org\/pt\/"},{"@type":"ListItem","position":2,"name":"Pedido de Visto de Longa Dura\u00e7\u00e3o na Austr\u00e1lia"}]},{"@type":"WebSite","@id":"https:\/\/auvisa.org\/pt\/#website","url":"https:\/\/auvisa.org\/pt\/","name":"Auvisa.org","description":"","inLanguage":"pt-PT"}]}},"_links":{"self":[{"href":"https:\/\/auvisa.org\/pt\/wp-json\/wp\/v2\/pages\/1749","targetHints":{"allow":["GET"]}}],"collection":[{"href":"https:\/\/auvisa.org\/pt\/wp-json\/wp\/v2\/pages"}],"about":[{"href":"https:\/\/auvisa.org\/pt\/wp-json\/wp\/v2\/types\/page"}],"author":[{"embeddable":true,"href":"https:\/\/auvisa.org\/pt\/wp-json\/wp\/v2\/users\/3"}],"replies":[{"embeddable":true,"href":"https:\/\/auvisa.org\/pt\/wp-json\/wp\/v2\/comments?post=1749"}],"version-history":[{"count":18,"href":"https:\/\/auvisa.org\/pt\/wp-json\/wp\/v2\/pages\/1749\/revisions"}],"predecessor-version":[{"id":18135,"href":"https:\/\/auvisa.org\/pt\/wp-json\/wp\/v2\/pages\/1749\/revisions\/18135"}],"wp:attachment":[{"href":"https:\/\/auvisa.org\/pt\/wp-json\/wp\/v2\/media?parent=1749"}],"curies":[{"name":"wp","href":"https:\/\/api.w.org\/{rel}","templated":true}]}}