{"id":1752,"date":"2020-01-07T16:28:55","date_gmt":"2020-01-07T16:28:55","guid":{"rendered":"https:\/\/dev.auvisa.org\/?page_id=1752"},"modified":"2023-08-31T15:04:24","modified_gmt":"2023-08-31T14:04:24","slug":"visa-crew","status":"publish","type":"page","link":"https:\/\/auvisa.org\/pt\/visa-crew\/","title":{"rendered":"Pedido de Visto Australiano MCV (Mritime Crew Visa)"},"content":{"rendered":"\n<div style=\"height:20px\" aria-hidden=\"true\" class=\"wp-block-spacer\"><\/div>\n\n\n\n<p>Este formul\u00e1rio de pedido de visto de tripula\u00e7\u00e3o mar\u00edtima (Maritime Crew Visa) \u00e9 <strong>para pessoas que est\u00e3o entrando ou saindo da Austr\u00e1lia por mar como tripula\u00e7\u00e3o mar\u00edtima<\/strong>.<\/p>\n\n\n\n<p>Voc\u00ea <strong>pode solicitar este visto se<\/strong>:<\/p>\n\n\n\n<ul class=\"wp-block-list\"><li>Est\u00e3o fora da Austr\u00e1lia<\/li><li>\u00c9 ou ser\u00e1 membro de uma tripula\u00e7\u00e3o de um navio que vai para ou da Austr\u00e1lia<\/li><li>Entrar\u00e1 ou sair\u00e1 da Austr\u00e1lia por mar como uma tripula\u00e7\u00e3o mar\u00edtima<\/li><\/ul>\n\n\n\n<p>Observe que <strong>o navio deve ser<\/strong>:<\/p>\n\n\n\n<ul class=\"wp-block-list\"><li>Um navio comercial<\/li><li>Navio de passageiros<\/li><li>Um navio de propriedade de um governo estrangeiro para fazer pesquisa cient\u00edfica<\/li><li>Um navio aprovado pelo Departamento de Rela\u00e7\u00f5es Exteriores da Austr\u00e1lia para &#8220;status de navio p\u00fablico&#8221;<\/li><\/ul>\n\n\n\n<p><strong>IMPORTANTE:<\/strong><br>Para concluir e enviar sua inscri\u00e7\u00e3o, ser\u00e1 necess\u00e1ria uma c\u00f3pia dos seguintes documentos:<\/p>\n\n\n\n<ul class=\"wp-block-list\"><li>P\u00e1gina de detalhes pessoais do passaporte<\/li><\/ul>\n\n\n\n<p>Se voc\u00ea n\u00e3o tiver todos os documentos necess\u00e1rios no momento, poder\u00e1 salvar o aplicativo e fazer o upload dos documentos posteriormente.<\/p>\n\n\n\n<p><strong>O pre\u00e7o de cada visto \u00e9 de <span class=\"woocommerce-Price-amount amount\"><bdi><span class=\"woocommerce-Price-currencySymbol\">&euro;<\/span>98,00<\/bdi><\/span>. O pre\u00e7o inclui as taxas de servi\u00e7o do Auvisa.org e as taxas do governo (quando aplic\u00e1vel).<\/strong><\/p>\n\n\n\n<div style=\"height:63px\" aria-hidden=\"true\" class=\"wp-block-spacer\"><\/div>\n\n\n\n<h3 class=\"wp-block-heading\" id=\"por-favor-insira-e-confirme-o-seu-endereco-de-email-para-proceder\">Por favor insira e confirme o seu endere\u00e7o de email para proceder:<\/h3>\n","protected":false},"excerpt":{"rendered":"<p>Este formul\u00e1rio de pedido de visto de tripula\u00e7\u00e3o mar\u00edtima (Maritime Crew Visa) \u00e9 para pessoas que est\u00e3o entrando ou saindo [&#8230;]<\/p>\n<p><a class=\"btn btn-secondary understrap-read-more-link\" href=\"https:\/\/auvisa.org\/pt\/visa-crew\/\">Continuar a ler&#8230;<span class=\"screen-reader-text\"> from Pedido de Visto Australiano MCV (Mritime Crew Visa)<\/span><\/a><\/p>\n","protected":false},"author":3,"featured_media":0,"parent":0,"menu_order":28,"comment_status":"closed","ping_status":"closed","template":"templates\/tpl_acf_form.php","meta":{"inline_featured_image":false,"footnotes":""},"class_list":["post-1752","page","type-page","status-publish","hentry"],"yoast_head":"<!-- This site is optimized with the Yoast SEO plugin v26.9 - https:\/\/yoast.com\/product\/yoast-seo-wordpress\/ -->\n<title>Pedido de Visto Maritime Crew Visa na Austr\u00e1lia<\/title>\n<meta name=\"description\" content=\"Este pedido de visto MCV \u00e9 para cidad\u00e3os portugueses que est\u00e3o entrando na Austr\u00e1lia por mar como tripula\u00e7\u00e3o mar\u00edtima. Preencha o formul\u00e1rio e receba seu visto em 4 dias.\" \/>\n<meta name=\"robots\" content=\"index, follow, max-snippet:-1, max-image-preview:large, max-video-preview:-1\" \/>\n<link rel=\"canonical\" href=\"https:\/\/auvisa.org\/pt\/visa-crew\/\" \/>\n<meta property=\"og:locale\" content=\"pt_PT\" \/>\n<meta property=\"og:type\" content=\"article\" \/>\n<meta property=\"og:title\" content=\"Pedido de Visto Maritime Crew Visa na Austr\u00e1lia\" \/>\n<meta property=\"og:description\" content=\"Este pedido de visto MCV \u00e9 para cidad\u00e3os portugueses que est\u00e3o entrando na Austr\u00e1lia por mar como tripula\u00e7\u00e3o mar\u00edtima. Preencha o formul\u00e1rio e receba seu visto em 4 dias.\" \/>\n<meta property=\"og:url\" content=\"https:\/\/auvisa.org\/pt\/visa-crew\/\" \/>\n<meta property=\"og:site_name\" content=\"Auvisa.org\" \/>\n<meta property=\"article:modified_time\" content=\"2023-08-31T14:04:24+00:00\" \/>\n<meta name=\"twitter:card\" content=\"summary_large_image\" \/>\n<meta name=\"twitter:label1\" content=\"Tempo estimado de leitura\" \/>\n\t<meta name=\"twitter:data1\" content=\"1 minuto\" \/>\n<script type=\"application\/ld+json\" class=\"yoast-schema-graph\">{\"@context\":\"https:\/\/schema.org\",\"@graph\":[{\"@type\":\"WebPage\",\"@id\":\"https:\/\/auvisa.org\/pt\/visa-crew\/\",\"url\":\"https:\/\/auvisa.org\/pt\/visa-crew\/\",\"name\":\"Pedido de Visto Maritime Crew Visa na Austr\u00e1lia\",\"isPartOf\":{\"@id\":\"https:\/\/auvisa.org\/pt\/#website\"},\"datePublished\":\"2020-01-07T16:28:55+00:00\",\"dateModified\":\"2023-08-31T14:04:24+00:00\",\"description\":\"Este pedido de visto MCV \u00e9 para cidad\u00e3os portugueses que est\u00e3o entrando na Austr\u00e1lia por mar como tripula\u00e7\u00e3o mar\u00edtima. Preencha o formul\u00e1rio e receba seu visto em 4 dias.\",\"breadcrumb\":{\"@id\":\"https:\/\/auvisa.org\/pt\/visa-crew\/#breadcrumb\"},\"inLanguage\":\"pt-PT\",\"potentialAction\":[{\"@type\":\"ReadAction\",\"target\":[\"https:\/\/auvisa.org\/pt\/visa-crew\/\"]}]},{\"@type\":\"BreadcrumbList\",\"@id\":\"https:\/\/auvisa.org\/pt\/visa-crew\/#breadcrumb\",\"itemListElement\":[{\"@type\":\"ListItem\",\"position\":1,\"name\":\"Home\",\"item\":\"https:\/\/auvisa.org\/pt\/\"},{\"@type\":\"ListItem\",\"position\":2,\"name\":\"Pedido de Visto Australiano MCV (Mritime Crew Visa)\"}]},{\"@type\":\"WebSite\",\"@id\":\"https:\/\/auvisa.org\/pt\/#website\",\"url\":\"https:\/\/auvisa.org\/pt\/\",\"name\":\"Auvisa.org\",\"description\":\"\",\"inLanguage\":\"pt-PT\"}]}<\/script>\n<!-- \/ Yoast SEO plugin. -->","yoast_head_json":{"title":"Pedido de Visto Maritime Crew Visa na Austr\u00e1lia","description":"Este pedido de visto MCV \u00e9 para cidad\u00e3os portugueses que est\u00e3o entrando na Austr\u00e1lia por mar como tripula\u00e7\u00e3o mar\u00edtima. Preencha o formul\u00e1rio e receba seu visto em 4 dias.","robots":{"index":"index","follow":"follow","max-snippet":"max-snippet:-1","max-image-preview":"max-image-preview:large","max-video-preview":"max-video-preview:-1"},"canonical":"https:\/\/auvisa.org\/pt\/visa-crew\/","og_locale":"pt_PT","og_type":"article","og_title":"Pedido de Visto Maritime Crew Visa na Austr\u00e1lia","og_description":"Este pedido de visto MCV \u00e9 para cidad\u00e3os portugueses que est\u00e3o entrando na Austr\u00e1lia por mar como tripula\u00e7\u00e3o mar\u00edtima. Preencha o formul\u00e1rio e receba seu visto em 4 dias.","og_url":"https:\/\/auvisa.org\/pt\/visa-crew\/","og_site_name":"Auvisa.org","article_modified_time":"2023-08-31T14:04:24+00:00","twitter_card":"summary_large_image","twitter_misc":{"Tempo estimado de leitura":"1 minuto"},"schema":{"@context":"https:\/\/schema.org","@graph":[{"@type":"WebPage","@id":"https:\/\/auvisa.org\/pt\/visa-crew\/","url":"https:\/\/auvisa.org\/pt\/visa-crew\/","name":"Pedido de Visto Maritime Crew Visa na Austr\u00e1lia","isPartOf":{"@id":"https:\/\/auvisa.org\/pt\/#website"},"datePublished":"2020-01-07T16:28:55+00:00","dateModified":"2023-08-31T14:04:24+00:00","description":"Este pedido de visto MCV \u00e9 para cidad\u00e3os portugueses que est\u00e3o entrando na Austr\u00e1lia por mar como tripula\u00e7\u00e3o mar\u00edtima. Preencha o formul\u00e1rio e receba seu visto em 4 dias.","breadcrumb":{"@id":"https:\/\/auvisa.org\/pt\/visa-crew\/#breadcrumb"},"inLanguage":"pt-PT","potentialAction":[{"@type":"ReadAction","target":["https:\/\/auvisa.org\/pt\/visa-crew\/"]}]},{"@type":"BreadcrumbList","@id":"https:\/\/auvisa.org\/pt\/visa-crew\/#breadcrumb","itemListElement":[{"@type":"ListItem","position":1,"name":"Home","item":"https:\/\/auvisa.org\/pt\/"},{"@type":"ListItem","position":2,"name":"Pedido de Visto Australiano MCV (Mritime Crew Visa)"}]},{"@type":"WebSite","@id":"https:\/\/auvisa.org\/pt\/#website","url":"https:\/\/auvisa.org\/pt\/","name":"Auvisa.org","description":"","inLanguage":"pt-PT"}]}},"_links":{"self":[{"href":"https:\/\/auvisa.org\/pt\/wp-json\/wp\/v2\/pages\/1752","targetHints":{"allow":["GET"]}}],"collection":[{"href":"https:\/\/auvisa.org\/pt\/wp-json\/wp\/v2\/pages"}],"about":[{"href":"https:\/\/auvisa.org\/pt\/wp-json\/wp\/v2\/types\/page"}],"author":[{"embeddable":true,"href":"https:\/\/auvisa.org\/pt\/wp-json\/wp\/v2\/users\/3"}],"replies":[{"embeddable":true,"href":"https:\/\/auvisa.org\/pt\/wp-json\/wp\/v2\/comments?post=1752"}],"version-history":[{"count":15,"href":"https:\/\/auvisa.org\/pt\/wp-json\/wp\/v2\/pages\/1752\/revisions"}],"predecessor-version":[{"id":18203,"href":"https:\/\/auvisa.org\/pt\/wp-json\/wp\/v2\/pages\/1752\/revisions\/18203"}],"wp:attachment":[{"href":"https:\/\/auvisa.org\/pt\/wp-json\/wp\/v2\/media?parent=1752"}],"curies":[{"name":"wp","href":"https:\/\/api.w.org\/{rel}","templated":true}]}}