{"id":1754,"date":"2020-01-07T16:29:15","date_gmt":"2020-01-07T16:29:15","guid":{"rendered":"https:\/\/dev.auvisa.org\/?page_id=1754"},"modified":"2023-07-19T13:17:24","modified_gmt":"2023-07-19T12:17:24","slug":"visa-temporary","status":"publish","type":"page","link":"https:\/\/auvisa.org\/pt\/visa-temporary\/","title":{"rendered":"Pedido de Visto de Trabalho Tempor\u00e1rio para a Austr\u00e1lia"},"content":{"rendered":"\n<div style=\"height:20px\" aria-hidden=\"true\" class=\"wp-block-spacer\"><\/div>\n\n\n\n<p>Este visto \u00e9 para pessoas que <strong>ir\u00e3o para a Austr\u00e1lia para fazer trabalho tempor\u00e1rio<\/strong>.<\/p>\n\n\n\n<p>O visto pode ser concedido por at\u00e9 <strong>tr\u00eas meses<\/strong>.<\/p>\n\n\n\n<p>Voc\u00ea pode solicitar este visto se:<\/p>\n\n\n\n<ul class=\"wp-block-list\"><li>Voc\u00ea est\u00e1 fora da Austr\u00e1lia<\/li><li>Voc\u00ea vai fazer a curto prazo, altamente especializado. trabalho tempor\u00e1rio<\/li><li>Voc\u00ea participar\u00e1 de um evento cultural ou social<\/li><li>Voc\u00ea participar\u00e1 de uma atividade ou trabalho relacionado aos interesses da Austr\u00e1lia<\/li><\/ul>\n\n\n\n<p>Para se inscrever, <strong>voc\u00ea precisa ser convidado pela organiza\u00e7\u00e3o para a qual voc\u00ea estar\u00e1 trabalhando<\/strong>.<\/p>\n\n\n\n<p>Voc\u00ea tamb\u00e9m precisa <strong>ter atributos pessoais ou um hist\u00f3rico de emprego relevante para o trabalho<\/strong>. Voc\u00ea ser\u00e1 solicitado a fornecer v\u00e1rios documentos para concluir sua inscri\u00e7\u00e3o.<\/p>\n\n\n\n<p>O pre\u00e7o de cada visto \u00e9 <span class=\"woocommerce-Price-amount amount\"><bdi><span class=\"woocommerce-Price-currencySymbol\">&euro;<\/span>550,00<\/bdi><\/span>.<\/p>\n\n\n\n<div style=\"height:38px\" aria-hidden=\"true\" class=\"wp-block-spacer\"><\/div>\n\n\n\n<h3 class=\"wp-block-heading\" id=\"por-favor-insira-e-confirme-o-seu-endereco-de-email-para-proceder\">Por favor insira e confirme o seu endere\u00e7o de email para proceder:<\/h3>\n","protected":false},"excerpt":{"rendered":"<p>Este visto \u00e9 para pessoas que ir\u00e3o para a Austr\u00e1lia para fazer trabalho tempor\u00e1rio. O visto pode ser concedido por [&#8230;]<\/p>\n<p><a class=\"btn btn-secondary understrap-read-more-link\" href=\"https:\/\/auvisa.org\/pt\/visa-temporary\/\">Continuar a ler&#8230;<span class=\"screen-reader-text\"> from Pedido de Visto de Trabalho Tempor\u00e1rio para a Austr\u00e1lia<\/span><\/a><\/p>\n","protected":false},"author":3,"featured_media":0,"parent":0,"menu_order":38,"comment_status":"closed","ping_status":"closed","template":"templates\/tpl_acf_form.php","meta":{"inline_featured_image":false,"footnotes":""},"class_list":["post-1754","page","type-page","status-publish","hentry"],"yoast_head":"<!-- This site is optimized with the Yoast SEO plugin v26.9 - https:\/\/yoast.com\/product\/yoast-seo-wordpress\/ -->\n<title>Pedido de Visto de Trabalho Tempor\u00e1rio na Austr\u00e1lia<\/title>\n<meta name=\"description\" content=\"Este Formul\u00e1rio de pedido de Visto de Trabalho Tempor\u00e1rio Australiano \u00e9 para portugueses que viajam para a Austr\u00e1lia para fazer trabalho tempor\u00e1rio.\" \/>\n<meta name=\"robots\" content=\"index, follow, max-snippet:-1, max-image-preview:large, max-video-preview:-1\" \/>\n<link rel=\"canonical\" href=\"https:\/\/auvisa.org\/pt\/visa-temporary\/\" \/>\n<meta property=\"og:locale\" content=\"pt_PT\" \/>\n<meta property=\"og:type\" content=\"article\" \/>\n<meta property=\"og:title\" content=\"Pedido de Visto de Trabalho Tempor\u00e1rio na Austr\u00e1lia\" \/>\n<meta property=\"og:description\" content=\"Este Formul\u00e1rio de pedido de Visto de Trabalho Tempor\u00e1rio Australiano \u00e9 para portugueses que viajam para a Austr\u00e1lia para fazer trabalho tempor\u00e1rio.\" \/>\n<meta property=\"og:url\" content=\"https:\/\/auvisa.org\/pt\/visa-temporary\/\" \/>\n<meta property=\"og:site_name\" content=\"Auvisa.org\" \/>\n<meta property=\"article:modified_time\" content=\"2023-07-19T12:17:24+00:00\" \/>\n<meta name=\"twitter:card\" content=\"summary_large_image\" \/>\n<meta name=\"twitter:label1\" content=\"Tempo estimado de leitura\" \/>\n\t<meta name=\"twitter:data1\" content=\"1 minuto\" \/>\n<script type=\"application\/ld+json\" class=\"yoast-schema-graph\">{\"@context\":\"https:\/\/schema.org\",\"@graph\":[{\"@type\":\"WebPage\",\"@id\":\"https:\/\/auvisa.org\/pt\/visa-temporary\/\",\"url\":\"https:\/\/auvisa.org\/pt\/visa-temporary\/\",\"name\":\"Pedido de Visto de Trabalho Tempor\u00e1rio na Austr\u00e1lia\",\"isPartOf\":{\"@id\":\"https:\/\/auvisa.org\/pt\/#website\"},\"datePublished\":\"2020-01-07T16:29:15+00:00\",\"dateModified\":\"2023-07-19T12:17:24+00:00\",\"description\":\"Este Formul\u00e1rio de pedido de Visto de Trabalho Tempor\u00e1rio Australiano \u00e9 para portugueses que viajam para a Austr\u00e1lia para fazer trabalho tempor\u00e1rio.\",\"breadcrumb\":{\"@id\":\"https:\/\/auvisa.org\/pt\/visa-temporary\/#breadcrumb\"},\"inLanguage\":\"pt-PT\",\"potentialAction\":[{\"@type\":\"ReadAction\",\"target\":[\"https:\/\/auvisa.org\/pt\/visa-temporary\/\"]}]},{\"@type\":\"BreadcrumbList\",\"@id\":\"https:\/\/auvisa.org\/pt\/visa-temporary\/#breadcrumb\",\"itemListElement\":[{\"@type\":\"ListItem\",\"position\":1,\"name\":\"Home\",\"item\":\"https:\/\/auvisa.org\/pt\/\"},{\"@type\":\"ListItem\",\"position\":2,\"name\":\"Pedido de Visto de Trabalho Tempor\u00e1rio para a Austr\u00e1lia\"}]},{\"@type\":\"WebSite\",\"@id\":\"https:\/\/auvisa.org\/pt\/#website\",\"url\":\"https:\/\/auvisa.org\/pt\/\",\"name\":\"Auvisa.org\",\"description\":\"\",\"inLanguage\":\"pt-PT\"}]}<\/script>\n<!-- \/ Yoast SEO plugin. -->","yoast_head_json":{"title":"Pedido de Visto de Trabalho Tempor\u00e1rio na Austr\u00e1lia","description":"Este Formul\u00e1rio de pedido de Visto de Trabalho Tempor\u00e1rio Australiano \u00e9 para portugueses que viajam para a Austr\u00e1lia para fazer trabalho tempor\u00e1rio.","robots":{"index":"index","follow":"follow","max-snippet":"max-snippet:-1","max-image-preview":"max-image-preview:large","max-video-preview":"max-video-preview:-1"},"canonical":"https:\/\/auvisa.org\/pt\/visa-temporary\/","og_locale":"pt_PT","og_type":"article","og_title":"Pedido de Visto de Trabalho Tempor\u00e1rio na Austr\u00e1lia","og_description":"Este Formul\u00e1rio de pedido de Visto de Trabalho Tempor\u00e1rio Australiano \u00e9 para portugueses que viajam para a Austr\u00e1lia para fazer trabalho tempor\u00e1rio.","og_url":"https:\/\/auvisa.org\/pt\/visa-temporary\/","og_site_name":"Auvisa.org","article_modified_time":"2023-07-19T12:17:24+00:00","twitter_card":"summary_large_image","twitter_misc":{"Tempo estimado de leitura":"1 minuto"},"schema":{"@context":"https:\/\/schema.org","@graph":[{"@type":"WebPage","@id":"https:\/\/auvisa.org\/pt\/visa-temporary\/","url":"https:\/\/auvisa.org\/pt\/visa-temporary\/","name":"Pedido de Visto de Trabalho Tempor\u00e1rio na Austr\u00e1lia","isPartOf":{"@id":"https:\/\/auvisa.org\/pt\/#website"},"datePublished":"2020-01-07T16:29:15+00:00","dateModified":"2023-07-19T12:17:24+00:00","description":"Este Formul\u00e1rio de pedido de Visto de Trabalho Tempor\u00e1rio Australiano \u00e9 para portugueses que viajam para a Austr\u00e1lia para fazer trabalho tempor\u00e1rio.","breadcrumb":{"@id":"https:\/\/auvisa.org\/pt\/visa-temporary\/#breadcrumb"},"inLanguage":"pt-PT","potentialAction":[{"@type":"ReadAction","target":["https:\/\/auvisa.org\/pt\/visa-temporary\/"]}]},{"@type":"BreadcrumbList","@id":"https:\/\/auvisa.org\/pt\/visa-temporary\/#breadcrumb","itemListElement":[{"@type":"ListItem","position":1,"name":"Home","item":"https:\/\/auvisa.org\/pt\/"},{"@type":"ListItem","position":2,"name":"Pedido de Visto de Trabalho Tempor\u00e1rio para a Austr\u00e1lia"}]},{"@type":"WebSite","@id":"https:\/\/auvisa.org\/pt\/#website","url":"https:\/\/auvisa.org\/pt\/","name":"Auvisa.org","description":"","inLanguage":"pt-PT"}]}},"_links":{"self":[{"href":"https:\/\/auvisa.org\/pt\/wp-json\/wp\/v2\/pages\/1754","targetHints":{"allow":["GET"]}}],"collection":[{"href":"https:\/\/auvisa.org\/pt\/wp-json\/wp\/v2\/pages"}],"about":[{"href":"https:\/\/auvisa.org\/pt\/wp-json\/wp\/v2\/types\/page"}],"author":[{"embeddable":true,"href":"https:\/\/auvisa.org\/pt\/wp-json\/wp\/v2\/users\/3"}],"replies":[{"embeddable":true,"href":"https:\/\/auvisa.org\/pt\/wp-json\/wp\/v2\/comments?post=1754"}],"version-history":[{"count":16,"href":"https:\/\/auvisa.org\/pt\/wp-json\/wp\/v2\/pages\/1754\/revisions"}],"predecessor-version":[{"id":18139,"href":"https:\/\/auvisa.org\/pt\/wp-json\/wp\/v2\/pages\/1754\/revisions\/18139"}],"wp:attachment":[{"href":"https:\/\/auvisa.org\/pt\/wp-json\/wp\/v2\/media?parent=1754"}],"curies":[{"name":"wp","href":"https:\/\/api.w.org\/{rel}","templated":true}]}}