{"id":1756,"date":"2020-01-07T16:35:16","date_gmt":"2020-01-07T16:35:16","guid":{"rendered":"https:\/\/dev.auvisa.org\/?page_id=1756"},"modified":"2023-08-25T10:52:14","modified_gmt":"2023-08-25T09:52:14","slug":"visa-holiday","status":"publish","type":"page","link":"https:\/\/auvisa.org\/pt\/visa-holiday\/","title":{"rendered":"Pedido de Visto de Trabalho e F\u00e9rias Australiano &#8220;Work and Holiday&#8221;"},"content":{"rendered":"\n<p>Este formul\u00e1rio de solicita\u00e7\u00e3o de visto de trabalho \u00e9 destinado a <strong> cidad\u00e3os portugueses entre 18 e 30 anos (inclusive) <\/strong> no momento da inscri\u00e7\u00e3o. <\/p>\n\n<p>Com este visto, voc\u00ea pode viajar para a Austr\u00e1lia e <strong> combinar f\u00e9rias, trabalho e estudos <\/strong>. <\/p>\n\n<p>Voc\u00ea pode <strong> permanecer na Austr\u00e1lia por at\u00e9 um ano <\/strong> e trabalhar para o mesmo empregador por at\u00e9 6 meses, ou estudar por at\u00e9 4 meses. Voc\u00ea pode gastar at\u00e9 o per\u00edodo de visto completo em f\u00e9rias. <\/p>\n\n<p><strong>Condi\u00e7\u00f5es para o pedido de visto Working Holiday: <\/strong><\/p>\n\n<ul><li>Voc\u00ea deve ter entre 18 e 30 anos (inclusive) <\/li> <li>Voc\u00ea deve estar de boa sa\u00fade <\/li><li> Voc\u00ea deve ter os meios financeiros para se sustentar na vida. in\u00edcio da sua estadia <\/li> <\/ul>\n<p><b>IMPORTANTE:<\/b><br>\nPara concluir e enviar sua inscri\u00e7\u00e3o, ser\u00e1 necess\u00e1ria uma c\u00f3pia dos seguintes documentos:<\/p>\n<ul>\n<li>P\u00e1gina de detalhes pessoais do passaporte <\/li>\n<li>Foto do passaporte <\/li>\n<li>Provas documentais de educa\u00e7\u00e3o<\/li>\n<\/ul>\n<p>Se voc\u00ea n\u00e3o tiver todos os documentos necess\u00e1rios no momento, poder\u00e1 salvar o aplicativo e fazer o upload dos documentos posteriormente (para mais detalhes sobre esses documentos, consulte a se\u00e7\u00e3o dedicada no final do formul\u00e1rio de inscri\u00e7\u00e3o).<\/p>\n<p>Voc\u00ea pode solicitar v\u00e1rias pessoas ao mesmo tempo, e <b>cada visto para f\u00e9rias de trabalho custar\u00e1 <span class=\"woocommerce-Price-amount amount\"><bdi><span class=\"woocommerce-Price-currencySymbol\">&euro;<\/span>575,00<\/bdi><\/span>. O pre\u00e7o inclui as taxas de servi\u00e7o do Auvisa.org e as taxas do governo (quando aplic\u00e1vel).<\/b><\/p>\n\n\n\n<div style=\"height:71px\" aria-hidden=\"true\" class=\"wp-block-spacer\"><\/div>\n\n\n\n<h3 class=\"wp-block-heading\" id=\"insira-e-confirme-o-seu-endereco-de-email-para-proceder\">Insira e confirme o seu endere\u00e7o de email para proceder.<\/h3>\n\n\n\n<div style=\"height:1px\" aria-hidden=\"true\" class=\"wp-block-spacer\"><\/div>\n","protected":false},"excerpt":{"rendered":"<p>Este formul\u00e1rio de solicita\u00e7\u00e3o de visto de trabalho \u00e9 destinado a cidad\u00e3os portugueses entre 18 e 30 anos (inclusive) no [&#8230;]<\/p>\n<p><a class=\"btn btn-secondary understrap-read-more-link\" href=\"https:\/\/auvisa.org\/pt\/visa-holiday\/\">Continuar a ler&#8230;<span class=\"screen-reader-text\"> from Pedido de Visto de Trabalho e F\u00e9rias Australiano &#8220;Work and Holiday&#8221;<\/span><\/a><\/p>\n","protected":false},"author":3,"featured_media":0,"parent":0,"menu_order":31,"comment_status":"closed","ping_status":"closed","template":"templates\/tpl_acf_form.php","meta":{"inline_featured_image":false,"footnotes":""},"class_list":["post-1756","page","type-page","status-publish","hentry"],"yoast_head":"<!-- This site is optimized with the Yoast SEO plugin v26.9 - https:\/\/yoast.com\/product\/yoast-seo-wordpress\/ -->\n<title>Pedido de Visto &quot;Work and Holiday&quot; na Australia (Trabalho e F\u00e9rias)<\/title>\n<meta name=\"description\" content=\"Este formul\u00e1rio de pedido de Visto de Trabalho e F\u00e9rias Australiano &quot;Work and Holiday&quot; \u00e9 para cidad\u00e3os portugueses entre 18 e 30 anos.\" \/>\n<meta name=\"robots\" content=\"index, follow, max-snippet:-1, max-image-preview:large, max-video-preview:-1\" \/>\n<link rel=\"canonical\" href=\"https:\/\/auvisa.org\/pt\/visa-holiday\/\" \/>\n<meta property=\"og:locale\" content=\"pt_PT\" \/>\n<meta property=\"og:type\" content=\"article\" \/>\n<meta property=\"og:title\" content=\"Pedido de Visto &quot;Work and Holiday&quot; na Australia (Trabalho e F\u00e9rias)\" \/>\n<meta property=\"og:description\" content=\"Este formul\u00e1rio de pedido de Visto de Trabalho e F\u00e9rias Australiano &quot;Work and Holiday&quot; \u00e9 para cidad\u00e3os portugueses entre 18 e 30 anos.\" \/>\n<meta property=\"og:url\" content=\"https:\/\/auvisa.org\/pt\/visa-holiday\/\" \/>\n<meta property=\"og:site_name\" content=\"Auvisa.org\" \/>\n<meta property=\"article:modified_time\" content=\"2023-08-25T09:52:14+00:00\" \/>\n<meta name=\"twitter:card\" content=\"summary_large_image\" \/>\n<meta name=\"twitter:label1\" content=\"Tempo estimado de leitura\" \/>\n\t<meta name=\"twitter:data1\" content=\"2 minutos\" \/>\n<script type=\"application\/ld+json\" class=\"yoast-schema-graph\">{\"@context\":\"https:\/\/schema.org\",\"@graph\":[{\"@type\":\"WebPage\",\"@id\":\"https:\/\/auvisa.org\/pt\/visa-holiday\/\",\"url\":\"https:\/\/auvisa.org\/pt\/visa-holiday\/\",\"name\":\"Pedido de Visto \\\"Work and Holiday\\\" na Australia (Trabalho e F\u00e9rias)\",\"isPartOf\":{\"@id\":\"https:\/\/auvisa.org\/pt\/#website\"},\"datePublished\":\"2020-01-07T16:35:16+00:00\",\"dateModified\":\"2023-08-25T09:52:14+00:00\",\"description\":\"Este formul\u00e1rio de pedido de Visto de Trabalho e F\u00e9rias Australiano \\\"Work and Holiday\\\" \u00e9 para cidad\u00e3os portugueses entre 18 e 30 anos.\",\"breadcrumb\":{\"@id\":\"https:\/\/auvisa.org\/pt\/visa-holiday\/#breadcrumb\"},\"inLanguage\":\"pt-PT\",\"potentialAction\":[{\"@type\":\"ReadAction\",\"target\":[\"https:\/\/auvisa.org\/pt\/visa-holiday\/\"]}]},{\"@type\":\"BreadcrumbList\",\"@id\":\"https:\/\/auvisa.org\/pt\/visa-holiday\/#breadcrumb\",\"itemListElement\":[{\"@type\":\"ListItem\",\"position\":1,\"name\":\"Home\",\"item\":\"https:\/\/auvisa.org\/pt\/\"},{\"@type\":\"ListItem\",\"position\":2,\"name\":\"Pedido de Visto de Trabalho e F\u00e9rias Australiano &#8220;Work and Holiday&#8221;\"}]},{\"@type\":\"WebSite\",\"@id\":\"https:\/\/auvisa.org\/pt\/#website\",\"url\":\"https:\/\/auvisa.org\/pt\/\",\"name\":\"Auvisa.org\",\"description\":\"\",\"inLanguage\":\"pt-PT\"}]}<\/script>\n<!-- \/ Yoast SEO plugin. -->","yoast_head_json":{"title":"Pedido de Visto \"Work and Holiday\" na Australia (Trabalho e F\u00e9rias)","description":"Este formul\u00e1rio de pedido de Visto de Trabalho e F\u00e9rias Australiano \"Work and Holiday\" \u00e9 para cidad\u00e3os portugueses entre 18 e 30 anos.","robots":{"index":"index","follow":"follow","max-snippet":"max-snippet:-1","max-image-preview":"max-image-preview:large","max-video-preview":"max-video-preview:-1"},"canonical":"https:\/\/auvisa.org\/pt\/visa-holiday\/","og_locale":"pt_PT","og_type":"article","og_title":"Pedido de Visto \"Work and Holiday\" na Australia (Trabalho e F\u00e9rias)","og_description":"Este formul\u00e1rio de pedido de Visto de Trabalho e F\u00e9rias Australiano \"Work and Holiday\" \u00e9 para cidad\u00e3os portugueses entre 18 e 30 anos.","og_url":"https:\/\/auvisa.org\/pt\/visa-holiday\/","og_site_name":"Auvisa.org","article_modified_time":"2023-08-25T09:52:14+00:00","twitter_card":"summary_large_image","twitter_misc":{"Tempo estimado de leitura":"2 minutos"},"schema":{"@context":"https:\/\/schema.org","@graph":[{"@type":"WebPage","@id":"https:\/\/auvisa.org\/pt\/visa-holiday\/","url":"https:\/\/auvisa.org\/pt\/visa-holiday\/","name":"Pedido de Visto \"Work and Holiday\" na Australia (Trabalho e F\u00e9rias)","isPartOf":{"@id":"https:\/\/auvisa.org\/pt\/#website"},"datePublished":"2020-01-07T16:35:16+00:00","dateModified":"2023-08-25T09:52:14+00:00","description":"Este formul\u00e1rio de pedido de Visto de Trabalho e F\u00e9rias Australiano \"Work and Holiday\" \u00e9 para cidad\u00e3os portugueses entre 18 e 30 anos.","breadcrumb":{"@id":"https:\/\/auvisa.org\/pt\/visa-holiday\/#breadcrumb"},"inLanguage":"pt-PT","potentialAction":[{"@type":"ReadAction","target":["https:\/\/auvisa.org\/pt\/visa-holiday\/"]}]},{"@type":"BreadcrumbList","@id":"https:\/\/auvisa.org\/pt\/visa-holiday\/#breadcrumb","itemListElement":[{"@type":"ListItem","position":1,"name":"Home","item":"https:\/\/auvisa.org\/pt\/"},{"@type":"ListItem","position":2,"name":"Pedido de Visto de Trabalho e F\u00e9rias Australiano &#8220;Work and Holiday&#8221;"}]},{"@type":"WebSite","@id":"https:\/\/auvisa.org\/pt\/#website","url":"https:\/\/auvisa.org\/pt\/","name":"Auvisa.org","description":"","inLanguage":"pt-PT"}]}},"_links":{"self":[{"href":"https:\/\/auvisa.org\/pt\/wp-json\/wp\/v2\/pages\/1756","targetHints":{"allow":["GET"]}}],"collection":[{"href":"https:\/\/auvisa.org\/pt\/wp-json\/wp\/v2\/pages"}],"about":[{"href":"https:\/\/auvisa.org\/pt\/wp-json\/wp\/v2\/types\/page"}],"author":[{"embeddable":true,"href":"https:\/\/auvisa.org\/pt\/wp-json\/wp\/v2\/users\/3"}],"replies":[{"embeddable":true,"href":"https:\/\/auvisa.org\/pt\/wp-json\/wp\/v2\/comments?post=1756"}],"version-history":[{"count":12,"href":"https:\/\/auvisa.org\/pt\/wp-json\/wp\/v2\/pages\/1756\/revisions"}],"predecessor-version":[{"id":18195,"href":"https:\/\/auvisa.org\/pt\/wp-json\/wp\/v2\/pages\/1756\/revisions\/18195"}],"wp:attachment":[{"href":"https:\/\/auvisa.org\/pt\/wp-json\/wp\/v2\/media?parent=1756"}],"curies":[{"name":"wp","href":"https:\/\/api.w.org\/{rel}","templated":true}]}}