{"id":1760,"date":"2020-01-08T11:13:59","date_gmt":"2020-01-08T11:13:59","guid":{"rendered":"https:\/\/dev.auvisa.org\/?page_id=1760"},"modified":"2023-08-24T11:14:54","modified_gmt":"2023-08-24T10:14:54","slug":"visa-business","status":"publish","type":"page","link":"https:\/\/auvisa.org\/pt\/visa-business\/","title":{"rendered":"Pedido de Visto de Neg\u00f3cios Australiano (eVisitor)"},"content":{"rendered":"\n<div style=\"height:20px\" aria-hidden=\"true\" class=\"wp-block-spacer\"><\/div>\n\n\n\n<p>Este visto \u00e9 destinado a pessoas que entram na Austr\u00e1lia com um dos seguintes objetivos:<\/p>\n\n\n\n<ul class=\"wp-block-list\"><li>Confer\u00eancias<\/li><li>Acordos<\/li><li>Reuni\u00f5es de neg\u00f3cios <\/li><li>Etc.<\/li><\/ul>\n\n\n\n<p>Condi\u00e7\u00f5es de aquisi\u00e7\u00e3o do visto:<\/p>\n\n\n\n<ul class=\"wp-block-list\"><li>O requerente deve residir fora da Austr\u00e1lia<\/li><li>O limite m\u00e1ximo da dura\u00e7\u00e3o dos estudos na Austr\u00e1lia \u00e9 de tr\u00eas meses<\/li><li>O requerente n\u00e3o est\u00e1 autorizado a exercer atividades remuneradas como, por exemplo, ter um contrato de trabalho na Austr\u00e1lia.<\/li><li>O requerente n\u00e3o deve ter nenhuma pena criminal de mais de 12 meses, independentemente de o tempo ter sido cumprido na cadeia ou n\u00e3o<\/li><li>O requerente n\u00e3o deve sofrer de tuberculose<\/li><\/ul>\n\n\n\n<p><strong>O visto \u00e9 v\u00e1lido por 12 meses. O portador do visto pode permanecer na Austr\u00e1lia 90 dias de cada vez<\/strong>. O portador do visto tem o direito de entrar m\u00faltiplas vezes na Austr\u00e1lia durante o per\u00edodo de tempo de validade do visto.<\/p>\n\n\n\n<p>O requerimento do visto deve ser iniciado pelo menos 14 dias antes da data desejada de entrada na Austr\u00e1lia. O processo de revis\u00e3o demora entre 1 a 10 dias. A maioria dos requerentes recebe a notifica\u00e7\u00e3o da conclus\u00e3o do processo ap\u00f3s um dia.<\/p>\n\n\n\n<p><strong>O pre\u00e7o de cada visto \u00e9 de <span class=\"woocommerce-Price-amount amount\"><bdi><span class=\"woocommerce-Price-currencySymbol\">&euro;<\/span>69,00<\/bdi><\/span>. O pre\u00e7o inclui as taxas de servi\u00e7o do Auvisa.org e as taxas do governo (quando aplic\u00e1vel).<\/strong><\/p>\n\n\n\n<div style=\"height:46px\" aria-hidden=\"true\" class=\"wp-block-spacer\"><\/div>\n\n\n\n<h3>Por favor insira e confirme o seu endere\u00e7o de email para proceder<\/h3>\n\n\n\n<p><\/p>\n","protected":false},"excerpt":{"rendered":"<p>Este visto \u00e9 destinado a pessoas que entram na Austr\u00e1lia com um dos seguintes objetivos: Confer\u00eancias Acordos Reuni\u00f5es de neg\u00f3cios [&#8230;]<\/p>\n<p><a class=\"btn btn-secondary understrap-read-more-link\" href=\"https:\/\/auvisa.org\/pt\/visa-business\/\">Continuar a ler&#8230;<span class=\"screen-reader-text\"> from Pedido de Visto de Neg\u00f3cios Australiano (eVisitor)<\/span><\/a><\/p>\n","protected":false},"author":3,"featured_media":0,"parent":0,"menu_order":25,"comment_status":"closed","ping_status":"closed","template":"templates\/tpl_acf_form.php","meta":{"inline_featured_image":false,"footnotes":""},"class_list":["post-1760","page","type-page","status-publish","hentry"],"yoast_head":"<!-- This site is optimized with the Yoast SEO plugin v26.9 - https:\/\/yoast.com\/product\/yoast-seo-wordpress\/ -->\n<title>Pedido de Visto de Neg\u00f3cios Australiano (eVisitor)<\/title>\n<meta name=\"description\" content=\"Pedido de Visto de Neg\u00f3cios Australiano (eVisitor): Formul\u00e1rio de Solicita\u00e7\u00e3o (cidad\u00e3os portugueses). Inscreva-se on-line: servi\u00e7o de visto on-line 24 horas.\" \/>\n<meta name=\"robots\" content=\"index, follow, max-snippet:-1, max-image-preview:large, max-video-preview:-1\" \/>\n<link rel=\"canonical\" href=\"https:\/\/auvisa.org\/pt\/visa-business\/\" \/>\n<meta property=\"og:locale\" content=\"pt_PT\" \/>\n<meta property=\"og:type\" content=\"article\" \/>\n<meta property=\"og:title\" content=\"Pedido de Visto de Neg\u00f3cios Australiano (eVisitor)\" \/>\n<meta property=\"og:description\" content=\"Pedido de Visto de Neg\u00f3cios Australiano (eVisitor): Formul\u00e1rio de Solicita\u00e7\u00e3o (cidad\u00e3os portugueses). Inscreva-se on-line: servi\u00e7o de visto on-line 24 horas.\" \/>\n<meta property=\"og:url\" content=\"https:\/\/auvisa.org\/pt\/visa-business\/\" \/>\n<meta property=\"og:site_name\" content=\"Auvisa.org\" \/>\n<meta property=\"article:modified_time\" content=\"2023-08-24T10:14:54+00:00\" \/>\n<meta name=\"twitter:card\" content=\"summary_large_image\" \/>\n<meta name=\"twitter:label1\" content=\"Tempo estimado de leitura\" \/>\n\t<meta name=\"twitter:data1\" content=\"2 minutos\" \/>\n<script type=\"application\/ld+json\" class=\"yoast-schema-graph\">{\"@context\":\"https:\/\/schema.org\",\"@graph\":[{\"@type\":\"WebPage\",\"@id\":\"https:\/\/auvisa.org\/pt\/visa-business\/\",\"url\":\"https:\/\/auvisa.org\/pt\/visa-business\/\",\"name\":\"Pedido de Visto de Neg\u00f3cios Australiano (eVisitor)\",\"isPartOf\":{\"@id\":\"https:\/\/auvisa.org\/pt\/#website\"},\"datePublished\":\"2020-01-08T11:13:59+00:00\",\"dateModified\":\"2023-08-24T10:14:54+00:00\",\"description\":\"Pedido de Visto de Neg\u00f3cios Australiano (eVisitor): Formul\u00e1rio de Solicita\u00e7\u00e3o (cidad\u00e3os portugueses). Inscreva-se on-line: servi\u00e7o de visto on-line 24 horas.\",\"breadcrumb\":{\"@id\":\"https:\/\/auvisa.org\/pt\/visa-business\/#breadcrumb\"},\"inLanguage\":\"pt-PT\",\"potentialAction\":[{\"@type\":\"ReadAction\",\"target\":[\"https:\/\/auvisa.org\/pt\/visa-business\/\"]}]},{\"@type\":\"BreadcrumbList\",\"@id\":\"https:\/\/auvisa.org\/pt\/visa-business\/#breadcrumb\",\"itemListElement\":[{\"@type\":\"ListItem\",\"position\":1,\"name\":\"Home\",\"item\":\"https:\/\/auvisa.org\/pt\/\"},{\"@type\":\"ListItem\",\"position\":2,\"name\":\"Pedido de Visto de Neg\u00f3cios Australiano (eVisitor)\"}]},{\"@type\":\"WebSite\",\"@id\":\"https:\/\/auvisa.org\/pt\/#website\",\"url\":\"https:\/\/auvisa.org\/pt\/\",\"name\":\"Auvisa.org\",\"description\":\"\",\"inLanguage\":\"pt-PT\"}]}<\/script>\n<!-- \/ Yoast SEO plugin. -->","yoast_head_json":{"title":"Pedido de Visto de Neg\u00f3cios Australiano (eVisitor)","description":"Pedido de Visto de Neg\u00f3cios Australiano (eVisitor): Formul\u00e1rio de Solicita\u00e7\u00e3o (cidad\u00e3os portugueses). Inscreva-se on-line: servi\u00e7o de visto on-line 24 horas.","robots":{"index":"index","follow":"follow","max-snippet":"max-snippet:-1","max-image-preview":"max-image-preview:large","max-video-preview":"max-video-preview:-1"},"canonical":"https:\/\/auvisa.org\/pt\/visa-business\/","og_locale":"pt_PT","og_type":"article","og_title":"Pedido de Visto de Neg\u00f3cios Australiano (eVisitor)","og_description":"Pedido de Visto de Neg\u00f3cios Australiano (eVisitor): Formul\u00e1rio de Solicita\u00e7\u00e3o (cidad\u00e3os portugueses). Inscreva-se on-line: servi\u00e7o de visto on-line 24 horas.","og_url":"https:\/\/auvisa.org\/pt\/visa-business\/","og_site_name":"Auvisa.org","article_modified_time":"2023-08-24T10:14:54+00:00","twitter_card":"summary_large_image","twitter_misc":{"Tempo estimado de leitura":"2 minutos"},"schema":{"@context":"https:\/\/schema.org","@graph":[{"@type":"WebPage","@id":"https:\/\/auvisa.org\/pt\/visa-business\/","url":"https:\/\/auvisa.org\/pt\/visa-business\/","name":"Pedido de Visto de Neg\u00f3cios Australiano (eVisitor)","isPartOf":{"@id":"https:\/\/auvisa.org\/pt\/#website"},"datePublished":"2020-01-08T11:13:59+00:00","dateModified":"2023-08-24T10:14:54+00:00","description":"Pedido de Visto de Neg\u00f3cios Australiano (eVisitor): Formul\u00e1rio de Solicita\u00e7\u00e3o (cidad\u00e3os portugueses). Inscreva-se on-line: servi\u00e7o de visto on-line 24 horas.","breadcrumb":{"@id":"https:\/\/auvisa.org\/pt\/visa-business\/#breadcrumb"},"inLanguage":"pt-PT","potentialAction":[{"@type":"ReadAction","target":["https:\/\/auvisa.org\/pt\/visa-business\/"]}]},{"@type":"BreadcrumbList","@id":"https:\/\/auvisa.org\/pt\/visa-business\/#breadcrumb","itemListElement":[{"@type":"ListItem","position":1,"name":"Home","item":"https:\/\/auvisa.org\/pt\/"},{"@type":"ListItem","position":2,"name":"Pedido de Visto de Neg\u00f3cios Australiano (eVisitor)"}]},{"@type":"WebSite","@id":"https:\/\/auvisa.org\/pt\/#website","url":"https:\/\/auvisa.org\/pt\/","name":"Auvisa.org","description":"","inLanguage":"pt-PT"}]}},"_links":{"self":[{"href":"https:\/\/auvisa.org\/pt\/wp-json\/wp\/v2\/pages\/1760","targetHints":{"allow":["GET"]}}],"collection":[{"href":"https:\/\/auvisa.org\/pt\/wp-json\/wp\/v2\/pages"}],"about":[{"href":"https:\/\/auvisa.org\/pt\/wp-json\/wp\/v2\/types\/page"}],"author":[{"embeddable":true,"href":"https:\/\/auvisa.org\/pt\/wp-json\/wp\/v2\/users\/3"}],"replies":[{"embeddable":true,"href":"https:\/\/auvisa.org\/pt\/wp-json\/wp\/v2\/comments?post=1760"}],"version-history":[{"count":22,"href":"https:\/\/auvisa.org\/pt\/wp-json\/wp\/v2\/pages\/1760\/revisions"}],"predecessor-version":[{"id":18189,"href":"https:\/\/auvisa.org\/pt\/wp-json\/wp\/v2\/pages\/1760\/revisions\/18189"}],"wp:attachment":[{"href":"https:\/\/auvisa.org\/pt\/wp-json\/wp\/v2\/media?parent=1760"}],"curies":[{"name":"wp","href":"https:\/\/api.w.org\/{rel}","templated":true}]}}