{"id":1813,"date":"2011-12-23T17:09:59","date_gmt":"2011-12-23T17:09:59","guid":{"rendered":"https:\/\/auvisa.org\/?p=70"},"modified":"2020-08-03T09:31:25","modified_gmt":"2020-08-03T09:31:25","slug":"contact-us","status":"publish","type":"page","link":"https:\/\/auvisa.org\/pt\/contact-us\/","title":{"rendered":"Contate-Nos"},"content":{"rendered":"<p>Sinta-se \u00e0 vontade para entrar em contato conosco usando o formul\u00e1rio de contato desta p\u00e1gina. Entraremos em contato o mais breve poss\u00edvel.<\/p>\n<p>Se voc\u00ea j\u00e1 solicitou um visto, pode verificar o status do seu pedido <a href=\"\/pt\/check\/\">atrav\u00e9s desta p\u00e1gina<\/a>.<\/p>\n\n<div class=\"wpcf7 no-js\" id=\"wpcf7-f58-o1\" lang=\"en-US\" dir=\"ltr\" data-wpcf7-id=\"58\">\n<div class=\"screen-reader-response\"><p role=\"status\" aria-live=\"polite\" aria-atomic=\"true\"><\/p> <ul><\/ul><\/div>\n<form action=\"\/pt\/wp-json\/wp\/v2\/pages\/1813#wpcf7-f58-o1\" method=\"post\" class=\"wpcf7-form init\" aria-label=\"Contact form\" novalidate=\"novalidate\" data-status=\"init\">\n<fieldset class=\"hidden-fields-container\"><input type=\"hidden\" name=\"_wpcf7\" value=\"58\" \/><input type=\"hidden\" name=\"_wpcf7_version\" value=\"6.1.4\" \/><input type=\"hidden\" name=\"_wpcf7_locale\" value=\"en_US\" \/><input type=\"hidden\" name=\"_wpcf7_unit_tag\" value=\"wpcf7-f58-o1\" \/><input type=\"hidden\" name=\"_wpcf7_container_post\" value=\"0\" \/><input type=\"hidden\" name=\"_wpcf7_posted_data_hash\" value=\"\" \/>\n<\/fieldset>\n<p><label> Nome (obrigat\u00f3rio)<br \/>\n<span class=\"wpcf7-form-control-wrap\" data-name=\"your-name\"><input size=\"40\" maxlength=\"400\" class=\"wpcf7-form-control wpcf7-text wpcf7-validates-as-required\" aria-required=\"true\" aria-invalid=\"false\" value=\"\" type=\"text\" name=\"your-name\" \/><\/span> <\/label>\n<\/p>\n<p><label> N\u00famero de telefone<br \/>\n<span class=\"wpcf7-form-control-wrap\" data-name=\"tel-506\"><input size=\"40\" maxlength=\"400\" class=\"wpcf7-form-control wpcf7-tel wpcf7-validates-as-required wpcf7-text wpcf7-validates-as-tel\" aria-required=\"true\" aria-invalid=\"false\" value=\"\" type=\"tel\" name=\"tel-506\" \/><\/span><\/label>\n<\/p>\n<p><label> Endere\u00e7o de email (obrigat\u00f3rio)<br \/>\n<span class=\"wpcf7-form-control-wrap\" data-name=\"your-email\"><input size=\"40\" maxlength=\"400\" class=\"wpcf7-form-control wpcf7-email wpcf7-validates-as-required wpcf7-text wpcf7-validates-as-email\" aria-required=\"true\" aria-invalid=\"false\" value=\"\" type=\"email\" name=\"your-email\" \/><\/span> <\/label>\n<\/p>\n<p><label> Assunto<br \/>\n<span class=\"wpcf7-form-control-wrap\" data-name=\"your-subject\"><input size=\"40\" maxlength=\"400\" class=\"wpcf7-form-control wpcf7-text\" aria-invalid=\"false\" value=\"\" type=\"text\" name=\"your-subject\" \/><\/span> <\/label>\n<\/p>\n<p><label> Mensagem<br \/>\n<span class=\"wpcf7-form-control-wrap\" data-name=\"your-message\"><textarea cols=\"40\" rows=\"10\" maxlength=\"2000\" class=\"wpcf7-form-control wpcf7-textarea\" aria-invalid=\"false\" name=\"your-message\"><\/textarea><\/span> <\/label>\n<\/p>\n<p><input class=\"wpcf7-form-control wpcf7-submit has-spinner\" type=\"submit\" value=\"Enviar\" \/><br \/>\n<span id=\"wpcf7-69d0ad6360005-wrapper\" class=\"wpcf7-form-control-wrap hp-email-confirm-wrap\" ><input type=\"hidden\" name=\"hp-email-confirm-time-start\" value=\"1775283555\"><input type=\"hidden\" name=\"hp-email-confirm-time-check\" value=\"4\"><input id=\"wpcf7-69d0ad6360005-field\"  class=\"wpcf7-form-control wpcf7-text\" type=\"text\" name=\"hp-email-confirm\" value=\"\" size=\"40\" tabindex=\"-1\" autocomplete=\"new-password\" \/><\/span>\n<\/p><input type='hidden' class='wpcf7-pum' value='{\"closepopup\":false,\"closedelay\":0,\"openpopup\":false,\"openpopup_id\":0}' \/><div class=\"wpcf7-response-output\" aria-hidden=\"true\"><\/div>\n<\/form>\n<\/div>\n\n","protected":false},"excerpt":{"rendered":"<p>Sinta-se \u00e0 vontade para entrar em contato conosco usando o formul\u00e1rio de contato desta p\u00e1gina. Entraremos em contato o mais [&#8230;]<\/p>\n<p><a class=\"btn btn-secondary understrap-read-more-link\" href=\"https:\/\/auvisa.org\/pt\/contact-us\/\">Continuar a ler&#8230;<span class=\"screen-reader-text\"> from Contate-Nos<\/span><\/a><\/p>\n","protected":false},"author":3,"featured_media":0,"parent":0,"menu_order":14,"comment_status":"open","ping_status":"open","template":"","meta":{"inline_featured_image":false,"footnotes":""},"class_list":["post-1813","page","type-page","status-publish","hentry"],"yoast_head":"<!-- This site is optimized with the Yoast SEO plugin v26.9 - https:\/\/yoast.com\/product\/yoast-seo-wordpress\/ -->\n<title>Contate-Nos - Auvisa.org<\/title>\n<meta name=\"description\" content=\"Contate-Nos - Auvisa.org\" \/>\n<meta name=\"robots\" content=\"index, follow, max-snippet:-1, max-image-preview:large, max-video-preview:-1\" \/>\n<link rel=\"canonical\" href=\"https:\/\/auvisa.org\/pt\/contact-us\/\" \/>\n<meta property=\"og:locale\" content=\"pt_PT\" \/>\n<meta property=\"og:type\" content=\"article\" \/>\n<meta property=\"og:title\" content=\"Contate-Nos - Auvisa.org\" \/>\n<meta property=\"og:description\" content=\"Contate-Nos - Auvisa.org\" \/>\n<meta property=\"og:url\" content=\"https:\/\/auvisa.org\/pt\/contact-us\/\" \/>\n<meta property=\"og:site_name\" content=\"Auvisa.org\" \/>\n<meta property=\"article:modified_time\" content=\"2020-08-03T09:31:25+00:00\" \/>\n<meta name=\"twitter:card\" content=\"summary_large_image\" \/>\n<script type=\"application\/ld+json\" class=\"yoast-schema-graph\">{\"@context\":\"https:\/\/schema.org\",\"@graph\":[{\"@type\":\"WebPage\",\"@id\":\"https:\/\/auvisa.org\/pt\/contact-us\/\",\"url\":\"https:\/\/auvisa.org\/pt\/contact-us\/\",\"name\":\"Contate-Nos - Auvisa.org\",\"isPartOf\":{\"@id\":\"https:\/\/auvisa.org\/pt\/#website\"},\"datePublished\":\"2011-12-23T17:09:59+00:00\",\"dateModified\":\"2020-08-03T09:31:25+00:00\",\"description\":\"Contate-Nos - Auvisa.org\",\"breadcrumb\":{\"@id\":\"https:\/\/auvisa.org\/pt\/contact-us\/#breadcrumb\"},\"inLanguage\":\"pt-PT\",\"potentialAction\":[{\"@type\":\"ReadAction\",\"target\":[\"https:\/\/auvisa.org\/pt\/contact-us\/\"]}]},{\"@type\":\"BreadcrumbList\",\"@id\":\"https:\/\/auvisa.org\/pt\/contact-us\/#breadcrumb\",\"itemListElement\":[{\"@type\":\"ListItem\",\"position\":1,\"name\":\"Home\",\"item\":\"https:\/\/auvisa.org\/pt\/\"},{\"@type\":\"ListItem\",\"position\":2,\"name\":\"Contate-Nos\"}]},{\"@type\":\"WebSite\",\"@id\":\"https:\/\/auvisa.org\/pt\/#website\",\"url\":\"https:\/\/auvisa.org\/pt\/\",\"name\":\"Auvisa.org\",\"description\":\"\",\"inLanguage\":\"pt-PT\"}]}<\/script>\n<!-- \/ Yoast SEO plugin. -->","yoast_head_json":{"title":"Contate-Nos - Auvisa.org","description":"Contate-Nos - Auvisa.org","robots":{"index":"index","follow":"follow","max-snippet":"max-snippet:-1","max-image-preview":"max-image-preview:large","max-video-preview":"max-video-preview:-1"},"canonical":"https:\/\/auvisa.org\/pt\/contact-us\/","og_locale":"pt_PT","og_type":"article","og_title":"Contate-Nos - Auvisa.org","og_description":"Contate-Nos - Auvisa.org","og_url":"https:\/\/auvisa.org\/pt\/contact-us\/","og_site_name":"Auvisa.org","article_modified_time":"2020-08-03T09:31:25+00:00","twitter_card":"summary_large_image","schema":{"@context":"https:\/\/schema.org","@graph":[{"@type":"WebPage","@id":"https:\/\/auvisa.org\/pt\/contact-us\/","url":"https:\/\/auvisa.org\/pt\/contact-us\/","name":"Contate-Nos - Auvisa.org","isPartOf":{"@id":"https:\/\/auvisa.org\/pt\/#website"},"datePublished":"2011-12-23T17:09:59+00:00","dateModified":"2020-08-03T09:31:25+00:00","description":"Contate-Nos - Auvisa.org","breadcrumb":{"@id":"https:\/\/auvisa.org\/pt\/contact-us\/#breadcrumb"},"inLanguage":"pt-PT","potentialAction":[{"@type":"ReadAction","target":["https:\/\/auvisa.org\/pt\/contact-us\/"]}]},{"@type":"BreadcrumbList","@id":"https:\/\/auvisa.org\/pt\/contact-us\/#breadcrumb","itemListElement":[{"@type":"ListItem","position":1,"name":"Home","item":"https:\/\/auvisa.org\/pt\/"},{"@type":"ListItem","position":2,"name":"Contate-Nos"}]},{"@type":"WebSite","@id":"https:\/\/auvisa.org\/pt\/#website","url":"https:\/\/auvisa.org\/pt\/","name":"Auvisa.org","description":"","inLanguage":"pt-PT"}]}},"_links":{"self":[{"href":"https:\/\/auvisa.org\/pt\/wp-json\/wp\/v2\/pages\/1813","targetHints":{"allow":["GET"]}}],"collection":[{"href":"https:\/\/auvisa.org\/pt\/wp-json\/wp\/v2\/pages"}],"about":[{"href":"https:\/\/auvisa.org\/pt\/wp-json\/wp\/v2\/types\/page"}],"author":[{"embeddable":true,"href":"https:\/\/auvisa.org\/pt\/wp-json\/wp\/v2\/users\/3"}],"replies":[{"embeddable":true,"href":"https:\/\/auvisa.org\/pt\/wp-json\/wp\/v2\/comments?post=1813"}],"version-history":[{"count":4,"href":"https:\/\/auvisa.org\/pt\/wp-json\/wp\/v2\/pages\/1813\/revisions"}],"predecessor-version":[{"id":2647,"href":"https:\/\/auvisa.org\/pt\/wp-json\/wp\/v2\/pages\/1813\/revisions\/2647"}],"wp:attachment":[{"href":"https:\/\/auvisa.org\/pt\/wp-json\/wp\/v2\/media?parent=1813"}],"curies":[{"name":"wp","href":"https:\/\/api.w.org\/{rel}","templated":true}]}}