{"id":1843,"date":"2019-09-12T20:59:03","date_gmt":"2019-09-12T20:59:03","guid":{"rendered":"https:\/\/auvisa.org\/?p=1168"},"modified":"2020-08-03T20:15:59","modified_gmt":"2020-08-03T20:15:59","slug":"maritime-crew-visa-mcv-na-australia","status":"publish","type":"page","link":"https:\/\/auvisa.org\/pt\/maritime-crew-visa-mcv-na-australia\/","title":{"rendered":"Visto de Tripula\u00e7\u00e3o Mar\u00edtima na Austr\u00e1lia (&#8220;Maritime Crew Visa&#8221; &#8211; MCV)"},"content":{"rendered":"\n<h2 id=\"first-paragraph\">\u201cMCV\u201d Seaman Visa &#8211; Subclass 988<\/h2>\n<p>O Visto de Tripula\u00e7\u00e3o Mar\u00edtima (&#8220;Maritime Crew Visa&#8221; ou &#8220;MCV&#8221;) \u00e9 para <strong>viajantes portugueses que est\u00e3o entrando ou saindo da Austr\u00e1lia por mar como tripula\u00e7\u00e3o mar\u00edtima<\/strong>.<\/p>\n<p>Voc\u00ea pode solicitar este visto se:<\/p>\n<ul>\n<li>Est\u00e3o fora da Austr\u00e1lia<\/li>\n<li>\u00c9 ou ser\u00e1 uma tripula\u00e7\u00e3o de um navio que vai para ou da Austr\u00e1lia<\/li>\n<li>Entrar\u00e1 ou sair\u00e1 da Austr\u00e1lia por mar como uma tripula\u00e7\u00e3o mar\u00edtima<\/li>\n<\/ul>\n<p>O navio deve ser:<\/p>\n<ul>\n<li>Um navio comercial<\/li>\n<li>Navio de passageiros<\/li>\n<li>Um navio de propriedade de um governo estrangeiro para fazer pesquisa cient\u00edfica<\/li>\n<li>Um navio aprovado pelo Departamento de Rela\u00e7\u00f5es Exteriores da Austr\u00e1lia para &#8220;status de embarca\u00e7\u00e3o p\u00fablica&#8221;<\/li>\n<\/ul>\n<p><strong>Se voc\u00ea tem familiares que o seguir\u00e3o, eles tamb\u00e9m podem aplicar o Visto de Tripula\u00e7\u00e3o Mar\u00edtima &#8220;MCV&#8221;<\/strong> se aplicar junto a voc\u00ea.<\/p>\n<p><strong>Observa\u00e7\u00e3o<\/strong>: se voc\u00ea estiver indo para a Austr\u00e1lia por via a\u00e9rea, precisar\u00e1 de outro visto junto com o visto de tripula\u00e7\u00e3o mar\u00edtima, como um <a href=\"\/pt\/visto-de-turista-para-a-australia\/\">visto de turista<\/a>.<\/p>\n<br style=\"clear: both\">\n<div class=\"text-right\"><a href=\"\/pt\/visa-crew\/\" class=\"btn  px-5 btn-green\">Aplique para um Visto MCV<\/a><\/div>\n<\/ul>\n<br style=\"clear: both\"><br style=\"clear: both\">\n","protected":false},"excerpt":{"rendered":"<p>\u201cMCV\u201d Seaman Visa &#8211; Subclass 988 O Visto de Tripula\u00e7\u00e3o Mar\u00edtima (&#8220;Maritime Crew Visa&#8221; ou &#8220;MCV&#8221;) \u00e9 para viajantes portugueses [&#8230;]<\/p>\n<p><a class=\"btn btn-secondary understrap-read-more-link\" href=\"https:\/\/auvisa.org\/pt\/maritime-crew-visa-mcv-na-australia\/\">Continuar a ler&#8230;<span class=\"screen-reader-text\"> from Visto de Tripula\u00e7\u00e3o Mar\u00edtima na Austr\u00e1lia (&#8220;Maritime Crew Visa&#8221; &#8211; MCV)<\/span><\/a><\/p>\n","protected":false},"author":3,"featured_media":0,"parent":0,"menu_order":5,"comment_status":"closed","ping_status":"closed","template":"templates\/tpl_spiegazione.php","meta":{"inline_featured_image":false,"footnotes":""},"class_list":["post-1843","page","type-page","status-publish","hentry"],"yoast_head":"<!-- This site is optimized with the Yoast SEO plugin v26.9 - https:\/\/yoast.com\/product\/yoast-seo-wordpress\/ -->\n<title>Visto &quot;Maritime Crew Visa&quot; na Austr\u00e1lia (MCV)<\/title>\n<meta name=\"description\" content=\"Um visto de Tripula\u00e7\u00e3o Mar\u00edtima na Austr\u00e1lia &quot;MCV&quot; (Maritime Crew Visa) \u00e9 necess\u00e1rio para aqueles que v\u00eam por mar para a Austr\u00e1lia como parte de uma equipe de mar.\" \/>\n<meta name=\"robots\" content=\"index, follow, max-snippet:-1, max-image-preview:large, max-video-preview:-1\" \/>\n<link rel=\"canonical\" href=\"https:\/\/auvisa.org\/pt\/maritime-crew-visa-mcv-na-australia\/\" \/>\n<meta property=\"og:locale\" content=\"pt_PT\" \/>\n<meta property=\"og:type\" content=\"article\" \/>\n<meta property=\"og:title\" content=\"Visto &quot;Maritime Crew Visa&quot; na Austr\u00e1lia (MCV)\" \/>\n<meta property=\"og:description\" content=\"Um visto de Tripula\u00e7\u00e3o Mar\u00edtima na Austr\u00e1lia &quot;MCV&quot; (Maritime Crew Visa) \u00e9 necess\u00e1rio para aqueles que v\u00eam por mar para a Austr\u00e1lia como parte de uma equipe de mar.\" \/>\n<meta property=\"og:url\" content=\"https:\/\/auvisa.org\/pt\/maritime-crew-visa-mcv-na-australia\/\" \/>\n<meta property=\"og:site_name\" content=\"Auvisa.org\" \/>\n<meta property=\"article:modified_time\" content=\"2020-08-03T20:15:59+00:00\" \/>\n<meta name=\"twitter:card\" content=\"summary_large_image\" \/>\n<meta name=\"twitter:label1\" content=\"Tempo estimado de leitura\" \/>\n\t<meta name=\"twitter:data1\" content=\"1 minuto\" \/>\n<script type=\"application\/ld+json\" class=\"yoast-schema-graph\">{\"@context\":\"https:\/\/schema.org\",\"@graph\":[{\"@type\":\"WebPage\",\"@id\":\"https:\/\/auvisa.org\/pt\/maritime-crew-visa-mcv-na-australia\/\",\"url\":\"https:\/\/auvisa.org\/pt\/maritime-crew-visa-mcv-na-australia\/\",\"name\":\"Visto &quot;Maritime Crew Visa&quot; na Austr\u00e1lia (MCV)\",\"isPartOf\":{\"@id\":\"https:\/\/auvisa.org\/pt\/#website\"},\"datePublished\":\"2019-09-12T20:59:03+00:00\",\"dateModified\":\"2020-08-03T20:15:59+00:00\",\"description\":\"Um visto de Tripula\u00e7\u00e3o Mar\u00edtima na Austr\u00e1lia &quot;MCV&quot; (Maritime Crew Visa) \u00e9 necess\u00e1rio para aqueles que v\u00eam por mar para a Austr\u00e1lia como parte de uma equipe de mar.\",\"breadcrumb\":{\"@id\":\"https:\/\/auvisa.org\/pt\/maritime-crew-visa-mcv-na-australia\/#breadcrumb\"},\"inLanguage\":\"pt-PT\",\"potentialAction\":[{\"@type\":\"ReadAction\",\"target\":[\"https:\/\/auvisa.org\/pt\/maritime-crew-visa-mcv-na-australia\/\"]}]},{\"@type\":\"BreadcrumbList\",\"@id\":\"https:\/\/auvisa.org\/pt\/maritime-crew-visa-mcv-na-australia\/#breadcrumb\",\"itemListElement\":[{\"@type\":\"ListItem\",\"position\":1,\"name\":\"Home\",\"item\":\"https:\/\/auvisa.org\/pt\/\"},{\"@type\":\"ListItem\",\"position\":2,\"name\":\"Visto de Tripula\u00e7\u00e3o Mar\u00edtima na Austr\u00e1lia (&#8220;Maritime Crew Visa&#8221; &#8211; MCV)\"}]},{\"@type\":\"WebSite\",\"@id\":\"https:\/\/auvisa.org\/pt\/#website\",\"url\":\"https:\/\/auvisa.org\/pt\/\",\"name\":\"Auvisa.org\",\"description\":\"\",\"inLanguage\":\"pt-PT\"}]}<\/script>\n<!-- \/ Yoast SEO plugin. -->","yoast_head_json":{"title":"Visto &quot;Maritime Crew Visa&quot; na Austr\u00e1lia (MCV)","description":"Um visto de Tripula\u00e7\u00e3o Mar\u00edtima na Austr\u00e1lia &quot;MCV&quot; (Maritime Crew Visa) \u00e9 necess\u00e1rio para aqueles que v\u00eam por mar para a Austr\u00e1lia como parte de uma equipe de mar.","robots":{"index":"index","follow":"follow","max-snippet":"max-snippet:-1","max-image-preview":"max-image-preview:large","max-video-preview":"max-video-preview:-1"},"canonical":"https:\/\/auvisa.org\/pt\/maritime-crew-visa-mcv-na-australia\/","og_locale":"pt_PT","og_type":"article","og_title":"Visto &quot;Maritime Crew Visa&quot; na Austr\u00e1lia (MCV)","og_description":"Um visto de Tripula\u00e7\u00e3o Mar\u00edtima na Austr\u00e1lia &quot;MCV&quot; (Maritime Crew Visa) \u00e9 necess\u00e1rio para aqueles que v\u00eam por mar para a Austr\u00e1lia como parte de uma equipe de mar.","og_url":"https:\/\/auvisa.org\/pt\/maritime-crew-visa-mcv-na-australia\/","og_site_name":"Auvisa.org","article_modified_time":"2020-08-03T20:15:59+00:00","twitter_card":"summary_large_image","twitter_misc":{"Tempo estimado de leitura":"1 minuto"},"schema":{"@context":"https:\/\/schema.org","@graph":[{"@type":"WebPage","@id":"https:\/\/auvisa.org\/pt\/maritime-crew-visa-mcv-na-australia\/","url":"https:\/\/auvisa.org\/pt\/maritime-crew-visa-mcv-na-australia\/","name":"Visto &quot;Maritime Crew Visa&quot; na Austr\u00e1lia (MCV)","isPartOf":{"@id":"https:\/\/auvisa.org\/pt\/#website"},"datePublished":"2019-09-12T20:59:03+00:00","dateModified":"2020-08-03T20:15:59+00:00","description":"Um visto de Tripula\u00e7\u00e3o Mar\u00edtima na Austr\u00e1lia &quot;MCV&quot; (Maritime Crew Visa) \u00e9 necess\u00e1rio para aqueles que v\u00eam por mar para a Austr\u00e1lia como parte de uma equipe de mar.","breadcrumb":{"@id":"https:\/\/auvisa.org\/pt\/maritime-crew-visa-mcv-na-australia\/#breadcrumb"},"inLanguage":"pt-PT","potentialAction":[{"@type":"ReadAction","target":["https:\/\/auvisa.org\/pt\/maritime-crew-visa-mcv-na-australia\/"]}]},{"@type":"BreadcrumbList","@id":"https:\/\/auvisa.org\/pt\/maritime-crew-visa-mcv-na-australia\/#breadcrumb","itemListElement":[{"@type":"ListItem","position":1,"name":"Home","item":"https:\/\/auvisa.org\/pt\/"},{"@type":"ListItem","position":2,"name":"Visto de Tripula\u00e7\u00e3o Mar\u00edtima na Austr\u00e1lia (&#8220;Maritime Crew Visa&#8221; &#8211; MCV)"}]},{"@type":"WebSite","@id":"https:\/\/auvisa.org\/pt\/#website","url":"https:\/\/auvisa.org\/pt\/","name":"Auvisa.org","description":"","inLanguage":"pt-PT"}]}},"_links":{"self":[{"href":"https:\/\/auvisa.org\/pt\/wp-json\/wp\/v2\/pages\/1843","targetHints":{"allow":["GET"]}}],"collection":[{"href":"https:\/\/auvisa.org\/pt\/wp-json\/wp\/v2\/pages"}],"about":[{"href":"https:\/\/auvisa.org\/pt\/wp-json\/wp\/v2\/types\/page"}],"author":[{"embeddable":true,"href":"https:\/\/auvisa.org\/pt\/wp-json\/wp\/v2\/users\/3"}],"replies":[{"embeddable":true,"href":"https:\/\/auvisa.org\/pt\/wp-json\/wp\/v2\/comments?post=1843"}],"version-history":[{"count":25,"href":"https:\/\/auvisa.org\/pt\/wp-json\/wp\/v2\/pages\/1843\/revisions"}],"predecessor-version":[{"id":2742,"href":"https:\/\/auvisa.org\/pt\/wp-json\/wp\/v2\/pages\/1843\/revisions\/2742"}],"wp:attachment":[{"href":"https:\/\/auvisa.org\/pt\/wp-json\/wp\/v2\/media?parent=1843"}],"curies":[{"name":"wp","href":"https:\/\/api.w.org\/{rel}","templated":true}]}}