{"id":18494,"date":"2025-09-03T09:53:50","date_gmt":"2025-09-03T08:53:50","guid":{"rendered":"https:\/\/auvisa.org\/pt\/?page_id=18494"},"modified":"2026-03-24T11:28:40","modified_gmt":"2026-03-24T11:28:40","slug":"visa-lp","status":"publish","type":"page","link":"https:\/\/auvisa.org\/pt\/visa-lp\/","title":{"rendered":"Obtenha o visto eVisitor para a Austr\u00e1lia"},"content":{"rendered":"\n<div style=\"height:20px\" aria-hidden=\"true\" class=\"wp-block-spacer\"><\/div>\n\n\n\n<div style=\"font-family: -apple-system, BlinkMacSystemFont, 'Segoe UI', Roboto, Helvetica, Arial, sans-serif;color: #2c3e50;line-height: 1.7;width: 100%\">\n  <p style=\"font-size: 15px;color: #3a4a52;margin: 0 0 14px 0\">\n    O eVisitor \u00e9 um visto eletr\u00f3nico oficial emitido pelo governo australiano para <strong style=\"color: #1a2e3b\">titulares de passaportes portugueses, europeus e brit\u00e2nicos<\/strong> que pretendam visitar a Austr\u00e1lia para turismo, visitas familiares e reuni\u00f5es de neg\u00f3cios.\n  <\/p>\n  <p style=\"font-size: 15px;color: #3a4a52;margin: 0 0 14px 0\">\n    O visto eVisitor \u00e9 v\u00e1lido por <strong style=\"color: #1a2e3b\">12 meses<\/strong>, permite m\u00faltiplas entradas na Austr\u00e1lia e uma estadia m\u00e1xima de <strong style=\"color: #1a2e3b\">90 dias<\/strong> por cada visita. O servi\u00e7o completo, incluindo a taxa da Auvisa e as taxas governamentais (quando aplic\u00e1vel), come\u00e7a a partir de <strong style=\"color: #1a2e3b\">69 \u20ac\/viajante<\/strong> consoante a velocidade de processamento que selecionar.\n  <\/p>\n  <p style=\"font-size: 15px;color: #3a4a52;margin: 0 0 24px 0\">\n    Se viajar em grupo ou em fam\u00edlia, cada pessoa necessita do seu pr\u00f3prio eVisitor, incluindo beb\u00e9s e crian\u00e7as.\n  <\/p>\n  <h3 style=\"font-size: 20px;font-weight: 700;color: #1f5284;margin: 0;padding: 0;text-align: center\">Solicite agora o seu visto eVisitor<\/h3>\n<\/div>\n\n\n\n<p><\/p>\n","protected":false},"excerpt":{"rendered":"<p>O eVisitor \u00e9 um visto eletr\u00f3nico oficial emitido pelo governo australiano para titulares de passaportes portugueses, europeus e brit\u00e2nicos que [&#8230;]<\/p>\n<p><a class=\"btn btn-secondary understrap-read-more-link\" href=\"https:\/\/auvisa.org\/pt\/visa-lp\/\">Continuar a ler&#8230;<span class=\"screen-reader-text\"> from Obtenha o visto eVisitor para a Austr\u00e1lia<\/span><\/a><\/p>\n","protected":false},"author":4,"featured_media":0,"parent":0,"menu_order":4,"comment_status":"closed","ping_status":"closed","template":"templates\/tpl_acf_form.php","meta":{"inline_featured_image":false,"footnotes":""},"class_list":["post-18494","page","type-page","status-publish","hentry"],"yoast_head":"<!-- This site is optimized with the Yoast SEO plugin v26.9 - https:\/\/yoast.com\/product\/yoast-seo-wordpress\/ -->\n<title>Pedido de Visto eVisitor Australiano (Cidad\u00e3os Portugueses)<\/title>\n<meta name=\"description\" content=\"Solicite um visto eVisitor australiano para cidad\u00e3os portugueses diretamente on-line atrav\u00e9s deste formul\u00e1rio r\u00e1pido: aprova\u00e7\u00e3o de visto em 24 horas.\" \/>\n<meta name=\"robots\" content=\"noindex, follow\" \/>\n<meta property=\"og:locale\" content=\"pt_PT\" \/>\n<meta property=\"og:type\" content=\"article\" \/>\n<meta property=\"og:title\" content=\"Pedido de Visto eVisitor Australiano (Cidad\u00e3os Portugueses)\" \/>\n<meta property=\"og:description\" content=\"Solicite um visto eVisitor australiano para cidad\u00e3os portugueses diretamente on-line atrav\u00e9s deste formul\u00e1rio r\u00e1pido: aprova\u00e7\u00e3o de visto em 24 horas.\" \/>\n<meta property=\"og:url\" content=\"https:\/\/auvisa.org\/pt\/visa-lp\/\" \/>\n<meta property=\"og:site_name\" content=\"Auvisa.org\" \/>\n<meta property=\"article:modified_time\" content=\"2026-03-24T11:28:40+00:00\" \/>\n<meta name=\"twitter:card\" content=\"summary_large_image\" \/>\n<meta name=\"twitter:label1\" content=\"Tempo estimado de leitura\" \/>\n\t<meta name=\"twitter:data1\" content=\"1 minuto\" \/>\n<script type=\"application\/ld+json\" class=\"yoast-schema-graph\">{\"@context\":\"https:\/\/schema.org\",\"@graph\":[{\"@type\":\"WebPage\",\"@id\":\"https:\/\/auvisa.org\/pt\/visa-lp\/\",\"url\":\"https:\/\/auvisa.org\/pt\/visa-lp\/\",\"name\":\"Pedido de Visto eVisitor Australiano (Cidad\u00e3os Portugueses)\",\"isPartOf\":{\"@id\":\"https:\/\/auvisa.org\/pt\/#website\"},\"datePublished\":\"2025-09-03T08:53:50+00:00\",\"dateModified\":\"2026-03-24T11:28:40+00:00\",\"description\":\"Solicite um visto eVisitor australiano para cidad\u00e3os portugueses diretamente on-line atrav\u00e9s deste formul\u00e1rio r\u00e1pido: aprova\u00e7\u00e3o de visto em 24 horas.\",\"breadcrumb\":{\"@id\":\"https:\/\/auvisa.org\/pt\/visa-lp\/#breadcrumb\"},\"inLanguage\":\"pt-PT\",\"potentialAction\":[{\"@type\":\"ReadAction\",\"target\":[\"https:\/\/auvisa.org\/pt\/visa-lp\/\"]}]},{\"@type\":\"BreadcrumbList\",\"@id\":\"https:\/\/auvisa.org\/pt\/visa-lp\/#breadcrumb\",\"itemListElement\":[{\"@type\":\"ListItem\",\"position\":1,\"name\":\"Home\",\"item\":\"https:\/\/auvisa.org\/pt\/\"},{\"@type\":\"ListItem\",\"position\":2,\"name\":\"Obtenha o visto eVisitor para a Austr\u00e1lia\"}]},{\"@type\":\"WebSite\",\"@id\":\"https:\/\/auvisa.org\/pt\/#website\",\"url\":\"https:\/\/auvisa.org\/pt\/\",\"name\":\"Auvisa.org\",\"description\":\"\",\"inLanguage\":\"pt-PT\"}]}<\/script>\n<!-- \/ Yoast SEO plugin. -->","yoast_head_json":{"title":"Pedido de Visto eVisitor Australiano (Cidad\u00e3os Portugueses)","description":"Solicite um visto eVisitor australiano para cidad\u00e3os portugueses diretamente on-line atrav\u00e9s deste formul\u00e1rio r\u00e1pido: aprova\u00e7\u00e3o de visto em 24 horas.","robots":{"index":"noindex","follow":"follow"},"og_locale":"pt_PT","og_type":"article","og_title":"Pedido de Visto eVisitor Australiano (Cidad\u00e3os Portugueses)","og_description":"Solicite um visto eVisitor australiano para cidad\u00e3os portugueses diretamente on-line atrav\u00e9s deste formul\u00e1rio r\u00e1pido: aprova\u00e7\u00e3o de visto em 24 horas.","og_url":"https:\/\/auvisa.org\/pt\/visa-lp\/","og_site_name":"Auvisa.org","article_modified_time":"2026-03-24T11:28:40+00:00","twitter_card":"summary_large_image","twitter_misc":{"Tempo estimado de leitura":"1 minuto"},"schema":{"@context":"https:\/\/schema.org","@graph":[{"@type":"WebPage","@id":"https:\/\/auvisa.org\/pt\/visa-lp\/","url":"https:\/\/auvisa.org\/pt\/visa-lp\/","name":"Pedido de Visto eVisitor Australiano (Cidad\u00e3os Portugueses)","isPartOf":{"@id":"https:\/\/auvisa.org\/pt\/#website"},"datePublished":"2025-09-03T08:53:50+00:00","dateModified":"2026-03-24T11:28:40+00:00","description":"Solicite um visto eVisitor australiano para cidad\u00e3os portugueses diretamente on-line atrav\u00e9s deste formul\u00e1rio r\u00e1pido: aprova\u00e7\u00e3o de visto em 24 horas.","breadcrumb":{"@id":"https:\/\/auvisa.org\/pt\/visa-lp\/#breadcrumb"},"inLanguage":"pt-PT","potentialAction":[{"@type":"ReadAction","target":["https:\/\/auvisa.org\/pt\/visa-lp\/"]}]},{"@type":"BreadcrumbList","@id":"https:\/\/auvisa.org\/pt\/visa-lp\/#breadcrumb","itemListElement":[{"@type":"ListItem","position":1,"name":"Home","item":"https:\/\/auvisa.org\/pt\/"},{"@type":"ListItem","position":2,"name":"Obtenha o visto eVisitor para a Austr\u00e1lia"}]},{"@type":"WebSite","@id":"https:\/\/auvisa.org\/pt\/#website","url":"https:\/\/auvisa.org\/pt\/","name":"Auvisa.org","description":"","inLanguage":"pt-PT"}]}},"_links":{"self":[{"href":"https:\/\/auvisa.org\/pt\/wp-json\/wp\/v2\/pages\/18494","targetHints":{"allow":["GET"]}}],"collection":[{"href":"https:\/\/auvisa.org\/pt\/wp-json\/wp\/v2\/pages"}],"about":[{"href":"https:\/\/auvisa.org\/pt\/wp-json\/wp\/v2\/types\/page"}],"author":[{"embeddable":true,"href":"https:\/\/auvisa.org\/pt\/wp-json\/wp\/v2\/users\/4"}],"replies":[{"embeddable":true,"href":"https:\/\/auvisa.org\/pt\/wp-json\/wp\/v2\/comments?post=18494"}],"version-history":[{"count":2,"href":"https:\/\/auvisa.org\/pt\/wp-json\/wp\/v2\/pages\/18494\/revisions"}],"predecessor-version":[{"id":18868,"href":"https:\/\/auvisa.org\/pt\/wp-json\/wp\/v2\/pages\/18494\/revisions\/18868"}],"wp:attachment":[{"href":"https:\/\/auvisa.org\/pt\/wp-json\/wp\/v2\/media?parent=18494"}],"curies":[{"name":"wp","href":"https:\/\/api.w.org\/{rel}","templated":true}]}}