{"id":2096,"date":"2020-02-17T17:50:48","date_gmt":"2020-02-17T17:50:48","guid":{"rendered":"https:\/\/auvisa.org\/uk\/?page_id=2096"},"modified":"2026-03-23T13:13:28","modified_gmt":"2026-03-23T13:13:28","slug":"visa","status":"publish","type":"page","link":"https:\/\/auvisa.org\/pt\/visa\/","title":{"rendered":"Pedido de visto eVisitor para a Austr\u00e1lia"},"content":{"rendered":"\n<div style=\"height:20px\" aria-hidden=\"true\" class=\"wp-block-spacer\"><\/div>\n\n\n\n<h5 style=\"text-align: center\">Solicite agora tu visto eVisitor<\/h5>\n\n\n\n<p><\/p>\n","protected":false},"excerpt":{"rendered":"<p>Solicite agora tu visto eVisitor [&#8230;]<\/p>\n<p><a class=\"btn btn-secondary understrap-read-more-link\" href=\"https:\/\/auvisa.org\/pt\/visa\/\">Continuar a ler&#8230;<span class=\"screen-reader-text\"> from Pedido de visto eVisitor para a Austr\u00e1lia<\/span><\/a><\/p>\n","protected":false},"author":3,"featured_media":0,"parent":0,"menu_order":4,"comment_status":"closed","ping_status":"closed","template":"templates\/tpl_acf_form.php","meta":{"inline_featured_image":false,"footnotes":""},"class_list":["post-2096","page","type-page","status-publish","hentry"],"yoast_head":"<!-- This site is optimized with the Yoast SEO plugin v26.9 - https:\/\/yoast.com\/product\/yoast-seo-wordpress\/ -->\n<title>Pedido de Visto eVisitor Australiano (Cidad\u00e3os Portugueses)<\/title>\n<meta name=\"description\" content=\"Solicite um visto eVisitor australiano para cidad\u00e3os portugueses diretamente on-line atrav\u00e9s deste formul\u00e1rio r\u00e1pido: aprova\u00e7\u00e3o de visto em 24 horas.\" \/>\n<meta name=\"robots\" content=\"index, follow, max-snippet:-1, max-image-preview:large, max-video-preview:-1\" \/>\n<link rel=\"canonical\" href=\"https:\/\/auvisa.org\/pt\/visa\/\" \/>\n<meta property=\"og:locale\" content=\"pt_PT\" \/>\n<meta property=\"og:type\" content=\"article\" \/>\n<meta property=\"og:title\" content=\"Pedido de Visto eVisitor Australiano (Cidad\u00e3os Portugueses)\" \/>\n<meta property=\"og:description\" content=\"Solicite um visto eVisitor australiano para cidad\u00e3os portugueses diretamente on-line atrav\u00e9s deste formul\u00e1rio r\u00e1pido: aprova\u00e7\u00e3o de visto em 24 horas.\" \/>\n<meta property=\"og:url\" content=\"https:\/\/auvisa.org\/pt\/visa\/\" \/>\n<meta property=\"og:site_name\" content=\"Auvisa.org\" \/>\n<meta property=\"article:modified_time\" content=\"2026-03-23T13:13:28+00:00\" \/>\n<meta name=\"twitter:card\" content=\"summary_large_image\" \/>\n<meta name=\"twitter:label1\" content=\"Tempo estimado de leitura\" \/>\n\t<meta name=\"twitter:data1\" content=\"1 minuto\" \/>\n<script type=\"application\/ld+json\" class=\"yoast-schema-graph\">{\"@context\":\"https:\/\/schema.org\",\"@graph\":[{\"@type\":\"WebPage\",\"@id\":\"https:\/\/auvisa.org\/pt\/visa\/\",\"url\":\"https:\/\/auvisa.org\/pt\/visa\/\",\"name\":\"Pedido de Visto eVisitor Australiano (Cidad\u00e3os Portugueses)\",\"isPartOf\":{\"@id\":\"https:\/\/auvisa.org\/pt\/#website\"},\"datePublished\":\"2020-02-17T17:50:48+00:00\",\"dateModified\":\"2026-03-23T13:13:28+00:00\",\"description\":\"Solicite um visto eVisitor australiano para cidad\u00e3os portugueses diretamente on-line atrav\u00e9s deste formul\u00e1rio r\u00e1pido: aprova\u00e7\u00e3o de visto em 24 horas.\",\"breadcrumb\":{\"@id\":\"https:\/\/auvisa.org\/pt\/visa\/#breadcrumb\"},\"inLanguage\":\"pt-PT\",\"potentialAction\":[{\"@type\":\"ReadAction\",\"target\":[\"https:\/\/auvisa.org\/pt\/visa\/\"]}]},{\"@type\":\"BreadcrumbList\",\"@id\":\"https:\/\/auvisa.org\/pt\/visa\/#breadcrumb\",\"itemListElement\":[{\"@type\":\"ListItem\",\"position\":1,\"name\":\"Home\",\"item\":\"https:\/\/auvisa.org\/pt\/\"},{\"@type\":\"ListItem\",\"position\":2,\"name\":\"Pedido de visto eVisitor para a Austr\u00e1lia\"}]},{\"@type\":\"WebSite\",\"@id\":\"https:\/\/auvisa.org\/pt\/#website\",\"url\":\"https:\/\/auvisa.org\/pt\/\",\"name\":\"Auvisa.org\",\"description\":\"\",\"inLanguage\":\"pt-PT\"}]}<\/script>\n<!-- \/ Yoast SEO plugin. -->","yoast_head_json":{"title":"Pedido de Visto eVisitor Australiano (Cidad\u00e3os Portugueses)","description":"Solicite um visto eVisitor australiano para cidad\u00e3os portugueses diretamente on-line atrav\u00e9s deste formul\u00e1rio r\u00e1pido: aprova\u00e7\u00e3o de visto em 24 horas.","robots":{"index":"index","follow":"follow","max-snippet":"max-snippet:-1","max-image-preview":"max-image-preview:large","max-video-preview":"max-video-preview:-1"},"canonical":"https:\/\/auvisa.org\/pt\/visa\/","og_locale":"pt_PT","og_type":"article","og_title":"Pedido de Visto eVisitor Australiano (Cidad\u00e3os Portugueses)","og_description":"Solicite um visto eVisitor australiano para cidad\u00e3os portugueses diretamente on-line atrav\u00e9s deste formul\u00e1rio r\u00e1pido: aprova\u00e7\u00e3o de visto em 24 horas.","og_url":"https:\/\/auvisa.org\/pt\/visa\/","og_site_name":"Auvisa.org","article_modified_time":"2026-03-23T13:13:28+00:00","twitter_card":"summary_large_image","twitter_misc":{"Tempo estimado de leitura":"1 minuto"},"schema":{"@context":"https:\/\/schema.org","@graph":[{"@type":"WebPage","@id":"https:\/\/auvisa.org\/pt\/visa\/","url":"https:\/\/auvisa.org\/pt\/visa\/","name":"Pedido de Visto eVisitor Australiano (Cidad\u00e3os Portugueses)","isPartOf":{"@id":"https:\/\/auvisa.org\/pt\/#website"},"datePublished":"2020-02-17T17:50:48+00:00","dateModified":"2026-03-23T13:13:28+00:00","description":"Solicite um visto eVisitor australiano para cidad\u00e3os portugueses diretamente on-line atrav\u00e9s deste formul\u00e1rio r\u00e1pido: aprova\u00e7\u00e3o de visto em 24 horas.","breadcrumb":{"@id":"https:\/\/auvisa.org\/pt\/visa\/#breadcrumb"},"inLanguage":"pt-PT","potentialAction":[{"@type":"ReadAction","target":["https:\/\/auvisa.org\/pt\/visa\/"]}]},{"@type":"BreadcrumbList","@id":"https:\/\/auvisa.org\/pt\/visa\/#breadcrumb","itemListElement":[{"@type":"ListItem","position":1,"name":"Home","item":"https:\/\/auvisa.org\/pt\/"},{"@type":"ListItem","position":2,"name":"Pedido de visto eVisitor para a Austr\u00e1lia"}]},{"@type":"WebSite","@id":"https:\/\/auvisa.org\/pt\/#website","url":"https:\/\/auvisa.org\/pt\/","name":"Auvisa.org","description":"","inLanguage":"pt-PT"}]}},"_links":{"self":[{"href":"https:\/\/auvisa.org\/pt\/wp-json\/wp\/v2\/pages\/2096","targetHints":{"allow":["GET"]}}],"collection":[{"href":"https:\/\/auvisa.org\/pt\/wp-json\/wp\/v2\/pages"}],"about":[{"href":"https:\/\/auvisa.org\/pt\/wp-json\/wp\/v2\/types\/page"}],"author":[{"embeddable":true,"href":"https:\/\/auvisa.org\/pt\/wp-json\/wp\/v2\/users\/3"}],"replies":[{"embeddable":true,"href":"https:\/\/auvisa.org\/pt\/wp-json\/wp\/v2\/comments?post=2096"}],"version-history":[{"count":45,"href":"https:\/\/auvisa.org\/pt\/wp-json\/wp\/v2\/pages\/2096\/revisions"}],"predecessor-version":[{"id":18854,"href":"https:\/\/auvisa.org\/pt\/wp-json\/wp\/v2\/pages\/2096\/revisions\/18854"}],"wp:attachment":[{"href":"https:\/\/auvisa.org\/pt\/wp-json\/wp\/v2\/media?parent=2096"}],"curies":[{"name":"wp","href":"https:\/\/api.w.org\/{rel}","templated":true}]}}