{"id":2684,"date":"2020-08-03T13:24:52","date_gmt":"2020-08-03T13:24:52","guid":{"rendered":"https:\/\/auvisa.org\/pt\/?page_id=2684"},"modified":"2024-01-02T11:15:35","modified_gmt":"2024-01-02T11:15:35","slug":"visto-work-and-holiday-para-a-australia","status":"publish","type":"page","link":"https:\/\/auvisa.org\/pt\/visto-work-and-holiday-para-a-australia\/","title":{"rendered":"Visto Work and Holiday para a Austr\u00e1lia"},"content":{"rendered":"<h2 id=\"more-info\">Mais informa\u00e7\u00f5es sobre vistos de <span class=\"tlid-translation translation\" lang=\"pt\">trabalho e f\u00e9rias &#8220;Work and Holiday&#8221;para a Austr\u00e1lia<\/span><\/h2>\n<p>Um visto de trabalho e f\u00e9rias para a Austr\u00e1lia (tamb\u00e9m conhecido como \u201cvisto de trabalho para f\u00e9rias\u201d) <strong>permite que jovens de Portugal viajem para a Austr\u00e1lia por at\u00e9 12 meses por um ano sab\u00e1tico<\/strong>, para f\u00e9rias, para explorar o pa\u00eds, para estudos de curta dura\u00e7\u00e3o ou por curtos per\u00edodos de trabalho.<\/p>\n<p>Um visto de trabalho e f\u00e9rias \u00e9 para cidad\u00e3os portugueses <strong>entre 18 e 30 anos <\/strong>que desejam ir para a Austr\u00e1lia para combinar f\u00e9rias com trabalho e \/ ou estudos. Essencialmente, com um visto de trabalho e f\u00e9rias, voc\u00ea pode ficar na Austr\u00e1lia por at\u00e9 um ano &#8211; durante o qual voc\u00ea tamb\u00e9m tem permiss\u00e3o para trabalhar.<\/p>\n<p>Por\u00e9m, existem algumas <strong>limita\u00e7\u00f5es<\/strong>: voc\u00ea pode trabalhar o quanto quiser, mas <strong>n\u00e3o pode passar mais de seis meses trabalhando para o mesmo empregador<\/strong>. Seu per\u00edodo de estudo tamb\u00e9m \u00e9 limitado, pois<strong> voc\u00ea pode estudar por 4 meses no m\u00e1ximo<\/strong>. Por outro lado, voc\u00ea pode passar as f\u00e9rias pelo tempo que desejar e n\u00e3o precisa trabalhar nem estudar se n\u00e3o quiser.<\/p>\n<p>Se voc\u00ea \u00e9 um cidad\u00e3o portugu\u00eas e acha que um visto de trabalho e f\u00e9rias corresponde \u00e0s suas necessidades, voc\u00ea pode solicitar um visto de trabalho de f\u00e9rias diretamente on-line neste site, clicando no bot\u00e3o nesta p\u00e1gina ou clicando <a href=\"\/pt\/visa-holiday\/\">AQUI<\/a>. O aplicativo \u00e9 totalmente online e os resultados s\u00e3o extremamente r\u00e1pidos: voc\u00ea normalmente receber\u00e1 seu visto dentro de 48 horas.<\/p>\n<p>Como cidad\u00e3o portugu\u00eas, para se qualificar para o visto de trabalho e f\u00e9rias da Austr\u00e1lia em 2024, voc\u00ea deve:<\/p>\n<ul>\n<li>Ter entre 18 e 30 anos<\/li>\n<li>Ter um passaporte portugu\u00eas ou passaporte de outro pa\u00eds eleg\u00edvel<\/li>\n<li>N\u00e3o ser acompanhado por filhos dependentes<\/li>\n<li>Ter um ensino m\u00e9dio completo ou possuir uma qualifica\u00e7\u00e3o equivalente<\/li>\n<li>N\u00e3o tenha filhos dependentes acompanhando voc\u00ea em sua viagem<\/li>\n<li>N\u00e3o possu\u00edam anteriormente um visto 462 ou 417 da Austr\u00e1lia<\/li>\n<li>Tenha um seguro adequado para cobri-lo durante a sua estadia na Austr\u00e1lia<\/li>\n<li>Atender aos crit\u00e9rios de car\u00e1ter e sa\u00fade<\/li>\n<li>Tenha fundos suficientes para pagar sua tarifa de retorno e a parte inicial da sua estadia<\/li>\n<li>Ser capaz de fornecer todos os documentos adicionais que a imigra\u00e7\u00e3o australiana possa solicitar<\/li>\n<li>Como cidad\u00e3o portugu\u00eas, se voc\u00ea atender a esses requisitos, provavelmente poder\u00e1 ficar at\u00e9 12 meses na Austr\u00e1lia sem problemas &#8211; desde que continue cumprindo-os.<\/li>\n<\/ul>\n<p><br style=\"clear: both;\" \/><br \/>\n<div class=\"text-right\"><a href=\"\/pt\/visa-holiday\/\" class=\"btn  px-5 btn-green\">Aplique para um Visto Work and Holiday<\/a><\/div><br \/>\n<br style=\"clear: both;\" \/><br style=\"clear: both;\" \/><\/p>\n<h3>Requisitos de idade para o visto de trabalho e f\u00e9rias (subclasse 462 &#8211; Austr\u00e1lia<\/h3>\n<p>O visto de trabalho e f\u00e9rias \u00e9 projetado principalmente para jovens, que solicitam o visto com idade entre 18 e 30 anos e desejam f\u00e9rias, trabalho e estudo na Austr\u00e1lia. O visto \u00e9 v\u00e1lido por um ano a partir da data de emiss\u00e3o, o que significa que voc\u00ea tem um ano para entrar na Austr\u00e1lia. Desde a data da primeira entrada, voc\u00ea pode ficar at\u00e9 um ano na Austr\u00e1lia, saindo e entrando na Austr\u00e1lia quantas vezes desejar &#8211; j\u00e1 que o WHV \u00e9 um visto de entrada m\u00faltipla.<\/p>\n<p>Se voc\u00ea \u00e9 mais velho e seus interesses principais s\u00e3o estudar ou trabalhar, e n\u00e3o viajar, ou se preferir viajar e passar f\u00e9rias, outro tipo de visto pode ser mais apropriado para voc\u00ea &#8211; respectivamente visto de estudo, visto de trabalho ou visto de turista.<\/p>\n<p>(Aviso: voc\u00ea precisa ter 30 anos ou menos no momento da inscri\u00e7\u00e3o: voc\u00ea pode realmente completar 31 anos na Austr\u00e1lia sem perder o direito de ficar.)<\/p>\n<p><br style=\"clear: both;\" \/><br \/>\n<div class=\"text-right\"><a href=\"\/pt\/visa-holiday\/\" class=\"btn  px-5 btn-green\">Aplique para um Visto Work and Holiday<\/a><\/div><br \/>\n<br style=\"clear: both;\" \/><br style=\"clear: both;\" \/><\/p>\n<h3>Visto Working Holiday Visa destinado a indiv\u00edduos de Portugal: Requisitos M\u00e9dicos<\/h3>\n<p>Os requerentes devem desfrutar de boa sa\u00fade. Poder\u00e1 ser necess\u00e1rio realizar um exame m\u00e9dico extenso, incluindo testes aos pulm\u00f5es, raios-x e um teste de DST\u2019s (doen\u00e7as sexuais transmiss\u00edveis).<\/p>\n<h3>Visto Working Holiday para a Austr\u00e1lia: Requisitos Financeiros<\/h3>\n<p>Os requerentes devem ter meios financeiros suficientes para as despesas iniciais da estadia na Austr\u00e1lia. Considera-se que 5000 D\u00f3lares Australianos \u00e9 uma quantia suficiente. Os requerentes poder\u00e3o ter que provar que t\u00eam meios financeiros suficientes ao apresentar um extrato banc\u00e1rio ou semelhante.<\/p>\n<p><br style=\"clear: both;\" \/><br \/>\n<div class=\"text-right\"><a href=\"\/pt\/visa-holiday\/\" class=\"btn  px-5 btn-green\">Aplique para um Visto Work and Holiday<\/a><\/div><br \/>\n<br style=\"clear: both;\" \/><br style=\"clear: both;\" \/><\/p>\n<h3>Visto Working Holiday Visa: Seguro<\/h3>\n<p>Os requerentes devem assegurar-se de que possuem um seguro m\u00e9dico v\u00e1lido durante a estadia na Austr\u00e1lia. Os cidad\u00e3os de alguns pa\u00edses (incluindo o Reino Unido) t\u00eam direito a assist\u00eancia rec\u00edproca da parte do programa Australiano de assist\u00eancia de sa\u00fade. Os cidad\u00e3os de outros pa\u00edses dever\u00e3o arranjar um seguro pr\u00f3prio. Para mais informa\u00e7\u00e3o sobre o programa de assist\u00eancia m\u00e9dica na Austr\u00e1lia, visite\u00a0<a href=\"https:\/\/www.servicesaustralia.gov.au\/individuals\">http:\/\/www.medicareaustralia.gov.au\/<\/a><\/p>\n<p><br style=\"clear: both;\" \/><br \/>\n<div class=\"text-right\"><a href=\"\/pt\/visa-holiday\/\" class=\"btn  px-5 btn-green\">Aplique para um Visto Work and Holiday<\/a><\/div><br \/>\n<br style=\"clear: both;\" \/><br style=\"clear: both;\" \/><\/p>\n","protected":false},"excerpt":{"rendered":"<p>Mais informa\u00e7\u00f5es sobre vistos de trabalho e f\u00e9rias &#8220;Work and Holiday&#8221;para a Austr\u00e1lia Um visto de trabalho e f\u00e9rias para [&#8230;]<\/p>\n<p><a class=\"btn btn-secondary understrap-read-more-link\" href=\"https:\/\/auvisa.org\/pt\/visto-work-and-holiday-para-a-australia\/\">Continuar a ler&#8230;<span class=\"screen-reader-text\"> from Visto Work and Holiday para a Austr\u00e1lia<\/span><\/a><\/p>\n","protected":false},"author":4,"featured_media":0,"parent":0,"menu_order":0,"comment_status":"closed","ping_status":"closed","template":"templates\/tpl_spiegazione.php","meta":{"inline_featured_image":false,"footnotes":""},"class_list":["post-2684","page","type-page","status-publish","hentry"],"yoast_head":"<!-- This site is optimized with the Yoast SEO plugin v26.9 - https:\/\/yoast.com\/product\/yoast-seo-wordpress\/ -->\n<title>Visto Trabalho e F\u00e9rias para a Austr\u00e1lia (Work and Holiday Visa - 462)<\/title>\n<meta name=\"description\" content=\"Os vistos de trabalho e f\u00e9rias australianos para cidad\u00e3os portugueses (&quot;Work and Holiday&quot;) permitem trabalhar e viajar na Austr\u00e1lia. Verifique os requisitos e aplique.\" \/>\n<meta name=\"robots\" content=\"index, follow, max-snippet:-1, max-image-preview:large, max-video-preview:-1\" \/>\n<link rel=\"canonical\" href=\"https:\/\/auvisa.org\/pt\/visto-work-and-holiday-para-a-australia\/\" \/>\n<meta property=\"og:locale\" content=\"pt_PT\" \/>\n<meta property=\"og:type\" content=\"article\" \/>\n<meta property=\"og:title\" content=\"Visto Trabalho e F\u00e9rias para a Austr\u00e1lia (Work and Holiday Visa - 462)\" \/>\n<meta property=\"og:description\" content=\"Os vistos de trabalho e f\u00e9rias australianos para cidad\u00e3os portugueses (&quot;Work and Holiday&quot;) permitem trabalhar e viajar na Austr\u00e1lia. Verifique os requisitos e aplique.\" \/>\n<meta property=\"og:url\" content=\"https:\/\/auvisa.org\/pt\/visto-work-and-holiday-para-a-australia\/\" \/>\n<meta property=\"og:site_name\" content=\"Auvisa.org\" \/>\n<meta property=\"article:modified_time\" content=\"2024-01-02T11:15:35+00:00\" \/>\n<meta name=\"twitter:card\" content=\"summary_large_image\" \/>\n<meta name=\"twitter:label1\" content=\"Tempo estimado de leitura\" \/>\n\t<meta name=\"twitter:data1\" content=\"5 minutos\" \/>\n<script type=\"application\/ld+json\" class=\"yoast-schema-graph\">{\"@context\":\"https:\/\/schema.org\",\"@graph\":[{\"@type\":\"WebPage\",\"@id\":\"https:\/\/auvisa.org\/pt\/visto-work-and-holiday-para-a-australia\/\",\"url\":\"https:\/\/auvisa.org\/pt\/visto-work-and-holiday-para-a-australia\/\",\"name\":\"Visto Trabalho e F\u00e9rias para a Austr\u00e1lia (Work and Holiday Visa - 462)\",\"isPartOf\":{\"@id\":\"https:\/\/auvisa.org\/pt\/#website\"},\"datePublished\":\"2020-08-03T13:24:52+00:00\",\"dateModified\":\"2024-01-02T11:15:35+00:00\",\"description\":\"Os vistos de trabalho e f\u00e9rias australianos para cidad\u00e3os portugueses (\\\"Work and Holiday\\\") permitem trabalhar e viajar na Austr\u00e1lia. Verifique os requisitos e aplique.\",\"breadcrumb\":{\"@id\":\"https:\/\/auvisa.org\/pt\/visto-work-and-holiday-para-a-australia\/#breadcrumb\"},\"inLanguage\":\"pt-PT\",\"potentialAction\":[{\"@type\":\"ReadAction\",\"target\":[\"https:\/\/auvisa.org\/pt\/visto-work-and-holiday-para-a-australia\/\"]}]},{\"@type\":\"BreadcrumbList\",\"@id\":\"https:\/\/auvisa.org\/pt\/visto-work-and-holiday-para-a-australia\/#breadcrumb\",\"itemListElement\":[{\"@type\":\"ListItem\",\"position\":1,\"name\":\"Home\",\"item\":\"https:\/\/auvisa.org\/pt\/\"},{\"@type\":\"ListItem\",\"position\":2,\"name\":\"Visto Work and Holiday para a Austr\u00e1lia\"}]},{\"@type\":\"WebSite\",\"@id\":\"https:\/\/auvisa.org\/pt\/#website\",\"url\":\"https:\/\/auvisa.org\/pt\/\",\"name\":\"Auvisa.org\",\"description\":\"\",\"inLanguage\":\"pt-PT\"}]}<\/script>\n<!-- \/ Yoast SEO plugin. -->","yoast_head_json":{"title":"Visto Trabalho e F\u00e9rias para a Austr\u00e1lia (Work and Holiday Visa - 462)","description":"Os vistos de trabalho e f\u00e9rias australianos para cidad\u00e3os portugueses (\"Work and Holiday\") permitem trabalhar e viajar na Austr\u00e1lia. Verifique os requisitos e aplique.","robots":{"index":"index","follow":"follow","max-snippet":"max-snippet:-1","max-image-preview":"max-image-preview:large","max-video-preview":"max-video-preview:-1"},"canonical":"https:\/\/auvisa.org\/pt\/visto-work-and-holiday-para-a-australia\/","og_locale":"pt_PT","og_type":"article","og_title":"Visto Trabalho e F\u00e9rias para a Austr\u00e1lia (Work and Holiday Visa - 462)","og_description":"Os vistos de trabalho e f\u00e9rias australianos para cidad\u00e3os portugueses (\"Work and Holiday\") permitem trabalhar e viajar na Austr\u00e1lia. Verifique os requisitos e aplique.","og_url":"https:\/\/auvisa.org\/pt\/visto-work-and-holiday-para-a-australia\/","og_site_name":"Auvisa.org","article_modified_time":"2024-01-02T11:15:35+00:00","twitter_card":"summary_large_image","twitter_misc":{"Tempo estimado de leitura":"5 minutos"},"schema":{"@context":"https:\/\/schema.org","@graph":[{"@type":"WebPage","@id":"https:\/\/auvisa.org\/pt\/visto-work-and-holiday-para-a-australia\/","url":"https:\/\/auvisa.org\/pt\/visto-work-and-holiday-para-a-australia\/","name":"Visto Trabalho e F\u00e9rias para a Austr\u00e1lia (Work and Holiday Visa - 462)","isPartOf":{"@id":"https:\/\/auvisa.org\/pt\/#website"},"datePublished":"2020-08-03T13:24:52+00:00","dateModified":"2024-01-02T11:15:35+00:00","description":"Os vistos de trabalho e f\u00e9rias australianos para cidad\u00e3os portugueses (\"Work and Holiday\") permitem trabalhar e viajar na Austr\u00e1lia. Verifique os requisitos e aplique.","breadcrumb":{"@id":"https:\/\/auvisa.org\/pt\/visto-work-and-holiday-para-a-australia\/#breadcrumb"},"inLanguage":"pt-PT","potentialAction":[{"@type":"ReadAction","target":["https:\/\/auvisa.org\/pt\/visto-work-and-holiday-para-a-australia\/"]}]},{"@type":"BreadcrumbList","@id":"https:\/\/auvisa.org\/pt\/visto-work-and-holiday-para-a-australia\/#breadcrumb","itemListElement":[{"@type":"ListItem","position":1,"name":"Home","item":"https:\/\/auvisa.org\/pt\/"},{"@type":"ListItem","position":2,"name":"Visto Work and Holiday para a Austr\u00e1lia"}]},{"@type":"WebSite","@id":"https:\/\/auvisa.org\/pt\/#website","url":"https:\/\/auvisa.org\/pt\/","name":"Auvisa.org","description":"","inLanguage":"pt-PT"}]}},"_links":{"self":[{"href":"https:\/\/auvisa.org\/pt\/wp-json\/wp\/v2\/pages\/2684","targetHints":{"allow":["GET"]}}],"collection":[{"href":"https:\/\/auvisa.org\/pt\/wp-json\/wp\/v2\/pages"}],"about":[{"href":"https:\/\/auvisa.org\/pt\/wp-json\/wp\/v2\/types\/page"}],"author":[{"embeddable":true,"href":"https:\/\/auvisa.org\/pt\/wp-json\/wp\/v2\/users\/4"}],"replies":[{"embeddable":true,"href":"https:\/\/auvisa.org\/pt\/wp-json\/wp\/v2\/comments?post=2684"}],"version-history":[{"count":17,"href":"https:\/\/auvisa.org\/pt\/wp-json\/wp\/v2\/pages\/2684\/revisions"}],"predecessor-version":[{"id":18296,"href":"https:\/\/auvisa.org\/pt\/wp-json\/wp\/v2\/pages\/2684\/revisions\/18296"}],"wp:attachment":[{"href":"https:\/\/auvisa.org\/pt\/wp-json\/wp\/v2\/media?parent=2684"}],"curies":[{"name":"wp","href":"https:\/\/api.w.org\/{rel}","templated":true}]}}