{"id":2748,"date":"2020-08-03T18:20:37","date_gmt":"2020-08-03T18:20:37","guid":{"rendered":"https:\/\/auvisa.org\/pt\/?page_id=2748"},"modified":"2020-08-03T20:14:48","modified_gmt":"2020-08-03T20:14:48","slug":"segundo-visto-work-and-holiday-na-australia","status":"publish","type":"page","link":"https:\/\/auvisa.org\/pt\/segundo-visto-work-and-holiday-na-australia\/","title":{"rendered":"Segundo Visto Work and Holiday para a Austr\u00e1lia"},"content":{"rendered":"<h2 id=\"more-info\">Mais informa\u00e7\u00f5es sobre ao segundo visto <span class=\"tlid-translation translation\" lang=\"pt\">&#8220;Work and Holiday&#8221; para a Austr\u00e1lia<\/span><\/h2>\n<p>Voc\u00ea pode aplicar um segundo visto de f\u00e9rias de trabalho se atender a certos <strong>requisitos<\/strong>:<\/p>\n<p>Tudo o que se aplica ao primeiro visto Working Holiday, al\u00e9m de:<\/p>\n<ul>\n<li>cumpriram todas as condi\u00e7\u00f5es do seu primeiro visto Working Holiday<\/li>\n<li>anteriormente n\u00e3o possu\u00edam mais de um visto Working Holiday<\/li>\n<li>completou tr\u00eas meses de <strong>trabalho especificado<\/strong> na regi\u00e3o da Austr\u00e1lia enquanto estava no seu primeiro visto Working Holiday.<\/li>\n<\/ul>\n<p>Se voc\u00ea est\u00e1 atualmente na Austr\u00e1lia com seu primeiro visto Work and Holiday e deseja permanecer no pa\u00eds, <strong>solicite o segundo visto Work and Holiday antes que o primeiro expire<\/strong>.<\/p>\n<p><strong>Trabalho especificado<\/strong> \u00e9 o trabalho executado em uma s\u00e9rie de trabalhos ou ind\u00fastria e regi\u00f5es especificados, incluindo:<\/p>\n<ul>\n<li>Pesca e p\u00e9rolas no norte da Austr\u00e1lia<\/li>\n<li>Cultivo e corte de \u00e1rvores no norte da Austr\u00e1lia<\/li>\n<li>Turismo e hospitalidade no norte da Austr\u00e1lia<\/li>\n<li>Cultivo de plantas e animais no norte da Austr\u00e1lia e em outras regi\u00f5es especificadas<\/li>\n<\/ul>\n<p><div class=\"text-right\"><a href=\"\/pt\/visa-workingsecond\/\" class=\"btn  px-5 btn-green\">Aplique para um Segundo Visto Work and Holiday<\/a><\/div><br \/>\n<br style=\"clear: both;\"><br style=\"clear: both;\"><\/p>\n","protected":false},"excerpt":{"rendered":"<p>Mais informa\u00e7\u00f5es sobre ao segundo visto &#8220;Work and Holiday&#8221; para a Austr\u00e1lia Voc\u00ea pode aplicar um segundo visto de f\u00e9rias [&#8230;]<\/p>\n<p><a class=\"btn btn-secondary understrap-read-more-link\" href=\"https:\/\/auvisa.org\/pt\/segundo-visto-work-and-holiday-na-australia\/\">Continuar a ler&#8230;<span class=\"screen-reader-text\"> from Segundo Visto Work and Holiday para a Austr\u00e1lia<\/span><\/a><\/p>\n","protected":false},"author":4,"featured_media":0,"parent":0,"menu_order":2,"comment_status":"closed","ping_status":"closed","template":"templates\/tpl_spiegazione.php","meta":{"inline_featured_image":false,"footnotes":""},"class_list":["post-2748","page","type-page","status-publish","hentry"],"yoast_head":"<!-- This site is optimized with the Yoast SEO plugin v26.9 - https:\/\/yoast.com\/product\/yoast-seo-wordpress\/ -->\n<title>Segundo Visto Work and Holiday Visa na Austr\u00e1lia<\/title>\n<meta name=\"description\" content=\"Um segundo visto de trabalho Work and Holiday Visa \u00e9 para aqueles que receberam um visto Work and Holiday e desejam prolongar sua estadia na Austr\u00e1lia.\" \/>\n<meta name=\"robots\" content=\"index, follow, max-snippet:-1, max-image-preview:large, max-video-preview:-1\" \/>\n<link rel=\"canonical\" href=\"https:\/\/auvisa.org\/pt\/segundo-visto-work-and-holiday-na-australia\/\" \/>\n<meta property=\"og:locale\" content=\"pt_PT\" \/>\n<meta property=\"og:type\" content=\"article\" \/>\n<meta property=\"og:title\" content=\"Segundo Visto Work and Holiday Visa na Austr\u00e1lia\" \/>\n<meta property=\"og:description\" content=\"Um segundo visto de trabalho Work and Holiday Visa \u00e9 para aqueles que receberam um visto Work and Holiday e desejam prolongar sua estadia na Austr\u00e1lia.\" \/>\n<meta property=\"og:url\" content=\"https:\/\/auvisa.org\/pt\/segundo-visto-work-and-holiday-na-australia\/\" \/>\n<meta property=\"og:site_name\" content=\"Auvisa.org\" \/>\n<meta property=\"article:modified_time\" content=\"2020-08-03T20:14:48+00:00\" \/>\n<meta name=\"twitter:card\" content=\"summary_large_image\" \/>\n<meta name=\"twitter:label1\" content=\"Tempo estimado de leitura\" \/>\n\t<meta name=\"twitter:data1\" content=\"1 minuto\" \/>\n<script type=\"application\/ld+json\" class=\"yoast-schema-graph\">{\"@context\":\"https:\/\/schema.org\",\"@graph\":[{\"@type\":\"WebPage\",\"@id\":\"https:\/\/auvisa.org\/pt\/segundo-visto-work-and-holiday-na-australia\/\",\"url\":\"https:\/\/auvisa.org\/pt\/segundo-visto-work-and-holiday-na-australia\/\",\"name\":\"Segundo Visto Work and Holiday Visa na Austr\u00e1lia\",\"isPartOf\":{\"@id\":\"https:\/\/auvisa.org\/pt\/#website\"},\"datePublished\":\"2020-08-03T18:20:37+00:00\",\"dateModified\":\"2020-08-03T20:14:48+00:00\",\"description\":\"Um segundo visto de trabalho Work and Holiday Visa \u00e9 para aqueles que receberam um visto Work and Holiday e desejam prolongar sua estadia na Austr\u00e1lia.\",\"breadcrumb\":{\"@id\":\"https:\/\/auvisa.org\/pt\/segundo-visto-work-and-holiday-na-australia\/#breadcrumb\"},\"inLanguage\":\"pt-PT\",\"potentialAction\":[{\"@type\":\"ReadAction\",\"target\":[\"https:\/\/auvisa.org\/pt\/segundo-visto-work-and-holiday-na-australia\/\"]}]},{\"@type\":\"BreadcrumbList\",\"@id\":\"https:\/\/auvisa.org\/pt\/segundo-visto-work-and-holiday-na-australia\/#breadcrumb\",\"itemListElement\":[{\"@type\":\"ListItem\",\"position\":1,\"name\":\"Home\",\"item\":\"https:\/\/auvisa.org\/pt\/\"},{\"@type\":\"ListItem\",\"position\":2,\"name\":\"Segundo Visto Work and Holiday para a Austr\u00e1lia\"}]},{\"@type\":\"WebSite\",\"@id\":\"https:\/\/auvisa.org\/pt\/#website\",\"url\":\"https:\/\/auvisa.org\/pt\/\",\"name\":\"Auvisa.org\",\"description\":\"\",\"inLanguage\":\"pt-PT\"}]}<\/script>\n<!-- \/ Yoast SEO plugin. -->","yoast_head_json":{"title":"Segundo Visto Work and Holiday Visa na Austr\u00e1lia","description":"Um segundo visto de trabalho Work and Holiday Visa \u00e9 para aqueles que receberam um visto Work and Holiday e desejam prolongar sua estadia na Austr\u00e1lia.","robots":{"index":"index","follow":"follow","max-snippet":"max-snippet:-1","max-image-preview":"max-image-preview:large","max-video-preview":"max-video-preview:-1"},"canonical":"https:\/\/auvisa.org\/pt\/segundo-visto-work-and-holiday-na-australia\/","og_locale":"pt_PT","og_type":"article","og_title":"Segundo Visto Work and Holiday Visa na Austr\u00e1lia","og_description":"Um segundo visto de trabalho Work and Holiday Visa \u00e9 para aqueles que receberam um visto Work and Holiday e desejam prolongar sua estadia na Austr\u00e1lia.","og_url":"https:\/\/auvisa.org\/pt\/segundo-visto-work-and-holiday-na-australia\/","og_site_name":"Auvisa.org","article_modified_time":"2020-08-03T20:14:48+00:00","twitter_card":"summary_large_image","twitter_misc":{"Tempo estimado de leitura":"1 minuto"},"schema":{"@context":"https:\/\/schema.org","@graph":[{"@type":"WebPage","@id":"https:\/\/auvisa.org\/pt\/segundo-visto-work-and-holiday-na-australia\/","url":"https:\/\/auvisa.org\/pt\/segundo-visto-work-and-holiday-na-australia\/","name":"Segundo Visto Work and Holiday Visa na Austr\u00e1lia","isPartOf":{"@id":"https:\/\/auvisa.org\/pt\/#website"},"datePublished":"2020-08-03T18:20:37+00:00","dateModified":"2020-08-03T20:14:48+00:00","description":"Um segundo visto de trabalho Work and Holiday Visa \u00e9 para aqueles que receberam um visto Work and Holiday e desejam prolongar sua estadia na Austr\u00e1lia.","breadcrumb":{"@id":"https:\/\/auvisa.org\/pt\/segundo-visto-work-and-holiday-na-australia\/#breadcrumb"},"inLanguage":"pt-PT","potentialAction":[{"@type":"ReadAction","target":["https:\/\/auvisa.org\/pt\/segundo-visto-work-and-holiday-na-australia\/"]}]},{"@type":"BreadcrumbList","@id":"https:\/\/auvisa.org\/pt\/segundo-visto-work-and-holiday-na-australia\/#breadcrumb","itemListElement":[{"@type":"ListItem","position":1,"name":"Home","item":"https:\/\/auvisa.org\/pt\/"},{"@type":"ListItem","position":2,"name":"Segundo Visto Work and Holiday para a Austr\u00e1lia"}]},{"@type":"WebSite","@id":"https:\/\/auvisa.org\/pt\/#website","url":"https:\/\/auvisa.org\/pt\/","name":"Auvisa.org","description":"","inLanguage":"pt-PT"}]}},"_links":{"self":[{"href":"https:\/\/auvisa.org\/pt\/wp-json\/wp\/v2\/pages\/2748","targetHints":{"allow":["GET"]}}],"collection":[{"href":"https:\/\/auvisa.org\/pt\/wp-json\/wp\/v2\/pages"}],"about":[{"href":"https:\/\/auvisa.org\/pt\/wp-json\/wp\/v2\/types\/page"}],"author":[{"embeddable":true,"href":"https:\/\/auvisa.org\/pt\/wp-json\/wp\/v2\/users\/4"}],"replies":[{"embeddable":true,"href":"https:\/\/auvisa.org\/pt\/wp-json\/wp\/v2\/comments?post=2748"}],"version-history":[{"count":6,"href":"https:\/\/auvisa.org\/pt\/wp-json\/wp\/v2\/pages\/2748\/revisions"}],"predecessor-version":[{"id":2796,"href":"https:\/\/auvisa.org\/pt\/wp-json\/wp\/v2\/pages\/2748\/revisions\/2796"}],"wp:attachment":[{"href":"https:\/\/auvisa.org\/pt\/wp-json\/wp\/v2\/media?parent=2748"}],"curies":[{"name":"wp","href":"https:\/\/api.w.org\/{rel}","templated":true}]}}