{"id":2757,"date":"2020-08-03T19:43:22","date_gmt":"2020-08-03T19:43:22","guid":{"rendered":"https:\/\/auvisa.org\/pt\/?page_id=2757"},"modified":"2020-08-03T20:16:23","modified_gmt":"2020-08-03T20:16:23","slug":"visto-de-trabalho-temporario-australia","status":"publish","type":"page","link":"https:\/\/auvisa.org\/pt\/visto-de-trabalho-temporario-australia\/","title":{"rendered":"Visto de Trabalho Tempor\u00e1rio para a Austr\u00e1lia"},"content":{"rendered":"<h2 id=\"more-info\">Visto de trabalho tempor\u00e1rio para Austr\u00e1lia para cidad\u00e3os portugueses<\/h2>\n<p>Um visto de trabalho tempor\u00e1rio australiano (subclasse 400) \u00e9 <strong>para cidad\u00e3os portugueses que ir\u00e3o para a Austr\u00e1lia para fazer trabalho tempor\u00e1rio<\/strong>.<\/p>\n<p><strong>O visto pode ser concedido por at\u00e9 tr\u00eas meses.<\/strong><\/p>\n<p>Voc\u00ea pode solicitar este visto se:<\/p>\n<ul>\n<li>Voc\u00ea est\u00e1 fora da Austr\u00e1lia<\/li>\n<li>Voc\u00ea far\u00e1 um trabalho tempor\u00e1rio, altamente especializado e tempor\u00e1rio<\/li>\n<li>Voc\u00ea participar\u00e1 de um evento cultural ou social<\/li>\n<li>Voc\u00ea participar\u00e1 de uma atividade ou trabalho relacionado aos interesses da Austr\u00e1lia<\/li>\n<\/ul>\n<p>Para se inscrever, <strong>voc\u00ea precisa ser convidado pela organiza\u00e7\u00e3o para a qual voc\u00ea estar\u00e1 trabalhando.<\/strong><\/p>\n<p>Como cidad\u00e3o portugu\u00eas, voc\u00ea tamb\u00e9m precisa ter atributos pessoais ou um hist\u00f3rico de emprego relevante para o trabalho.<strong> Voc\u00ea ser\u00e1 solicitado a fornecer v\u00e1rios documentos<\/strong> para concluir sua inscri\u00e7\u00e3o.<\/p>\n<p><div class=\"text-right\"><a href=\"\/pt\/visa-temporary\/\" class=\"btn  px-5 btn-green\">Aplique para um Visto de Trabalho Tempor\u00e1rio<\/a><\/div><br \/>\n<br style=\"clear: both;\"><br style=\"clear: both;\"><\/p>\n","protected":false},"excerpt":{"rendered":"<p>Visto de trabalho tempor\u00e1rio para Austr\u00e1lia para cidad\u00e3os portugueses Um visto de trabalho tempor\u00e1rio australiano (subclasse 400) \u00e9 para cidad\u00e3os [&#8230;]<\/p>\n<p><a class=\"btn btn-secondary understrap-read-more-link\" href=\"https:\/\/auvisa.org\/pt\/visto-de-trabalho-temporario-australia\/\">Continuar a ler&#8230;<span class=\"screen-reader-text\"> from Visto de Trabalho Tempor\u00e1rio para a Austr\u00e1lia<\/span><\/a><\/p>\n","protected":false},"author":4,"featured_media":0,"parent":0,"menu_order":6,"comment_status":"closed","ping_status":"closed","template":"templates\/tpl_spiegazione.php","meta":{"inline_featured_image":false,"footnotes":""},"class_list":["post-2757","page","type-page","status-publish","hentry"],"yoast_head":"<!-- This site is optimized with the Yoast SEO plugin v26.9 - https:\/\/yoast.com\/product\/yoast-seo-wordpress\/ -->\n<title>Visto de Trabalho Tempor\u00e1rio para a Austr\u00e1lia<\/title>\n<meta name=\"description\" content=\"Um visto de trabalho tempor\u00e1rio australiano (subclasse 400) \u00e9 para cidad\u00e3os portugueses que ir\u00e3o para a Austr\u00e1lia para fazer trabalho tempor\u00e1rio.\" \/>\n<meta name=\"robots\" content=\"index, follow, max-snippet:-1, max-image-preview:large, max-video-preview:-1\" \/>\n<link rel=\"canonical\" href=\"https:\/\/auvisa.org\/pt\/visto-de-trabalho-temporario-australia\/\" \/>\n<meta property=\"og:locale\" content=\"pt_PT\" \/>\n<meta property=\"og:type\" content=\"article\" \/>\n<meta property=\"og:title\" content=\"Visto de Trabalho Tempor\u00e1rio para a Austr\u00e1lia\" \/>\n<meta property=\"og:description\" content=\"Um visto de trabalho tempor\u00e1rio australiano (subclasse 400) \u00e9 para cidad\u00e3os portugueses que ir\u00e3o para a Austr\u00e1lia para fazer trabalho tempor\u00e1rio.\" \/>\n<meta property=\"og:url\" content=\"https:\/\/auvisa.org\/pt\/visto-de-trabalho-temporario-australia\/\" \/>\n<meta property=\"og:site_name\" content=\"Auvisa.org\" \/>\n<meta property=\"article:modified_time\" content=\"2020-08-03T20:16:23+00:00\" \/>\n<meta name=\"twitter:card\" content=\"summary_large_image\" \/>\n<meta name=\"twitter:label1\" content=\"Tempo estimado de leitura\" \/>\n\t<meta name=\"twitter:data1\" content=\"1 minuto\" \/>\n<script type=\"application\/ld+json\" class=\"yoast-schema-graph\">{\"@context\":\"https:\/\/schema.org\",\"@graph\":[{\"@type\":\"WebPage\",\"@id\":\"https:\/\/auvisa.org\/pt\/visto-de-trabalho-temporario-australia\/\",\"url\":\"https:\/\/auvisa.org\/pt\/visto-de-trabalho-temporario-australia\/\",\"name\":\"Visto de Trabalho Tempor\u00e1rio para a Austr\u00e1lia\",\"isPartOf\":{\"@id\":\"https:\/\/auvisa.org\/pt\/#website\"},\"datePublished\":\"2020-08-03T19:43:22+00:00\",\"dateModified\":\"2020-08-03T20:16:23+00:00\",\"description\":\"Um visto de trabalho tempor\u00e1rio australiano (subclasse 400) \u00e9 para cidad\u00e3os portugueses que ir\u00e3o para a Austr\u00e1lia para fazer trabalho tempor\u00e1rio.\",\"breadcrumb\":{\"@id\":\"https:\/\/auvisa.org\/pt\/visto-de-trabalho-temporario-australia\/#breadcrumb\"},\"inLanguage\":\"pt-PT\",\"potentialAction\":[{\"@type\":\"ReadAction\",\"target\":[\"https:\/\/auvisa.org\/pt\/visto-de-trabalho-temporario-australia\/\"]}]},{\"@type\":\"BreadcrumbList\",\"@id\":\"https:\/\/auvisa.org\/pt\/visto-de-trabalho-temporario-australia\/#breadcrumb\",\"itemListElement\":[{\"@type\":\"ListItem\",\"position\":1,\"name\":\"Home\",\"item\":\"https:\/\/auvisa.org\/pt\/\"},{\"@type\":\"ListItem\",\"position\":2,\"name\":\"Visto de Trabalho Tempor\u00e1rio para a Austr\u00e1lia\"}]},{\"@type\":\"WebSite\",\"@id\":\"https:\/\/auvisa.org\/pt\/#website\",\"url\":\"https:\/\/auvisa.org\/pt\/\",\"name\":\"Auvisa.org\",\"description\":\"\",\"inLanguage\":\"pt-PT\"}]}<\/script>\n<!-- \/ Yoast SEO plugin. -->","yoast_head_json":{"title":"Visto de Trabalho Tempor\u00e1rio para a Austr\u00e1lia","description":"Um visto de trabalho tempor\u00e1rio australiano (subclasse 400) \u00e9 para cidad\u00e3os portugueses que ir\u00e3o para a Austr\u00e1lia para fazer trabalho tempor\u00e1rio.","robots":{"index":"index","follow":"follow","max-snippet":"max-snippet:-1","max-image-preview":"max-image-preview:large","max-video-preview":"max-video-preview:-1"},"canonical":"https:\/\/auvisa.org\/pt\/visto-de-trabalho-temporario-australia\/","og_locale":"pt_PT","og_type":"article","og_title":"Visto de Trabalho Tempor\u00e1rio para a Austr\u00e1lia","og_description":"Um visto de trabalho tempor\u00e1rio australiano (subclasse 400) \u00e9 para cidad\u00e3os portugueses que ir\u00e3o para a Austr\u00e1lia para fazer trabalho tempor\u00e1rio.","og_url":"https:\/\/auvisa.org\/pt\/visto-de-trabalho-temporario-australia\/","og_site_name":"Auvisa.org","article_modified_time":"2020-08-03T20:16:23+00:00","twitter_card":"summary_large_image","twitter_misc":{"Tempo estimado de leitura":"1 minuto"},"schema":{"@context":"https:\/\/schema.org","@graph":[{"@type":"WebPage","@id":"https:\/\/auvisa.org\/pt\/visto-de-trabalho-temporario-australia\/","url":"https:\/\/auvisa.org\/pt\/visto-de-trabalho-temporario-australia\/","name":"Visto de Trabalho Tempor\u00e1rio para a Austr\u00e1lia","isPartOf":{"@id":"https:\/\/auvisa.org\/pt\/#website"},"datePublished":"2020-08-03T19:43:22+00:00","dateModified":"2020-08-03T20:16:23+00:00","description":"Um visto de trabalho tempor\u00e1rio australiano (subclasse 400) \u00e9 para cidad\u00e3os portugueses que ir\u00e3o para a Austr\u00e1lia para fazer trabalho tempor\u00e1rio.","breadcrumb":{"@id":"https:\/\/auvisa.org\/pt\/visto-de-trabalho-temporario-australia\/#breadcrumb"},"inLanguage":"pt-PT","potentialAction":[{"@type":"ReadAction","target":["https:\/\/auvisa.org\/pt\/visto-de-trabalho-temporario-australia\/"]}]},{"@type":"BreadcrumbList","@id":"https:\/\/auvisa.org\/pt\/visto-de-trabalho-temporario-australia\/#breadcrumb","itemListElement":[{"@type":"ListItem","position":1,"name":"Home","item":"https:\/\/auvisa.org\/pt\/"},{"@type":"ListItem","position":2,"name":"Visto de Trabalho Tempor\u00e1rio para a Austr\u00e1lia"}]},{"@type":"WebSite","@id":"https:\/\/auvisa.org\/pt\/#website","url":"https:\/\/auvisa.org\/pt\/","name":"Auvisa.org","description":"","inLanguage":"pt-PT"}]}},"_links":{"self":[{"href":"https:\/\/auvisa.org\/pt\/wp-json\/wp\/v2\/pages\/2757","targetHints":{"allow":["GET"]}}],"collection":[{"href":"https:\/\/auvisa.org\/pt\/wp-json\/wp\/v2\/pages"}],"about":[{"href":"https:\/\/auvisa.org\/pt\/wp-json\/wp\/v2\/types\/page"}],"author":[{"embeddable":true,"href":"https:\/\/auvisa.org\/pt\/wp-json\/wp\/v2\/users\/4"}],"replies":[{"embeddable":true,"href":"https:\/\/auvisa.org\/pt\/wp-json\/wp\/v2\/comments?post=2757"}],"version-history":[{"count":6,"href":"https:\/\/auvisa.org\/pt\/wp-json\/wp\/v2\/pages\/2757\/revisions"}],"predecessor-version":[{"id":2798,"href":"https:\/\/auvisa.org\/pt\/wp-json\/wp\/v2\/pages\/2757\/revisions\/2798"}],"wp:attachment":[{"href":"https:\/\/auvisa.org\/pt\/wp-json\/wp\/v2\/media?parent=2757"}],"curies":[{"name":"wp","href":"https:\/\/api.w.org\/{rel}","templated":true}]}}