{"id":286,"date":"2012-05-20T19:51:00","date_gmt":"2012-05-20T19:51:00","guid":{"rendered":"https:\/\/auvisa.org\/?p=286"},"modified":"2023-08-11T13:05:53","modified_gmt":"2023-08-11T12:05:53","slug":"visto-evisitor-para-a-australia","status":"publish","type":"page","link":"https:\/\/auvisa.org\/pt\/visto-evisitor-para-a-australia\/","title":{"rendered":"Visto eVisitor para a Austr\u00e1lia (Visto de Turista) para Cidadao Portugues"},"content":{"rendered":"\n<h2 id=\"more-info\">eVisitor: o visto australiano mais solicitado pelos cidad\u00e3os portugueses<\/h2>\n<p>Um cidadao portugues que vai para a Austr\u00e1lia precisa de visto. Se quiser ir \u00e0 Austr\u00e1lia de f\u00e9rias ou neg\u00f3cios, pode candidatar-se ao visto eVisitor. O visto eVisitor para cidadao portugues \u00e9 v\u00e1lido por 12 meses e confere-lhe o direito de permanecer na Austr\u00e1lia durante 90 dias seguidos de cada vez. Pode entrar na Austr\u00e1lia todas as vezes que desejar durante o per\u00edodo de 12 meses de validade do visto.<\/p>\n<h2>Visto para Australia online: como tirar visto de turista eVisitor<\/h2>\n<p>Solicitar um visto de turista para a Austr\u00e1lia para cidadao portugues \u00e9 f\u00e1cil e c\u00e9lere. Na maioria dos casos, os requerentes recebem uma resposta ap\u00f3s um dia. No entanto, recomendamos que se candidate ao visto pelo menos catorze dias antes da data de partida, uma vez que alguns casos podem demorar 10 dias ou mais para serem conclu\u00eddos.<\/p>\n<p>Uma das vantagens de fazer o requerimento online \u00e9 que n\u00e3o precisa de enviar o seu passaporte para a embaixada.&nbsp; Isto significa que tamb\u00e9m n\u00e3o ter\u00e1 que receber as etiquetas do visto em casa. Ap\u00f3s a aprova\u00e7\u00e3o do seu visto, ir\u00e1 receber um e-mail de notifica\u00e7\u00e3o que n\u00e3o precisa de imprimir e levar para a Austr\u00e1lia. O visto \u00e9 registado eletronicamente atrav\u00e9s do n\u00famero do seu passaporte.<\/p>\n<br style=\"clear: both\">\n<div class=\"text-right\"><a href=\"\/pt\/visa\/\" class=\"btn  px-5 btn-green\">Aplique para um visto eVisitor<\/a><\/div>\n<\/ul>\n<br style=\"clear: both\"><br style=\"clear: both\">\n<h2>O que \u00e9 que acontece se eu mudar de passaporte?<\/h2>\n<p>Se mudar o seu passaporte depois de receber o visto, deve entrar em contacto connosco. N\u00e3o \u00e9 necess\u00e1rio solicitar o visto de novo, uma vez que ele ser\u00e1 transferido para o seu novo passaporte.<\/p>\n<p>Se mudar de passaporte e n\u00e3o nos notificar da mudan\u00e7a, arrisca-se a que a sua entrada no avi\u00e3o seja barrada, uma vez que os funcion\u00e1rios do check-in n\u00e3o poder\u00e3o verificar que o seu passaporte tem um visto.<\/p>\n<h2>Os requerentes s\u00e3o todos aprovados ao mesmo tempo?<\/h2>\n<p>Mesmo que fa\u00e7a o requerimento para v\u00e1rias pessoas ao mesmo tempo, estas n\u00e3o ser\u00e3o aprovadas simultaneamente. Cada caso \u00e9 revisto separada e independentemente de todos os outros. Algumas pessoas ser\u00e3o aprovadas rapidamente, mas outras ter\u00e3o que esperar alguns dias.<\/p>\n<h2>\u00c9 poss\u00edvel prolongar o visto de turista eVisitor?<\/h2>\n<p>O visto eVisitor n\u00e3o pode ser prolongado. Se reside fora da Austr\u00e1lia, poder\u00e1 candidatar-se a um novo visto eVisitor. Se reside na Austr\u00e1lia, pode candidatar-se a outro tipo de visto. O seu visto eVisitor ser\u00e1 cancelado assim que o seu novo tipo de visto for emitido.<\/p>\n<p>Para mudar o tipo de visto que possui para a Austr\u00e1lia, entre em contacto com o Departamento de Imigra\u00e7\u00e3o e Cidadania pelo menos 14 dias antes de o visa atual caducar. Para ser eleg\u00edvel para um novo visto, deve cumprir todos os requisitos. Al\u00e9m disso, deve ter cumprido todas as regras aplic\u00e1veis ao seu visto atual.<\/p>\n<h2>O visto eVisitor confere direito a trabalhar na Austr\u00e1lia?<\/h2>\n<p>Com o visto eVisitor, pode ir de f\u00e9rias, visitar amigos e familiares ou participar em atividades de neg\u00f3cios, o que inclui visitar empresas, ter reuni\u00f5es, fazer negocia\u00e7\u00f5es, participar em confer\u00eancias etc. Contudo, este visto n\u00e3o confere o direito a trabalhar (por exemplo, assinar contratos de trabalho) na Austr\u00e1lia.<\/p>\n<p>Em alguns casos, \u00e9 permitido fazer trabalho volunt\u00e1rio. No entanto, este n\u00e3o deve ser o motivo principal da sua viagem \u00e0 Austr\u00e1lia. Al\u00e9m disso, a atividade n\u00e3o pode ser o tipo de atividade que poderia ser exercida, de forma remunerada, por um cidad\u00e3o Australiano.<\/p>\n<p>H\u00e1 outros tipos de visto dispon\u00edveis para quem estiver interessado em trabalhar na Austr\u00e1lia.<\/p>\n<br style=\"clear: both\">\n<div class=\"text-right\"><a href=\"\/pt\/visa\/\" class=\"btn  px-5 btn-green\">Aplique para um visto eVisitor<\/a><\/div>\n","protected":false},"excerpt":{"rendered":"<p>eVisitor: o visto australiano mais solicitado pelos cidad\u00e3os portugueses Um cidadao portugues que vai para a Austr\u00e1lia precisa de visto. [&#8230;]<\/p>\n<p><a class=\"btn btn-secondary understrap-read-more-link\" href=\"https:\/\/auvisa.org\/pt\/visto-evisitor-para-a-australia\/\">Continuar a ler&#8230;<span class=\"screen-reader-text\"> from Visto eVisitor para a Austr\u00e1lia (Visto de Turista) para Cidadao Portugues<\/span><\/a><\/p>\n","protected":false},"author":4,"featured_media":0,"parent":0,"menu_order":1,"comment_status":"closed","ping_status":"open","template":"templates\/tpl_spiegazione.php","meta":{"inline_featured_image":false,"footnotes":""},"class_list":["post-286","page","type-page","status-publish","hentry"],"yoast_head":"<!-- This site is optimized with the Yoast SEO plugin v26.9 - https:\/\/yoast.com\/product\/yoast-seo-wordpress\/ -->\n<title>Visto eVisitor para a Austr\u00e1lia (Visto de Turista) - Cidadao Portugues<\/title>\n<meta name=\"description\" content=\"Como tirar visto de turista eVisitor para a Austr\u00e1lia para cidadao portugues e viajar tranquilo. Solicitar um visto online \u00e9 f\u00e1cil e c\u00e9lere: resposta ap\u00f3s um dia.\" \/>\n<meta name=\"robots\" content=\"index, follow, max-snippet:-1, max-image-preview:large, max-video-preview:-1\" \/>\n<link rel=\"canonical\" href=\"https:\/\/auvisa.org\/pt\/visto-evisitor-para-a-australia\/\" \/>\n<meta property=\"og:locale\" content=\"pt_PT\" \/>\n<meta property=\"og:type\" content=\"article\" \/>\n<meta property=\"og:title\" content=\"Visto eVisitor para a Austr\u00e1lia (Visto de Turista) - Cidadao Portugues\" \/>\n<meta property=\"og:description\" content=\"Como tirar visto de turista eVisitor para a Austr\u00e1lia para cidadao portugues e viajar tranquilo. Solicitar um visto online \u00e9 f\u00e1cil e c\u00e9lere: resposta ap\u00f3s um dia.\" \/>\n<meta property=\"og:url\" content=\"https:\/\/auvisa.org\/pt\/visto-evisitor-para-a-australia\/\" \/>\n<meta property=\"og:site_name\" content=\"Auvisa.org\" \/>\n<meta property=\"article:modified_time\" content=\"2023-08-11T12:05:53+00:00\" \/>\n<meta name=\"twitter:card\" content=\"summary_large_image\" \/>\n<meta name=\"twitter:label1\" content=\"Tempo estimado de leitura\" \/>\n\t<meta name=\"twitter:data1\" content=\"4 minutos\" \/>\n<script type=\"application\/ld+json\" class=\"yoast-schema-graph\">{\"@context\":\"https:\/\/schema.org\",\"@graph\":[{\"@type\":\"WebPage\",\"@id\":\"https:\/\/auvisa.org\/pt\/visto-evisitor-para-a-australia\/\",\"url\":\"https:\/\/auvisa.org\/pt\/visto-evisitor-para-a-australia\/\",\"name\":\"Visto eVisitor para a Austr\u00e1lia (Visto de Turista) - Cidadao Portugues\",\"isPartOf\":{\"@id\":\"https:\/\/auvisa.org\/pt\/#website\"},\"datePublished\":\"2012-05-20T19:51:00+00:00\",\"dateModified\":\"2023-08-11T12:05:53+00:00\",\"description\":\"Como tirar visto de turista eVisitor para a Austr\u00e1lia para cidadao portugues e viajar tranquilo. Solicitar um visto online \u00e9 f\u00e1cil e c\u00e9lere: resposta ap\u00f3s um dia.\",\"breadcrumb\":{\"@id\":\"https:\/\/auvisa.org\/pt\/visto-evisitor-para-a-australia\/#breadcrumb\"},\"inLanguage\":\"pt-PT\",\"potentialAction\":[{\"@type\":\"ReadAction\",\"target\":[\"https:\/\/auvisa.org\/pt\/visto-evisitor-para-a-australia\/\"]}]},{\"@type\":\"BreadcrumbList\",\"@id\":\"https:\/\/auvisa.org\/pt\/visto-evisitor-para-a-australia\/#breadcrumb\",\"itemListElement\":[{\"@type\":\"ListItem\",\"position\":1,\"name\":\"Home\",\"item\":\"https:\/\/auvisa.org\/pt\/\"},{\"@type\":\"ListItem\",\"position\":2,\"name\":\"Visto eVisitor para a Austr\u00e1lia (Visto de Turista) para Cidadao Portugues\"}]},{\"@type\":\"WebSite\",\"@id\":\"https:\/\/auvisa.org\/pt\/#website\",\"url\":\"https:\/\/auvisa.org\/pt\/\",\"name\":\"Auvisa.org\",\"description\":\"\",\"inLanguage\":\"pt-PT\"}]}<\/script>\n<!-- \/ Yoast SEO plugin. -->","yoast_head_json":{"title":"Visto eVisitor para a Austr\u00e1lia (Visto de Turista) - Cidadao Portugues","description":"Como tirar visto de turista eVisitor para a Austr\u00e1lia para cidadao portugues e viajar tranquilo. Solicitar um visto online \u00e9 f\u00e1cil e c\u00e9lere: resposta ap\u00f3s um dia.","robots":{"index":"index","follow":"follow","max-snippet":"max-snippet:-1","max-image-preview":"max-image-preview:large","max-video-preview":"max-video-preview:-1"},"canonical":"https:\/\/auvisa.org\/pt\/visto-evisitor-para-a-australia\/","og_locale":"pt_PT","og_type":"article","og_title":"Visto eVisitor para a Austr\u00e1lia (Visto de Turista) - Cidadao Portugues","og_description":"Como tirar visto de turista eVisitor para a Austr\u00e1lia para cidadao portugues e viajar tranquilo. Solicitar um visto online \u00e9 f\u00e1cil e c\u00e9lere: resposta ap\u00f3s um dia.","og_url":"https:\/\/auvisa.org\/pt\/visto-evisitor-para-a-australia\/","og_site_name":"Auvisa.org","article_modified_time":"2023-08-11T12:05:53+00:00","twitter_card":"summary_large_image","twitter_misc":{"Tempo estimado de leitura":"4 minutos"},"schema":{"@context":"https:\/\/schema.org","@graph":[{"@type":"WebPage","@id":"https:\/\/auvisa.org\/pt\/visto-evisitor-para-a-australia\/","url":"https:\/\/auvisa.org\/pt\/visto-evisitor-para-a-australia\/","name":"Visto eVisitor para a Austr\u00e1lia (Visto de Turista) - Cidadao Portugues","isPartOf":{"@id":"https:\/\/auvisa.org\/pt\/#website"},"datePublished":"2012-05-20T19:51:00+00:00","dateModified":"2023-08-11T12:05:53+00:00","description":"Como tirar visto de turista eVisitor para a Austr\u00e1lia para cidadao portugues e viajar tranquilo. Solicitar um visto online \u00e9 f\u00e1cil e c\u00e9lere: resposta ap\u00f3s um dia.","breadcrumb":{"@id":"https:\/\/auvisa.org\/pt\/visto-evisitor-para-a-australia\/#breadcrumb"},"inLanguage":"pt-PT","potentialAction":[{"@type":"ReadAction","target":["https:\/\/auvisa.org\/pt\/visto-evisitor-para-a-australia\/"]}]},{"@type":"BreadcrumbList","@id":"https:\/\/auvisa.org\/pt\/visto-evisitor-para-a-australia\/#breadcrumb","itemListElement":[{"@type":"ListItem","position":1,"name":"Home","item":"https:\/\/auvisa.org\/pt\/"},{"@type":"ListItem","position":2,"name":"Visto eVisitor para a Austr\u00e1lia (Visto de Turista) para Cidadao Portugues"}]},{"@type":"WebSite","@id":"https:\/\/auvisa.org\/pt\/#website","url":"https:\/\/auvisa.org\/pt\/","name":"Auvisa.org","description":"","inLanguage":"pt-PT"}]}},"_links":{"self":[{"href":"https:\/\/auvisa.org\/pt\/wp-json\/wp\/v2\/pages\/286","targetHints":{"allow":["GET"]}}],"collection":[{"href":"https:\/\/auvisa.org\/pt\/wp-json\/wp\/v2\/pages"}],"about":[{"href":"https:\/\/auvisa.org\/pt\/wp-json\/wp\/v2\/types\/page"}],"author":[{"embeddable":true,"href":"https:\/\/auvisa.org\/pt\/wp-json\/wp\/v2\/users\/4"}],"replies":[{"embeddable":true,"href":"https:\/\/auvisa.org\/pt\/wp-json\/wp\/v2\/comments?post=286"}],"version-history":[{"count":12,"href":"https:\/\/auvisa.org\/pt\/wp-json\/wp\/v2\/pages\/286\/revisions"}],"predecessor-version":[{"id":2795,"href":"https:\/\/auvisa.org\/pt\/wp-json\/wp\/v2\/pages\/286\/revisions\/2795"}],"wp:attachment":[{"href":"https:\/\/auvisa.org\/pt\/wp-json\/wp\/v2\/media?parent=286"}],"curies":[{"name":"wp","href":"https:\/\/api.w.org\/{rel}","templated":true}]}}