{"id":288,"date":"2012-05-20T19:52:57","date_gmt":"2012-05-20T19:52:57","guid":{"rendered":"https:\/\/auvisa.org\/?p=288"},"modified":"2024-02-29T10:15:44","modified_gmt":"2024-02-29T10:15:44","slug":"termos-e-condicoes","status":"publish","type":"page","link":"https:\/\/auvisa.org\/pt\/termos-e-condicoes\/","title":{"rendered":"Sobre n\u00f3s"},"content":{"rendered":"<h2>A empresa<\/h2>\n<p>Este website pertence \u00e0 empresa Visa &amp; Immigration Services LTD, n\u00famero de registo 72792776, com sede em Hong Kong. A Visa\u00a0&amp;\u00a0Immigration\u00a0Services\u00a0LTD \u00e9 uma empresa internacional especializada em servi\u00e7os de vistos. Estamos representados em todo o mundo em diferentes l\u00ednguas.<\/p>\n<h2>A nossa miss\u00e3o<\/h2>\n<p>A miss\u00e3o da Visa\u00a0&amp;\u00a0Immigration\u00a0Services\u00a0LTD \u00e9 a presta\u00e7\u00e3o de servi\u00e7os de tradu\u00e7\u00e3o e aconselhamento consular sobre requerimentos de vistos e permiss\u00f5es de entrada. Fornecemos apoio em v\u00e1rias l\u00ednguas, sobretudo Europeias. Se voc\u00ea domina a l\u00edngua Inglesa, ou n\u00e3o necessita de assist\u00eancia, pode candidatar-se a um visto ou permiss\u00e3o de entrada sem recorrer aos nossos servi\u00e7os.<\/p>\n<p>No Departamento de Imigra\u00e7\u00e3o e Cidadania da Austr\u00e1lia \u00e9 poss\u00edvel fazer gratuitamente o requerimento de vistos Australianos tempor\u00e1rios de turismo ou neg\u00f3cios . O website do Departamento: <a href=\"https:\/\/www.homeaffairs.gov.au\/\">http:\/\/www.immi.gov.au<\/a>.<\/p>\n<h2>Pagamento<\/h2>\n<p>O pagamento \u00e9 o \u00faltimo passo do requerimento. Tamb\u00e9m \u00e9 poss\u00edvel guardar o requerimento e pagar mais tarde. O requerimento n\u00e3o \u00e9 conclu\u00eddo at\u00e9 \u00e0 efetua\u00e7\u00e3o do pagamento. N\u00e3o tratamos de requerimentos que n\u00e3o tenham sido pagos na sua totalidade.<\/p>\n<p>Auvisa.org reserva-se o direito de fazer altera\u00e7\u00f5es aos pre\u00e7os sem aviso pr\u00e9vio.<\/p>\n<h2>Tempo de entrega<\/h2>\n<p>Em muitos dos casos, os requerentes recebem o parecer ap\u00f3s um dia. No entanto, aconselhamos a que fa\u00e7a o requerimento do visto pelo menos catorze dias antes da data prevista de partida, j\u00e1 que em alguns casos o parecer pode demorar dez ou mais dias a chegar. Para &#8220;Working Holiday&#8221;, voc\u00ea deve fazer a aplica\u00e7\u00e3o de pelo menos 2 meses de anteced\u00eancia.<\/p>\n<h2>Detalhes Pessoais<\/h2>\n<p>N\u00f3s guardamos os seus dados pessoais (declarados no requerimento de visto) com o objetivo \u00fanico de processar o seu requerimento. Estes dados nunca ser\u00e3o partilhados com terceiros sem a sua permiss\u00e3o.<\/p>\n<h2>Informa\u00e7\u00e3o Adicional<\/h2>\n<p>Em alguns casos poderemos pedir informa\u00e7\u00e3o adicional. Nessa eventualidade, iremos entrar em contacto consigo por email. Voc\u00ea tem a responsabilidade de verificar o seu email periodicamente e de responder atempadamente \u00e0s nossas perguntas. Se n\u00e3o recebermos as respostas a tempo, o visto poder\u00e1 atrasar-se.<\/p>\n<h2>Limite de Idade<\/h2>\n<p>Os requerentes devem ter pelo menos 18 anos de idade. Indiv\u00edduos maiores de 18 anos podem fazer requerimentos em nome de menores.<\/p>\n<h2>Garantias<\/h2>\n<p>O Departamento de Imigra\u00e7\u00e3o e Cidadania da Austr\u00e1lia \u00e9 respons\u00e1vel pela aprova\u00e7\u00e3o ou rejei\u00e7\u00e3o dos vistos. N\u00f3s em Auvisa.org n\u00e3o podemos interferir com os seus pareceres. Auvisa.org n\u00e3o pode ser responsabilizada por danos econ\u00f3micos, consequenciais e especiais diretos ou indiretos causados por este website ou pelos nossos servi\u00e7os, quer entregues ou n\u00e3o.<\/p>\n<h2>Termos e Condi\u00e7\u00f5es<\/h2>\n<p><a href=\"\/terms\/auvisa_terms_and_conditions_pt.pdf\">https:\/\/auvisa.org\/terms\/auvisa_terms_and_conditions_pt.pdf<\/a><\/p>\n","protected":false},"excerpt":{"rendered":"<p>A empresa Este website pertence \u00e0 empresa Visa &amp; Immigration Services LTD, n\u00famero de registo 72792776, com sede em Hong [&#8230;]<\/p>\n<p><a class=\"btn btn-secondary understrap-read-more-link\" href=\"https:\/\/auvisa.org\/pt\/termos-e-condicoes\/\">Continuar a ler&#8230;<span class=\"screen-reader-text\"> from Sobre n\u00f3s<\/span><\/a><\/p>\n","protected":false},"author":4,"featured_media":0,"parent":0,"menu_order":0,"comment_status":"open","ping_status":"open","template":"","meta":{"inline_featured_image":false,"footnotes":""},"class_list":["post-288","page","type-page","status-publish","hentry"],"yoast_head":"<!-- This site is optimized with the Yoast SEO plugin v26.9 - https:\/\/yoast.com\/product\/yoast-seo-wordpress\/ -->\n<title>Sobre n\u00f3s - Auvisa.org<\/title>\n<meta name=\"description\" content=\"Sobre n\u00f3s - Auvisa.org\" \/>\n<meta name=\"robots\" content=\"index, follow, max-snippet:-1, max-image-preview:large, max-video-preview:-1\" \/>\n<link rel=\"canonical\" href=\"https:\/\/auvisa.org\/pt\/termos-e-condicoes\/\" \/>\n<meta property=\"og:locale\" content=\"pt_PT\" \/>\n<meta property=\"og:type\" content=\"article\" \/>\n<meta property=\"og:title\" content=\"Sobre n\u00f3s - Auvisa.org\" \/>\n<meta property=\"og:description\" content=\"Sobre n\u00f3s - Auvisa.org\" \/>\n<meta property=\"og:url\" content=\"https:\/\/auvisa.org\/pt\/termos-e-condicoes\/\" \/>\n<meta property=\"og:site_name\" content=\"Auvisa.org\" \/>\n<meta property=\"article:modified_time\" content=\"2024-02-29T10:15:44+00:00\" \/>\n<meta name=\"twitter:card\" content=\"summary_large_image\" \/>\n<meta name=\"twitter:label1\" content=\"Tempo estimado de leitura\" \/>\n\t<meta name=\"twitter:data1\" content=\"3 minutos\" \/>\n<script type=\"application\/ld+json\" class=\"yoast-schema-graph\">{\"@context\":\"https:\/\/schema.org\",\"@graph\":[{\"@type\":\"WebPage\",\"@id\":\"https:\/\/auvisa.org\/pt\/termos-e-condicoes\/\",\"url\":\"https:\/\/auvisa.org\/pt\/termos-e-condicoes\/\",\"name\":\"Sobre n\u00f3s - Auvisa.org\",\"isPartOf\":{\"@id\":\"https:\/\/auvisa.org\/pt\/#website\"},\"datePublished\":\"2012-05-20T19:52:57+00:00\",\"dateModified\":\"2024-02-29T10:15:44+00:00\",\"description\":\"Sobre n\u00f3s - Auvisa.org\",\"breadcrumb\":{\"@id\":\"https:\/\/auvisa.org\/pt\/termos-e-condicoes\/#breadcrumb\"},\"inLanguage\":\"pt-PT\",\"potentialAction\":[{\"@type\":\"ReadAction\",\"target\":[\"https:\/\/auvisa.org\/pt\/termos-e-condicoes\/\"]}]},{\"@type\":\"BreadcrumbList\",\"@id\":\"https:\/\/auvisa.org\/pt\/termos-e-condicoes\/#breadcrumb\",\"itemListElement\":[{\"@type\":\"ListItem\",\"position\":1,\"name\":\"Home\",\"item\":\"https:\/\/auvisa.org\/pt\/\"},{\"@type\":\"ListItem\",\"position\":2,\"name\":\"Sobre n\u00f3s\"}]},{\"@type\":\"WebSite\",\"@id\":\"https:\/\/auvisa.org\/pt\/#website\",\"url\":\"https:\/\/auvisa.org\/pt\/\",\"name\":\"Auvisa.org\",\"description\":\"\",\"inLanguage\":\"pt-PT\"}]}<\/script>\n<!-- \/ Yoast SEO plugin. -->","yoast_head_json":{"title":"Sobre n\u00f3s - Auvisa.org","description":"Sobre n\u00f3s - Auvisa.org","robots":{"index":"index","follow":"follow","max-snippet":"max-snippet:-1","max-image-preview":"max-image-preview:large","max-video-preview":"max-video-preview:-1"},"canonical":"https:\/\/auvisa.org\/pt\/termos-e-condicoes\/","og_locale":"pt_PT","og_type":"article","og_title":"Sobre n\u00f3s - Auvisa.org","og_description":"Sobre n\u00f3s - Auvisa.org","og_url":"https:\/\/auvisa.org\/pt\/termos-e-condicoes\/","og_site_name":"Auvisa.org","article_modified_time":"2024-02-29T10:15:44+00:00","twitter_card":"summary_large_image","twitter_misc":{"Tempo estimado de leitura":"3 minutos"},"schema":{"@context":"https:\/\/schema.org","@graph":[{"@type":"WebPage","@id":"https:\/\/auvisa.org\/pt\/termos-e-condicoes\/","url":"https:\/\/auvisa.org\/pt\/termos-e-condicoes\/","name":"Sobre n\u00f3s - Auvisa.org","isPartOf":{"@id":"https:\/\/auvisa.org\/pt\/#website"},"datePublished":"2012-05-20T19:52:57+00:00","dateModified":"2024-02-29T10:15:44+00:00","description":"Sobre n\u00f3s - Auvisa.org","breadcrumb":{"@id":"https:\/\/auvisa.org\/pt\/termos-e-condicoes\/#breadcrumb"},"inLanguage":"pt-PT","potentialAction":[{"@type":"ReadAction","target":["https:\/\/auvisa.org\/pt\/termos-e-condicoes\/"]}]},{"@type":"BreadcrumbList","@id":"https:\/\/auvisa.org\/pt\/termos-e-condicoes\/#breadcrumb","itemListElement":[{"@type":"ListItem","position":1,"name":"Home","item":"https:\/\/auvisa.org\/pt\/"},{"@type":"ListItem","position":2,"name":"Sobre n\u00f3s"}]},{"@type":"WebSite","@id":"https:\/\/auvisa.org\/pt\/#website","url":"https:\/\/auvisa.org\/pt\/","name":"Auvisa.org","description":"","inLanguage":"pt-PT"}]}},"_links":{"self":[{"href":"https:\/\/auvisa.org\/pt\/wp-json\/wp\/v2\/pages\/288","targetHints":{"allow":["GET"]}}],"collection":[{"href":"https:\/\/auvisa.org\/pt\/wp-json\/wp\/v2\/pages"}],"about":[{"href":"https:\/\/auvisa.org\/pt\/wp-json\/wp\/v2\/types\/page"}],"author":[{"embeddable":true,"href":"https:\/\/auvisa.org\/pt\/wp-json\/wp\/v2\/users\/4"}],"replies":[{"embeddable":true,"href":"https:\/\/auvisa.org\/pt\/wp-json\/wp\/v2\/comments?post=288"}],"version-history":[{"count":5,"href":"https:\/\/auvisa.org\/pt\/wp-json\/wp\/v2\/pages\/288\/revisions"}],"predecessor-version":[{"id":18339,"href":"https:\/\/auvisa.org\/pt\/wp-json\/wp\/v2\/pages\/288\/revisions\/18339"}],"wp:attachment":[{"href":"https:\/\/auvisa.org\/pt\/wp-json\/wp\/v2\/media?parent=288"}],"curies":[{"name":"wp","href":"https:\/\/api.w.org\/{rel}","templated":true}]}}