{"id":407,"date":"2012-07-04T17:54:50","date_gmt":"2012-07-04T17:54:50","guid":{"rendered":"https:\/\/auvisa.org\/?p=407"},"modified":"2023-06-15T14:58:18","modified_gmt":"2023-06-15T13:58:18","slug":"politica-de-privacidade","status":"publish","type":"page","link":"https:\/\/auvisa.org\/pt\/politica-de-privacidade\/","title":{"rendered":"Pol\u00edtica de privacidade"},"content":{"rendered":"<p>Esta pol\u00edtica de privacidade estabelece a forma como Visa &amp; Immigration Services LTD usa e protege todas as informa\u00e7\u00f5es que voc\u00ea d\u00e1 Visa &amp; Immigration Services LTD quando voc\u00ea usar este site.<\/p>\n<p>Visa &amp; Immigration Services LTD est\u00e1 empenhada em garantir que sua privacidade est\u00e1 protegida. Devemos pedir que voc\u00ea forne\u00e7a certas informa\u00e7\u00f5es pelas quais voc\u00ea pode ser identificado quando se usa este site, voc\u00ea pode ter certeza que ela s\u00f3 vai ser utilizado de acordo com esta declara\u00e7\u00e3o de privacidade.<\/p>\n<p>Visa &amp; Immigration Services LTD pode alterar esta pol\u00edtica de tempos em tempos, atualizando esta p\u00e1gina. Voc\u00ea deve verificar esta p\u00e1gina de tempos em tempos para garantir que voc\u00ea est\u00e1 satisfeito com as mudan\u00e7as. Esta pol\u00edtica \u00e9 v\u00e1lida a partir de 2012\/02\/10.<\/p>\n<h2>O que n\u00f3s coletamos<\/h2>\n<p>N\u00f3s podemos coletar as seguintes informa\u00e7\u00f5es:<\/p>\n<ul>\n<li>nome completo, data de nascimento, n\u00famero de passaporte e da emiss\u00e3o<\/li>\n<li>informa\u00e7\u00f5es de contato, incluindo o endere\u00e7o de e-mail e endere\u00e7o postal<\/li>\n<li>Outras informa\u00e7\u00f5es relevantes para a sua aplica\u00e7\u00e3o<\/li>\n<\/ul>\n<h2>O que fazemos com as informa\u00e7\u00f5es que recebemos<\/h2>\n<p>Precisamos dessas informa\u00e7\u00f5es para poder entregar o servi\u00e7o que voc\u00ea solicitar (autoriza\u00e7\u00f5es de visto ou entrada). A informa\u00e7\u00e3o \u00e9 exigido pelas ag\u00eancias do governo que lida com quest\u00f5es e dos vistos e autoriza\u00e7\u00f5es.<\/p>\n<p>Para poder apresentar o seu pedido, vamos enviar as informa\u00e7\u00f5es \u00e0 autoridade emissora. Isto \u00e9 feito eletronicamente atrav\u00e9s de uma conex\u00e3o criptografada e segura.<\/p>\n<p>A informa\u00e7\u00e3o que voc\u00ea entrou, incluindo o resultado ou a sua aplica\u00e7\u00e3o, ser\u00e1, posteriormente, armazenados em nosso sistema para que voc\u00ea seja capaz de fazer o login e acessar esses dados.<\/p>\n<h2>Seguran\u00e7a<\/h2>\n<p>Estamos empenhados em garantir que suas informa\u00e7\u00f5es est\u00e3o seguras. A fim de evitar o acesso n\u00e3o autorizado ou divulga\u00e7\u00e3o, temos que colocar no lugar adequado procedimentos f\u00edsicos, eletr\u00f4nicos e administrativos para salvaguardar e proteger as informa\u00e7\u00f5es que coletamos online.<\/p>\n<h2>Como usamos cookies<\/h2>\n<p>Um cookie \u00e9 um pequeno arquivo que pede permiss\u00e3o para ser colocado no disco r\u00edgido do seu computador. Uma vez que voc\u00ea acordar, o arquivo \u00e9 adicionado eo cookie ajuda a analisar o tr\u00e1fego web ou deixa voc\u00ea saber quando voc\u00ea visita um determinado site. Cookies permitem que aplica\u00e7\u00f5es web para responder a voc\u00ea como um indiv\u00edduo. A aplica\u00e7\u00e3o web pode adequar suas opera\u00e7\u00f5es \u00e0s suas necessidades, gostos e desgostos por recolher e registar informa\u00e7\u00f5es sobre suas prefer\u00eancias.<\/p>\n<p>N\u00f3s usamos cookies de log de tr\u00e1fego para identificar quais p\u00e1ginas est\u00e3o sendo usadas. Isso nos ajuda a analisar os dados sobre o tr\u00e1fego de p\u00e1gina da web e melhorar o nosso site a fim de adapt\u00e1-lo \u00e0s necessidades dos clientes. N\u00f3s s\u00f3 usamos essas informa\u00e7\u00f5es para fins de an\u00e1lise estat\u00edstica.<\/p>\n<p>Em geral, os cookies nos ajudam a fornecer-lhe um melhor site, pelo que nos permite monitorar as p\u00e1ginas que voc\u00ea achar \u00fatil e que voc\u00ea n\u00e3o faz. Um cookie n\u00e3o nos d\u00e1 acesso ao seu computador ou qualquer informa\u00e7\u00e3o sobre voc\u00ea, al\u00e9m dos dados que voc\u00ea escolher para compartilhar conosco.<\/p>\n<p>Voc\u00ea pode optar por aceitar ou recusar cookies. A maioria dos browsers automaticamente aceita cookies, mas voc\u00ea pode modificar a configura\u00e7\u00e3o do navegador para recusar cookies, se voc\u00ea preferir. Isso pode impedir voc\u00ea de tirar pleno partido do site. Este site j\u00e1 definiu os cookies no seu computador, se seu navegador est\u00e1 configurado para permitir isso. Se voc\u00ea n\u00e3o aprova isso, voc\u00ea pode fechar esta janela e limpar os cookies do seu navegador.<\/p>\n<h2>Links para outros sites<\/h2>\n<p>Nosso site pode conter links para outros sites de interesse. No entanto, depois de ter usado esses links para deixar o nosso site, voc\u00ea deve notar que n\u00e3o temos qualquer controle sobre esse outro site. Portanto, n\u00e3o podemos ser respons\u00e1veis \u200b\u200bpela prote\u00e7\u00e3o e privacidade de qualquer informa\u00e7\u00e3o que voc\u00ea fornecer enquanto visitam tais sites e tais sites n\u00e3o s\u00e3o regidos por esta declara\u00e7\u00e3o de privacidade. Voc\u00ea deve ter cautela e olhar para a declara\u00e7\u00e3o de privacidade aplic\u00e1vel ao site em quest\u00e3o.<\/p>\n<h2>Controlar suas informa\u00e7\u00f5es pessoais<\/h2>\n<p>N\u00f3s n\u00e3o iremos vender, distribuir ou alugar suas informa\u00e7\u00f5es pessoais para terceiros sem a sua permiss\u00e3o ou s\u00e3o obrigados por lei a faz\u00ea-lo. N\u00f3s nunca usaremos suas informa\u00e7\u00f5es pessoais para lhe enviar informa\u00e7\u00e3o promocional de terceiros. A fim de completar a sua candidatura, precisamos dar as suas informa\u00e7\u00f5es para as ag\u00eancias governamentais relevantes que autorizam vistos ou autoriza\u00e7\u00f5es.<\/p>\n<p>Se voc\u00ea acredita que qualquer informa\u00e7\u00e3o que estamos a realizar sobre voc\u00ea est\u00e1 incorreta ou incompleta, por favor escreva ou envie-nos o mais rapidamente poss\u00edvel, no endere\u00e7o acima. Vamos corrigir prontamente qualquer informa\u00e7\u00e3o considerada incorreta.<\/p>\n<p>Se voc\u00ea n\u00e3o deseja receber qualquer comunica\u00e7\u00e3o de n\u00f3s, ou desejar ser removido da nossa base de dados do cliente, n\u00e3o hesite em contactar-nos com o seu pedido e n\u00f3s vamos atualizar ou remover seus registros sem demora.<\/p>\n","protected":false},"excerpt":{"rendered":"<p>Esta pol\u00edtica de privacidade estabelece a forma como Visa &amp; Immigration Services LTD usa e protege todas as informa\u00e7\u00f5es que [&#8230;]<\/p>\n<p><a class=\"btn btn-secondary understrap-read-more-link\" href=\"https:\/\/auvisa.org\/pt\/politica-de-privacidade\/\">Continuar a ler&#8230;<span class=\"screen-reader-text\"> from Pol\u00edtica de privacidade<\/span><\/a><\/p>\n","protected":false},"author":4,"featured_media":0,"parent":0,"menu_order":0,"comment_status":"open","ping_status":"open","template":"","meta":{"inline_featured_image":false,"footnotes":""},"class_list":["post-407","page","type-page","status-publish","hentry"],"yoast_head":"<!-- This site is optimized with the Yoast SEO plugin v26.9 - https:\/\/yoast.com\/product\/yoast-seo-wordpress\/ -->\n<title>Pol\u00edtica de privacidade - Auvisa.org<\/title>\n<meta name=\"description\" content=\"Pol\u00edtica de privacidade - Auvisa.org\" \/>\n<meta name=\"robots\" content=\"index, follow, max-snippet:-1, max-image-preview:large, max-video-preview:-1\" \/>\n<link rel=\"canonical\" href=\"https:\/\/auvisa.org\/pt\/politica-de-privacidade\/\" \/>\n<meta property=\"og:locale\" content=\"pt_PT\" \/>\n<meta property=\"og:type\" content=\"article\" \/>\n<meta property=\"og:title\" content=\"Pol\u00edtica de privacidade - Auvisa.org\" \/>\n<meta property=\"og:description\" content=\"Pol\u00edtica de privacidade - Auvisa.org\" \/>\n<meta property=\"og:url\" content=\"https:\/\/auvisa.org\/pt\/politica-de-privacidade\/\" \/>\n<meta property=\"og:site_name\" content=\"Auvisa.org\" \/>\n<meta property=\"article:modified_time\" content=\"2023-06-15T13:58:18+00:00\" \/>\n<meta name=\"twitter:card\" content=\"summary_large_image\" \/>\n<meta name=\"twitter:label1\" content=\"Tempo estimado de leitura\" \/>\n\t<meta name=\"twitter:data1\" content=\"5 minutos\" \/>\n<script type=\"application\/ld+json\" class=\"yoast-schema-graph\">{\"@context\":\"https:\/\/schema.org\",\"@graph\":[{\"@type\":\"WebPage\",\"@id\":\"https:\/\/auvisa.org\/pt\/politica-de-privacidade\/\",\"url\":\"https:\/\/auvisa.org\/pt\/politica-de-privacidade\/\",\"name\":\"Pol\u00edtica de privacidade - Auvisa.org\",\"isPartOf\":{\"@id\":\"https:\/\/auvisa.org\/pt\/#website\"},\"datePublished\":\"2012-07-04T17:54:50+00:00\",\"dateModified\":\"2023-06-15T13:58:18+00:00\",\"description\":\"Pol\u00edtica de privacidade - Auvisa.org\",\"breadcrumb\":{\"@id\":\"https:\/\/auvisa.org\/pt\/politica-de-privacidade\/#breadcrumb\"},\"inLanguage\":\"pt-PT\",\"potentialAction\":[{\"@type\":\"ReadAction\",\"target\":[\"https:\/\/auvisa.org\/pt\/politica-de-privacidade\/\"]}]},{\"@type\":\"BreadcrumbList\",\"@id\":\"https:\/\/auvisa.org\/pt\/politica-de-privacidade\/#breadcrumb\",\"itemListElement\":[{\"@type\":\"ListItem\",\"position\":1,\"name\":\"Home\",\"item\":\"https:\/\/auvisa.org\/pt\/\"},{\"@type\":\"ListItem\",\"position\":2,\"name\":\"Pol\u00edtica de privacidade\"}]},{\"@type\":\"WebSite\",\"@id\":\"https:\/\/auvisa.org\/pt\/#website\",\"url\":\"https:\/\/auvisa.org\/pt\/\",\"name\":\"Auvisa.org\",\"description\":\"\",\"inLanguage\":\"pt-PT\"}]}<\/script>\n<!-- \/ Yoast SEO plugin. -->","yoast_head_json":{"title":"Pol\u00edtica de privacidade - Auvisa.org","description":"Pol\u00edtica de privacidade - Auvisa.org","robots":{"index":"index","follow":"follow","max-snippet":"max-snippet:-1","max-image-preview":"max-image-preview:large","max-video-preview":"max-video-preview:-1"},"canonical":"https:\/\/auvisa.org\/pt\/politica-de-privacidade\/","og_locale":"pt_PT","og_type":"article","og_title":"Pol\u00edtica de privacidade - Auvisa.org","og_description":"Pol\u00edtica de privacidade - Auvisa.org","og_url":"https:\/\/auvisa.org\/pt\/politica-de-privacidade\/","og_site_name":"Auvisa.org","article_modified_time":"2023-06-15T13:58:18+00:00","twitter_card":"summary_large_image","twitter_misc":{"Tempo estimado de leitura":"5 minutos"},"schema":{"@context":"https:\/\/schema.org","@graph":[{"@type":"WebPage","@id":"https:\/\/auvisa.org\/pt\/politica-de-privacidade\/","url":"https:\/\/auvisa.org\/pt\/politica-de-privacidade\/","name":"Pol\u00edtica de privacidade - Auvisa.org","isPartOf":{"@id":"https:\/\/auvisa.org\/pt\/#website"},"datePublished":"2012-07-04T17:54:50+00:00","dateModified":"2023-06-15T13:58:18+00:00","description":"Pol\u00edtica de privacidade - Auvisa.org","breadcrumb":{"@id":"https:\/\/auvisa.org\/pt\/politica-de-privacidade\/#breadcrumb"},"inLanguage":"pt-PT","potentialAction":[{"@type":"ReadAction","target":["https:\/\/auvisa.org\/pt\/politica-de-privacidade\/"]}]},{"@type":"BreadcrumbList","@id":"https:\/\/auvisa.org\/pt\/politica-de-privacidade\/#breadcrumb","itemListElement":[{"@type":"ListItem","position":1,"name":"Home","item":"https:\/\/auvisa.org\/pt\/"},{"@type":"ListItem","position":2,"name":"Pol\u00edtica de privacidade"}]},{"@type":"WebSite","@id":"https:\/\/auvisa.org\/pt\/#website","url":"https:\/\/auvisa.org\/pt\/","name":"Auvisa.org","description":"","inLanguage":"pt-PT"}]}},"_links":{"self":[{"href":"https:\/\/auvisa.org\/pt\/wp-json\/wp\/v2\/pages\/407","targetHints":{"allow":["GET"]}}],"collection":[{"href":"https:\/\/auvisa.org\/pt\/wp-json\/wp\/v2\/pages"}],"about":[{"href":"https:\/\/auvisa.org\/pt\/wp-json\/wp\/v2\/types\/page"}],"author":[{"embeddable":true,"href":"https:\/\/auvisa.org\/pt\/wp-json\/wp\/v2\/users\/4"}],"replies":[{"embeddable":true,"href":"https:\/\/auvisa.org\/pt\/wp-json\/wp\/v2\/comments?post=407"}],"version-history":[{"count":4,"href":"https:\/\/auvisa.org\/pt\/wp-json\/wp\/v2\/pages\/407\/revisions"}],"predecessor-version":[{"id":18118,"href":"https:\/\/auvisa.org\/pt\/wp-json\/wp\/v2\/pages\/407\/revisions\/18118"}],"wp:attachment":[{"href":"https:\/\/auvisa.org\/pt\/wp-json\/wp\/v2\/media?parent=407"}],"curies":[{"name":"wp","href":"https:\/\/api.w.org\/{rel}","templated":true}]}}