{"id":7209,"date":"2021-05-28T08:33:58","date_gmt":"2021-05-28T08:33:58","guid":{"rendered":"https:\/\/auvisa.org\/pt\/?page_id=7209"},"modified":"2021-05-28T08:33:58","modified_gmt":"2021-05-28T08:33:58","slug":"visa-working","status":"publish","type":"page","link":"https:\/\/auvisa.org\/pt\/visa-working\/","title":{"rendered":"Pedido Visto Work and Holiday Na Austr\u00e1lia"},"content":{"rendered":"\n<div style=\"height:20px\" aria-hidden=\"true\" class=\"wp-block-spacer\"><\/div>\n\n\n\n<p>Voc\u00ea pode aplicar um segundo visto Work and Holiday se atender a todos os requisitos aplic\u00e1veis aos vistos <a href=\"\/pt\/visto-work-and-holiday-para-a-australia\/\">Work and Holiday<\/a> e:<\/p>\n\n\n\n<ul class=\"wp-block-list\"><li><strong>Cumpriram todas as condi\u00e7\u00f5es do seu primeiro visto<\/strong> de trabalho e f\u00e9rias Work and Holiday<\/li><li>N\u00e3o possu\u00edam anteriormente mais de um visto Work and Holiday<\/li><li>Concluiu <strong>tr\u00eas meses de trabalho especificado<\/strong> na regi\u00e3o da Austr\u00e1lia durante seu primeiro visto de trabalho e f\u00e9rias.<\/li><\/ul>\n\n\n\n<p>Os setores aprovados para o trabalho especificado incluem:<\/p>\n\n\n\n<ul class=\"wp-block-list\"><li>Cultivo de plantas e animais<\/li><li>Pesca e p\u00e9rolas<\/li><li>Cultivo e corte de \u00e1rvores<\/li><li>Minera\u00e7\u00e3o<\/li><li>Constru\u00e7\u00e3o<\/li><\/ul>\n\n\n\n<p>Observe que, se voc\u00ea est\u00e1 atualmente na Austr\u00e1lia com seu primeiro visto de trabalho e f\u00e9rias e deseja permanecer no pa\u00eds, <strong>solicite o segundo visto de trabalho e f\u00e9rias antes que o primeiro expire<\/strong>.<\/p>\n\n\n\n<p>O pre\u00e7o de cada visto \u00e9 de \u20ac 450 por pessoa.<\/p>\n\n\n\n<div style=\"height:58px\" aria-hidden=\"true\" class=\"wp-block-spacer\"><\/div>\n\n\n\n<h3 class=\"wp-block-heading\">Por favor insira e confirme o seu endere\u00e7o de email para proceder:<\/h3>\n\n\n\n<p><\/p>\n","protected":false},"excerpt":{"rendered":"<p>Voc\u00ea pode aplicar um segundo visto Work and Holiday se atender a todos os requisitos aplic\u00e1veis aos vistos Work and [&#8230;]<\/p>\n<p><a class=\"btn btn-secondary understrap-read-more-link\" href=\"https:\/\/auvisa.org\/pt\/visa-working\/\">Continuar a ler&#8230;<span class=\"screen-reader-text\"> from Pedido Visto Work and Holiday Na Austr\u00e1lia<\/span><\/a><\/p>\n","protected":false},"author":3,"featured_media":0,"parent":0,"menu_order":40,"comment_status":"closed","ping_status":"closed","template":"templates\/tpl_acf_form.php","meta":{"inline_featured_image":false,"footnotes":""},"class_list":["post-7209","page","type-page","status-publish","hentry"],"yoast_head":"<!-- This site is optimized with the Yoast SEO plugin v26.9 - https:\/\/yoast.com\/product\/yoast-seo-wordpress\/ -->\n<title>Pedido de Segundo Visto Australiano Work and Holiday<\/title>\n<meta name=\"description\" content=\"Este formul\u00e1rio de pedido de Visto Australiano de Trabalho e F\u00e9rias &quot;Work and Holiday&quot; \u00e9 estinado a cidad\u00e3os portugueses entre 18 e 30 anos.\" \/>\n<meta name=\"robots\" content=\"index, follow, max-snippet:-1, max-image-preview:large, max-video-preview:-1\" \/>\n<link rel=\"canonical\" href=\"https:\/\/auvisa.org\/pt\/visa-working\/\" \/>\n<meta property=\"og:locale\" content=\"pt_PT\" \/>\n<meta property=\"og:type\" content=\"article\" \/>\n<meta property=\"og:title\" content=\"Pedido de Segundo Visto Australiano Work and Holiday\" \/>\n<meta property=\"og:description\" content=\"Este formul\u00e1rio de pedido de Visto Australiano de Trabalho e F\u00e9rias &quot;Work and Holiday&quot; \u00e9 estinado a cidad\u00e3os portugueses entre 18 e 30 anos.\" \/>\n<meta property=\"og:url\" content=\"https:\/\/auvisa.org\/pt\/visa-working\/\" \/>\n<meta property=\"og:site_name\" content=\"Auvisa.org\" \/>\n<meta name=\"twitter:card\" content=\"summary_large_image\" \/>\n<meta name=\"twitter:label1\" content=\"Tempo estimado de leitura\" \/>\n\t<meta name=\"twitter:data1\" content=\"1 minuto\" \/>\n<script type=\"application\/ld+json\" class=\"yoast-schema-graph\">{\"@context\":\"https:\/\/schema.org\",\"@graph\":[{\"@type\":\"WebPage\",\"@id\":\"https:\/\/auvisa.org\/pt\/visa-working\/\",\"url\":\"https:\/\/auvisa.org\/pt\/visa-working\/\",\"name\":\"Pedido de Segundo Visto Australiano Work and Holiday\",\"isPartOf\":{\"@id\":\"https:\/\/auvisa.org\/pt\/#website\"},\"datePublished\":\"2021-05-28T08:33:58+00:00\",\"description\":\"Este formul\u00e1rio de pedido de Visto Australiano de Trabalho e F\u00e9rias &quot;Work and Holiday&quot; \u00e9 estinado a cidad\u00e3os portugueses entre 18 e 30 anos.\",\"breadcrumb\":{\"@id\":\"https:\/\/auvisa.org\/pt\/visa-working\/#breadcrumb\"},\"inLanguage\":\"pt-PT\",\"potentialAction\":[{\"@type\":\"ReadAction\",\"target\":[\"https:\/\/auvisa.org\/pt\/visa-working\/\"]}]},{\"@type\":\"BreadcrumbList\",\"@id\":\"https:\/\/auvisa.org\/pt\/visa-working\/#breadcrumb\",\"itemListElement\":[{\"@type\":\"ListItem\",\"position\":1,\"name\":\"Home\",\"item\":\"https:\/\/auvisa.org\/pt\/\"},{\"@type\":\"ListItem\",\"position\":2,\"name\":\"Pedido Visto Work and Holiday Na Austr\u00e1lia\"}]},{\"@type\":\"WebSite\",\"@id\":\"https:\/\/auvisa.org\/pt\/#website\",\"url\":\"https:\/\/auvisa.org\/pt\/\",\"name\":\"Auvisa.org\",\"description\":\"\",\"inLanguage\":\"pt-PT\"}]}<\/script>\n<!-- \/ Yoast SEO plugin. -->","yoast_head_json":{"title":"Pedido de Segundo Visto Australiano Work and Holiday","description":"Este formul\u00e1rio de pedido de Visto Australiano de Trabalho e F\u00e9rias &quot;Work and Holiday&quot; \u00e9 estinado a cidad\u00e3os portugueses entre 18 e 30 anos.","robots":{"index":"index","follow":"follow","max-snippet":"max-snippet:-1","max-image-preview":"max-image-preview:large","max-video-preview":"max-video-preview:-1"},"canonical":"https:\/\/auvisa.org\/pt\/visa-working\/","og_locale":"pt_PT","og_type":"article","og_title":"Pedido de Segundo Visto Australiano Work and Holiday","og_description":"Este formul\u00e1rio de pedido de Visto Australiano de Trabalho e F\u00e9rias &quot;Work and Holiday&quot; \u00e9 estinado a cidad\u00e3os portugueses entre 18 e 30 anos.","og_url":"https:\/\/auvisa.org\/pt\/visa-working\/","og_site_name":"Auvisa.org","twitter_card":"summary_large_image","twitter_misc":{"Tempo estimado de leitura":"1 minuto"},"schema":{"@context":"https:\/\/schema.org","@graph":[{"@type":"WebPage","@id":"https:\/\/auvisa.org\/pt\/visa-working\/","url":"https:\/\/auvisa.org\/pt\/visa-working\/","name":"Pedido de Segundo Visto Australiano Work and Holiday","isPartOf":{"@id":"https:\/\/auvisa.org\/pt\/#website"},"datePublished":"2021-05-28T08:33:58+00:00","description":"Este formul\u00e1rio de pedido de Visto Australiano de Trabalho e F\u00e9rias &quot;Work and Holiday&quot; \u00e9 estinado a cidad\u00e3os portugueses entre 18 e 30 anos.","breadcrumb":{"@id":"https:\/\/auvisa.org\/pt\/visa-working\/#breadcrumb"},"inLanguage":"pt-PT","potentialAction":[{"@type":"ReadAction","target":["https:\/\/auvisa.org\/pt\/visa-working\/"]}]},{"@type":"BreadcrumbList","@id":"https:\/\/auvisa.org\/pt\/visa-working\/#breadcrumb","itemListElement":[{"@type":"ListItem","position":1,"name":"Home","item":"https:\/\/auvisa.org\/pt\/"},{"@type":"ListItem","position":2,"name":"Pedido Visto Work and Holiday Na Austr\u00e1lia"}]},{"@type":"WebSite","@id":"https:\/\/auvisa.org\/pt\/#website","url":"https:\/\/auvisa.org\/pt\/","name":"Auvisa.org","description":"","inLanguage":"pt-PT"}]}},"_links":{"self":[{"href":"https:\/\/auvisa.org\/pt\/wp-json\/wp\/v2\/pages\/7209","targetHints":{"allow":["GET"]}}],"collection":[{"href":"https:\/\/auvisa.org\/pt\/wp-json\/wp\/v2\/pages"}],"about":[{"href":"https:\/\/auvisa.org\/pt\/wp-json\/wp\/v2\/types\/page"}],"author":[{"embeddable":true,"href":"https:\/\/auvisa.org\/pt\/wp-json\/wp\/v2\/users\/3"}],"replies":[{"embeddable":true,"href":"https:\/\/auvisa.org\/pt\/wp-json\/wp\/v2\/comments?post=7209"}],"version-history":[{"count":2,"href":"https:\/\/auvisa.org\/pt\/wp-json\/wp\/v2\/pages\/7209\/revisions"}],"predecessor-version":[{"id":7214,"href":"https:\/\/auvisa.org\/pt\/wp-json\/wp\/v2\/pages\/7209\/revisions\/7214"}],"wp:attachment":[{"href":"https:\/\/auvisa.org\/pt\/wp-json\/wp\/v2\/media?parent=7209"}],"curies":[{"name":"wp","href":"https:\/\/api.w.org\/{rel}","templated":true}]}}