{"id":950,"date":"2019-06-28T21:09:27","date_gmt":"2019-06-28T21:09:27","guid":{"rendered":"https:\/\/auvisa.org\/?p=950"},"modified":"2020-08-03T10:44:48","modified_gmt":"2020-08-03T10:44:48","slug":"visto-de-turista-para-a-australia","status":"publish","type":"page","link":"https:\/\/auvisa.org\/pt\/visto-de-turista-para-a-australia\/","title":{"rendered":"Visto de Turista para a Austr\u00e1lia"},"content":{"rendered":"\n<h2 id=\"more-info\">Informa\u00e7\u00f5es sobre vistos de turista australianos\n<\/h2>\n<p>O visto que voc\u00ea solicita atrav\u00e9s deste servi\u00e7o online \u00e9 chamado eVisitor e \u00e9 um visto que voc\u00ea simplesmente solicita online sem ter que preencher um formul\u00e1rio em papel ou enviar seu passaporte para qualquer embaixada.<\/p>\n<p>Um eVisitor pode ser usado para viagens tur\u00edsticas e de neg\u00f3cios, mas, ao se inscrever, deve-se especificar o objetivo da viagem.<\/p>\n<p>Para poder escolher o turismo, voc\u00ea deve viajar para a Austr\u00e1lia para fazer o seguinte:<\/p>\n<ul>\n<li>Feriado<\/li>\n<li>Visitando amigos ou familiares<\/li>\n<\/ul>\n<h2>Condi\u00e7\u00f5es para o aplicativo<\/h2>\n<p>Voc\u00ea deve estar fora da Austr\u00e1lia para solicitar um visto.<br>\nVoc\u00ea deve estar livre da tuberculose quando entrar na Austr\u00e1lia.<br>\nVoc\u00ea deve ter sido condenado a pris\u00e3o (servida ou n\u00e3o) por um total de mais de 12 meses.<br>\nVoc\u00ea deve estudar mais de tr\u00eas meses.<br>\nVoc\u00ea n\u00e3o pode trabalhar (ter emprego).<\/p>\n<h2>A validade do visto<\/h2>\n<p>O visto \u00e9 v\u00e1lido por 12 meses e cada vez que voc\u00ea permanecer na Austr\u00e1lia por no m\u00e1ximo 3 meses por vez. Voc\u00ea tem que viajar para o pa\u00eds quantas vezes quiser durante o per\u00edodo de validade. Embora o visto seja v\u00e1lido por tanto tempo, destina-se apenas a estadias tempor\u00e1rias mais curtas no pa\u00eds.<br>\nPor favor insira a informa\u00e7\u00e3o correta<\/p>\n<p>\u00c9 muito importante inserir as informa\u00e7\u00f5es corretas ao fazer sua inscri\u00e7\u00e3o. Nenhuma verifica\u00e7\u00e3o da data ser\u00e1 feita, \u00e9 inteiramente do candidato para inserir as informa\u00e7\u00f5es corretas. Caso voc\u00ea acidentalmente digite, por exemplo, o n\u00famero errado do passaporte, o visto ser\u00e1 emitido no n\u00famero do passaporte que voc\u00ea digitou. Isso significa que voc\u00ea n\u00e3o tem um visto v\u00e1lido e n\u00e3o ser\u00e1 autorizado a embarcar na aeronave para a Austr\u00e1lia.<\/p>\n<br style=\"clear: both\">\n<div class=\"text-right\"><a href=\"\/pt\/visa\/\" class=\"btn  px-5 btn-green\">Aplique para um Visto de Turista<\/a><\/div>\n<\/ul>\n<br style=\"clear: both\"><br style=\"clear: both\">\n<h2>Quanto tempo vai demorar<\/h2>\n<p>Quanto tempo demora para obter uma resposta pode variar muito. A grande maioria recebe respostas no prazo de meia hora ap\u00f3s o pagamento da inscri\u00e7\u00e3o, mas \u00e0s vezes pode levar muito mais tempo do que isso. Documentos adicionais podem precisar ser apresentados e, nesses casos, o tempo de processamento \u00e9 de pelo menos duas semanas e geralmente mais longo. Saia a tempo!<\/p>\n<p>Exemplos de documentos suplementares podem incluir: C\u00f3pia do passaporte, extrato banc\u00e1rio \/ comprovante de renda, certificado de trabalho e uma conta pessoal de seus planos no pa\u00eds.<\/p>\n<p>Nunca envie nenhum documento adicional sem ser solicitado. N\u00e3o se esque\u00e7a de verificar seu e-mail regularmente para n\u00e3o perder nossos pedidos.<\/p>\n<h2>\nEstender o visto<\/h2>\n<p>Um visto eVisitor n\u00e3o pode ser estendido. Quando o seu visto expirar, voc\u00ea pode solicitar um novo visto, mas voc\u00ea deve estar fora da Austr\u00e1lia durante todo o processo de inscri\u00e7\u00e3o.<\/p>\n<p>Se voc\u00ea precisar estender seu visto na Austr\u00e1lia sem sair do pa\u00eds, entre em contato com as autoridades de imigra\u00e7\u00e3o no pa\u00eds antes que o visto expire. N\u00e3o \u00e9 poss\u00edvel estender o visto, mas \u00e9 poss\u00edvel, no entanto, requerer outro tipo de visto e assim permanecer por outro tempo.<\/p>\n<br style=\"clear: both\">\n<div class=\"text-right\"><a href=\"\/pt\/visa\/\" class=\"btn  px-5 btn-green\">Aplique para um Visto de Turista<\/a><\/div>\n<\/ul>\n<br style=\"clear: both\"><br style=\"clear: both\">\n","protected":false},"excerpt":{"rendered":"<p>Informa\u00e7\u00f5es sobre vistos de turista australianos O visto que voc\u00ea solicita atrav\u00e9s deste servi\u00e7o online \u00e9 chamado eVisitor e \u00e9 [&#8230;]<\/p>\n<p><a class=\"btn btn-secondary understrap-read-more-link\" href=\"https:\/\/auvisa.org\/pt\/visto-de-turista-para-a-australia\/\">Continuar a ler&#8230;<span class=\"screen-reader-text\"> from Visto de Turista para a Austr\u00e1lia<\/span><\/a><\/p>\n","protected":false},"author":4,"featured_media":0,"parent":0,"menu_order":0,"comment_status":"closed","ping_status":"closed","template":"templates\/tpl_spiegazione.php","meta":{"inline_featured_image":false,"footnotes":""},"class_list":["post-950","page","type-page","status-publish","hentry"],"yoast_head":"<!-- This site is optimized with the Yoast SEO plugin v26.9 - https:\/\/yoast.com\/product\/yoast-seo-wordpress\/ -->\n<title>Visto de Turista para a Austr\u00e1lia: Requisitos e Custos<\/title>\n<meta name=\"description\" content=\"Quais s\u00e3o os requisitos para um visto de turista na Austr\u00e1lia? Informa\u00e7\u00f5es sobre vistos de f\u00e9rias on-line australianos para cidad\u00e3os portugueses.\" \/>\n<meta name=\"robots\" content=\"index, follow, max-snippet:-1, max-image-preview:large, max-video-preview:-1\" \/>\n<link rel=\"canonical\" href=\"https:\/\/auvisa.org\/pt\/visto-de-turista-para-a-australia\/\" \/>\n<meta property=\"og:locale\" content=\"pt_PT\" \/>\n<meta property=\"og:type\" content=\"article\" \/>\n<meta property=\"og:title\" content=\"Visto de Turista para a Austr\u00e1lia: Requisitos e Custos\" \/>\n<meta property=\"og:description\" content=\"Quais s\u00e3o os requisitos para um visto de turista na Austr\u00e1lia? Informa\u00e7\u00f5es sobre vistos de f\u00e9rias on-line australianos para cidad\u00e3os portugueses.\" \/>\n<meta property=\"og:url\" content=\"https:\/\/auvisa.org\/pt\/visto-de-turista-para-a-australia\/\" \/>\n<meta property=\"og:site_name\" content=\"Auvisa.org\" \/>\n<meta property=\"article:modified_time\" content=\"2020-08-03T10:44:48+00:00\" \/>\n<meta name=\"twitter:card\" content=\"summary_large_image\" \/>\n<meta name=\"twitter:label1\" content=\"Tempo estimado de leitura\" \/>\n\t<meta name=\"twitter:data1\" content=\"3 minutos\" \/>\n<script type=\"application\/ld+json\" class=\"yoast-schema-graph\">{\"@context\":\"https:\/\/schema.org\",\"@graph\":[{\"@type\":\"WebPage\",\"@id\":\"https:\/\/auvisa.org\/pt\/visto-de-turista-para-a-australia\/\",\"url\":\"https:\/\/auvisa.org\/pt\/visto-de-turista-para-a-australia\/\",\"name\":\"Visto de Turista para a Austr\u00e1lia: Requisitos e Custos\",\"isPartOf\":{\"@id\":\"https:\/\/auvisa.org\/pt\/#website\"},\"datePublished\":\"2019-06-28T21:09:27+00:00\",\"dateModified\":\"2020-08-03T10:44:48+00:00\",\"description\":\"Quais s\u00e3o os requisitos para um visto de turista na Austr\u00e1lia? Informa\u00e7\u00f5es sobre vistos de f\u00e9rias on-line australianos para cidad\u00e3os portugueses.\",\"breadcrumb\":{\"@id\":\"https:\/\/auvisa.org\/pt\/visto-de-turista-para-a-australia\/#breadcrumb\"},\"inLanguage\":\"pt-PT\",\"potentialAction\":[{\"@type\":\"ReadAction\",\"target\":[\"https:\/\/auvisa.org\/pt\/visto-de-turista-para-a-australia\/\"]}]},{\"@type\":\"BreadcrumbList\",\"@id\":\"https:\/\/auvisa.org\/pt\/visto-de-turista-para-a-australia\/#breadcrumb\",\"itemListElement\":[{\"@type\":\"ListItem\",\"position\":1,\"name\":\"Home\",\"item\":\"https:\/\/auvisa.org\/pt\/\"},{\"@type\":\"ListItem\",\"position\":2,\"name\":\"Visto de Turista para a Austr\u00e1lia\"}]},{\"@type\":\"WebSite\",\"@id\":\"https:\/\/auvisa.org\/pt\/#website\",\"url\":\"https:\/\/auvisa.org\/pt\/\",\"name\":\"Auvisa.org\",\"description\":\"\",\"inLanguage\":\"pt-PT\"}]}<\/script>\n<!-- \/ Yoast SEO plugin. -->","yoast_head_json":{"title":"Visto de Turista para a Austr\u00e1lia: Requisitos e Custos","description":"Quais s\u00e3o os requisitos para um visto de turista na Austr\u00e1lia? Informa\u00e7\u00f5es sobre vistos de f\u00e9rias on-line australianos para cidad\u00e3os portugueses.","robots":{"index":"index","follow":"follow","max-snippet":"max-snippet:-1","max-image-preview":"max-image-preview:large","max-video-preview":"max-video-preview:-1"},"canonical":"https:\/\/auvisa.org\/pt\/visto-de-turista-para-a-australia\/","og_locale":"pt_PT","og_type":"article","og_title":"Visto de Turista para a Austr\u00e1lia: Requisitos e Custos","og_description":"Quais s\u00e3o os requisitos para um visto de turista na Austr\u00e1lia? Informa\u00e7\u00f5es sobre vistos de f\u00e9rias on-line australianos para cidad\u00e3os portugueses.","og_url":"https:\/\/auvisa.org\/pt\/visto-de-turista-para-a-australia\/","og_site_name":"Auvisa.org","article_modified_time":"2020-08-03T10:44:48+00:00","twitter_card":"summary_large_image","twitter_misc":{"Tempo estimado de leitura":"3 minutos"},"schema":{"@context":"https:\/\/schema.org","@graph":[{"@type":"WebPage","@id":"https:\/\/auvisa.org\/pt\/visto-de-turista-para-a-australia\/","url":"https:\/\/auvisa.org\/pt\/visto-de-turista-para-a-australia\/","name":"Visto de Turista para a Austr\u00e1lia: Requisitos e Custos","isPartOf":{"@id":"https:\/\/auvisa.org\/pt\/#website"},"datePublished":"2019-06-28T21:09:27+00:00","dateModified":"2020-08-03T10:44:48+00:00","description":"Quais s\u00e3o os requisitos para um visto de turista na Austr\u00e1lia? Informa\u00e7\u00f5es sobre vistos de f\u00e9rias on-line australianos para cidad\u00e3os portugueses.","breadcrumb":{"@id":"https:\/\/auvisa.org\/pt\/visto-de-turista-para-a-australia\/#breadcrumb"},"inLanguage":"pt-PT","potentialAction":[{"@type":"ReadAction","target":["https:\/\/auvisa.org\/pt\/visto-de-turista-para-a-australia\/"]}]},{"@type":"BreadcrumbList","@id":"https:\/\/auvisa.org\/pt\/visto-de-turista-para-a-australia\/#breadcrumb","itemListElement":[{"@type":"ListItem","position":1,"name":"Home","item":"https:\/\/auvisa.org\/pt\/"},{"@type":"ListItem","position":2,"name":"Visto de Turista para a Austr\u00e1lia"}]},{"@type":"WebSite","@id":"https:\/\/auvisa.org\/pt\/#website","url":"https:\/\/auvisa.org\/pt\/","name":"Auvisa.org","description":"","inLanguage":"pt-PT"}]}},"_links":{"self":[{"href":"https:\/\/auvisa.org\/pt\/wp-json\/wp\/v2\/pages\/950","targetHints":{"allow":["GET"]}}],"collection":[{"href":"https:\/\/auvisa.org\/pt\/wp-json\/wp\/v2\/pages"}],"about":[{"href":"https:\/\/auvisa.org\/pt\/wp-json\/wp\/v2\/types\/page"}],"author":[{"embeddable":true,"href":"https:\/\/auvisa.org\/pt\/wp-json\/wp\/v2\/users\/4"}],"replies":[{"embeddable":true,"href":"https:\/\/auvisa.org\/pt\/wp-json\/wp\/v2\/comments?post=950"}],"version-history":[{"count":10,"href":"https:\/\/auvisa.org\/pt\/wp-json\/wp\/v2\/pages\/950\/revisions"}],"predecessor-version":[{"id":2681,"href":"https:\/\/auvisa.org\/pt\/wp-json\/wp\/v2\/pages\/950\/revisions\/2681"}],"wp:attachment":[{"href":"https:\/\/auvisa.org\/pt\/wp-json\/wp\/v2\/media?parent=950"}],"curies":[{"name":"wp","href":"https:\/\/api.w.org\/{rel}","templated":true}]}}