{"id":953,"date":"2019-06-28T21:11:28","date_gmt":"2019-06-28T21:11:28","guid":{"rendered":"https:\/\/auvisa.org\/?p=953"},"modified":"2020-08-31T17:00:10","modified_gmt":"2020-08-31T17:00:10","slug":"visto-de-negocios-para-a-australia","status":"publish","type":"page","link":"https:\/\/auvisa.org\/pt\/visto-de-negocios-para-a-australia\/","title":{"rendered":"Visto de neg\u00f3cios para a Austr\u00e1lia"},"content":{"rendered":"<h2 id=\"more-info\">Mais informa\u00e7\u00f5es sobre vistos de neg\u00f3cios na Austr\u00e1lia<\/h2>\n<p>Um visto de neg\u00f3cios \u00e9 necess\u00e1rio para quem vai \u00e0 Austr\u00e1lia a neg\u00f3cios. O visto \u00e9 chamado eVisitor, e \u00e9 o mesmo tipo de visto para viagens tur\u00edsticas e de neg\u00f3cios. Ao se inscrever, no entanto, \u00e9 necess\u00e1rio especificar se \u00e9 um visto de turista ou um visto de neg\u00f3cios que voc\u00ea est\u00e1 procurando, e o conceito de visto de neg\u00f3cios inclui o seguinte:<\/p>\n<ul>\n<li>Reuni\u00f5es de neg\u00f3cios, reuni\u00e3o de contatos de neg\u00f3cios<\/li>\n<li>Negociar contratos<\/li>\n<li>Confer\u00eancias, semin\u00e1rios<\/li>\n<\/ul>\n<h2>Combine feriados e neg\u00f3cios<\/h2>\n<p>\u00c9 totalmente permitido combinar feriados e neg\u00f3cios. Com um visto de neg\u00f3cios, voc\u00ea tamb\u00e9m pode passar f\u00e9rias na Austr\u00e1lia em sua viagem de neg\u00f3cios.<\/p>\n<h2>Condi\u00e7\u00f5es para o aplicativo<\/h2>\n<ul>\n<li>Voc\u00ea deve estar fora da Austr\u00e1lia para solicitar um visto.<\/li>\n<li>Voc\u00ea deve estar livre da tuberculose quando entrar na Austr\u00e1lia.<\/li>\n<li>Voc\u00ea n\u00e3o deve ter sido condenado a pris\u00e3o (servida ou n\u00e3o) por um total de mais de 12 meses.<\/li>\n<li>Voc\u00ea n\u00e3o deve estudar mais de tr\u00eas meses.<\/li>\n<li>Voc\u00ea n\u00e3o pode trabalhar (ter emprego).<\/li>\n<\/ul>\n<h2>A validade do visto<\/h2>\n<p>O visto \u00e9 v\u00e1lido por 12 meses e cada vez que voc\u00ea pode permanecer na Austr\u00e1lia por no m\u00e1ximo 3 meses de cada vez. Voc\u00ea tem que viajar para o pa\u00eds quantas vezes quiser durante o per\u00edodo de validade. Embora o visto seja v\u00e1lido por tanto tempo, destina-se apenas a estadias tempor\u00e1rias mais curtas no pa\u00eds.<br \/>\nSe o objetivo da sua viagem for realmente trabalhar na Austr\u00e1lia, voc\u00ea n\u00e3o poder\u00e1 solicitar um visto eVisitor. Depois, h\u00e1 outros tipos de vistos que se encaixam melhor.<\/p>\n<h2>Quanto tempo vai demorar<\/h2>\n<p>A grande maioria recebe respostas dentro de meia hora, mas \u00e0s vezes pode ser necess\u00e1rio fornecer informa\u00e7\u00f5es adicionais para poder processar sua inscri\u00e7\u00e3o e, em seguida, leva muito mais tempo. Os tempos de processamento s\u00e3o, nesses casos, pelo menos duas semanas, mas \u00e0s vezes mais.<\/p>\n<h2>Estender o visto<\/h2>\n<p>N\u00e3o \u00e9 poss\u00edvel estender um visto eVisitor. \u00c9 permitido solicitar um novo visto assim que o antigo expirar, mas voc\u00ea deve estar fora da Austr\u00e1lia enquanto estiver se candidatando. Tamb\u00e9m pode haver oportunidades para solicitar outro tipo de visto sem sair da Austr\u00e1lia. Por favor, contate as autoridades de migra\u00e7\u00e3o na Austr\u00e1lia bem antes do seu visto expirar, para mais informa\u00e7\u00f5es.<\/p>\n<p><br style=\"clear: both\"><br \/>\n<div class=\"text-right\"><a href=\"\/pt\/visa-business\/\" class=\"btn  px-5 btn-green\">Aplique para um Visto de Neg\u00f3cios<\/a><\/div><\/p>\n<p><br style=\"clear: both\"><br style=\"clear: both\"><\/p>\n","protected":false},"excerpt":{"rendered":"<p>Mais informa\u00e7\u00f5es sobre vistos de neg\u00f3cios na Austr\u00e1lia Um visto de neg\u00f3cios \u00e9 necess\u00e1rio para quem vai \u00e0 Austr\u00e1lia a [&#8230;]<\/p>\n<p><a class=\"btn btn-secondary understrap-read-more-link\" href=\"https:\/\/auvisa.org\/pt\/visto-de-negocios-para-a-australia\/\">Continuar a ler&#8230;<span class=\"screen-reader-text\"> from Visto de neg\u00f3cios para a Austr\u00e1lia<\/span><\/a><\/p>\n","protected":false},"author":4,"featured_media":0,"parent":0,"menu_order":0,"comment_status":"closed","ping_status":"closed","template":"templates\/tpl_spiegazione.php","meta":{"inline_featured_image":false,"footnotes":""},"class_list":["post-953","page","type-page","status-publish","hentry"],"yoast_head":"<!-- This site is optimized with the Yoast SEO plugin v26.9 - https:\/\/yoast.com\/product\/yoast-seo-wordpress\/ -->\n<title>Visto de Neg\u00f3cios Para a Austr\u00e1lia (Business Visa): Aplique Agora<\/title>\n<meta name=\"description\" content=\"Tudo o que voc\u00ea precisa saber sobre vistos de neg\u00f3cios australianos para confer\u00eancias, viagens de neg\u00f3cios e reuni\u00f5es: requisitos, custos e inscri\u00e7\u00e3o on-line.\" \/>\n<meta name=\"robots\" content=\"index, follow, max-snippet:-1, max-image-preview:large, max-video-preview:-1\" \/>\n<link rel=\"canonical\" href=\"https:\/\/auvisa.org\/pt\/visto-de-negocios-para-a-australia\/\" \/>\n<meta property=\"og:locale\" content=\"pt_PT\" \/>\n<meta property=\"og:type\" content=\"article\" \/>\n<meta property=\"og:title\" content=\"Visto de Neg\u00f3cios Para a Austr\u00e1lia (Business Visa): Aplique Agora\" \/>\n<meta property=\"og:description\" content=\"Tudo o que voc\u00ea precisa saber sobre vistos de neg\u00f3cios australianos para confer\u00eancias, viagens de neg\u00f3cios e reuni\u00f5es: requisitos, custos e inscri\u00e7\u00e3o on-line.\" \/>\n<meta property=\"og:url\" content=\"https:\/\/auvisa.org\/pt\/visto-de-negocios-para-a-australia\/\" \/>\n<meta property=\"og:site_name\" content=\"Auvisa.org\" \/>\n<meta property=\"article:modified_time\" content=\"2020-08-31T17:00:10+00:00\" \/>\n<meta name=\"twitter:card\" content=\"summary_large_image\" \/>\n<meta name=\"twitter:label1\" content=\"Tempo estimado de leitura\" \/>\n\t<meta name=\"twitter:data1\" content=\"2 minutos\" \/>\n<script type=\"application\/ld+json\" class=\"yoast-schema-graph\">{\"@context\":\"https:\/\/schema.org\",\"@graph\":[{\"@type\":\"WebPage\",\"@id\":\"https:\/\/auvisa.org\/pt\/visto-de-negocios-para-a-australia\/\",\"url\":\"https:\/\/auvisa.org\/pt\/visto-de-negocios-para-a-australia\/\",\"name\":\"Visto de Neg\u00f3cios Para a Austr\u00e1lia (Business Visa): Aplique Agora\",\"isPartOf\":{\"@id\":\"https:\/\/auvisa.org\/pt\/#website\"},\"datePublished\":\"2019-06-28T21:11:28+00:00\",\"dateModified\":\"2020-08-31T17:00:10+00:00\",\"description\":\"Tudo o que voc\u00ea precisa saber sobre vistos de neg\u00f3cios australianos para confer\u00eancias, viagens de neg\u00f3cios e reuni\u00f5es: requisitos, custos e inscri\u00e7\u00e3o on-line.\",\"breadcrumb\":{\"@id\":\"https:\/\/auvisa.org\/pt\/visto-de-negocios-para-a-australia\/#breadcrumb\"},\"inLanguage\":\"pt-PT\",\"potentialAction\":[{\"@type\":\"ReadAction\",\"target\":[\"https:\/\/auvisa.org\/pt\/visto-de-negocios-para-a-australia\/\"]}]},{\"@type\":\"BreadcrumbList\",\"@id\":\"https:\/\/auvisa.org\/pt\/visto-de-negocios-para-a-australia\/#breadcrumb\",\"itemListElement\":[{\"@type\":\"ListItem\",\"position\":1,\"name\":\"Home\",\"item\":\"https:\/\/auvisa.org\/pt\/\"},{\"@type\":\"ListItem\",\"position\":2,\"name\":\"Visto de neg\u00f3cios para a Austr\u00e1lia\"}]},{\"@type\":\"WebSite\",\"@id\":\"https:\/\/auvisa.org\/pt\/#website\",\"url\":\"https:\/\/auvisa.org\/pt\/\",\"name\":\"Auvisa.org\",\"description\":\"\",\"inLanguage\":\"pt-PT\"}]}<\/script>\n<!-- \/ Yoast SEO plugin. -->","yoast_head_json":{"title":"Visto de Neg\u00f3cios Para a Austr\u00e1lia (Business Visa): Aplique Agora","description":"Tudo o que voc\u00ea precisa saber sobre vistos de neg\u00f3cios australianos para confer\u00eancias, viagens de neg\u00f3cios e reuni\u00f5es: requisitos, custos e inscri\u00e7\u00e3o on-line.","robots":{"index":"index","follow":"follow","max-snippet":"max-snippet:-1","max-image-preview":"max-image-preview:large","max-video-preview":"max-video-preview:-1"},"canonical":"https:\/\/auvisa.org\/pt\/visto-de-negocios-para-a-australia\/","og_locale":"pt_PT","og_type":"article","og_title":"Visto de Neg\u00f3cios Para a Austr\u00e1lia (Business Visa): Aplique Agora","og_description":"Tudo o que voc\u00ea precisa saber sobre vistos de neg\u00f3cios australianos para confer\u00eancias, viagens de neg\u00f3cios e reuni\u00f5es: requisitos, custos e inscri\u00e7\u00e3o on-line.","og_url":"https:\/\/auvisa.org\/pt\/visto-de-negocios-para-a-australia\/","og_site_name":"Auvisa.org","article_modified_time":"2020-08-31T17:00:10+00:00","twitter_card":"summary_large_image","twitter_misc":{"Tempo estimado de leitura":"2 minutos"},"schema":{"@context":"https:\/\/schema.org","@graph":[{"@type":"WebPage","@id":"https:\/\/auvisa.org\/pt\/visto-de-negocios-para-a-australia\/","url":"https:\/\/auvisa.org\/pt\/visto-de-negocios-para-a-australia\/","name":"Visto de Neg\u00f3cios Para a Austr\u00e1lia (Business Visa): Aplique Agora","isPartOf":{"@id":"https:\/\/auvisa.org\/pt\/#website"},"datePublished":"2019-06-28T21:11:28+00:00","dateModified":"2020-08-31T17:00:10+00:00","description":"Tudo o que voc\u00ea precisa saber sobre vistos de neg\u00f3cios australianos para confer\u00eancias, viagens de neg\u00f3cios e reuni\u00f5es: requisitos, custos e inscri\u00e7\u00e3o on-line.","breadcrumb":{"@id":"https:\/\/auvisa.org\/pt\/visto-de-negocios-para-a-australia\/#breadcrumb"},"inLanguage":"pt-PT","potentialAction":[{"@type":"ReadAction","target":["https:\/\/auvisa.org\/pt\/visto-de-negocios-para-a-australia\/"]}]},{"@type":"BreadcrumbList","@id":"https:\/\/auvisa.org\/pt\/visto-de-negocios-para-a-australia\/#breadcrumb","itemListElement":[{"@type":"ListItem","position":1,"name":"Home","item":"https:\/\/auvisa.org\/pt\/"},{"@type":"ListItem","position":2,"name":"Visto de neg\u00f3cios para a Austr\u00e1lia"}]},{"@type":"WebSite","@id":"https:\/\/auvisa.org\/pt\/#website","url":"https:\/\/auvisa.org\/pt\/","name":"Auvisa.org","description":"","inLanguage":"pt-PT"}]}},"_links":{"self":[{"href":"https:\/\/auvisa.org\/pt\/wp-json\/wp\/v2\/pages\/953","targetHints":{"allow":["GET"]}}],"collection":[{"href":"https:\/\/auvisa.org\/pt\/wp-json\/wp\/v2\/pages"}],"about":[{"href":"https:\/\/auvisa.org\/pt\/wp-json\/wp\/v2\/types\/page"}],"author":[{"embeddable":true,"href":"https:\/\/auvisa.org\/pt\/wp-json\/wp\/v2\/users\/4"}],"replies":[{"embeddable":true,"href":"https:\/\/auvisa.org\/pt\/wp-json\/wp\/v2\/comments?post=953"}],"version-history":[{"count":9,"href":"https:\/\/auvisa.org\/pt\/wp-json\/wp\/v2\/pages\/953\/revisions"}],"predecessor-version":[{"id":2844,"href":"https:\/\/auvisa.org\/pt\/wp-json\/wp\/v2\/pages\/953\/revisions\/2844"}],"wp:attachment":[{"href":"https:\/\/auvisa.org\/pt\/wp-json\/wp\/v2\/media?parent=953"}],"curies":[{"name":"wp","href":"https:\/\/api.w.org\/{rel}","templated":true}]}}