{"id":956,"date":"2019-06-28T21:13:46","date_gmt":"2019-06-28T21:13:46","guid":{"rendered":"https:\/\/auvisa.org\/?p=956"},"modified":"2020-08-03T20:15:12","modified_gmt":"2020-08-03T20:15:12","slug":"visto-de-longa-duracao-para-a-australia","status":"publish","type":"page","link":"https:\/\/auvisa.org\/pt\/visto-de-longa-duracao-para-a-australia\/","title":{"rendered":"Visto de Longa Dura\u00e7\u00e3o na Austr\u00e1lia para Cidad\u00e3os Portugueses"},"content":{"rendered":"<h2 id=\"read-more\">Quais s\u00e3o os requisitos para obter um Visto de Longa Dura\u00e7\u00e3o na Austr\u00e1lia?<\/h2>\n<p>O visto de longa perman\u00eancia para a Austr\u00e1lia \u00e9 o visto da subclasse 600. Ele \u00e9 projetado para:<\/p>\n<ul>\n<li>viajantes que n\u00e3o fazem parte da lista de pa\u00edses eleg\u00edveis da ETA ou eVisitor<\/li>\n<li>viajantes que desejam viajar para a Austr\u00e1lia por mais de 3 meses, para turismo, neg\u00f3cios ou para visitar familiares ou amigos<\/li>\n<li>viajantes que j\u00e1 est\u00e3o dentro da Austr\u00e1lia e desejam estender seus vistos<\/li>\n<\/ul>\n<h2>Diferen\u00e7a entre ETA \/ eVisitor e visto de longa dura\u00e7\u00e3o<\/h2>\n<h3>Tempo de processamento:<\/h3>\n<p>A aplica\u00e7\u00e3o ETA \/ eVistor \u00e9 uma aprova\u00e7\u00e3o instant\u00e2nea, no entanto, o visto de longa dura\u00e7\u00e3o pode levar at\u00e9 20 dias para ser processado e, geralmente, mais documentos \/ informa\u00e7\u00f5es s\u00e3o solicitados pelo escrit\u00f3rio de Imigra\u00e7\u00e3o na Austr\u00e1lia.<\/p>\n<h3>Os pa\u00edses eleg\u00edveis:<\/h3>\n<p>Existem apenas alguns pa\u00edses eleg\u00edveis para o ETA \/ eVisitor, mas h\u00e1 uma grande sele\u00e7\u00e3o de cidad\u00e3os que podem solicitar visto de longa dura\u00e7\u00e3o.<\/p>\n<h3>Localiza\u00e7\u00e3o ao fazer o pedido:<\/h3>\n<p>Os candidatos devem estar fora da Austr\u00e1lia, enquanto alojam os pedidos do ETA \/ evisitor. No entanto, o pedido de visto de longa dura\u00e7\u00e3o pode ser feito dentro da Austr\u00e1lia com o objetivo de estender o visto atual.<\/p>\n<p><br style=\"clear: both\"><br \/>\n<div class=\"text-right\"><a href=\"\/pt\/visa-longterm\/\" class=\"btn  px-5 btn-green\">Aplique para um Visto de Longa Dura\u00e7\u00e3o<\/a><\/div><\/p>\n<p><br style=\"clear: both\"><br style=\"clear: both\"><\/p>\n<h2>Validade do visto de longa dura\u00e7\u00e3o<\/h2>\n<p>O visto pode ser emitido com uma \u00fanica entrada ou v\u00e1rias entradas<br \/>\nCada entrada pode ser v\u00e1lida por 3, 6 ou 12 meses<\/p>\n<h2>Condi\u00e7\u00f5es do visto de longa dura\u00e7\u00e3o<\/h2>\n<p>Voc\u00ea n\u00e3o deve trabalhar na Austr\u00e1lia. O trabalho volunt\u00e1rio pode ser permitido.<br \/>\nVoc\u00ea n\u00e3o deve estudar por mais de 3 meses na Austr\u00e1lia.<\/p>\n<h2>Estender o visto atual<\/h2>\n<p>Se o visto atual n\u00e3o tiver a condi\u00e7\u00e3o &#8220;N\u00e3o fique mais&#8221;, voc\u00ea pode usar esse tipo de visto para solicitar a extens\u00e3o do seu visto atual. Durante o processo de inscri\u00e7\u00e3o, voc\u00ea pode permanecer na Austr\u00e1lia.<\/p>\n<h2>Requisitos m\u00e9dicos<\/h2>\n<p>Se voc\u00ea se inscrever por mais de 6 meses, poder\u00e1 ser solicitado a fazer uma radiografia de t\u00f3rax e \/ ou um exame m\u00e9dico. Se voc\u00ea tem mais de 75 anos de idade ou vem de um pa\u00eds que a Imigra\u00e7\u00e3o Australiana considera como tendo um n\u00edvel de risco, voc\u00ea precisar\u00e1 fornecer provas de que voc\u00ea pode atender aos requisitos m\u00e9dicos do visto.<\/p>\n<h2>Comprova\u00e7\u00e3o de fundos<\/h2>\n<p>Ao solicitar um visto de longa perman\u00eancia, voc\u00ea deve ter fundos suficientes para se sustentar durante toda a estadia na Austr\u00e1lia. A imigra\u00e7\u00e3o pode pedir tal prova, por exemplo, extrato banc\u00e1rio.<\/p>\n<p><br style=\"clear: both\"><br \/>\n<div class=\"text-right\"><a href=\"\/pt\/visa-longterm\/\" class=\"btn  px-5 btn-green\">Aplique para um Visto de Longa Dura\u00e7\u00e3o<\/a><\/div><\/p>\n<p><br style=\"clear: both\"><br style=\"clear: both\"><\/p>\n","protected":false},"excerpt":{"rendered":"<p>Quais s\u00e3o os requisitos para obter um Visto de Longa Dura\u00e7\u00e3o na Austr\u00e1lia? O visto de longa perman\u00eancia para a [&#8230;]<\/p>\n<p><a class=\"btn btn-secondary understrap-read-more-link\" href=\"https:\/\/auvisa.org\/pt\/visto-de-longa-duracao-para-a-australia\/\">Continuar a ler&#8230;<span class=\"screen-reader-text\"> from Visto de Longa Dura\u00e7\u00e3o na Austr\u00e1lia para Cidad\u00e3os Portugueses<\/span><\/a><\/p>\n","protected":false},"author":4,"featured_media":0,"parent":0,"menu_order":3,"comment_status":"closed","ping_status":"closed","template":"templates\/tpl_spiegazione.php","meta":{"inline_featured_image":false,"footnotes":""},"class_list":["post-956","page","type-page","status-publish","hentry"],"yoast_head":"<!-- This site is optimized with the Yoast SEO plugin v26.9 - https:\/\/yoast.com\/product\/yoast-seo-wordpress\/ -->\n<title>Visto de Longa Dura\u00e7\u00e3o na Austr\u00e1lia para Cidad\u00e3os Portugueses<\/title>\n<meta name=\"description\" content=\"Os vistos de visitante de longa dura\u00e7\u00e3o para a Austr\u00e1lia s\u00e3o para cidad\u00e3os portugueses que desejam permanecer por mais de 3 meses ou estender seus vistos.\" \/>\n<meta name=\"robots\" content=\"index, follow, max-snippet:-1, max-image-preview:large, max-video-preview:-1\" \/>\n<link rel=\"canonical\" href=\"https:\/\/auvisa.org\/pt\/visto-de-longa-duracao-para-a-australia\/\" \/>\n<meta property=\"og:locale\" content=\"pt_PT\" \/>\n<meta property=\"og:type\" content=\"article\" \/>\n<meta property=\"og:title\" content=\"Visto de Longa Dura\u00e7\u00e3o na Austr\u00e1lia para Cidad\u00e3os Portugueses\" \/>\n<meta property=\"og:description\" content=\"Os vistos de visitante de longa dura\u00e7\u00e3o para a Austr\u00e1lia s\u00e3o para cidad\u00e3os portugueses que desejam permanecer por mais de 3 meses ou estender seus vistos.\" \/>\n<meta property=\"og:url\" content=\"https:\/\/auvisa.org\/pt\/visto-de-longa-duracao-para-a-australia\/\" \/>\n<meta property=\"og:site_name\" content=\"Auvisa.org\" \/>\n<meta property=\"article:modified_time\" content=\"2020-08-03T20:15:12+00:00\" \/>\n<meta name=\"twitter:card\" content=\"summary_large_image\" \/>\n<meta name=\"twitter:label1\" content=\"Tempo estimado de leitura\" \/>\n\t<meta name=\"twitter:data1\" content=\"2 minutos\" \/>\n<script type=\"application\/ld+json\" class=\"yoast-schema-graph\">{\"@context\":\"https:\/\/schema.org\",\"@graph\":[{\"@type\":\"WebPage\",\"@id\":\"https:\/\/auvisa.org\/pt\/visto-de-longa-duracao-para-a-australia\/\",\"url\":\"https:\/\/auvisa.org\/pt\/visto-de-longa-duracao-para-a-australia\/\",\"name\":\"Visto de Longa Dura\u00e7\u00e3o na Austr\u00e1lia para Cidad\u00e3os Portugueses\",\"isPartOf\":{\"@id\":\"https:\/\/auvisa.org\/pt\/#website\"},\"datePublished\":\"2019-06-28T21:13:46+00:00\",\"dateModified\":\"2020-08-03T20:15:12+00:00\",\"description\":\"Os vistos de visitante de longa dura\u00e7\u00e3o para a Austr\u00e1lia s\u00e3o para cidad\u00e3os portugueses que desejam permanecer por mais de 3 meses ou estender seus vistos.\",\"breadcrumb\":{\"@id\":\"https:\/\/auvisa.org\/pt\/visto-de-longa-duracao-para-a-australia\/#breadcrumb\"},\"inLanguage\":\"pt-PT\",\"potentialAction\":[{\"@type\":\"ReadAction\",\"target\":[\"https:\/\/auvisa.org\/pt\/visto-de-longa-duracao-para-a-australia\/\"]}]},{\"@type\":\"BreadcrumbList\",\"@id\":\"https:\/\/auvisa.org\/pt\/visto-de-longa-duracao-para-a-australia\/#breadcrumb\",\"itemListElement\":[{\"@type\":\"ListItem\",\"position\":1,\"name\":\"Home\",\"item\":\"https:\/\/auvisa.org\/pt\/\"},{\"@type\":\"ListItem\",\"position\":2,\"name\":\"Visto de Longa Dura\u00e7\u00e3o na Austr\u00e1lia para Cidad\u00e3os Portugueses\"}]},{\"@type\":\"WebSite\",\"@id\":\"https:\/\/auvisa.org\/pt\/#website\",\"url\":\"https:\/\/auvisa.org\/pt\/\",\"name\":\"Auvisa.org\",\"description\":\"\",\"inLanguage\":\"pt-PT\"}]}<\/script>\n<!-- \/ Yoast SEO plugin. -->","yoast_head_json":{"title":"Visto de Longa Dura\u00e7\u00e3o na Austr\u00e1lia para Cidad\u00e3os Portugueses","description":"Os vistos de visitante de longa dura\u00e7\u00e3o para a Austr\u00e1lia s\u00e3o para cidad\u00e3os portugueses que desejam permanecer por mais de 3 meses ou estender seus vistos.","robots":{"index":"index","follow":"follow","max-snippet":"max-snippet:-1","max-image-preview":"max-image-preview:large","max-video-preview":"max-video-preview:-1"},"canonical":"https:\/\/auvisa.org\/pt\/visto-de-longa-duracao-para-a-australia\/","og_locale":"pt_PT","og_type":"article","og_title":"Visto de Longa Dura\u00e7\u00e3o na Austr\u00e1lia para Cidad\u00e3os Portugueses","og_description":"Os vistos de visitante de longa dura\u00e7\u00e3o para a Austr\u00e1lia s\u00e3o para cidad\u00e3os portugueses que desejam permanecer por mais de 3 meses ou estender seus vistos.","og_url":"https:\/\/auvisa.org\/pt\/visto-de-longa-duracao-para-a-australia\/","og_site_name":"Auvisa.org","article_modified_time":"2020-08-03T20:15:12+00:00","twitter_card":"summary_large_image","twitter_misc":{"Tempo estimado de leitura":"2 minutos"},"schema":{"@context":"https:\/\/schema.org","@graph":[{"@type":"WebPage","@id":"https:\/\/auvisa.org\/pt\/visto-de-longa-duracao-para-a-australia\/","url":"https:\/\/auvisa.org\/pt\/visto-de-longa-duracao-para-a-australia\/","name":"Visto de Longa Dura\u00e7\u00e3o na Austr\u00e1lia para Cidad\u00e3os Portugueses","isPartOf":{"@id":"https:\/\/auvisa.org\/pt\/#website"},"datePublished":"2019-06-28T21:13:46+00:00","dateModified":"2020-08-03T20:15:12+00:00","description":"Os vistos de visitante de longa dura\u00e7\u00e3o para a Austr\u00e1lia s\u00e3o para cidad\u00e3os portugueses que desejam permanecer por mais de 3 meses ou estender seus vistos.","breadcrumb":{"@id":"https:\/\/auvisa.org\/pt\/visto-de-longa-duracao-para-a-australia\/#breadcrumb"},"inLanguage":"pt-PT","potentialAction":[{"@type":"ReadAction","target":["https:\/\/auvisa.org\/pt\/visto-de-longa-duracao-para-a-australia\/"]}]},{"@type":"BreadcrumbList","@id":"https:\/\/auvisa.org\/pt\/visto-de-longa-duracao-para-a-australia\/#breadcrumb","itemListElement":[{"@type":"ListItem","position":1,"name":"Home","item":"https:\/\/auvisa.org\/pt\/"},{"@type":"ListItem","position":2,"name":"Visto de Longa Dura\u00e7\u00e3o na Austr\u00e1lia para Cidad\u00e3os Portugueses"}]},{"@type":"WebSite","@id":"https:\/\/auvisa.org\/pt\/#website","url":"https:\/\/auvisa.org\/pt\/","name":"Auvisa.org","description":"","inLanguage":"pt-PT"}]}},"_links":{"self":[{"href":"https:\/\/auvisa.org\/pt\/wp-json\/wp\/v2\/pages\/956","targetHints":{"allow":["GET"]}}],"collection":[{"href":"https:\/\/auvisa.org\/pt\/wp-json\/wp\/v2\/pages"}],"about":[{"href":"https:\/\/auvisa.org\/pt\/wp-json\/wp\/v2\/types\/page"}],"author":[{"embeddable":true,"href":"https:\/\/auvisa.org\/pt\/wp-json\/wp\/v2\/users\/4"}],"replies":[{"embeddable":true,"href":"https:\/\/auvisa.org\/pt\/wp-json\/wp\/v2\/comments?post=956"}],"version-history":[{"count":13,"href":"https:\/\/auvisa.org\/pt\/wp-json\/wp\/v2\/pages\/956\/revisions"}],"predecessor-version":[{"id":18892,"href":"https:\/\/auvisa.org\/pt\/wp-json\/wp\/v2\/pages\/956\/revisions\/18892"}],"wp:attachment":[{"href":"https:\/\/auvisa.org\/pt\/wp-json\/wp\/v2\/media?parent=956"}],"curies":[{"name":"wp","href":"https:\/\/api.w.org\/{rel}","templated":true}]}}