{"id":958,"date":"2019-06-28T21:17:22","date_gmt":"2019-06-28T21:17:22","guid":{"rendered":"https:\/\/auvisa.org\/?p=958"},"modified":"2020-08-03T20:15:38","modified_gmt":"2020-08-03T20:15:38","slug":"visto-de-estudante-para-a-australia","status":"publish","type":"page","link":"https:\/\/auvisa.org\/pt\/visto-de-estudante-para-a-australia\/","title":{"rendered":"Visto de Estudante na Austr\u00e1lia para Cidad\u00e3os Portugueses"},"content":{"rendered":"\n<h2 id=\"read-more\">Quais s\u00e3o os requisitos para obter um visto de estudante para a Austr\u00e1lia?<\/h2>\n<p>Para ser considerado para um visto de estudante para a Austr\u00e1lia, voc\u00ea precisa ser aceito por uma universidade ou escola, e voc\u00ea tamb\u00e9m precisa cumprir uma s\u00e9rie de requisitos. Voc\u00ea precisa ser um aluno genu\u00edno com habilidades de fundo e de linguagem suficientes. Voc\u00ea deve ser um participante tempor\u00e1rio genu\u00edno e precisa ter bom car\u00e1ter e sa\u00fade.<\/p>\n<h3>O que \u00e9 um estudante genu\u00edno?<\/h3>\n<p>Para atender a esse crit\u00e9rio, voc\u00ea precisa mostrar que tem um interesse v\u00e1lido em realizar estudos, precisa ter conhecimentos lingu\u00edsticos suficientes para administrar a educa\u00e7\u00e3o e precisa ter a forma\u00e7\u00e3o acad\u00eamica adequada para os estudos que pretende participar.<\/p>\n<p>Voc\u00ea tamb\u00e9m precisa ter suas finan\u00e7as em ordem. Al\u00e9m disso, voc\u00ea deve ter a inten\u00e7\u00e3o de cumprir as regras do visto.<\/p>\n<h3>O que \u00e9 um participante tempor\u00e1rio genu\u00edno?<\/h3>\n<p>Um participante tempor\u00e1rio genu\u00edno \u00e9 uma pessoa que pretende entrar temporariamente na Austr\u00e1lia com o prop\u00f3sito de estudar (ou ser um guardi\u00e3o para um estudante), e ent\u00e3o retornar ao seu pa\u00eds de origem.<\/p>\n<p>H\u00e1 v\u00e1rios fatores a serem considerados ao fazer essa avalia\u00e7\u00e3o:<\/p>\n<ul>\n<li>O pa\u00eds em que voc\u00ea mora. H\u00e1 algo para impedi-lo de voltar?<\/li>\n<li>Os estudos na Austr\u00e1lia ser\u00e3o realmente ben\u00e9ficos para voc\u00ea no futuro?<\/li><\/ul>\n<h3>Seu hist\u00f3rico de imigra\u00e7\u00e3o.<br>Outros assuntos que s\u00e3o de interesse<\/h3>\n<p>Se houver alguma d\u00favida, voc\u00ea pode ser obrigado a fazer uma entrevista pessoalmente na embaixada australiana mais pr\u00f3xima. A maioria das aplica\u00e7\u00f5es, no entanto, s\u00f3 precisa preencher o formul\u00e1rio online.<\/p>\n<h3>O que \u00e9 um bom personagem?<\/h3>\n<p>Basicamente, voc\u00ea n\u00e3o deve ser um criminoso e n\u00e3o deveria ter passado mais tempo na pris\u00e3o. Se voc\u00ea esteve preso, seu visto pode ser recusado por causa disso. Em alguns casos, voc\u00ea dever\u00e1 apresentar um certificado de credenciamento criminal ou um certificado policial.<\/p>\n<h3>Quais s\u00e3o os requisitos de sa\u00fade?<\/h3>\n<p>Voc\u00ea precisa ser saud\u00e1vel. Voc\u00ea pode precisar fazer um exame m\u00e9dico e \/ ou um raio-x para provar isso. Se isso \u00e9 um requisito para voc\u00ea, voc\u00ea precisar\u00e1 usar um m\u00e9dico que tenha sido nomeado pela Imigra\u00e7\u00e3o Australiana.<\/p>\n<p>O visto de estudante n\u00e3o inclui cobertura m\u00e9dica. Todos os estudantes, exceto os da Noruega e da B\u00e9lgica, precisam comprar um seguro de sa\u00fade chamado Cobertura de Sa\u00fade para Estudantes Estrangeiros (OSHC). Voc\u00ea pode comprar isso em sua universidade ou em outras empresas que o vendem. Os estudantes suecos s\u00f3 precisam fazer isso se ainda n\u00e3o compraram seguro da CSN International ou da Kammarkollegiet.<\/p>\n<br style=\"clear: both\">\n<div class=\"text-right\"><a href=\"\/pt\/visa-student\/\" class=\"btn  px-5 btn-green\">Aplique para um Visto de Estudiante<\/a><\/div>\n<\/ul>\n<br style=\"clear: both\"><br style=\"clear: both\">\n\n<h3>Existe algum limite de idade?<\/h3>\n<p>N\u00e3o, n\u00e3o existe. O visto de estudante n\u00e3o tem limite de idade desde que voc\u00ea seja aceito por uma universidade ou escola. \u00c9 diferente, por exemplo, do visto Working Holiday, que \u00e9 limitado a candidatos de 18 a 31 anos.<\/p>\n<h3>Minha fam\u00edlia pode seguir se eu tiver um visto de estudante?<\/h3>\n<p>Sim, eles podem seguir voc\u00ea para a Austr\u00e1lia.<\/p>\n<p>Se voc\u00ea tem menos de 18 anos, precisa ter um guardi\u00e3o. Seus pais ou parentes podem solicitar um visto de estudante e segui-lo na viagem para a Austr\u00e1lia. Seu visto ter\u00e1 a mesma validade do seu visto de estudante.<\/p>\n<h3>Posso trabalhar com um visto de estudante?<\/h3>\n<p>Sim, um visto de estudante permitir\u00e1 um trabalho limitado, no m\u00e1ximo 40 horas em um per\u00edodo de duas semanas. Nos feriados, voc\u00ea tem permiss\u00e3o para trabalhar em per\u00edodo integral.<\/p>\n<p>O trabalho a tempo parcial pode ser uma boa maneira de pagar pelo alojamento e dar-lhe algum dinheiro extra. No entanto, antes de come\u00e7ar a trabalhar, voc\u00ea precisar\u00e1 de um N\u00famero de Arquivo de Impostos e uma conta banc\u00e1ria em um banco australiano.<\/p>\n<p>Lembre-se de que voc\u00ea n\u00e3o tem permiss\u00e3o para trabalhar antes do in\u00edcio do curso, caso chegue cedo.<\/p>\n<p>O direito ao trabalho tamb\u00e9m se aplica aos familiares acompanhantes (c\u00f4njuges e filhos). Os membros da fam\u00edlia n\u00e3o podem exceder 20 horas por semana, mesmo durante os per\u00edodos de f\u00e9rias.<\/p>\n<h2>Posso estudar a tempo parcial e trabalhar a tempo parcial?<\/h2>\n<p>N\u00e3o, voc\u00ea deve participar de estudos em per\u00edodo integral para ser considerado um visto de estudante. Se voc\u00ea quiser estudar menos que o tempo integral, deve procurar outras op\u00e7\u00f5es de visto. Visto Working Holiday pode ser uma solu\u00e7\u00e3o melhor nesses casos.<\/p>\n<h3>Que tipo de curso posso frequentar?<\/h3>\n<p>Qualquer tipo de curso, desde que seja aprovado pelo governo australiano para estudantes estrangeiros.<\/p>\n<h3>Eu n\u00e3o tenho uma carta de aceita\u00e7\u00e3o (CoE), ainda posso me inscrever?<\/h3>\n<p>N\u00e3o, voc\u00ea deve obter uma CoE antes de poder enviar a inscri\u00e7\u00e3o. O pedido de visto \u00e9 um dos \u00faltimos passos no processo de ir para a Austr\u00e1lia para estudar. Primeiro, voc\u00ea deve se inscrever e ser aceito por uma universidade ou escola na Austr\u00e1lia. Voc\u00ea tamb\u00e9m precisa confirmar por escrito e pagar o dep\u00f3sito da mensalidade. Somente depois de ter recebido a Confirma\u00e7\u00e3o de Inscri\u00e7\u00e3o da universidade, voc\u00ea pode solicitar o visto.<\/p>\n<br style=\"clear: both\">\n<div class=\"text-right\"><a href=\"\/pt\/visa-student\/\" class=\"btn  px-5 btn-green\">Aplique para um Visto de Estudiante<\/a><\/div>\n<\/ul>\n<br style=\"clear: both\"><br style=\"clear: both\">\n<h3>Eu j\u00e1 estou na Austr\u00e1lia com outro visto, ainda posso aplicar o visto de estudante?<\/h3>\n<p>Sim, voc\u00ea pode aplicar um visto de estudante na Austr\u00e1lia, enquanto na Austr\u00e1lia, na maioria dos casos. Se o seu visto tiver uma condi\u00e7\u00e3o de &#8220;N\u00e3o h\u00e1 mais estadia&#8221;, voc\u00ea n\u00e3o poder\u00e1 se inscrever enquanto estiver na Austr\u00e1lia. Se assim for, voc\u00ea deve deixar o pa\u00eds antes de se inscrever.<\/p>\n<h2>Eu j\u00e1 tinha visto de trabalho durante as f\u00e9rias; ainda posso obter um visto de estudante?<\/h2>\n<p>Sim, isso n\u00e3o afeta a decis\u00e3o. Tamb\u00e9m \u00e9 poss\u00edvel obter um novo visto de estudante se voc\u00ea j\u00e1 tiver um antes, contanto que voc\u00ea tenha um novo CoE em uma universidade ou escola.<\/p>\n<h3>Qual \u00e9 o tempo de processamento?<\/h3>\n<p>Comumente 1-3 semanas em circunst\u00e2ncias normais. O tempo de processamento tamb\u00e9m pode ser maior caso voc\u00ea precise concluir seu aplicativo com mais documentos. Por favor, certifique-se de aplicar com bastante anteced\u00eancia a data prevista de sua viagem.<\/p>\n<br style=\"clear: both\">\n<div class=\"text-right\"><a href=\"\/pt\/visa-student\/\" class=\"btn  px-5 btn-green\">Aplique para um Visto de Estudiante<\/a><\/div>\n<\/ul>\n<br style=\"clear: both\"><br style=\"clear: both\">\n","protected":false},"excerpt":{"rendered":"<p>Quais s\u00e3o os requisitos para obter um visto de estudante para a Austr\u00e1lia? Para ser considerado para um visto de [&#8230;]<\/p>\n<p><a class=\"btn btn-secondary understrap-read-more-link\" href=\"https:\/\/auvisa.org\/pt\/visto-de-estudante-para-a-australia\/\">Continuar a ler&#8230;<span class=\"screen-reader-text\"> from Visto de Estudante na Austr\u00e1lia para Cidad\u00e3os Portugueses<\/span><\/a><\/p>\n","protected":false},"author":4,"featured_media":0,"parent":0,"menu_order":4,"comment_status":"closed","ping_status":"closed","template":"templates\/tpl_spiegazione.php","meta":{"inline_featured_image":false,"footnotes":""},"class_list":["post-958","page","type-page","status-publish","hentry"],"yoast_head":"<!-- This site is optimized with the Yoast SEO plugin v26.9 - https:\/\/yoast.com\/product\/yoast-seo-wordpress\/ -->\n<title>Visto de Estudante na Austr\u00e1lia para Cidad\u00e3os Portugueses<\/title>\n<meta name=\"description\" content=\"Para solicitar um Visto de Estudante na Austr\u00e1lia para Cidad\u00e3os Portugueses, voc\u00ea precisa cumprir v\u00e1rios requisitos: saiba mais e fa\u00e7a sua inscri\u00e7\u00e3o on-line.\" \/>\n<meta name=\"robots\" content=\"index, follow, max-snippet:-1, max-image-preview:large, max-video-preview:-1\" \/>\n<link rel=\"canonical\" href=\"https:\/\/auvisa.org\/pt\/visto-de-estudante-para-a-australia\/\" \/>\n<meta property=\"og:locale\" content=\"pt_PT\" \/>\n<meta property=\"og:type\" content=\"article\" \/>\n<meta property=\"og:title\" content=\"Visto de Estudante na Austr\u00e1lia para Cidad\u00e3os Portugueses\" \/>\n<meta property=\"og:description\" content=\"Para solicitar um Visto de Estudante na Austr\u00e1lia para Cidad\u00e3os Portugueses, voc\u00ea precisa cumprir v\u00e1rios requisitos: saiba mais e fa\u00e7a sua inscri\u00e7\u00e3o on-line.\" \/>\n<meta property=\"og:url\" content=\"https:\/\/auvisa.org\/pt\/visto-de-estudante-para-a-australia\/\" \/>\n<meta property=\"og:site_name\" content=\"Auvisa.org\" \/>\n<meta property=\"article:modified_time\" content=\"2020-08-03T20:15:38+00:00\" \/>\n<meta name=\"twitter:card\" content=\"summary_large_image\" \/>\n<meta name=\"twitter:label1\" content=\"Tempo estimado de leitura\" \/>\n\t<meta name=\"twitter:data1\" content=\"5 minutos\" \/>\n<script type=\"application\/ld+json\" class=\"yoast-schema-graph\">{\"@context\":\"https:\/\/schema.org\",\"@graph\":[{\"@type\":\"WebPage\",\"@id\":\"https:\/\/auvisa.org\/pt\/visto-de-estudante-para-a-australia\/\",\"url\":\"https:\/\/auvisa.org\/pt\/visto-de-estudante-para-a-australia\/\",\"name\":\"Visto de Estudante na Austr\u00e1lia para Cidad\u00e3os Portugueses\",\"isPartOf\":{\"@id\":\"https:\/\/auvisa.org\/pt\/#website\"},\"datePublished\":\"2019-06-28T21:17:22+00:00\",\"dateModified\":\"2020-08-03T20:15:38+00:00\",\"description\":\"Para solicitar um Visto de Estudante na Austr\u00e1lia para Cidad\u00e3os Portugueses, voc\u00ea precisa cumprir v\u00e1rios requisitos: saiba mais e fa\u00e7a sua inscri\u00e7\u00e3o on-line.\",\"breadcrumb\":{\"@id\":\"https:\/\/auvisa.org\/pt\/visto-de-estudante-para-a-australia\/#breadcrumb\"},\"inLanguage\":\"pt-PT\",\"potentialAction\":[{\"@type\":\"ReadAction\",\"target\":[\"https:\/\/auvisa.org\/pt\/visto-de-estudante-para-a-australia\/\"]}]},{\"@type\":\"BreadcrumbList\",\"@id\":\"https:\/\/auvisa.org\/pt\/visto-de-estudante-para-a-australia\/#breadcrumb\",\"itemListElement\":[{\"@type\":\"ListItem\",\"position\":1,\"name\":\"Home\",\"item\":\"https:\/\/auvisa.org\/pt\/\"},{\"@type\":\"ListItem\",\"position\":2,\"name\":\"Visto de Estudante na Austr\u00e1lia para Cidad\u00e3os Portugueses\"}]},{\"@type\":\"WebSite\",\"@id\":\"https:\/\/auvisa.org\/pt\/#website\",\"url\":\"https:\/\/auvisa.org\/pt\/\",\"name\":\"Auvisa.org\",\"description\":\"\",\"inLanguage\":\"pt-PT\"}]}<\/script>\n<!-- \/ Yoast SEO plugin. -->","yoast_head_json":{"title":"Visto de Estudante na Austr\u00e1lia para Cidad\u00e3os Portugueses","description":"Para solicitar um Visto de Estudante na Austr\u00e1lia para Cidad\u00e3os Portugueses, voc\u00ea precisa cumprir v\u00e1rios requisitos: saiba mais e fa\u00e7a sua inscri\u00e7\u00e3o on-line.","robots":{"index":"index","follow":"follow","max-snippet":"max-snippet:-1","max-image-preview":"max-image-preview:large","max-video-preview":"max-video-preview:-1"},"canonical":"https:\/\/auvisa.org\/pt\/visto-de-estudante-para-a-australia\/","og_locale":"pt_PT","og_type":"article","og_title":"Visto de Estudante na Austr\u00e1lia para Cidad\u00e3os Portugueses","og_description":"Para solicitar um Visto de Estudante na Austr\u00e1lia para Cidad\u00e3os Portugueses, voc\u00ea precisa cumprir v\u00e1rios requisitos: saiba mais e fa\u00e7a sua inscri\u00e7\u00e3o on-line.","og_url":"https:\/\/auvisa.org\/pt\/visto-de-estudante-para-a-australia\/","og_site_name":"Auvisa.org","article_modified_time":"2020-08-03T20:15:38+00:00","twitter_card":"summary_large_image","twitter_misc":{"Tempo estimado de leitura":"5 minutos"},"schema":{"@context":"https:\/\/schema.org","@graph":[{"@type":"WebPage","@id":"https:\/\/auvisa.org\/pt\/visto-de-estudante-para-a-australia\/","url":"https:\/\/auvisa.org\/pt\/visto-de-estudante-para-a-australia\/","name":"Visto de Estudante na Austr\u00e1lia para Cidad\u00e3os Portugueses","isPartOf":{"@id":"https:\/\/auvisa.org\/pt\/#website"},"datePublished":"2019-06-28T21:17:22+00:00","dateModified":"2020-08-03T20:15:38+00:00","description":"Para solicitar um Visto de Estudante na Austr\u00e1lia para Cidad\u00e3os Portugueses, voc\u00ea precisa cumprir v\u00e1rios requisitos: saiba mais e fa\u00e7a sua inscri\u00e7\u00e3o on-line.","breadcrumb":{"@id":"https:\/\/auvisa.org\/pt\/visto-de-estudante-para-a-australia\/#breadcrumb"},"inLanguage":"pt-PT","potentialAction":[{"@type":"ReadAction","target":["https:\/\/auvisa.org\/pt\/visto-de-estudante-para-a-australia\/"]}]},{"@type":"BreadcrumbList","@id":"https:\/\/auvisa.org\/pt\/visto-de-estudante-para-a-australia\/#breadcrumb","itemListElement":[{"@type":"ListItem","position":1,"name":"Home","item":"https:\/\/auvisa.org\/pt\/"},{"@type":"ListItem","position":2,"name":"Visto de Estudante na Austr\u00e1lia para Cidad\u00e3os Portugueses"}]},{"@type":"WebSite","@id":"https:\/\/auvisa.org\/pt\/#website","url":"https:\/\/auvisa.org\/pt\/","name":"Auvisa.org","description":"","inLanguage":"pt-PT"}]}},"_links":{"self":[{"href":"https:\/\/auvisa.org\/pt\/wp-json\/wp\/v2\/pages\/958","targetHints":{"allow":["GET"]}}],"collection":[{"href":"https:\/\/auvisa.org\/pt\/wp-json\/wp\/v2\/pages"}],"about":[{"href":"https:\/\/auvisa.org\/pt\/wp-json\/wp\/v2\/types\/page"}],"author":[{"embeddable":true,"href":"https:\/\/auvisa.org\/pt\/wp-json\/wp\/v2\/users\/4"}],"replies":[{"embeddable":true,"href":"https:\/\/auvisa.org\/pt\/wp-json\/wp\/v2\/comments?post=958"}],"version-history":[{"count":11,"href":"https:\/\/auvisa.org\/pt\/wp-json\/wp\/v2\/pages\/958\/revisions"}],"predecessor-version":[{"id":2739,"href":"https:\/\/auvisa.org\/pt\/wp-json\/wp\/v2\/pages\/958\/revisions\/2739"}],"wp:attachment":[{"href":"https:\/\/auvisa.org\/pt\/wp-json\/wp\/v2\/media?parent=958"}],"curies":[{"name":"wp","href":"https:\/\/api.w.org\/{rel}","templated":true}]}}