{"id":1435,"date":"2019-11-16T19:28:12","date_gmt":"2019-11-16T19:28:12","guid":{"rendered":"https:\/\/auvisa.org\/?p=1435"},"modified":"2023-07-07T17:19:48","modified_gmt":"2023-07-07T15:19:48","slug":"maritime-crew-visa-australien-mcv-seaman-988","status":"publish","type":"page","link":"https:\/\/auvisa.org\/se\/maritime-crew-visa-australien-mcv-seaman-988\/","title":{"rendered":"Maritime Crew Visa till Australien (MCV)"},"content":{"rendered":"<h2 id=\"first-paragraph\">Seaman Visa &#8211; Subclass 988<\/h2>\n<p><strong>Processen genom vilken du kan f\u00e5 en MCV online \u00e4r enklare \u00e4n du tror <\/strong>och kr\u00e4ver inte speciellt m\u00e5nga dokument f\u00f6r att behandlas. Det australiensiska sj\u00f6mansvisumet efterfr\u00e5gar officiell identifieringsinformation f\u00f6r dig och de familjemedlemmar som reser med dig till Australien. F\u00f6r att vara ber\u00e4ttigad till denna typ av visum m\u00e5ste alla familjemedlemmar som reser med dig anl\u00e4nda till och resa fr\u00e5n Australien p\u00e5 samma fartyg som du arbetar p\u00e5. Kom ih\u00e5g att <strong>dessa familjemedlemmar inte f\u00e5r arbeta n\u00e4r de vistas i Australien p\u00e5 ett MCV-visum<\/strong>. Om de f\u00f6rs\u00f6ker arbeta i landet m\u00e5ste de ans\u00f6ka separat om l\u00e4mpligt visum som passar deras behov. N\u00e4r du inte l\u00e4ngre arbetar p\u00e5 det kvalificerade fartyget g\u00e4ller inte l\u00e4ngre visumet f\u00f6r dina familjemedlemmar och de f\u00e5r d\u00e5 inte stanna i landet.<\/p>\n<ul class=\"visa-pics\" style=\"float: right;\">\n<li><a class=\"apply\" href=\"\/se\/visa-crew\/\">Ans\u00f6k nu<\/a><\/li>\n<\/ul>\n<p><br style=\"clear: both;\" \/><br style=\"clear: both;\" \/><\/p>\n<h2>Mer information om sj\u00f6mansvisum<\/h2>\n<ul>\n<li><a href=\"#MCV-f\u00f6rdelar\">F\u00f6rdelar med ett australiensiskt Maritime Crew Visa (MCV)<\/a><\/li>\n<li><a href=\"#MCV-beh\u00f6righetskrav\">MCV Beh\u00f6righetskrav (Svenska Medborgare)<\/a><\/li>\n<li><a href=\"#MCV-ans\u00f6k\">Online MCV f\u00f6r Australien: Hur Man Ans\u00f6ker<\/a><\/li>\n<li><a href=\"#MCV-ans\u00f6kningsprocess\">Australiensisk MCV-ans\u00f6kningsprocess fr\u00e5n Sverigee<\/a><\/li>\n<li><a href=\"#MCV-behandlingstid\">Australiensisk MCV-behandlingstid<\/a><\/li>\n<li><a href=\"#MCV-kostnad\">Australien Maritime Crew Visa Kostnad<\/a><\/li>\n<\/ul>\n<h2 id=\"MCV-f\u00f6rdelar\">F\u00f6rdelar med ett australiensiskt Maritime Crew Visa (MCV)<\/h2>\n<p><strong>Svenska medborgare <\/strong>som f\u00e5r ett australiensiskt MCV-visum till\u00e5ter bes\u00e4ttningsmedlemmar att f\u00e5 lukrativa arbetstillf\u00e4llen medan kvalificerade fartyg reser genom Australien. Med tanke p\u00e5 att detta visum \u00e4r relativt l\u00e4tt att f\u00e5 f\u00f6r anst\u00e4llda p\u00e5 fartyg som kvalificerar sig f\u00f6r just denna status, \u00e4r det ett ganska enkelt s\u00e4tt att f\u00e5 ut det mesta m\u00f6jliga av din anst\u00e4llningsstatus genom att <a href=\"\/se\/visa-crew\/\">ans\u00f6ka om detta visum<\/a>.<\/p>\n<p>N\u00e4r ditt visum har beviljats av den australiensiska regeringen f\u00e5r du <strong>som svensk medborgare komma in och l\u00e4mna Australien till sj\u00f6ss s\u00e5 l\u00e4nge du ing\u00e5r i en bes\u00e4ttning p\u00e5 ett kvalificerat fartyg och du kan d\u00e5 stanna i Australien s\u00e5 l\u00e4nge du \u00e4r anst\u00e4lld som bes\u00e4ttningsmedlem p\u00e5 fartyget.<\/strong> Om du f\u00f6rblir anst\u00e4lld i det kvalificerade fartyget kan du l\u00e4mna och \u00e5terv\u00e4nda till Australien ett obegr\u00e4nsat antal g\u00e5nger medan ditt visum \u00e4r giltigt utan att \u00e4ventyra ditt MCV-visum.<\/p>\n<p>Det \u00e4r viktigt att komma ih\u00e5g att <strong>du endast \u00e4r beh\u00f6rig att utf\u00f6ra arbete som anst\u00e4lld som en del av din ordinarie anst\u00e4llning som bes\u00e4ttningsmedlem p\u00e5 det kvalificerade fartyget <\/strong>enligt detta visum. Detta visumvillkor inkluderar allt arbete som kr\u00e4vs f\u00f6r att h\u00e5lla fartyget i drift, \u00e4ven om du inte \u00e4r fysiskt ombord p\u00e5 fartyget medan du utf\u00f6r dina skyldigheter som anst\u00e4lld. Med detta visum f\u00e5r du utf\u00f6ra alla anst\u00e4llningsuppgifter offshore, i hamnen eller p\u00e5 fartyget s\u00e5 l\u00e4nge du inte kompenseras f\u00f6r en ytterligare anst\u00e4llningsform medan du utf\u00f6r s\u00e5dant arbete.<\/p>\n<p><strong>Alla svenskar som har ett MCV online har r\u00e4tt att utf\u00f6ra volont\u00e4rarbete <\/strong>f\u00f6r vilket du inte f\u00e5r betalt utan att f\u00e5 n\u00e5got s\u00e4rskilda godk\u00e4nnande fr\u00e5n den australiensiska regeringen. Du kan dessutom inneha kortare arbeten online och kommer d\u00e5 inte att begr\u00e4nsas fr\u00e5n att f\u00e5 inkomster p\u00e5 detta s\u00e4tt under villkoren f\u00f6r ditt marina\/sj\u00f6mansvisum.<\/p>\n<p><strong>Om ditt visum inte upph\u00f6r p\u00e5 grund av arbetsrelaterade sk\u00e4l \u00e4r det giltigt i upp till tre \u00e5r <\/strong>utan att du beh\u00f6ver s\u00f6ka om f\u00f6rnyelse. Med tanke p\u00e5 att denna typ av visum inte \u00e4r ber\u00e4ttigat till f\u00f6rl\u00e4ngning, m\u00e5ste du ans\u00f6ka om att stanna och arbeta i Australien under annat l\u00e4mpligt visum ut\u00f6ver denna tidsperiod.<\/p>\n<ul class=\"visa-pics\" style=\"float: right;\">\n<li><a class=\"apply\" href=\"\/se\/visa-crew\/\">Ans\u00f6k nu<\/a><\/li>\n<\/ul>\n<p><br style=\"clear: both;\" \/><br style=\"clear: both;\" \/><\/p>\n<h2 id=\"MCV-beh\u00f6righetskrav\">MCV Beh\u00f6righetskrav (Svenska Medborgare)<\/h2>\n<p>F\u00f6r att kunna f\u00e5 ett MCV <strong>m\u00e5ste du som svensk medborgare anst\u00e4llas utanf\u00f6r Australien som medlem av bes\u00e4ttningen p\u00e5 ett fartyg <\/strong>som antingen reser till eller fr\u00e5n Australien. Du m\u00e5ste \u00e4ven anl\u00e4nda till och l\u00e4mna Australien som en del av bes\u00e4ttningen.<\/p>\n<p>Som svensk medborgare finns det ocks\u00e5 krav p\u00e5 vilken typ av fartyg du arbetar med f\u00f6r att kvalificera dig f\u00f6r detta specifika visum. <strong>Fartyget m\u00e5ste vara antingen ett kommersiellt handelsfartyg eller ett passagerarfartyg<\/strong>. Ett godk\u00e4nt fartyg f\u00f6r MCV-visum kan ocks\u00e5 \u00e4gas av en utl\u00e4ndsk regering f\u00f6r att bedriva vetenskaplig forskning eller beviljas s\u00e4rskild status som ett offentligt fartyg av det australiensiska utrikesdepartementet.<\/p>\n<p>Observera att <strong>om du anl\u00e4nder till Australien p\u00e5 andra s\u00e4tt, till exempel via flyg, m\u00e5ste du ans\u00f6ka om ett annat l\u00e4mpligt visum ut\u00f6ver visumet f\u00f6r sj\u00f6m\u00e4n<\/strong>. Om du vill bes\u00f6ka Australien utanf\u00f6r din anst\u00e4llning som bes\u00e4ttningsmedlem p\u00e5 ett kvalificerat fartyg, kanske du ocks\u00e5 vill \u00f6verv\u00e4ga att ans\u00f6ka om ett turistvisum n\u00e4r du ans\u00f6ker om visum f\u00f6r sj\u00f6fartsbes\u00e4ttning i Australien. Det \u00e4r vanligt att bes\u00e4ttningsmedlemmarna samtidigt har ett australiensiskt sj\u00f6fartsvisum och ett bes\u00f6ksvisum f\u00f6r Australien. Detta g\u00e4ller s\u00e4rskilt om du vet att fartyget du arbetar med kommer att stanna i Australien under en l\u00e4ngre tid med luckor i dagar eller veckor som du inte kommer att beh\u00f6va arbeta p\u00e5 fartyget.<\/p>\n<p><strong>Om du ans\u00f6ker fr\u00e5n Sverige \u00e4r du inte ber\u00e4ttigad till detta visum om du \u00e4r medlem av en bes\u00e4ttning p\u00e5 en yacht eller ett milit\u00e4rfartyg <\/strong>eller om du redan \u00e4r innehavare av ett permanent australiensiskt visum. Om du redan har ett visum f\u00f6r att arbeta eller stanna i Australien, b\u00f6r du meddela detta till bef\u00e4lhavaren p\u00e5 det fartyg som du arbetar f\u00f6r och kommer att komma in eller \u00e5ka fr\u00e5n Australien s\u00e5 att det inte finns n\u00e5gra ov\u00e4ntade komplikationer med din anst\u00e4llningsstatus.<\/p>\n<ul class=\"visa-pics\" style=\"float: right;\">\n<li><a class=\"apply\" href=\"\/se\/visa-crew\/\">Ans\u00f6k nu<\/a><\/li>\n<\/ul>\n<p><br style=\"clear: both;\" \/><br style=\"clear: both;\" \/><\/p>\n<h2 id=\"MCV-ans\u00f6k\">Online MCV f\u00f6r Australien: Hur Man Ans\u00f6ker<\/h2>\n<p><strong>S\u00e5 l\u00e4nge du \u00e4r svensk medborgare och har tillg\u00e5ng till din grundl\u00e4ggande personliga information s\u00e5 ska du inte vara orolig f\u00f6r n\u00e5gra st\u00f6rre sv\u00e5righeter att fylla i din ans\u00f6kan f\u00f6r att f\u00e5 ett Maritime Crew Visa (MCV).<\/strong> Ans\u00f6kningsformul\u00e4ret efterfr\u00e5gar bara grundl\u00e4ggande information om dig och din anst\u00e4llning.<\/p>\n<p>Det f\u00f6rsta du b\u00f6r g\u00f6ra \u00e4r att kontrollera om du redan har denna typ av visum som en del av din tidigare eller nuvarande anst\u00e4llning p\u00e5 ett kvalificerat fartyg. Om du redan har ett giltigt visum f\u00f6r denna typ av arbete ska du undvika att ans\u00f6ka om ytterligare visum innan det nuvarande l\u00f6pt ut. Detta kan leda till problem med din nuvarande anst\u00e4llning och \u00e4ven anst\u00e4llningen i Australien.<\/p>\n<p><strong>Om du verkligen \u00e4r i behov av denna typ av visum ska du samla ihop alla obligatoriska anst\u00e4llnings- och medborgardokument som beh\u00f6vs och skicka in dem vid din visumans\u00f6kan. <\/strong>Du beh\u00f6ver f\u00e4rgkopior av ditt pass f\u00f6r att p\u00e5b\u00f6rja din ans\u00f6kan d\u00e5 det \u00e4ven kommer att kr\u00e4vas medborgaruppgifter, till exempel giltiga datum f\u00f6r ditt pass och ditt nationella pass-nummer. Om du har \u00e4ndrat ditt namn sedan ditt nationella pass utf\u00e4rdades m\u00e5ste du \u00e4ven l\u00e4mna ett dokument som styrker ditt namnbyte, detta kan till exempel ske via ett \u00e4ktenskapsbevis.<\/p>\n<p>Dessutom beh\u00f6ver du ett officiellt dokument med ett uttalande inklusive information om din anst\u00e4llning fr\u00e5n ditt rederi. Detta ska l\u00e4mnas in p\u00e5 officiellt f\u00f6retagspapper och undertecknas av l\u00e4mplig person inom rederiet. Fyll i datumen f\u00f6r din anst\u00e4llning och din officiella anst\u00e4llningstitel. I brevet ska det ocks\u00e5 framg\u00e5 datum f\u00f6r fartygets f\u00f6rv\u00e4ntade ankomst till Australien och en relativt korrekt uppskattning om hur l\u00e4nge fartyget f\u00f6rv\u00e4ntas stanna i landet. Om f\u00f6retaget r\u00e4knar med att du kommer att l\u00e4mna din anst\u00e4llning p\u00e5 fartyget innan fartyget f\u00f6rv\u00e4ntas avg\u00e5 fr\u00e5n Australien b\u00f6r detta ocks\u00e5 f\u00f6rklaras i brevet.<\/p>\n<p><strong>Andra dokument som du ska skicka in med din online-ans\u00f6kan f\u00f6r detta visum inkluderar bevis p\u00e5 din h\u00f6gsta utbildningsniv\u00e5, alla officiella partnerskapsdokument f\u00f6r att visa en relation med en make\/maka som ans\u00f6ker om att resa till Australien med dig p\u00e5 detta visum och alla n\u00f6dv\u00e4ndiga karakt\u00e4rsdokument (\u201ccharacter requirements\u201d).<\/strong> Karakt\u00e4rsdokument kan vara n\u00f6dv\u00e4ndiga om du f\u00f6rekommer i belastningsregistret eller blivit befriad fr\u00e5n att g\u00f6ra milit\u00e4rtj\u00e4nst.<\/p>\n<p>\u00c4ven om du anv\u00e4nder samma dokument f\u00f6r flera syften i din visumans\u00f6kan online, b\u00f6r du bara bifoga varje dokument en g\u00e5ng. Om du tar med on\u00f6diga eller duplicerade dokument i din viseringsans\u00f6kan kan handl\u00e4ggningstiden p\u00e5verkas.<\/p>\n<p>Det \u00e4r viktigt att komma ih\u00e5g att <strong>du inte f\u00e5r vara i Australien n\u00e4r du ans\u00f6ker om ditt australiensiska sj\u00f6mansvisum<\/strong>. \u00c4ven om du kan f\u00e5 ett beslut fr\u00e5n den australiensiska regeringen om ditt visum n\u00e4r du \u00e4r fysiskt i Australien \u00e4r <strong>du inte ber\u00e4ttigad till detta visum medan du bor i landet<\/strong>.<\/p>\n<ul class=\"visa-pics\" style=\"float: right;\">\n<li><a class=\"apply\" href=\"\/se\/visa-crew\/\">Ans\u00f6k nu<\/a><\/li>\n<\/ul>\n<p><br style=\"clear: both;\" \/><br style=\"clear: both;\" \/><\/p>\n<h2 id=\"MCV-ans\u00f6kningsprocess\">Australiensisk MCV-ans\u00f6kningsprocess fr\u00e5n Sverige<\/h2>\n<p>Nu n\u00e4r du vet hur du ans\u00f6ker om ett MCV-visum f\u00f6ljer h\u00e4r mer information om vad du kan f\u00f6rv\u00e4nta dig under processens g\u00e5ng och n\u00e4r du <strong>kan v\u00e4nta dig att ditt visum f\u00f6r marinbes\u00e4ttning ska beviljas av den australiensiska regeringen<\/strong>. En <a href=\"\/se\/visa-crew\/\">onlineans\u00f6kan<\/a> \u00e4r den snabbaste och mest effektiva v\u00e4gen f\u00f6r att f\u00e5 ett MCV-visum.<\/p>\n<p>N\u00e4r din visumsans\u00f6kan officiellt har skickats in online kommer den att granskas av <strong>departementet f\u00f6r inrikesfr\u00e5gor hos den australiensiska regeringen<\/strong> och du kommer att f\u00e5 ett skriftligt beslut efter att din ans\u00f6kan behandlats.<\/p>\n<p>N\u00e4r din visumsans\u00f6kan beviljas kommer du att f\u00e5 reda p\u00e5 det <strong>officiella MCV-visumnummer<\/strong> som du har tilldelats s\u00e5v\u00e4l som de datum f\u00f6r vilka ditt visum kommer att vara giltigt. Om det finns n\u00e5gra andra villkor \u00e4n de som g\u00e4ller f\u00f6r ett marinvisum i Australien, vilket \u00e4r mycket s\u00e4llsynt, kommer dessa villkor att tillhandah\u00e5llas skriftligen av regeringen vid den tidpunkten.<\/p>\n<p><strong>Om den australiensiska regeringen beslutar att inte bevilja din visumsans\u00f6kan kommer du ocks\u00e5 att meddelas detta beslut skriftligen. Regeringen kommer att ange det officiella sk\u00e4let till att din ans\u00f6kan avslogs<\/strong>. Det rekommenderas att du ans\u00f6ker om detta visum s\u00e5 snart du har bekr\u00e4ftat att din anst\u00e4llningsstatus kommer att kr\u00e4va denna typ av visum s\u00e5 att du har tillr\u00e4ckligt med tid att korrigera eventuella fel eller tillhandah\u00e5lla ytterligare information om din australiensiska viseringsans\u00f6kan avsl\u00e5s av regeringen.<\/p>\n<ul class=\"visa-pics\" style=\"float: right;\">\n<li><a class=\"apply\" href=\"\/se\/visa-crew\/\">Ans\u00f6k nu<\/a><\/li>\n<\/ul>\n<p><br style=\"clear: both;\" \/><br style=\"clear: both;\" \/><\/p>\n<h2 id=\"MCV-behandlingstid\">Australiensisk MCV-behandlingstid<\/h2>\n<p>Det finns ingen definitiv tidsram att luta sig mot f\u00f6r en <strong>MCV-ans\u00f6kan men handl\u00e4ggningstiden f\u00f6r MCV-visum \u00e4r vanligtvis fyra dagar<\/strong> och m\u00e5nga Maritime Crew Visa-ans\u00f6kningar behandlas p\u00e5 s\u00e5 lite som tv\u00e5 dagar.<\/p>\n<p>Det b\u00e4sta s\u00e4ttet att se till att det inte finns n\u00e5gra f\u00f6rseningar i behandlingen av din Maritime Visa Australia-ans\u00f6kan \u00e4r att <strong>l\u00e4sa igenom alla instruktioner noggrant<\/strong> och skicka in all n\u00f6dv\u00e4ndig information f\u00f6rsta g\u00e5ngen du skickar in din ans\u00f6kan. <strong>Fel i din onlineans\u00f6kan f\u00f6r en MCV kan f\u00f6rsena den totala handl\u00e4ggningstiden<\/strong>.<\/p>\n<p>Om du har v\u00e4ntat i mer \u00e4n en m\u00e5nad p\u00e5 status p\u00e5 din visumans\u00f6kan fr\u00e5n den australiensiska regeringen b\u00f6r du <a href=\"\/se\/kontakt\/\">kontakta oss<\/a> s\u00e5 att vi kan unders\u00f6ka detta.<\/p>\n<ul class=\"visa-pics\" style=\"float: right;\">\n<li><a class=\"apply\" href=\"\/se\/visa-crew\/\">Ans\u00f6k nu<\/a><\/li>\n<\/ul>\n<p><br style=\"clear: both;\" \/><br style=\"clear: both;\" \/><\/p>\n<h2 id=\"MCV-kostnad\">Australien Maritime Crew Visa Kostnad<\/h2>\n<p><strong>Kostnaden f\u00f6r ans\u00f6kan om en australiensisk MCV \u00e4r <span class=\"woocommerce-Price-amount amount\"><bdi>980,00<span class=\"woocommerce-Price-currencySymbol\">&#107;&#114;<\/span><\/bdi><\/span><\/strong>. MCV online-betalning kr\u00e4vs f\u00f6r att skicka in din beg\u00e4ran och behandla varje Maritime Crew Visa-ans\u00f6kan f\u00f6r Australien: du m\u00e5ste l\u00e4mna in ett visumans\u00f6kningsformul\u00e4r f\u00f6r varje familjemedlem som kommer att resa med dig till Australien under din anst\u00e4llning p\u00e5 ett fartyg. Dessa ans\u00f6kningar b\u00f6r l\u00e4mnas in samtidigt som din individuella viseringsans\u00f6kan f\u00f6r att undvika f\u00f6rvirring eller f\u00f6rseningar i behandlingen av den australiensiska regeringen.<\/p>\n<ul class=\"visa-pics\" style=\"float: right;\">\n<li><a class=\"apply\" href=\"\/se\/visa-crew\/\">Ans\u00f6k nu<\/a><\/li>\n<\/ul>\n<p><br style=\"clear: both;\" \/><br style=\"clear: both;\" \/><\/p>\n","protected":false},"excerpt":{"rendered":"<p>Seaman Visa &#8211; Subclass 988 Processen genom vilken du kan f\u00e5 en MCV online \u00e4r enklare \u00e4n du tror och [&#8230;]<\/p>\n<p><a class=\"btn btn-secondary understrap-read-more-link\" href=\"https:\/\/auvisa.org\/se\/maritime-crew-visa-australien-mcv-seaman-988\/\">L\u00e4s mer \u2026<span class=\"screen-reader-text\"> from Maritime Crew Visa till Australien (MCV)<\/span><\/a><\/p>\n","protected":false},"author":4,"featured_media":0,"parent":0,"menu_order":17,"comment_status":"closed","ping_status":"closed","template":"templates\/tpl_spiegazione.php","meta":{"inline_featured_image":false,"footnotes":""},"class_list":["post-1435","page","type-page","status-publish","hentry"],"yoast_head":"<!-- This site is optimized with the Yoast SEO plugin v26.9 - https:\/\/yoast.com\/product\/yoast-seo-wordpress\/ -->\n<title>MCV Australien - Maritime Crew Visa (Sj\u00f6mansvisum)<\/title>\n<meta name=\"description\" content=\"Australien MCV (Maritime Crew Visa) - Information f\u00f6r svenska medborgare: kostnader, krav och onlineans\u00f6kan f\u00f6r sj\u00f6mansvisum.\" \/>\n<meta name=\"robots\" content=\"index, follow, max-snippet:-1, max-image-preview:large, max-video-preview:-1\" \/>\n<link rel=\"canonical\" href=\"https:\/\/auvisa.org\/se\/maritime-crew-visa-australien-mcv-seaman-988\/\" \/>\n<meta property=\"og:locale\" content=\"sv_SE\" \/>\n<meta property=\"og:type\" content=\"article\" \/>\n<meta property=\"og:title\" content=\"MCV Australien - Maritime Crew Visa (Sj\u00f6mansvisum)\" \/>\n<meta property=\"og:description\" content=\"Australien MCV (Maritime Crew Visa) - Information f\u00f6r svenska medborgare: kostnader, krav och onlineans\u00f6kan f\u00f6r sj\u00f6mansvisum.\" \/>\n<meta property=\"og:url\" content=\"https:\/\/auvisa.org\/se\/maritime-crew-visa-australien-mcv-seaman-988\/\" \/>\n<meta property=\"og:site_name\" content=\"Auvisa.org\" \/>\n<meta property=\"article:modified_time\" content=\"2023-07-07T15:19:48+00:00\" \/>\n<meta name=\"twitter:card\" content=\"summary_large_image\" \/>\n<meta name=\"twitter:label1\" content=\"Ber\u00e4knad l\u00e4stid\" \/>\n\t<meta name=\"twitter:data1\" content=\"9 minuter\" \/>\n<script type=\"application\/ld+json\" class=\"yoast-schema-graph\">{\"@context\":\"https:\/\/schema.org\",\"@graph\":[{\"@type\":\"WebPage\",\"@id\":\"https:\/\/auvisa.org\/se\/maritime-crew-visa-australien-mcv-seaman-988\/\",\"url\":\"https:\/\/auvisa.org\/se\/maritime-crew-visa-australien-mcv-seaman-988\/\",\"name\":\"MCV Australien - Maritime Crew Visa (Sj\u00f6mansvisum)\",\"isPartOf\":{\"@id\":\"https:\/\/auvisa.org\/se\/#website\"},\"datePublished\":\"2019-11-16T19:28:12+00:00\",\"dateModified\":\"2023-07-07T15:19:48+00:00\",\"description\":\"Australien MCV (Maritime Crew Visa) - Information f\u00f6r svenska medborgare: kostnader, krav och onlineans\u00f6kan f\u00f6r sj\u00f6mansvisum.\",\"breadcrumb\":{\"@id\":\"https:\/\/auvisa.org\/se\/maritime-crew-visa-australien-mcv-seaman-988\/#breadcrumb\"},\"inLanguage\":\"sv-SE\",\"potentialAction\":[{\"@type\":\"ReadAction\",\"target\":[\"https:\/\/auvisa.org\/se\/maritime-crew-visa-australien-mcv-seaman-988\/\"]}]},{\"@type\":\"BreadcrumbList\",\"@id\":\"https:\/\/auvisa.org\/se\/maritime-crew-visa-australien-mcv-seaman-988\/#breadcrumb\",\"itemListElement\":[{\"@type\":\"ListItem\",\"position\":1,\"name\":\"Home\",\"item\":\"https:\/\/auvisa.org\/se\/\"},{\"@type\":\"ListItem\",\"position\":2,\"name\":\"Maritime Crew Visa till Australien (MCV)\"}]},{\"@type\":\"WebSite\",\"@id\":\"https:\/\/auvisa.org\/se\/#website\",\"url\":\"https:\/\/auvisa.org\/se\/\",\"name\":\"Auvisa.org\",\"description\":\"\",\"inLanguage\":\"sv-SE\"}]}<\/script>\n<!-- \/ Yoast SEO plugin. -->","yoast_head_json":{"title":"MCV Australien - Maritime Crew Visa (Sj\u00f6mansvisum)","description":"Australien MCV (Maritime Crew Visa) - Information f\u00f6r svenska medborgare: kostnader, krav och onlineans\u00f6kan f\u00f6r sj\u00f6mansvisum.","robots":{"index":"index","follow":"follow","max-snippet":"max-snippet:-1","max-image-preview":"max-image-preview:large","max-video-preview":"max-video-preview:-1"},"canonical":"https:\/\/auvisa.org\/se\/maritime-crew-visa-australien-mcv-seaman-988\/","og_locale":"sv_SE","og_type":"article","og_title":"MCV Australien - Maritime Crew Visa (Sj\u00f6mansvisum)","og_description":"Australien MCV (Maritime Crew Visa) - Information f\u00f6r svenska medborgare: kostnader, krav och onlineans\u00f6kan f\u00f6r sj\u00f6mansvisum.","og_url":"https:\/\/auvisa.org\/se\/maritime-crew-visa-australien-mcv-seaman-988\/","og_site_name":"Auvisa.org","article_modified_time":"2023-07-07T15:19:48+00:00","twitter_card":"summary_large_image","twitter_misc":{"Ber\u00e4knad l\u00e4stid":"9 minuter"},"schema":{"@context":"https:\/\/schema.org","@graph":[{"@type":"WebPage","@id":"https:\/\/auvisa.org\/se\/maritime-crew-visa-australien-mcv-seaman-988\/","url":"https:\/\/auvisa.org\/se\/maritime-crew-visa-australien-mcv-seaman-988\/","name":"MCV Australien - Maritime Crew Visa (Sj\u00f6mansvisum)","isPartOf":{"@id":"https:\/\/auvisa.org\/se\/#website"},"datePublished":"2019-11-16T19:28:12+00:00","dateModified":"2023-07-07T15:19:48+00:00","description":"Australien MCV (Maritime Crew Visa) - Information f\u00f6r svenska medborgare: kostnader, krav och onlineans\u00f6kan f\u00f6r sj\u00f6mansvisum.","breadcrumb":{"@id":"https:\/\/auvisa.org\/se\/maritime-crew-visa-australien-mcv-seaman-988\/#breadcrumb"},"inLanguage":"sv-SE","potentialAction":[{"@type":"ReadAction","target":["https:\/\/auvisa.org\/se\/maritime-crew-visa-australien-mcv-seaman-988\/"]}]},{"@type":"BreadcrumbList","@id":"https:\/\/auvisa.org\/se\/maritime-crew-visa-australien-mcv-seaman-988\/#breadcrumb","itemListElement":[{"@type":"ListItem","position":1,"name":"Home","item":"https:\/\/auvisa.org\/se\/"},{"@type":"ListItem","position":2,"name":"Maritime Crew Visa till Australien (MCV)"}]},{"@type":"WebSite","@id":"https:\/\/auvisa.org\/se\/#website","url":"https:\/\/auvisa.org\/se\/","name":"Auvisa.org","description":"","inLanguage":"sv-SE"}]}},"_links":{"self":[{"href":"https:\/\/auvisa.org\/se\/wp-json\/wp\/v2\/pages\/1435","targetHints":{"allow":["GET"]}}],"collection":[{"href":"https:\/\/auvisa.org\/se\/wp-json\/wp\/v2\/pages"}],"about":[{"href":"https:\/\/auvisa.org\/se\/wp-json\/wp\/v2\/types\/page"}],"author":[{"embeddable":true,"href":"https:\/\/auvisa.org\/se\/wp-json\/wp\/v2\/users\/4"}],"replies":[{"embeddable":true,"href":"https:\/\/auvisa.org\/se\/wp-json\/wp\/v2\/comments?post=1435"}],"version-history":[{"count":12,"href":"https:\/\/auvisa.org\/se\/wp-json\/wp\/v2\/pages\/1435\/revisions"}],"predecessor-version":[{"id":17091,"href":"https:\/\/auvisa.org\/se\/wp-json\/wp\/v2\/pages\/1435\/revisions\/17091"}],"wp:attachment":[{"href":"https:\/\/auvisa.org\/se\/wp-json\/wp\/v2\/media?parent=1435"}],"curies":[{"name":"wp","href":"https:\/\/api.w.org\/{rel}","templated":true}]}}