{"id":1744,"date":"2020-01-07T16:26:56","date_gmt":"2020-01-07T16:26:56","guid":{"rendered":"https:\/\/dev.auvisa.org\/?page_id=1744"},"modified":"2023-08-25T11:57:32","modified_gmt":"2023-08-25T09:57:32","slug":"visa-working","status":"publish","type":"page","link":"https:\/\/auvisa.org\/se\/visa-working\/","title":{"rendered":"Ans\u00f6k om Working Holiday Visum till Australien: Ans\u00f6kningsformul\u00e4r"},"content":{"rendered":"\n<div style=\"height:20px\" aria-hidden=\"true\" class=\"wp-block-spacer\"><\/div>\n\n\n\n<p>Detta ans\u00f6kningsformul\u00e4r f\u00f6r visumtypen Working Holiday \u00e4r avsedd f\u00f6r&nbsp;<strong>svenska&nbsp;medborgare som \u00e4r mellan 18 till och med 30 \u00e5r&nbsp;<\/strong>vid tiden f\u00f6r ans\u00f6kan.&nbsp;&nbsp;<\/p>\n\n\n\n<p>Efter att ha f\u00e5tt&nbsp;visumet&nbsp;kan&nbsp;svenska&nbsp;resen\u00e4rer&nbsp;resa till Australien och&nbsp;<strong>kombinera semester, arbete och studier<\/strong>.&nbsp;&nbsp;<\/p>\n\n\n\n<p>Det \u00e4r m\u00f6jligt att&nbsp;<strong>stanna i Australien i upp till ett \u00e5r&nbsp;<\/strong>och arbeta f\u00f6r samma arbetsgivare i upp till 6 m\u00e5nader, eller studera i upp till 4 m\u00e5nader.&nbsp;Om du vill \u00e4r det \u00e4ven m\u00f6jligt att \u00e4gna hela visaperioden \u00e5t semester.&nbsp;<\/p>\n\n\n\n<p>Villkor f\u00f6r visumans\u00f6kan f\u00f6r Working Holiday:<\/p>\n\n\n\n<ul class=\"wp-block-list\"><li>Du m\u00e5ste vara mellan 18 till och med 30 \u00e5r<\/li><li>Du m\u00e5ste ha god h\u00e4lsa<\/li><li>Du m\u00e5ste ha tillr\u00e4ckliga ekonomiska medel f\u00f6r att kunna f\u00f6rs\u00f6rja dig sj\u00e4lv i b\u00f6rjan av din vistelse<\/li><\/ul>\n\n\n\n<p><strong>VIKTIG:<br><\/strong>F\u00f6r att slutf\u00f6ra och skicka in din ans\u00f6kan kommer en kopia av f\u00f6ljande dokument att beh\u00f6vas:<\/p>\n\n\n\n<ul class=\"wp-block-list\"><li>Passets personuppgifter sida<\/li><\/ul>\n\n\n\n<p>Om du inte har alla n\u00f6dv\u00e4ndiga dokument f\u00f6r tillf\u00e4llet kan du spara applikationen och ladda upp dokumenten senare.<\/p>\n\n\n\n<p>Via\u00a0f\u00f6ljande\u00a0onlineans\u00f6kan\u00a0kan du ans\u00f6ka om visum f\u00f6r flera personer samtidigt, <strong>varje Working Holiday visum kommer att kosta\u00a0<span class=\"woocommerce-Price-amount amount\"><bdi>6.200,00<span class=\"woocommerce-Price-currencySymbol\">&#107;&#114;<\/span><\/bdi><\/span>. Priset inkluderar b\u00e5de Auvisa.orgs serviceavgifter och statliga avgifter (i f\u00f6rekommande fall).<\/strong><\/p>\n\n\n\n<div style=\"height:62px\" aria-hidden=\"true\" class=\"wp-block-spacer\"><\/div>\n\n\n\n<h3>Ange och bekr\u00e4fta din e-postadress f\u00f6r att p\u00e5b\u00f6rja onlineans\u00f6kan:<\/h3>\n","protected":false},"excerpt":{"rendered":"<p>Detta ans\u00f6kningsformul\u00e4r f\u00f6r visumtypen Working Holiday \u00e4r avsedd f\u00f6r&nbsp;svenska&nbsp;medborgare som \u00e4r mellan 18 till och med 30 \u00e5r&nbsp;vid tiden f\u00f6r [&#8230;]<\/p>\n<p><a class=\"btn btn-secondary understrap-read-more-link\" href=\"https:\/\/auvisa.org\/se\/visa-working\/\">L\u00e4s mer \u2026<span class=\"screen-reader-text\"> from Ans\u00f6k om Working Holiday Visum till Australien: Ans\u00f6kningsformul\u00e4r<\/span><\/a><\/p>\n","protected":false},"author":3,"featured_media":0,"parent":0,"menu_order":39,"comment_status":"closed","ping_status":"closed","template":"templates\/tpl_acf_form.php","meta":{"inline_featured_image":false,"footnotes":""},"class_list":["post-1744","page","type-page","status-publish","hentry"],"yoast_head":"<!-- This site is optimized with the Yoast SEO plugin v26.9 - https:\/\/yoast.com\/product\/yoast-seo-wordpress\/ -->\n<title>Ans\u00f6k om Working Holiday Visum till Australien: Ans\u00f6kningsformul\u00e4r<\/title>\n<meta name=\"description\" content=\"Svenska resen\u00e4rer m\u00e5ste ans\u00f6ka online om ett australiskt Working Holiday -visum via detta f\u00f6renklade ans\u00f6kningsformul\u00e4r\" \/>\n<meta name=\"robots\" content=\"index, follow, max-snippet:-1, max-image-preview:large, max-video-preview:-1\" \/>\n<link rel=\"canonical\" href=\"https:\/\/auvisa.org\/se\/visa-working\/\" \/>\n<meta property=\"og:locale\" content=\"sv_SE\" \/>\n<meta property=\"og:type\" content=\"article\" \/>\n<meta property=\"og:title\" content=\"Ans\u00f6k om Working Holiday Visum till Australien: Ans\u00f6kningsformul\u00e4r\" \/>\n<meta property=\"og:description\" content=\"Svenska resen\u00e4rer m\u00e5ste ans\u00f6ka online om ett australiskt Working Holiday -visum via detta f\u00f6renklade ans\u00f6kningsformul\u00e4r\" \/>\n<meta property=\"og:url\" content=\"https:\/\/auvisa.org\/se\/visa-working\/\" \/>\n<meta property=\"og:site_name\" content=\"Auvisa.org\" \/>\n<meta property=\"article:modified_time\" content=\"2023-08-25T09:57:32+00:00\" \/>\n<meta name=\"twitter:card\" content=\"summary_large_image\" \/>\n<meta name=\"twitter:label1\" content=\"Ber\u00e4knad l\u00e4stid\" \/>\n\t<meta name=\"twitter:data1\" content=\"1 minut\" \/>\n<script type=\"application\/ld+json\" class=\"yoast-schema-graph\">{\"@context\":\"https:\/\/schema.org\",\"@graph\":[{\"@type\":\"WebPage\",\"@id\":\"https:\/\/auvisa.org\/se\/visa-working\/\",\"url\":\"https:\/\/auvisa.org\/se\/visa-working\/\",\"name\":\"Ans\u00f6k om Working Holiday Visum till Australien: Ans\u00f6kningsformul\u00e4r\",\"isPartOf\":{\"@id\":\"https:\/\/auvisa.org\/se\/#website\"},\"datePublished\":\"2020-01-07T16:26:56+00:00\",\"dateModified\":\"2023-08-25T09:57:32+00:00\",\"description\":\"Svenska resen\u00e4rer m\u00e5ste ans\u00f6ka online om ett australiskt Working Holiday -visum via detta f\u00f6renklade ans\u00f6kningsformul\u00e4r\",\"breadcrumb\":{\"@id\":\"https:\/\/auvisa.org\/se\/visa-working\/#breadcrumb\"},\"inLanguage\":\"sv-SE\",\"potentialAction\":[{\"@type\":\"ReadAction\",\"target\":[\"https:\/\/auvisa.org\/se\/visa-working\/\"]}]},{\"@type\":\"BreadcrumbList\",\"@id\":\"https:\/\/auvisa.org\/se\/visa-working\/#breadcrumb\",\"itemListElement\":[{\"@type\":\"ListItem\",\"position\":1,\"name\":\"Home\",\"item\":\"https:\/\/auvisa.org\/se\/\"},{\"@type\":\"ListItem\",\"position\":2,\"name\":\"Ans\u00f6k om Working Holiday Visum till Australien: Ans\u00f6kningsformul\u00e4r\"}]},{\"@type\":\"WebSite\",\"@id\":\"https:\/\/auvisa.org\/se\/#website\",\"url\":\"https:\/\/auvisa.org\/se\/\",\"name\":\"Auvisa.org\",\"description\":\"\",\"inLanguage\":\"sv-SE\"}]}<\/script>\n<!-- \/ Yoast SEO plugin. -->","yoast_head_json":{"title":"Ans\u00f6k om Working Holiday Visum till Australien: Ans\u00f6kningsformul\u00e4r","description":"Svenska resen\u00e4rer m\u00e5ste ans\u00f6ka online om ett australiskt Working Holiday -visum via detta f\u00f6renklade ans\u00f6kningsformul\u00e4r","robots":{"index":"index","follow":"follow","max-snippet":"max-snippet:-1","max-image-preview":"max-image-preview:large","max-video-preview":"max-video-preview:-1"},"canonical":"https:\/\/auvisa.org\/se\/visa-working\/","og_locale":"sv_SE","og_type":"article","og_title":"Ans\u00f6k om Working Holiday Visum till Australien: Ans\u00f6kningsformul\u00e4r","og_description":"Svenska resen\u00e4rer m\u00e5ste ans\u00f6ka online om ett australiskt Working Holiday -visum via detta f\u00f6renklade ans\u00f6kningsformul\u00e4r","og_url":"https:\/\/auvisa.org\/se\/visa-working\/","og_site_name":"Auvisa.org","article_modified_time":"2023-08-25T09:57:32+00:00","twitter_card":"summary_large_image","twitter_misc":{"Ber\u00e4knad l\u00e4stid":"1 minut"},"schema":{"@context":"https:\/\/schema.org","@graph":[{"@type":"WebPage","@id":"https:\/\/auvisa.org\/se\/visa-working\/","url":"https:\/\/auvisa.org\/se\/visa-working\/","name":"Ans\u00f6k om Working Holiday Visum till Australien: Ans\u00f6kningsformul\u00e4r","isPartOf":{"@id":"https:\/\/auvisa.org\/se\/#website"},"datePublished":"2020-01-07T16:26:56+00:00","dateModified":"2023-08-25T09:57:32+00:00","description":"Svenska resen\u00e4rer m\u00e5ste ans\u00f6ka online om ett australiskt Working Holiday -visum via detta f\u00f6renklade ans\u00f6kningsformul\u00e4r","breadcrumb":{"@id":"https:\/\/auvisa.org\/se\/visa-working\/#breadcrumb"},"inLanguage":"sv-SE","potentialAction":[{"@type":"ReadAction","target":["https:\/\/auvisa.org\/se\/visa-working\/"]}]},{"@type":"BreadcrumbList","@id":"https:\/\/auvisa.org\/se\/visa-working\/#breadcrumb","itemListElement":[{"@type":"ListItem","position":1,"name":"Home","item":"https:\/\/auvisa.org\/se\/"},{"@type":"ListItem","position":2,"name":"Ans\u00f6k om Working Holiday Visum till Australien: Ans\u00f6kningsformul\u00e4r"}]},{"@type":"WebSite","@id":"https:\/\/auvisa.org\/se\/#website","url":"https:\/\/auvisa.org\/se\/","name":"Auvisa.org","description":"","inLanguage":"sv-SE"}]}},"_links":{"self":[{"href":"https:\/\/auvisa.org\/se\/wp-json\/wp\/v2\/pages\/1744","targetHints":{"allow":["GET"]}}],"collection":[{"href":"https:\/\/auvisa.org\/se\/wp-json\/wp\/v2\/pages"}],"about":[{"href":"https:\/\/auvisa.org\/se\/wp-json\/wp\/v2\/types\/page"}],"author":[{"embeddable":true,"href":"https:\/\/auvisa.org\/se\/wp-json\/wp\/v2\/users\/3"}],"replies":[{"embeddable":true,"href":"https:\/\/auvisa.org\/se\/wp-json\/wp\/v2\/comments?post=1744"}],"version-history":[{"count":15,"href":"https:\/\/auvisa.org\/se\/wp-json\/wp\/v2\/pages\/1744\/revisions"}],"predecessor-version":[{"id":17574,"href":"https:\/\/auvisa.org\/se\/wp-json\/wp\/v2\/pages\/1744\/revisions\/17574"}],"wp:attachment":[{"href":"https:\/\/auvisa.org\/se\/wp-json\/wp\/v2\/media?parent=1744"}],"curies":[{"name":"wp","href":"https:\/\/api.w.org\/{rel}","templated":true}]}}