{"id":1747,"date":"2020-01-07T16:27:41","date_gmt":"2020-01-07T16:27:41","guid":{"rendered":"https:\/\/dev.auvisa.org\/?page_id=1747"},"modified":"2023-07-07T17:16:26","modified_gmt":"2023-07-07T15:16:26","slug":"visa-student","status":"publish","type":"page","link":"https:\/\/auvisa.org\/se\/visa-student\/","title":{"rendered":"Ans\u00f6k om Studentvisum till Australien fr\u00e5n Sverige: Ans\u00f6kningsformul\u00e4r"},"content":{"rendered":"\n<div style=\"height:20px\" aria-hidden=\"true\" class=\"wp-block-spacer\"><\/div>\n\n\n\n<p>F\u00f6r att ans\u00f6ka om studentvisum till Australien ska du anv\u00e4nda detta ans\u00f6kningsformul\u00e4r.<\/p>\n\n\n\n<p>Du beh\u00f6ver <strong>vara antagen av ett universitet eller skola i Australien<\/strong> <strong>innan du kan ans\u00f6ka om studentvisum till Australien<\/strong>. Om du inte f\u00e5tt ditt antagningsbesked (&#8221;Confirmation of Enrollment&#8221;), var god kontakta skolan d\u00e4r du t\u00e4nkt studera.<\/p>\n\n\n\n<h4 class=\"wp-block-heading\" id=\"olika-typer-av-studentvisum\">Olika typer av studentvisum<\/h4>\n\n\n\n<ul class=\"wp-block-list\"><li><strong>H\u00f6gre utbildning (&#8221;Higher education&#8221;)<\/strong><ul><li>G\u00e4ller kandidatexamen, h\u00f6gskoleexamen och liknande (p\u00e5 engelska &#8221;bachelor degree, associate degree, graduate certificate, graduate diploma, higher education diploma, higher education advanced diploma or masters by coursework.&#8221;)<\/li><\/ul><\/li><li><strong>Forskarutbildning (&#8221;Postgraduate research&#8221;)<\/strong><ul><li>Masterutbildning genom forskning eller doktorsexamen (\u201dMasters by research or a doctoral degree.\u201d)<\/li><\/ul><\/li><li><strong>English Language Intensive Courses for Overseas Students (ELICOS)<\/strong><ul><li>F\u00f6r enskilda kurser som leder till certifikat I, II, III eller IV, eller som ej leder till n\u00e5gon formellt betyg.<\/li><\/ul><\/li><li><strong>Grundskola och gymnasieskola<\/strong><ul><li>F\u00f6r kurser i grundskola och gymnasium, samt utbytesprogram f\u00f6r gymnasiet.<\/li><\/ul><\/li><li><strong>Yrkesutbildning och praktik (VET)<\/strong><ul><li>Denna underclass g\u00e4ller f\u00f6r certifikati I, II, III eller IV (f\u00f6rutom ELICOS), VET-examen med flera<\/li><\/ul><\/li><li><strong>Non-award<\/strong><ul><li>G\u00e4ller heltidskurser eller kombination av kurser som inte leder till n\u00e5gon examen.<\/li><\/ul><\/li><li><strong>AusAID och Defence<\/strong><ul><li>G\u00e4ller studenter sponsrade av AusAID eller Australian Department of Defence som studerar kurser p\u00e5 heltid.<\/li><\/ul><\/li><li><strong>V\u00e5rdnadshavare\/m\u00e5lsman<\/strong><ul><li>F\u00f6r\u00e4ldrar eller sl\u00e4ktingar till en person som studerar i Australien kan f\u00f6lja med som m\u00e5lsman \u00e5t den personen.<\/li><\/ul><\/li><\/ul>\n\n\n\n<p>Priset f\u00f6r ett visum \u00e4r <span class=\"woocommerce-Price-amount amount\"><bdi>14.000,00<span class=\"woocommerce-Price-currencySymbol\">&#107;&#114;<\/span><\/bdi><\/span>.<\/p>\n\n\n\n<p><\/p>\n\n\n\n<h3 class=\"wp-block-heading\" id=\"ange-och-bekrafta-din-e-postadress-for-att-paborja-onlineansokan\">Ange och bekr\u00e4fta din e-postadress f\u00f6r att p\u00e5b\u00f6rja onlineans\u00f6kan:<\/h3>\n","protected":false},"excerpt":{"rendered":"<p>F\u00f6r att ans\u00f6ka om studentvisum till Australien ska du anv\u00e4nda detta ans\u00f6kningsformul\u00e4r. Du beh\u00f6ver vara antagen av ett universitet eller [&#8230;]<\/p>\n<p><a class=\"btn btn-secondary understrap-read-more-link\" href=\"https:\/\/auvisa.org\/se\/visa-student\/\">L\u00e4s mer \u2026<span class=\"screen-reader-text\"> from Ans\u00f6k om Studentvisum till Australien fr\u00e5n Sverige: Ans\u00f6kningsformul\u00e4r<\/span><\/a><\/p>\n","protected":false},"author":3,"featured_media":0,"parent":0,"menu_order":37,"comment_status":"closed","ping_status":"closed","template":"templates\/tpl_acf_form.php","meta":{"inline_featured_image":false,"footnotes":""},"class_list":["post-1747","page","type-page","status-publish","hentry"],"yoast_head":"<!-- This site is optimized with the Yoast SEO plugin v26.9 - https:\/\/yoast.com\/product\/yoast-seo-wordpress\/ -->\n<title>Ans\u00f6k om Studentvisum till Australien fr\u00e5n Sverige: Ans\u00f6kningsformul\u00e4r<\/title>\n<meta name=\"description\" content=\"Svenska studenter ska anv\u00e4nda detta ans\u00f6kningsformul\u00e4r f\u00f6r att ans\u00f6ka om ett studentvisum till Australien. Ans\u00f6k online h\u00e4r.\" \/>\n<meta name=\"robots\" content=\"index, follow, max-snippet:-1, max-image-preview:large, max-video-preview:-1\" \/>\n<link rel=\"canonical\" href=\"https:\/\/auvisa.org\/se\/visa-student\/\" \/>\n<meta property=\"og:locale\" content=\"sv_SE\" \/>\n<meta property=\"og:type\" content=\"article\" \/>\n<meta property=\"og:title\" content=\"Ans\u00f6k om Studentvisum till Australien fr\u00e5n Sverige: Ans\u00f6kningsformul\u00e4r\" \/>\n<meta property=\"og:description\" content=\"Svenska studenter ska anv\u00e4nda detta ans\u00f6kningsformul\u00e4r f\u00f6r att ans\u00f6ka om ett studentvisum till Australien. Ans\u00f6k online h\u00e4r.\" \/>\n<meta property=\"og:url\" content=\"https:\/\/auvisa.org\/se\/visa-student\/\" \/>\n<meta property=\"og:site_name\" content=\"Auvisa.org\" \/>\n<meta property=\"article:modified_time\" content=\"2023-07-07T15:16:26+00:00\" \/>\n<meta name=\"twitter:card\" content=\"summary_large_image\" \/>\n<meta name=\"twitter:label1\" content=\"Ber\u00e4knad l\u00e4stid\" \/>\n\t<meta name=\"twitter:data1\" content=\"2 minuter\" \/>\n<script type=\"application\/ld+json\" class=\"yoast-schema-graph\">{\"@context\":\"https:\/\/schema.org\",\"@graph\":[{\"@type\":\"WebPage\",\"@id\":\"https:\/\/auvisa.org\/se\/visa-student\/\",\"url\":\"https:\/\/auvisa.org\/se\/visa-student\/\",\"name\":\"Ans\u00f6k om Studentvisum till Australien fr\u00e5n Sverige: Ans\u00f6kningsformul\u00e4r\",\"isPartOf\":{\"@id\":\"https:\/\/auvisa.org\/se\/#website\"},\"datePublished\":\"2020-01-07T16:27:41+00:00\",\"dateModified\":\"2023-07-07T15:16:26+00:00\",\"description\":\"Svenska studenter ska anv\u00e4nda detta ans\u00f6kningsformul\u00e4r f\u00f6r att ans\u00f6ka om ett studentvisum till Australien. Ans\u00f6k online h\u00e4r.\",\"breadcrumb\":{\"@id\":\"https:\/\/auvisa.org\/se\/visa-student\/#breadcrumb\"},\"inLanguage\":\"sv-SE\",\"potentialAction\":[{\"@type\":\"ReadAction\",\"target\":[\"https:\/\/auvisa.org\/se\/visa-student\/\"]}]},{\"@type\":\"BreadcrumbList\",\"@id\":\"https:\/\/auvisa.org\/se\/visa-student\/#breadcrumb\",\"itemListElement\":[{\"@type\":\"ListItem\",\"position\":1,\"name\":\"Home\",\"item\":\"https:\/\/auvisa.org\/se\/\"},{\"@type\":\"ListItem\",\"position\":2,\"name\":\"Ans\u00f6k om Studentvisum till Australien fr\u00e5n Sverige: Ans\u00f6kningsformul\u00e4r\"}]},{\"@type\":\"WebSite\",\"@id\":\"https:\/\/auvisa.org\/se\/#website\",\"url\":\"https:\/\/auvisa.org\/se\/\",\"name\":\"Auvisa.org\",\"description\":\"\",\"inLanguage\":\"sv-SE\"}]}<\/script>\n<!-- \/ Yoast SEO plugin. -->","yoast_head_json":{"title":"Ans\u00f6k om Studentvisum till Australien fr\u00e5n Sverige: Ans\u00f6kningsformul\u00e4r","description":"Svenska studenter ska anv\u00e4nda detta ans\u00f6kningsformul\u00e4r f\u00f6r att ans\u00f6ka om ett studentvisum till Australien. Ans\u00f6k online h\u00e4r.","robots":{"index":"index","follow":"follow","max-snippet":"max-snippet:-1","max-image-preview":"max-image-preview:large","max-video-preview":"max-video-preview:-1"},"canonical":"https:\/\/auvisa.org\/se\/visa-student\/","og_locale":"sv_SE","og_type":"article","og_title":"Ans\u00f6k om Studentvisum till Australien fr\u00e5n Sverige: Ans\u00f6kningsformul\u00e4r","og_description":"Svenska studenter ska anv\u00e4nda detta ans\u00f6kningsformul\u00e4r f\u00f6r att ans\u00f6ka om ett studentvisum till Australien. Ans\u00f6k online h\u00e4r.","og_url":"https:\/\/auvisa.org\/se\/visa-student\/","og_site_name":"Auvisa.org","article_modified_time":"2023-07-07T15:16:26+00:00","twitter_card":"summary_large_image","twitter_misc":{"Ber\u00e4knad l\u00e4stid":"2 minuter"},"schema":{"@context":"https:\/\/schema.org","@graph":[{"@type":"WebPage","@id":"https:\/\/auvisa.org\/se\/visa-student\/","url":"https:\/\/auvisa.org\/se\/visa-student\/","name":"Ans\u00f6k om Studentvisum till Australien fr\u00e5n Sverige: Ans\u00f6kningsformul\u00e4r","isPartOf":{"@id":"https:\/\/auvisa.org\/se\/#website"},"datePublished":"2020-01-07T16:27:41+00:00","dateModified":"2023-07-07T15:16:26+00:00","description":"Svenska studenter ska anv\u00e4nda detta ans\u00f6kningsformul\u00e4r f\u00f6r att ans\u00f6ka om ett studentvisum till Australien. Ans\u00f6k online h\u00e4r.","breadcrumb":{"@id":"https:\/\/auvisa.org\/se\/visa-student\/#breadcrumb"},"inLanguage":"sv-SE","potentialAction":[{"@type":"ReadAction","target":["https:\/\/auvisa.org\/se\/visa-student\/"]}]},{"@type":"BreadcrumbList","@id":"https:\/\/auvisa.org\/se\/visa-student\/#breadcrumb","itemListElement":[{"@type":"ListItem","position":1,"name":"Home","item":"https:\/\/auvisa.org\/se\/"},{"@type":"ListItem","position":2,"name":"Ans\u00f6k om Studentvisum till Australien fr\u00e5n Sverige: Ans\u00f6kningsformul\u00e4r"}]},{"@type":"WebSite","@id":"https:\/\/auvisa.org\/se\/#website","url":"https:\/\/auvisa.org\/se\/","name":"Auvisa.org","description":"","inLanguage":"sv-SE"}]}},"_links":{"self":[{"href":"https:\/\/auvisa.org\/se\/wp-json\/wp\/v2\/pages\/1747","targetHints":{"allow":["GET"]}}],"collection":[{"href":"https:\/\/auvisa.org\/se\/wp-json\/wp\/v2\/pages"}],"about":[{"href":"https:\/\/auvisa.org\/se\/wp-json\/wp\/v2\/types\/page"}],"author":[{"embeddable":true,"href":"https:\/\/auvisa.org\/se\/wp-json\/wp\/v2\/users\/3"}],"replies":[{"embeddable":true,"href":"https:\/\/auvisa.org\/se\/wp-json\/wp\/v2\/comments?post=1747"}],"version-history":[{"count":16,"href":"https:\/\/auvisa.org\/se\/wp-json\/wp\/v2\/pages\/1747\/revisions"}],"predecessor-version":[{"id":17084,"href":"https:\/\/auvisa.org\/se\/wp-json\/wp\/v2\/pages\/1747\/revisions\/17084"}],"wp:attachment":[{"href":"https:\/\/auvisa.org\/se\/wp-json\/wp\/v2\/media?parent=1747"}],"curies":[{"name":"wp","href":"https:\/\/api.w.org\/{rel}","templated":true}]}}