{"id":1749,"date":"2020-01-07T16:28:00","date_gmt":"2020-01-07T16:28:00","guid":{"rendered":"https:\/\/dev.auvisa.org\/?page_id=1749"},"modified":"2023-07-07T17:13:24","modified_gmt":"2023-07-07T15:13:24","slug":"visa-longterm","status":"publish","type":"page","link":"https:\/\/auvisa.org\/se\/visa-longterm\/","title":{"rendered":"Ans\u00f6k om L\u00e5ngtidsvisum till Australien (Visitor Visa)"},"content":{"rendered":"\n<div style=\"height:20px\" aria-hidden=\"true\" class=\"wp-block-spacer\"><\/div>\n\n\n\n<p>Det h\u00e4r visumet \u00e4r ett tillf\u00e4lligt visum f\u00f6r l\u00e4ngre vistelser i Australien<\/p>\n\n\n\n<p>N\u00e4r du ans\u00f6ker kan du v\u00e4lja mellan <strong>3, 6 och 12 m\u00e5naders giltighet<\/strong>. Visumet \u00e4r giltigt f\u00f6r turism, aff\u00e4rsresor och bes\u00f6k av familjemedlemmar.<\/p>\n\n\n\n<p>Du kan ocks\u00e5 anv\u00e4nda detta visum f\u00f6r att f\u00f6rl\u00e4nga bes\u00f6k om du redan \u00e4r i Australien p\u00e5 ett annat typ av visum.<\/p>\n\n\n\n<p><strong>Turistvisum<\/strong>: <\/p>\n\n\n\n<p>Om du reser till Australien f\u00f6r att ha semester eller bes\u00f6ka familj och v\u00e4nner, v\u00e4lj det h\u00e4r visumet i ans\u00f6kningsformul\u00e4ret. Du f\u00e5r \u00e4ven studera i upp till 3 m\u00e5nader.<\/p>\n\n\n\n<p><strong>Aff\u00e4rsvisum<\/strong>: Om du reser till Australien f\u00f6r att g\u00f6ra aff\u00e4rer s\u00e5 ska du v\u00e4lja denna typ i ans\u00f6kningsformul\u00e4ret. Du f\u00e5r ha aff\u00e4rsm\u00f6ten och f\u00f6rhandlingar, eller s\u00f6ka jobb och g\u00e5 p\u00e5 anst\u00e4llningsintervjuer. Du kan \u00e4ven bes\u00f6ka konferenser. Du f\u00e5r inte arbeta (som anst\u00e4lld eller konsult) f\u00f6r n\u00e5got f\u00f6retag i Australien med detta visum. Du f\u00e5r inte s\u00e4lja varor eller tj\u00e4nster till allm\u00e4nheten.<\/p>\n\n\n\n<p><strong>Sponsrat familjevisum<\/strong>: <\/p>\n\n\n\n<p>Om du reser till Australien f\u00f6r att bes\u00f6ka familjemedlemmar och ha en sponsor ska du v\u00e4lja detta i ans\u00f6ksningformul\u00e4ret. Med ett s\u00e5dant visum kan du inte byta visumtyp n\u00e4r du \u00e4r i Australien. <\/p>\n\n\n\n<p><strong>F\u00f6rl\u00e4ng ditt visum till Australien<\/strong>: <\/p>\n\n\n\n<p>Om du \u00e4r i Australien med ett visum som h\u00e5ller p\u00e5 att g\u00e5 ut, s\u00e5 kan du s\u00f6ka detta visum f\u00f6r att p\u00e5 s\u00e5 vis f\u00f6rl\u00e4nga din vistelse. Detta fungerar bara om du inte har villkoret &#8221;8503 No further stay&#8221; i ditt nuvarande visum.<\/p>\n\n\n\n<p>L\u00e5ngtidsvisum kostar <span class=\"woocommerce-Price-amount amount\"><bdi>2.800,00<span class=\"woocommerce-Price-currencySymbol\">&#107;&#114;<\/span><\/bdi><\/span> per styck. Om du \u00e4r i Australien n\u00e4r du ans\u00f6ker tillkommer en avgift p\u00e5 ytterligare 150 euro per person. Du kan ans\u00f6ka om flera personer samtidigt.<\/p>\n\n\n\n<div style=\"height:61px\" aria-hidden=\"true\" class=\"wp-block-spacer\"><\/div>\n\n\n\n<h3 class=\"wp-block-heading\" id=\"ange-och-bekrafta-din-e-postadress-for-att-paborja-onlineansokan\">Ange och bekr\u00e4fta din e-postadress f\u00f6r att p\u00e5b\u00f6rja onlineans\u00f6kan:<\/h3>\n","protected":false},"excerpt":{"rendered":"<p>Det h\u00e4r visumet \u00e4r ett tillf\u00e4lligt visum f\u00f6r l\u00e4ngre vistelser i Australien N\u00e4r du ans\u00f6ker kan du v\u00e4lja mellan 3, [&#8230;]<\/p>\n<p><a class=\"btn btn-secondary understrap-read-more-link\" href=\"https:\/\/auvisa.org\/se\/visa-longterm\/\">L\u00e4s mer \u2026<span class=\"screen-reader-text\"> from Ans\u00f6k om L\u00e5ngtidsvisum till Australien (Visitor Visa)<\/span><\/a><\/p>\n","protected":false},"author":3,"featured_media":0,"parent":0,"menu_order":32,"comment_status":"closed","ping_status":"closed","template":"templates\/tpl_acf_form.php","meta":{"inline_featured_image":false,"footnotes":""},"class_list":["post-1749","page","type-page","status-publish","hentry"],"yoast_head":"<!-- This site is optimized with the Yoast SEO plugin v26.9 - https:\/\/yoast.com\/product\/yoast-seo-wordpress\/ -->\n<title>Ans\u00f6k om L\u00e5ngtidsvisum (Visitor Visa) till Australien fr\u00e5n Sverige<\/title>\n<meta name=\"description\" content=\"Visum f\u00f6r L\u00e4ngre Vistelse till Australien (Visitor Visa - klass 600) g\u00e4ller f\u00f6r vistelser p\u00e5 3, 6 eller 12 m\u00e5nader men ocks\u00e5 f\u00f6r att f\u00f6rl\u00e4nga din vistelse. Ans\u00f6k online nu.\" \/>\n<meta name=\"robots\" content=\"index, follow, max-snippet:-1, max-image-preview:large, max-video-preview:-1\" \/>\n<link rel=\"canonical\" href=\"https:\/\/auvisa.org\/se\/visa-longterm\/\" \/>\n<meta property=\"og:locale\" content=\"sv_SE\" \/>\n<meta property=\"og:type\" content=\"article\" \/>\n<meta property=\"og:title\" content=\"Ans\u00f6k om L\u00e5ngtidsvisum (Visitor Visa) till Australien fr\u00e5n Sverige\" \/>\n<meta property=\"og:description\" content=\"Visum f\u00f6r L\u00e4ngre Vistelse till Australien (Visitor Visa - klass 600) g\u00e4ller f\u00f6r vistelser p\u00e5 3, 6 eller 12 m\u00e5nader men ocks\u00e5 f\u00f6r att f\u00f6rl\u00e4nga din vistelse. Ans\u00f6k online nu.\" \/>\n<meta property=\"og:url\" content=\"https:\/\/auvisa.org\/se\/visa-longterm\/\" \/>\n<meta property=\"og:site_name\" content=\"Auvisa.org\" \/>\n<meta property=\"article:modified_time\" content=\"2023-07-07T15:13:24+00:00\" \/>\n<meta name=\"twitter:card\" content=\"summary_large_image\" \/>\n<meta name=\"twitter:label1\" content=\"Ber\u00e4knad l\u00e4stid\" \/>\n\t<meta name=\"twitter:data1\" content=\"2 minuter\" \/>\n<script type=\"application\/ld+json\" class=\"yoast-schema-graph\">{\"@context\":\"https:\/\/schema.org\",\"@graph\":[{\"@type\":\"WebPage\",\"@id\":\"https:\/\/auvisa.org\/se\/visa-longterm\/\",\"url\":\"https:\/\/auvisa.org\/se\/visa-longterm\/\",\"name\":\"Ans\u00f6k om L\u00e5ngtidsvisum (Visitor Visa) till Australien fr\u00e5n Sverige\",\"isPartOf\":{\"@id\":\"https:\/\/auvisa.org\/se\/#website\"},\"datePublished\":\"2020-01-07T16:28:00+00:00\",\"dateModified\":\"2023-07-07T15:13:24+00:00\",\"description\":\"Visum f\u00f6r L\u00e4ngre Vistelse till Australien (Visitor Visa - klass 600) g\u00e4ller f\u00f6r vistelser p\u00e5 3, 6 eller 12 m\u00e5nader men ocks\u00e5 f\u00f6r att f\u00f6rl\u00e4nga din vistelse. Ans\u00f6k online nu.\",\"breadcrumb\":{\"@id\":\"https:\/\/auvisa.org\/se\/visa-longterm\/#breadcrumb\"},\"inLanguage\":\"sv-SE\",\"potentialAction\":[{\"@type\":\"ReadAction\",\"target\":[\"https:\/\/auvisa.org\/se\/visa-longterm\/\"]}]},{\"@type\":\"BreadcrumbList\",\"@id\":\"https:\/\/auvisa.org\/se\/visa-longterm\/#breadcrumb\",\"itemListElement\":[{\"@type\":\"ListItem\",\"position\":1,\"name\":\"Home\",\"item\":\"https:\/\/auvisa.org\/se\/\"},{\"@type\":\"ListItem\",\"position\":2,\"name\":\"Ans\u00f6k om L\u00e5ngtidsvisum till Australien (Visitor Visa)\"}]},{\"@type\":\"WebSite\",\"@id\":\"https:\/\/auvisa.org\/se\/#website\",\"url\":\"https:\/\/auvisa.org\/se\/\",\"name\":\"Auvisa.org\",\"description\":\"\",\"inLanguage\":\"sv-SE\"}]}<\/script>\n<!-- \/ Yoast SEO plugin. -->","yoast_head_json":{"title":"Ans\u00f6k om L\u00e5ngtidsvisum (Visitor Visa) till Australien fr\u00e5n Sverige","description":"Visum f\u00f6r L\u00e4ngre Vistelse till Australien (Visitor Visa - klass 600) g\u00e4ller f\u00f6r vistelser p\u00e5 3, 6 eller 12 m\u00e5nader men ocks\u00e5 f\u00f6r att f\u00f6rl\u00e4nga din vistelse. Ans\u00f6k online nu.","robots":{"index":"index","follow":"follow","max-snippet":"max-snippet:-1","max-image-preview":"max-image-preview:large","max-video-preview":"max-video-preview:-1"},"canonical":"https:\/\/auvisa.org\/se\/visa-longterm\/","og_locale":"sv_SE","og_type":"article","og_title":"Ans\u00f6k om L\u00e5ngtidsvisum (Visitor Visa) till Australien fr\u00e5n Sverige","og_description":"Visum f\u00f6r L\u00e4ngre Vistelse till Australien (Visitor Visa - klass 600) g\u00e4ller f\u00f6r vistelser p\u00e5 3, 6 eller 12 m\u00e5nader men ocks\u00e5 f\u00f6r att f\u00f6rl\u00e4nga din vistelse. Ans\u00f6k online nu.","og_url":"https:\/\/auvisa.org\/se\/visa-longterm\/","og_site_name":"Auvisa.org","article_modified_time":"2023-07-07T15:13:24+00:00","twitter_card":"summary_large_image","twitter_misc":{"Ber\u00e4knad l\u00e4stid":"2 minuter"},"schema":{"@context":"https:\/\/schema.org","@graph":[{"@type":"WebPage","@id":"https:\/\/auvisa.org\/se\/visa-longterm\/","url":"https:\/\/auvisa.org\/se\/visa-longterm\/","name":"Ans\u00f6k om L\u00e5ngtidsvisum (Visitor Visa) till Australien fr\u00e5n Sverige","isPartOf":{"@id":"https:\/\/auvisa.org\/se\/#website"},"datePublished":"2020-01-07T16:28:00+00:00","dateModified":"2023-07-07T15:13:24+00:00","description":"Visum f\u00f6r L\u00e4ngre Vistelse till Australien (Visitor Visa - klass 600) g\u00e4ller f\u00f6r vistelser p\u00e5 3, 6 eller 12 m\u00e5nader men ocks\u00e5 f\u00f6r att f\u00f6rl\u00e4nga din vistelse. Ans\u00f6k online nu.","breadcrumb":{"@id":"https:\/\/auvisa.org\/se\/visa-longterm\/#breadcrumb"},"inLanguage":"sv-SE","potentialAction":[{"@type":"ReadAction","target":["https:\/\/auvisa.org\/se\/visa-longterm\/"]}]},{"@type":"BreadcrumbList","@id":"https:\/\/auvisa.org\/se\/visa-longterm\/#breadcrumb","itemListElement":[{"@type":"ListItem","position":1,"name":"Home","item":"https:\/\/auvisa.org\/se\/"},{"@type":"ListItem","position":2,"name":"Ans\u00f6k om L\u00e5ngtidsvisum till Australien (Visitor Visa)"}]},{"@type":"WebSite","@id":"https:\/\/auvisa.org\/se\/#website","url":"https:\/\/auvisa.org\/se\/","name":"Auvisa.org","description":"","inLanguage":"sv-SE"}]}},"_links":{"self":[{"href":"https:\/\/auvisa.org\/se\/wp-json\/wp\/v2\/pages\/1749","targetHints":{"allow":["GET"]}}],"collection":[{"href":"https:\/\/auvisa.org\/se\/wp-json\/wp\/v2\/pages"}],"about":[{"href":"https:\/\/auvisa.org\/se\/wp-json\/wp\/v2\/types\/page"}],"author":[{"embeddable":true,"href":"https:\/\/auvisa.org\/se\/wp-json\/wp\/v2\/users\/3"}],"replies":[{"embeddable":true,"href":"https:\/\/auvisa.org\/se\/wp-json\/wp\/v2\/comments?post=1749"}],"version-history":[{"count":17,"href":"https:\/\/auvisa.org\/se\/wp-json\/wp\/v2\/pages\/1749\/revisions"}],"predecessor-version":[{"id":17078,"href":"https:\/\/auvisa.org\/se\/wp-json\/wp\/v2\/pages\/1749\/revisions\/17078"}],"wp:attachment":[{"href":"https:\/\/auvisa.org\/se\/wp-json\/wp\/v2\/media?parent=1749"}],"curies":[{"name":"wp","href":"https:\/\/api.w.org\/{rel}","templated":true}]}}