{"id":1752,"date":"2020-01-07T16:28:55","date_gmt":"2020-01-07T16:28:55","guid":{"rendered":"https:\/\/dev.auvisa.org\/?page_id=1752"},"modified":"2023-08-31T16:09:16","modified_gmt":"2023-08-31T14:09:16","slug":"visa-crew","status":"publish","type":"page","link":"https:\/\/auvisa.org\/se\/visa-crew\/","title":{"rendered":"Ans\u00f6k om MCV till Australien fr\u00e5n Sverige: Ans\u00f6kningsformul\u00e4r"},"content":{"rendered":"\n<div style=\"height:20px\" aria-hidden=\"true\" class=\"wp-block-spacer\"><\/div>\n\n\n\n<p>Maritime crew-visumet (MCV) \u00e4r f\u00f6r personer som reser <strong>in eller ut fr\u00e5n Australien sj\u00f6v\u00e4gen som bes\u00e4ttningsmedlem.<\/strong><\/p>\n\n\n\n<p>Du kan ans\u00f6ka om detta visum om du:<\/p>\n\n\n\n<ul class=\"wp-block-list\"><li>\u00c4r utanf\u00f6r Australien<\/li><li>\u00c4r eller kommer ing\u00e5 i bes\u00e4ttningen p\u00e5 ett fartyg som \u00e5ker till eller fr\u00e5n Australien<\/li><li>Kommer resa in eller ut ur Australien som bes\u00e4ttningsman p\u00e5 ett fartyg<\/li><\/ul>\n\n\n\n<p>Fartyget m\u00e5ste vara n\u00e5got av f\u00f6ljande:<\/p>\n\n\n\n<ul class=\"wp-block-list\"><li>Kommersiellt handelsfartyg<\/li><li>Passagerarfartyg<\/li><li>Ett utl\u00e4ndskt statligt forskningsfartyg<\/li><li>Ett v Australian Department of Foreign Affairs godk\u00e4nt fartyg med PVS-status<\/li><\/ul>\n\n\n\n<p>Om du har medf\u00f6ljande familjemedlemmar kan de ocks\u00e5 s\u00f6ka samma sorts visum, om de ans\u00f6ker tillsammans med dig.<\/p>\n\n\n\n<p>Observera: Om du flyger in i landet f\u00f6r att borda ett fartyg, beh\u00f6ver du ha ytterligare ett visum f\u00f6r flygresan. Till exempel <a class=\"aioseop-link\" href=\"\/se\/evisitor-visum-australien\/\">eVisitor<\/a> turistvisum.<\/p>\n\n\n\n<p><strong>VIKTIG:<\/strong><br>F\u00f6r att slutf\u00f6ra och skicka in din ans\u00f6kan kommer en kopia av f\u00f6ljande dokument att beh\u00f6vas:<\/p>\n\n\n\n<ul class=\"wp-block-list\"><li>Passets personuppgifter sida<\/li><\/ul>\n\n\n\n<p>Om du inte har alla n\u00f6dv\u00e4ndiga dokument f\u00f6r tillf\u00e4llet kan du spara applikationen och ladda upp dokumenten senare.<\/p>\n\n\n\n<p><strong>Priset \u00e4r <span class=\"woocommerce-Price-amount amount\"><bdi>980,00<span class=\"woocommerce-Price-currencySymbol\">&#107;&#114;<\/span><\/bdi><\/span> per visum. Priset inkluderar b\u00e5de Auvisa.orgs serviceavgifter och statliga avgifter (i f\u00f6rekommande fall).<\/strong><\/p>\n\n\n\n<div style=\"height:63px\" aria-hidden=\"true\" class=\"wp-block-spacer\"><\/div>\n\n\n\n<h3 class=\"wp-block-heading\" id=\"ange-och-bekrafta-din-e-postadress-for-att-paborja-onlineansokan\">Ange och bekr\u00e4fta din e-postadress f\u00f6r att p\u00e5b\u00f6rja onlineans\u00f6kan:<\/h3>\n","protected":false},"excerpt":{"rendered":"<p>Maritime crew-visumet (MCV) \u00e4r f\u00f6r personer som reser in eller ut fr\u00e5n Australien sj\u00f6v\u00e4gen som bes\u00e4ttningsmedlem. Du kan ans\u00f6ka om [&#8230;]<\/p>\n<p><a class=\"btn btn-secondary understrap-read-more-link\" href=\"https:\/\/auvisa.org\/se\/visa-crew\/\">L\u00e4s mer \u2026<span class=\"screen-reader-text\"> from Ans\u00f6k om MCV till Australien fr\u00e5n Sverige: Ans\u00f6kningsformul\u00e4r<\/span><\/a><\/p>\n","protected":false},"author":3,"featured_media":0,"parent":0,"menu_order":28,"comment_status":"closed","ping_status":"closed","template":"templates\/tpl_acf_form.php","meta":{"inline_featured_image":false,"footnotes":""},"class_list":["post-1752","page","type-page","status-publish","hentry"],"yoast_head":"<!-- This site is optimized with the Yoast SEO plugin v26.9 - https:\/\/yoast.com\/product\/yoast-seo-wordpress\/ -->\n<title>Ans\u00f6k om MCV till Australien fr\u00e5n Sverige: Ans\u00f6kningsformul\u00e4r<\/title>\n<meta name=\"description\" content=\"Svenska medborgare som anl\u00e4nder till Australien som sj\u00f6bes\u00e4ttning m\u00e5ste anv\u00e4nda detta ans\u00f6kningsformul\u00e4r f\u00f6r att f\u00e5 sitt MCV- visum inom fyra dagar.\" \/>\n<meta name=\"robots\" content=\"index, follow, max-snippet:-1, max-image-preview:large, max-video-preview:-1\" \/>\n<link rel=\"canonical\" href=\"https:\/\/auvisa.org\/se\/visa-crew\/\" \/>\n<meta property=\"og:locale\" content=\"sv_SE\" \/>\n<meta property=\"og:type\" content=\"article\" \/>\n<meta property=\"og:title\" content=\"Ans\u00f6k om MCV till Australien fr\u00e5n Sverige: Ans\u00f6kningsformul\u00e4r\" \/>\n<meta property=\"og:description\" content=\"Svenska medborgare som anl\u00e4nder till Australien som sj\u00f6bes\u00e4ttning m\u00e5ste anv\u00e4nda detta ans\u00f6kningsformul\u00e4r f\u00f6r att f\u00e5 sitt MCV- visum inom fyra dagar.\" \/>\n<meta property=\"og:url\" content=\"https:\/\/auvisa.org\/se\/visa-crew\/\" \/>\n<meta property=\"og:site_name\" content=\"Auvisa.org\" \/>\n<meta property=\"article:modified_time\" content=\"2023-08-31T14:09:16+00:00\" \/>\n<meta name=\"twitter:card\" content=\"summary_large_image\" \/>\n<meta name=\"twitter:label1\" content=\"Ber\u00e4knad l\u00e4stid\" \/>\n\t<meta name=\"twitter:data1\" content=\"1 minut\" \/>\n<script type=\"application\/ld+json\" class=\"yoast-schema-graph\">{\"@context\":\"https:\/\/schema.org\",\"@graph\":[{\"@type\":\"WebPage\",\"@id\":\"https:\/\/auvisa.org\/se\/visa-crew\/\",\"url\":\"https:\/\/auvisa.org\/se\/visa-crew\/\",\"name\":\"Ans\u00f6k om MCV till Australien fr\u00e5n Sverige: Ans\u00f6kningsformul\u00e4r\",\"isPartOf\":{\"@id\":\"https:\/\/auvisa.org\/se\/#website\"},\"datePublished\":\"2020-01-07T16:28:55+00:00\",\"dateModified\":\"2023-08-31T14:09:16+00:00\",\"description\":\"Svenska medborgare som anl\u00e4nder till Australien som sj\u00f6bes\u00e4ttning m\u00e5ste anv\u00e4nda detta ans\u00f6kningsformul\u00e4r f\u00f6r att f\u00e5 sitt MCV- visum inom fyra dagar.\",\"breadcrumb\":{\"@id\":\"https:\/\/auvisa.org\/se\/visa-crew\/#breadcrumb\"},\"inLanguage\":\"sv-SE\",\"potentialAction\":[{\"@type\":\"ReadAction\",\"target\":[\"https:\/\/auvisa.org\/se\/visa-crew\/\"]}]},{\"@type\":\"BreadcrumbList\",\"@id\":\"https:\/\/auvisa.org\/se\/visa-crew\/#breadcrumb\",\"itemListElement\":[{\"@type\":\"ListItem\",\"position\":1,\"name\":\"Home\",\"item\":\"https:\/\/auvisa.org\/se\/\"},{\"@type\":\"ListItem\",\"position\":2,\"name\":\"Ans\u00f6k om MCV till Australien fr\u00e5n Sverige: Ans\u00f6kningsformul\u00e4r\"}]},{\"@type\":\"WebSite\",\"@id\":\"https:\/\/auvisa.org\/se\/#website\",\"url\":\"https:\/\/auvisa.org\/se\/\",\"name\":\"Auvisa.org\",\"description\":\"\",\"inLanguage\":\"sv-SE\"}]}<\/script>\n<!-- \/ Yoast SEO plugin. -->","yoast_head_json":{"title":"Ans\u00f6k om MCV till Australien fr\u00e5n Sverige: Ans\u00f6kningsformul\u00e4r","description":"Svenska medborgare som anl\u00e4nder till Australien som sj\u00f6bes\u00e4ttning m\u00e5ste anv\u00e4nda detta ans\u00f6kningsformul\u00e4r f\u00f6r att f\u00e5 sitt MCV- visum inom fyra dagar.","robots":{"index":"index","follow":"follow","max-snippet":"max-snippet:-1","max-image-preview":"max-image-preview:large","max-video-preview":"max-video-preview:-1"},"canonical":"https:\/\/auvisa.org\/se\/visa-crew\/","og_locale":"sv_SE","og_type":"article","og_title":"Ans\u00f6k om MCV till Australien fr\u00e5n Sverige: Ans\u00f6kningsformul\u00e4r","og_description":"Svenska medborgare som anl\u00e4nder till Australien som sj\u00f6bes\u00e4ttning m\u00e5ste anv\u00e4nda detta ans\u00f6kningsformul\u00e4r f\u00f6r att f\u00e5 sitt MCV- visum inom fyra dagar.","og_url":"https:\/\/auvisa.org\/se\/visa-crew\/","og_site_name":"Auvisa.org","article_modified_time":"2023-08-31T14:09:16+00:00","twitter_card":"summary_large_image","twitter_misc":{"Ber\u00e4knad l\u00e4stid":"1 minut"},"schema":{"@context":"https:\/\/schema.org","@graph":[{"@type":"WebPage","@id":"https:\/\/auvisa.org\/se\/visa-crew\/","url":"https:\/\/auvisa.org\/se\/visa-crew\/","name":"Ans\u00f6k om MCV till Australien fr\u00e5n Sverige: Ans\u00f6kningsformul\u00e4r","isPartOf":{"@id":"https:\/\/auvisa.org\/se\/#website"},"datePublished":"2020-01-07T16:28:55+00:00","dateModified":"2023-08-31T14:09:16+00:00","description":"Svenska medborgare som anl\u00e4nder till Australien som sj\u00f6bes\u00e4ttning m\u00e5ste anv\u00e4nda detta ans\u00f6kningsformul\u00e4r f\u00f6r att f\u00e5 sitt MCV- visum inom fyra dagar.","breadcrumb":{"@id":"https:\/\/auvisa.org\/se\/visa-crew\/#breadcrumb"},"inLanguage":"sv-SE","potentialAction":[{"@type":"ReadAction","target":["https:\/\/auvisa.org\/se\/visa-crew\/"]}]},{"@type":"BreadcrumbList","@id":"https:\/\/auvisa.org\/se\/visa-crew\/#breadcrumb","itemListElement":[{"@type":"ListItem","position":1,"name":"Home","item":"https:\/\/auvisa.org\/se\/"},{"@type":"ListItem","position":2,"name":"Ans\u00f6k om MCV till Australien fr\u00e5n Sverige: Ans\u00f6kningsformul\u00e4r"}]},{"@type":"WebSite","@id":"https:\/\/auvisa.org\/se\/#website","url":"https:\/\/auvisa.org\/se\/","name":"Auvisa.org","description":"","inLanguage":"sv-SE"}]}},"_links":{"self":[{"href":"https:\/\/auvisa.org\/se\/wp-json\/wp\/v2\/pages\/1752","targetHints":{"allow":["GET"]}}],"collection":[{"href":"https:\/\/auvisa.org\/se\/wp-json\/wp\/v2\/pages"}],"about":[{"href":"https:\/\/auvisa.org\/se\/wp-json\/wp\/v2\/types\/page"}],"author":[{"embeddable":true,"href":"https:\/\/auvisa.org\/se\/wp-json\/wp\/v2\/users\/3"}],"replies":[{"embeddable":true,"href":"https:\/\/auvisa.org\/se\/wp-json\/wp\/v2\/comments?post=1752"}],"version-history":[{"count":14,"href":"https:\/\/auvisa.org\/se\/wp-json\/wp\/v2\/pages\/1752\/revisions"}],"predecessor-version":[{"id":17653,"href":"https:\/\/auvisa.org\/se\/wp-json\/wp\/v2\/pages\/1752\/revisions\/17653"}],"wp:attachment":[{"href":"https:\/\/auvisa.org\/se\/wp-json\/wp\/v2\/media?parent=1752"}],"curies":[{"name":"wp","href":"https:\/\/api.w.org\/{rel}","templated":true}]}}