{"id":1754,"date":"2020-01-07T16:29:15","date_gmt":"2020-01-07T16:29:15","guid":{"rendered":"https:\/\/dev.auvisa.org\/?page_id=1754"},"modified":"2023-07-07T17:17:53","modified_gmt":"2023-07-07T15:17:53","slug":"visa-temporary","status":"publish","type":"page","link":"https:\/\/auvisa.org\/se\/visa-temporary\/","title":{"rendered":"Ans\u00f6k om Tillf\u00e4lligt Arbetsvisum till Australien: Ans\u00f6kningsformul\u00e4r"},"content":{"rendered":"\n<div style=\"height:20px\" aria-hidden=\"true\" class=\"wp-block-spacer\"><\/div>\n\n\n\n<div class=\"wp-block-group\"><div class=\"wp-block-group__inner-container is-layout-flow wp-block-group-is-layout-flow\">\n<p>Temporary work visa \u00e4r f\u00f6r personer som ska \u00e5ka till Australien f\u00f6r att utf\u00f6ra tillf\u00e4lligt arbete.<\/p>\n\n\n\n<p><strong>Visumet kan beviljas f\u00f6r upp till tre m\u00e5nader<\/strong>.<\/p>\n\n\n\n<p>Du kan ans\u00f6ka om detta visum om:<\/p>\n\n\n\n<ul class=\"wp-block-list\"><li>Du \u00e4r utanf\u00f6r Australien<\/li><li>Du ska utf\u00f6ra <strong>kortvarigt, specialiserat, tillf\u00e4lligt arbete<\/strong>, eller<\/li><li>Du kommer <strong>deltaga i kulturella eller sociala aktiviteter<\/strong>, eller<\/li><li>Du kommer deltaga i en <strong>aktivitet eller arbete som fr\u00e4mjar Australiens intressen<\/strong><\/li><\/ul>\n\n\n\n<p>F\u00f6r att kunna ans\u00f6ka om <strong>tillf\u00e4lligt arbetsvisum beh\u00f6ver du bjudas in av f\u00f6retaget\/organisationen du ska arbeta \u00e5t<\/strong>.<\/p>\n\n\n\n<p>Du beh\u00f6ver ocks\u00e5 ha personliga egenskaper och bakgrund l\u00e4mpligt f\u00f6r jobbet. Du kommer beh\u00f6va bifoga olika dokument som underlag till din visumans\u00f6kan.<\/p>\n<\/div><\/div>\n\n\n\n<p>Priset f\u00f6r varje visum \u00e4r <span class=\"woocommerce-Price-amount amount\"><bdi>5.600,00<span class=\"woocommerce-Price-currencySymbol\">&#107;&#114;<\/span><\/bdi><\/span>.<\/p>\n\n\n\n<div style=\"height:38px\" aria-hidden=\"true\" class=\"wp-block-spacer\"><\/div>\n\n\n\n<p><strong>Ange och bekr\u00e4fta din e-postadress f\u00f6r att p\u00e5b\u00f6rja onlineans\u00f6kan:<\/strong><\/p>\n","protected":false},"excerpt":{"rendered":"<p>Temporary work visa \u00e4r f\u00f6r personer som ska \u00e5ka till Australien f\u00f6r att utf\u00f6ra tillf\u00e4lligt arbete. Visumet kan beviljas f\u00f6r [&#8230;]<\/p>\n<p><a class=\"btn btn-secondary understrap-read-more-link\" href=\"https:\/\/auvisa.org\/se\/visa-temporary\/\">L\u00e4s mer \u2026<span class=\"screen-reader-text\"> from Ans\u00f6k om Tillf\u00e4lligt Arbetsvisum till Australien: Ans\u00f6kningsformul\u00e4r<\/span><\/a><\/p>\n","protected":false},"author":3,"featured_media":0,"parent":0,"menu_order":38,"comment_status":"closed","ping_status":"closed","template":"templates\/tpl_acf_form.php","meta":{"inline_featured_image":false,"footnotes":""},"class_list":["post-1754","page","type-page","status-publish","hentry"],"yoast_head":"<!-- This site is optimized with the Yoast SEO plugin v26.9 - https:\/\/yoast.com\/product\/yoast-seo-wordpress\/ -->\n<title>Ans\u00f6k om Visum f\u00f6r Tillf\u00e4lligt Arbete till Australien fr\u00e5n Sverige: Ans\u00f6kningsformul\u00e4r<\/title>\n<meta name=\"description\" content=\"Detta australiska visum \u00e4r till f\u00f6r svenska medborgare som reser till Australien f\u00f6r att utf\u00f6ra tillf\u00e4lligt arbete. Ans\u00f6k online idag.\" \/>\n<meta name=\"robots\" content=\"index, follow, max-snippet:-1, max-image-preview:large, max-video-preview:-1\" \/>\n<link rel=\"canonical\" href=\"https:\/\/auvisa.org\/se\/visa-temporary\/\" \/>\n<meta property=\"og:locale\" content=\"sv_SE\" \/>\n<meta property=\"og:type\" content=\"article\" \/>\n<meta property=\"og:title\" content=\"Ans\u00f6k om Visum f\u00f6r Tillf\u00e4lligt Arbete till Australien fr\u00e5n Sverige: Ans\u00f6kningsformul\u00e4r\" \/>\n<meta property=\"og:description\" content=\"Detta australiska visum \u00e4r till f\u00f6r svenska medborgare som reser till Australien f\u00f6r att utf\u00f6ra tillf\u00e4lligt arbete. Ans\u00f6k online idag.\" \/>\n<meta property=\"og:url\" content=\"https:\/\/auvisa.org\/se\/visa-temporary\/\" \/>\n<meta property=\"og:site_name\" content=\"Auvisa.org\" \/>\n<meta property=\"article:modified_time\" content=\"2023-07-07T15:17:53+00:00\" \/>\n<meta name=\"twitter:card\" content=\"summary_large_image\" \/>\n<meta name=\"twitter:label1\" content=\"Ber\u00e4knad l\u00e4stid\" \/>\n\t<meta name=\"twitter:data1\" content=\"1 minut\" \/>\n<script type=\"application\/ld+json\" class=\"yoast-schema-graph\">{\"@context\":\"https:\/\/schema.org\",\"@graph\":[{\"@type\":\"WebPage\",\"@id\":\"https:\/\/auvisa.org\/se\/visa-temporary\/\",\"url\":\"https:\/\/auvisa.org\/se\/visa-temporary\/\",\"name\":\"Ans\u00f6k om Visum f\u00f6r Tillf\u00e4lligt Arbete till Australien fr\u00e5n Sverige: Ans\u00f6kningsformul\u00e4r\",\"isPartOf\":{\"@id\":\"https:\/\/auvisa.org\/se\/#website\"},\"datePublished\":\"2020-01-07T16:29:15+00:00\",\"dateModified\":\"2023-07-07T15:17:53+00:00\",\"description\":\"Detta australiska visum \u00e4r till f\u00f6r svenska medborgare som reser till Australien f\u00f6r att utf\u00f6ra tillf\u00e4lligt arbete. Ans\u00f6k online idag.\",\"breadcrumb\":{\"@id\":\"https:\/\/auvisa.org\/se\/visa-temporary\/#breadcrumb\"},\"inLanguage\":\"sv-SE\",\"potentialAction\":[{\"@type\":\"ReadAction\",\"target\":[\"https:\/\/auvisa.org\/se\/visa-temporary\/\"]}]},{\"@type\":\"BreadcrumbList\",\"@id\":\"https:\/\/auvisa.org\/se\/visa-temporary\/#breadcrumb\",\"itemListElement\":[{\"@type\":\"ListItem\",\"position\":1,\"name\":\"Home\",\"item\":\"https:\/\/auvisa.org\/se\/\"},{\"@type\":\"ListItem\",\"position\":2,\"name\":\"Ans\u00f6k om Tillf\u00e4lligt Arbetsvisum till Australien: Ans\u00f6kningsformul\u00e4r\"}]},{\"@type\":\"WebSite\",\"@id\":\"https:\/\/auvisa.org\/se\/#website\",\"url\":\"https:\/\/auvisa.org\/se\/\",\"name\":\"Auvisa.org\",\"description\":\"\",\"inLanguage\":\"sv-SE\"}]}<\/script>\n<!-- \/ Yoast SEO plugin. -->","yoast_head_json":{"title":"Ans\u00f6k om Visum f\u00f6r Tillf\u00e4lligt Arbete till Australien fr\u00e5n Sverige: Ans\u00f6kningsformul\u00e4r","description":"Detta australiska visum \u00e4r till f\u00f6r svenska medborgare som reser till Australien f\u00f6r att utf\u00f6ra tillf\u00e4lligt arbete. Ans\u00f6k online idag.","robots":{"index":"index","follow":"follow","max-snippet":"max-snippet:-1","max-image-preview":"max-image-preview:large","max-video-preview":"max-video-preview:-1"},"canonical":"https:\/\/auvisa.org\/se\/visa-temporary\/","og_locale":"sv_SE","og_type":"article","og_title":"Ans\u00f6k om Visum f\u00f6r Tillf\u00e4lligt Arbete till Australien fr\u00e5n Sverige: Ans\u00f6kningsformul\u00e4r","og_description":"Detta australiska visum \u00e4r till f\u00f6r svenska medborgare som reser till Australien f\u00f6r att utf\u00f6ra tillf\u00e4lligt arbete. Ans\u00f6k online idag.","og_url":"https:\/\/auvisa.org\/se\/visa-temporary\/","og_site_name":"Auvisa.org","article_modified_time":"2023-07-07T15:17:53+00:00","twitter_card":"summary_large_image","twitter_misc":{"Ber\u00e4knad l\u00e4stid":"1 minut"},"schema":{"@context":"https:\/\/schema.org","@graph":[{"@type":"WebPage","@id":"https:\/\/auvisa.org\/se\/visa-temporary\/","url":"https:\/\/auvisa.org\/se\/visa-temporary\/","name":"Ans\u00f6k om Visum f\u00f6r Tillf\u00e4lligt Arbete till Australien fr\u00e5n Sverige: Ans\u00f6kningsformul\u00e4r","isPartOf":{"@id":"https:\/\/auvisa.org\/se\/#website"},"datePublished":"2020-01-07T16:29:15+00:00","dateModified":"2023-07-07T15:17:53+00:00","description":"Detta australiska visum \u00e4r till f\u00f6r svenska medborgare som reser till Australien f\u00f6r att utf\u00f6ra tillf\u00e4lligt arbete. Ans\u00f6k online idag.","breadcrumb":{"@id":"https:\/\/auvisa.org\/se\/visa-temporary\/#breadcrumb"},"inLanguage":"sv-SE","potentialAction":[{"@type":"ReadAction","target":["https:\/\/auvisa.org\/se\/visa-temporary\/"]}]},{"@type":"BreadcrumbList","@id":"https:\/\/auvisa.org\/se\/visa-temporary\/#breadcrumb","itemListElement":[{"@type":"ListItem","position":1,"name":"Home","item":"https:\/\/auvisa.org\/se\/"},{"@type":"ListItem","position":2,"name":"Ans\u00f6k om Tillf\u00e4lligt Arbetsvisum till Australien: Ans\u00f6kningsformul\u00e4r"}]},{"@type":"WebSite","@id":"https:\/\/auvisa.org\/se\/#website","url":"https:\/\/auvisa.org\/se\/","name":"Auvisa.org","description":"","inLanguage":"sv-SE"}]}},"_links":{"self":[{"href":"https:\/\/auvisa.org\/se\/wp-json\/wp\/v2\/pages\/1754","targetHints":{"allow":["GET"]}}],"collection":[{"href":"https:\/\/auvisa.org\/se\/wp-json\/wp\/v2\/pages"}],"about":[{"href":"https:\/\/auvisa.org\/se\/wp-json\/wp\/v2\/types\/page"}],"author":[{"embeddable":true,"href":"https:\/\/auvisa.org\/se\/wp-json\/wp\/v2\/users\/3"}],"replies":[{"embeddable":true,"href":"https:\/\/auvisa.org\/se\/wp-json\/wp\/v2\/comments?post=1754"}],"version-history":[{"count":16,"href":"https:\/\/auvisa.org\/se\/wp-json\/wp\/v2\/pages\/1754\/revisions"}],"predecessor-version":[{"id":17086,"href":"https:\/\/auvisa.org\/se\/wp-json\/wp\/v2\/pages\/1754\/revisions\/17086"}],"wp:attachment":[{"href":"https:\/\/auvisa.org\/se\/wp-json\/wp\/v2\/media?parent=1754"}],"curies":[{"name":"wp","href":"https:\/\/api.w.org\/{rel}","templated":true}]}}